{"id":1297,"date":"2021-06-21T23:22:01","date_gmt":"2021-06-21T23:22:01","guid":{"rendered":"http:\/\/www.rula.disabilityrightsca.org\/vi\/?page_id=1297"},"modified":"2024-10-09T18:05:47","modified_gmt":"2024-10-09T18:05:47","slug":"how-does-the-regional-center-make-sure-i-get-the-services-and-supports-in-my-ipp","status":"publish","type":"page","link":"https:\/\/rula.disabilityrightsca.org\/vi\/rula-book\/chapter-4-individual-program-plans\/how-does-the-regional-center-make-sure-i-get-the-services-and-supports-in-my-ipp\/","title":{"rendered":"(4.48) Con v\u1ecb th\u00e0nh ni\u00ean c\u1ee7a t\u00f4i c\u1ea7n m\u1ed9t d\u1ecbch v\u1ee5 y\u00eau c\u1ea7u t\u00f4i thanh to\u00e1n \u0111\u1ed3ng thanh to\u00e1n, \u0111\u1ed3ng b\u1ea3o hi\u1ec3m ho\u1eb7c kho\u1ea3n kh\u1ea5u tr\u1eeb.\u00a0Trung t\u00e2m khu v\u1ef1c c\u00f3 th\u1ec3 thanh to\u00e1n c\u00e1c kho\u1ea3n n\u00e0y kh\u00f4ng?"},"content":{"rendered":"\n<p>C\u00f3, n\u1ebfu qu\u00fd v\u1ecb \u0111\u00e1p \u1ee9ng c\u00e1c y\u00eau c\u1ea7u \u0111\u1ed1i v\u1edbi tr\u1ebb v\u1ecb th\u00e0nh ni\u00ean b\u00ean d\u01b0\u1edbi.<\/p>\n\n\n\n<p>\u0110\u1ed3ng thanh to\u00e1n, \u0111\u1ed3ng b\u1ea3o hi\u1ec3m ho\u1eb7c kho\u1ea3n kh\u1ea5u tr\u1eeb b\u1ea3o hi\u1ec3m li\u00ean quan \u0111\u1ebfn d\u1ecbch v\u1ee5 ho\u1eb7c h\u1ed7 tr\u1ee3 ph\u1ea3i \u0111\u01b0\u1ee3c bao g\u1ed3m trong IPP ho\u1eb7c IFSP c\u1ee7a con v\u1ecb th\u00e0nh ni\u00ean c\u1ee7a qu\u00fd v\u1ecb.&nbsp; B\u00ean c\u1ea1nh \u0111\u00f3, vi\u1ec7c thanh to\u00e1n l\u00e0 c\u1ea7n thi\u1ebft \u0111\u1ec3 \u0111\u1ea3m b\u1ea3o con qu\u00fd v\u1ecb nh\u1eadn \u0111\u01b0\u1ee3c d\u1ecbch v\u1ee5. <span class=\"footnote_referrer\"><a role=\"button\" tabindex=\"0\" onclick=\"footnote_moveToReference_1297_1('footnote_plugin_reference_1297_1_1');\" onkeypress=\"footnote_moveToReference_1297_1('footnote_plugin_reference_1297_1_1');\" ><sup id=\"footnote_plugin_tooltip_1297_1_1\" class=\"footnote_plugin_tooltip_text\">[1]<\/sup><\/a><span id=\"footnote_plugin_tooltip_text_1297_1_1\" class=\"footnote_tooltip\">M\u1ee5c 4659(a).<\/span><\/span><script type=\"text\/javascript\"> jQuery('#footnote_plugin_tooltip_1297_1_1').tooltip({ tip: '#footnote_plugin_tooltip_text_1297_1_1', tipClass: 'footnote_tooltip', effect: 'fade', predelay: 0, fadeInSpeed: 200, delay: 400, fadeOutSpeed: 200, position: 'top center', relative: true, offset: [-7, 0], });<\/script><\/p>\n\n\n\n<p>Qu\u00fd v\u1ecb c\u0169ng ph\u1ea3i \u0111\u00e1p \u1ee9ng t\u1ea5t c\u1ea3 c\u00e1c ti\u00eau ch\u00ed sau:<\/p>\n\n\n\n<ol class=\"wp-block-list\" type=\"1\"><li>Con qu\u00fd v\u1ecb \u0111\u01b0\u1ee3c \u0111\u00e0i th\u1ecd theo ch\u01b0\u01a1ng tr\u00ecnh d\u1ecbch v\u1ee5 ch\u0103m s\u00f3c s\u1ee9c kh\u1ecfe ho\u1eb7c h\u1ee3p \u0111\u1ed3ng b\u1ea3o hi\u1ec3m s\u1ee9c kh\u1ecfe.<\/li><li>T\u1ed5ng thu nh\u1eadp h\u1eb1ng n\u0103m c\u1ee7a (gia \u0111\u00ecnh) qu\u00fd v\u1ecb th\u1ea5p h\u01a1n ho\u1eb7c b\u1eb1ng 400% m\u1ee9c chu\u1ea9n ngh\u00e8o c\u1ee7a li\u00ean bang.<\/li><li>Kh\u00f4ng c\u00f3 b\u00ean th\u1ee9 ba n\u00e0o kh\u00e1c ch\u1ecbu tr\u00e1ch nhi\u1ec7m v\u1ec1 chi ph\u00ed d\u1ecbch v\u1ee5 n\u00e0y. <span class=\"footnote_referrer\"><a role=\"button\" tabindex=\"0\" onclick=\"footnote_moveToReference_1297_1('footnote_plugin_reference_1297_1_2');\" onkeypress=\"footnote_moveToReference_1297_1('footnote_plugin_reference_1297_1_2');\" ><sup id=\"footnote_plugin_tooltip_1297_1_2\" class=\"footnote_plugin_tooltip_text\">[2]<\/sup><\/a><span id=\"footnote_plugin_tooltip_text_1297_1_2\" class=\"footnote_tooltip\">M\u1ee5c 4659.1(a)(1-3).<\/span><\/span><script type=\"text\/javascript\"> jQuery('#footnote_plugin_tooltip_1297_1_2').tooltip({ tip: '#footnote_plugin_tooltip_text_1297_1_2', tipClass: 'footnote_tooltip', effect: 'fade', predelay: 0, fadeInSpeed: 200, delay: 400, fadeOutSpeed: 200, position: 'top center', relative: true, offset: [-7, 0], });<\/script><\/li><\/ol>\n<div class=\"speaker-mute footnotes_reference_container\"> <div class=\"footnote_container_prepare\"><p><span role=\"button\" tabindex=\"0\" class=\"footnote_reference_container_label pointer\" onclick=\"footnote_expand_collapse_reference_container_1297_1();\">&#x202F;<\/span><span role=\"button\" tabindex=\"0\" class=\"footnote_reference_container_collapse_button\" style=\"display: none;\" onclick=\"footnote_expand_collapse_reference_container_1297_1();\">[<a id=\"footnote_reference_container_collapse_button_1297_1\">+<\/a>]<\/span><\/p><\/div> <div id=\"footnote_references_container_1297_1\" style=\"\"><table class=\"footnotes_table footnote-reference-container\"><caption class=\"accessibility\">References<\/caption> <tbody> \r\n\r\n<tr class=\"footnotes_plugin_reference_row\"> <th scope=\"row\" class=\"footnote_plugin_index_combi pointer\"  onclick=\"footnote_moveToAnchor_1297_1('footnote_plugin_tooltip_1297_1_1');\"><a id=\"footnote_plugin_reference_1297_1_1\" class=\"footnote_backlink\"><span class=\"footnote_index_arrow\">&#8593;<\/span>1<\/a><\/th> <td class=\"footnote_plugin_text\">M\u1ee5c 4659(a).<\/td><\/tr>\r\n\r\n<tr class=\"footnotes_plugin_reference_row\"> <th scope=\"row\" class=\"footnote_plugin_index_combi pointer\"  onclick=\"footnote_moveToAnchor_1297_1('footnote_plugin_tooltip_1297_1_2');\"><a id=\"footnote_plugin_reference_1297_1_2\" class=\"footnote_backlink\"><span class=\"footnote_index_arrow\">&#8593;<\/span>2<\/a><\/th> <td class=\"footnote_plugin_text\">M\u1ee5c 4659.1(a)(1-3).<\/td><\/tr>\r\n\r\n <\/tbody> <\/table> <\/div><\/div><script type=\"text\/javascript\"> function footnote_expand_reference_container_1297_1() { jQuery('#footnote_references_container_1297_1').show(); jQuery('#footnote_reference_container_collapse_button_1297_1').text('\u2212'); } function footnote_collapse_reference_container_1297_1() { jQuery('#footnote_references_container_1297_1').hide(); jQuery('#footnote_reference_container_collapse_button_1297_1').text('+'); } function footnote_expand_collapse_reference_container_1297_1() { if (jQuery('#footnote_references_container_1297_1').is(':hidden')) { footnote_expand_reference_container_1297_1(); } else { footnote_collapse_reference_container_1297_1(); } } function footnote_moveToReference_1297_1(p_str_TargetID) { footnote_expand_reference_container_1297_1(); var l_obj_Target = jQuery('#' + p_str_TargetID); if (l_obj_Target.length) { jQuery( 'html, body' ).delay( 0 ); jQuery('html, body').animate({ scrollTop: l_obj_Target.offset().top - window.innerHeight * 0.2 }, 380); } } function footnote_moveToAnchor_1297_1(p_str_TargetID) { footnote_expand_reference_container_1297_1(); var l_obj_Target = jQuery('#' + p_str_TargetID); if (l_obj_Target.length) { jQuery( 'html, body' ).delay( 0 ); jQuery('html, body').animate({ scrollTop: l_obj_Target.offset().top - window.innerHeight * 0.2 }, 380); } }<\/script>","protected":false},"excerpt":{"rendered":"<p>C\u00f3, n\u1ebfu qu\u00fd v\u1ecb \u0111\u00e1p \u1ee9ng c\u00e1c y\u00eau c\u1ea7u \u0111\u1ed1i v\u1edbi tr\u1ebb v\u1ecb th\u00e0nh ni\u00ean b\u00ean d\u01b0\u1edbi. \u0110\u1ed3ng thanh to\u00e1n, \u0111\u1ed3ng b\u1ea3o hi\u1ec3m ho\u1eb7c kho\u1ea3n&hellip;<\/p>\n","protected":false},"author":1,"featured_media":0,"parent":1193,"menu_order":47,"comment_status":"closed","ping_status":"closed","template":"","meta":{"footnotes":""},"class_list":["post-1297","page","type-page","status-publish","hentry"],"_links":{"self":[{"href":"https:\/\/rula.disabilityrightsca.org\/vi\/wp-json\/wp\/v2\/pages\/1297","targetHints":{"allow":["GET"]}}],"collection":[{"href":"https:\/\/rula.disabilityrightsca.org\/vi\/wp-json\/wp\/v2\/pages"}],"about":[{"href":"https:\/\/rula.disabilityrightsca.org\/vi\/wp-json\/wp\/v2\/types\/page"}],"author":[{"embeddable":true,"href":"https:\/\/rula.disabilityrightsca.org\/vi\/wp-json\/wp\/v2\/users\/1"}],"replies":[{"embeddable":true,"href":"https:\/\/rula.disabilityrightsca.org\/vi\/wp-json\/wp\/v2\/comments?post=1297"}],"version-history":[{"count":9,"href":"https:\/\/rula.disabilityrightsca.org\/vi\/wp-json\/wp\/v2\/pages\/1297\/revisions"}],"predecessor-version":[{"id":3868,"href":"https:\/\/rula.disabilityrightsca.org\/vi\/wp-json\/wp\/v2\/pages\/1297\/revisions\/3868"}],"up":[{"embeddable":true,"href":"https:\/\/rula.disabilityrightsca.org\/vi\/wp-json\/wp\/v2\/pages\/1193"}],"wp:attachment":[{"href":"https:\/\/rula.disabilityrightsca.org\/vi\/wp-json\/wp\/v2\/media?parent=1297"}],"curies":[{"name":"wp","href":"https:\/\/api.w.org\/{rel}","templated":true}]}}