{"id":1295,"date":"2021-06-21T21:43:52","date_gmt":"2021-06-21T21:43:52","guid":{"rendered":"http:\/\/www.rula.disabilityrightsca.org\/vi\/?page_id=1295"},"modified":"2024-10-09T18:06:16","modified_gmt":"2024-10-09T18:06:16","slug":"does-the-regional-center-have-to-make-my-ipp-work","status":"publish","type":"page","link":"https:\/\/rula.disabilityrightsca.org\/vi\/rula-book\/chapter-4-individual-program-plans\/does-the-regional-center-have-to-make-my-ipp-work\/","title":{"rendered":"(4.47) Trung t\u00e2m khu v\u1ef1c c\u00f3 th\u1ec3 thanh to\u00e1n \u0111\u1ed3ng thanh to\u00e1n, \u0111\u1ed3ng b\u1ea3o hi\u1ec3m v\u00e0 kho\u1ea3n kh\u1ea5u tr\u1eeb li\u00ean quan \u0111\u1ebfn d\u1ecbch v\u1ee5 con t\u00f4i c\u1ea7n kh\u00f4ng?"},"content":{"rendered":"\n<p>C\u00f3. Tuy nhi\u00ean, qu\u00fd v\u1ecb ph\u1ea3i \u0111\u00e1p \u1ee9ng m\u1ed9t s\u1ed1 ti\u00eau ch\u00ed nh\u1ea5t \u0111\u1ecbnh \u0111\u1ec3 trung t\u00e2m khu v\u1ef1c thanh to\u00e1n \u0111\u1ed3ng thanh to\u00e1n, \u0111\u1ed3ng b\u1ea3o hi\u1ec3m ho\u1eb7c kho\u1ea3n kh\u1ea5u tr\u1eeb.&nbsp; Ngo\u00e0i ra, c\u00e1c ti\u00eau ch\u00ed cho tr\u1ebb v\u1ecb th\u00e0nh vi\u00ean kh\u00e1c v\u1edbi c\u00e1c ti\u00eau ch\u00ed cho ng\u01b0\u1eddi l\u1edbn.<\/p>\n","protected":false},"excerpt":{"rendered":"<p>C\u00f3. Tuy nhi\u00ean, qu\u00fd v\u1ecb ph\u1ea3i \u0111\u00e1p \u1ee9ng m\u1ed9t s\u1ed1 ti\u00eau ch\u00ed nh\u1ea5t \u0111\u1ecbnh \u0111\u1ec3 trung t\u00e2m khu v\u1ef1c thanh to\u00e1n \u0111\u1ed3ng thanh to\u00e1n, \u0111\u1ed3ng&hellip;<\/p>\n","protected":false},"author":1,"featured_media":0,"parent":1193,"menu_order":46,"comment_status":"closed","ping_status":"closed","template":"","meta":{"footnotes":""},"class_list":["post-1295","page","type-page","status-publish","hentry"],"_links":{"self":[{"href":"https:\/\/rula.disabilityrightsca.org\/vi\/wp-json\/wp\/v2\/pages\/1295","targetHints":{"allow":["GET"]}}],"collection":[{"href":"https:\/\/rula.disabilityrightsca.org\/vi\/wp-json\/wp\/v2\/pages"}],"about":[{"href":"https:\/\/rula.disabilityrightsca.org\/vi\/wp-json\/wp\/v2\/types\/page"}],"author":[{"embeddable":true,"href":"https:\/\/rula.disabilityrightsca.org\/vi\/wp-json\/wp\/v2\/users\/1"}],"replies":[{"embeddable":true,"href":"https:\/\/rula.disabilityrightsca.org\/vi\/wp-json\/wp\/v2\/comments?post=1295"}],"version-history":[{"count":7,"href":"https:\/\/rula.disabilityrightsca.org\/vi\/wp-json\/wp\/v2\/pages\/1295\/revisions"}],"predecessor-version":[{"id":3869,"href":"https:\/\/rula.disabilityrightsca.org\/vi\/wp-json\/wp\/v2\/pages\/1295\/revisions\/3869"}],"up":[{"embeddable":true,"href":"https:\/\/rula.disabilityrightsca.org\/vi\/wp-json\/wp\/v2\/pages\/1193"}],"wp:attachment":[{"href":"https:\/\/rula.disabilityrightsca.org\/vi\/wp-json\/wp\/v2\/media?parent=1295"}],"curies":[{"name":"wp","href":"https:\/\/api.w.org\/{rel}","templated":true}]}}