{"id":1291,"date":"2021-06-21T21:36:26","date_gmt":"2021-06-21T21:36:26","guid":{"rendered":"http:\/\/www.rula.disabilityrightsca.org\/vi\/?page_id=1291"},"modified":"2024-10-09T18:07:24","modified_gmt":"2024-10-09T18:07:24","slug":"can-the-regional-center-change-my-ipp-without-my-permission-and-without-giving-me-prior-notice","status":"publish","type":"page","link":"https:\/\/rula.disabilityrightsca.org\/vi\/rula-book\/chapter-4-individual-program-plans\/can-the-regional-center-change-my-ipp-without-my-permission-and-without-giving-me-prior-notice\/","title":{"rendered":"(4.45) T\u00f4i c\u00f3 th\u1ec3 nh\u1eadn lo\u1ea1i thi\u1ebft b\u1ecb \u0111\u1eb7c bi\u1ec7t ho\u1eb7c c\u00f4ng ngh\u1ec7 h\u1ed7 tr\u1ee3 n\u00e0o?"},"content":{"rendered":"\n<p>Thi\u1ebft b\u1ecb \u0111\u1eb7c bi\u1ec7t v\u00e0 c\u00f4ng ngh\u1ec7 h\u1ed7 tr\u1ee3 bao g\u1ed3m:<\/p>\n\n\n\n<ul class=\"wp-block-list\"><li>thi\u1ebft b\u1ecb giao ti\u1ebfp,<\/li><li>gi\u01b0\u1eddng b\u1ec7nh,<\/li><li>xe l\u0103n,<\/li><li>\u0111\u01b0\u1eddng d\u1ed1c \u0111\u1ec3 ra v\u00e0o nh\u00e0 c\u1ee7a qu\u00fd v\u1ecb,<\/li><li>b\u1ea3n l\u1ec1 \u0111\u1eb7c bi\u1ec7t \u0111\u1ec3 m\u1edf r\u1ed9ng c\u1eeda cho xe l\u0103n,<\/li><li>m\u00e1y vi t\u00ednh v\u00e0<\/li><li>c\u00e1c thi\u1ebft b\u1ecb v\u00e0 c\u00f4ng ngh\u1ec7 kh\u00e1c gi\u00fap qu\u00fd v\u1ecb s\u1ed1ng m\u1ed9t cu\u1ed9c s\u1ed1ng b\u00ecnh th\u01b0\u1eddng v\u00e0 c\u00f3 \u00edch h\u01a1n.<\/li><\/ul>\n\n\n\n<p>\u0110\u1ec3 bi\u1ebft th\u00eam th\u00f4ng tin v\u1ec1 thi\u1ebft b\u1ecb \u0111\u1eb7c bi\u1ec7t v\u00e0 c\u00f4ng ngh\u1ec7 h\u1ed7 tr\u1ee3, h\u00e3y truy c\u1eadp <a href=\"https:\/\/www.disabilityrightsca.org\/publications\/assistive-technology-medical-equipment\">C\u00f4ng Ngh\u1ec7 Tr\u1ee3 Gi\u00fap v\u00e0 Thi\u1ebft B\u1ecb Y T\u1ebf<\/a> trong m\u1ee5c Resources (Ngu\u1ed3n L\u1ef1c) tr\u00ean trang web c\u1ee7a Disability Rights California.<\/p>\n","protected":false},"excerpt":{"rendered":"<p>Thi\u1ebft b\u1ecb \u0111\u1eb7c bi\u1ec7t v\u00e0 c\u00f4ng ngh\u1ec7 h\u1ed7 tr\u1ee3 bao g\u1ed3m: thi\u1ebft b\u1ecb giao ti\u1ebfp, gi\u01b0\u1eddng b\u1ec7nh, xe l\u0103n, \u0111\u01b0\u1eddng d\u1ed1c \u0111\u1ec3 ra v\u00e0o nh\u00e0&hellip;<\/p>\n","protected":false},"author":1,"featured_media":0,"parent":1193,"menu_order":44,"comment_status":"closed","ping_status":"closed","template":"","meta":{"footnotes":""},"class_list":["post-1291","page","type-page","status-publish","hentry"],"_links":{"self":[{"href":"https:\/\/rula.disabilityrightsca.org\/vi\/wp-json\/wp\/v2\/pages\/1291","targetHints":{"allow":["GET"]}}],"collection":[{"href":"https:\/\/rula.disabilityrightsca.org\/vi\/wp-json\/wp\/v2\/pages"}],"about":[{"href":"https:\/\/rula.disabilityrightsca.org\/vi\/wp-json\/wp\/v2\/types\/page"}],"author":[{"embeddable":true,"href":"https:\/\/rula.disabilityrightsca.org\/vi\/wp-json\/wp\/v2\/users\/1"}],"replies":[{"embeddable":true,"href":"https:\/\/rula.disabilityrightsca.org\/vi\/wp-json\/wp\/v2\/comments?post=1291"}],"version-history":[{"count":7,"href":"https:\/\/rula.disabilityrightsca.org\/vi\/wp-json\/wp\/v2\/pages\/1291\/revisions"}],"predecessor-version":[{"id":3871,"href":"https:\/\/rula.disabilityrightsca.org\/vi\/wp-json\/wp\/v2\/pages\/1291\/revisions\/3871"}],"up":[{"embeddable":true,"href":"https:\/\/rula.disabilityrightsca.org\/vi\/wp-json\/wp\/v2\/pages\/1193"}],"wp:attachment":[{"href":"https:\/\/rula.disabilityrightsca.org\/vi\/wp-json\/wp\/v2\/media?parent=1291"}],"curies":[{"name":"wp","href":"https:\/\/api.w.org\/{rel}","templated":true}]}}