{"id":1288,"date":"2021-06-21T21:34:21","date_gmt":"2021-06-21T21:34:21","guid":{"rendered":"http:\/\/www.rula.disabilityrightsca.org\/vi\/?page_id=1288"},"modified":"2024-10-09T18:08:08","modified_gmt":"2024-10-09T18:08:08","slug":"what-if-i-disagree-with-one-part-or-a-few-parts-of-the-ipp","status":"publish","type":"page","link":"https:\/\/rula.disabilityrightsca.org\/vi\/rula-book\/chapter-4-individual-program-plans\/what-if-i-disagree-with-one-part-or-a-few-parts-of-the-ipp\/","title":{"rendered":"(4.44) IPP c\u00f3 bao g\u1ed3m th\u00f4ng tin v\u1ec1 s\u1ee9c kh\u1ecfe v\u00e0 nhu c\u1ea7u ch\u0103m s\u00f3c s\u1ee9c kh\u1ecfe c\u1ee7a t\u00f4i kh\u00f4ng?"},"content":{"rendered":"\n<p>C\u00f3. Nh\u00f3m IPP, v\u1edbi s\u1ef1 ch\u1ea5p thu\u1eadn c\u1ee7a qu\u00fd v\u1ecb, c\u00f3 th\u1ec3 \u0111\u00e1nh gi\u00e1 t\u00ecnh tr\u1ea1ng s\u1ee9c kh\u1ecfe chung c\u1ee7a qu\u00fd v\u1ecb t\u1ea1i cu\u1ed9c h\u1ecdp IPP.<span class=\"footnote_referrer\"><a role=\"button\" tabindex=\"0\" onclick=\"footnote_moveToReference_1288_1('footnote_plugin_reference_1288_1_1');\" onkeypress=\"footnote_moveToReference_1288_1('footnote_plugin_reference_1288_1_1');\" ><sup id=\"footnote_plugin_tooltip_1288_1_1\" class=\"footnote_plugin_tooltip_text\">[1]<\/sup><\/a><span id=\"footnote_plugin_tooltip_text_1288_1_1\" class=\"footnote_tooltip\">M\u1ee5c 4646.5(a)(6).<\/span><\/span><script type=\"text\/javascript\"> jQuery('#footnote_plugin_tooltip_1288_1_1').tooltip({ tip: '#footnote_plugin_tooltip_text_1288_1_1', tipClass: 'footnote_tooltip', effect: 'fade', predelay: 0, fadeInSpeed: 200, delay: 400, fadeOutSpeed: 200, position: 'top center', relative: true, offset: [-7, 0], });<\/script> \u0110\u00e1nh gi\u00e1 n\u00e0y c\u00f3 th\u1ec3 bao g\u1ed3m nhu c\u1ea7u y t\u1ebf, nha khoa v\u00e0 s\u1ee9c kh\u1ecfe t\u00e2m th\u1ea7n. Vi\u1ec7c \u0111\u00e1nh gi\u00e1 c\u00f2n c\u00f3 th\u1ec3 bao g\u1ed3m th\u1ea3o lu\u1eadn v\u1ec1 thu\u1ed1c, t\u00e1c d\u1ee5ng ph\u1ee5 v\u00e0 ng\u00e0y \u0111\u00e1nh gi\u00e1 d\u00f9ng thu\u1ed1c g\u1ea7n nh\u1ea5t c\u1ee7a qu\u00fd v\u1ecb. N\u1ebfu c\u00f3 m\u1ed1i lo ng\u1ea1i, qu\u00fd v\u1ecb ph\u1ea3i \u0111\u01b0\u1ee3c gi\u1edbi thi\u1ec7u \u0111\u1ebfn nh\u00e2n vi\u00ean l\u00e2m s\u00e0ng c\u1ee7a trung t\u00e2m ho\u1eb7c b\u00e1c s\u0129 \u0111i\u1ec1u tr\u1ecb c\u1ee7a qu\u00fd v\u1ecb. \u0110i\u1ec1u ph\u1ed1i vi\u00ean d\u1ecbch v\u1ee5 ph\u1ea3i ghi l\u1ea1i t\u00ecnh tr\u1ea1ng s\u1ee9c kh\u1ecfe c\u1ee7a qu\u00fd v\u1ecb v\u00e0 m\u1ecdi gi\u1edbi thi\u1ec7u v\u00e0o h\u1ed3 s\u01a1 c\u1ee7a qu\u00fd v\u1ecb.<\/p>\n<div class=\"speaker-mute footnotes_reference_container\"> <div class=\"footnote_container_prepare\"><p><span role=\"button\" tabindex=\"0\" class=\"footnote_reference_container_label pointer\" onclick=\"footnote_expand_collapse_reference_container_1288_1();\">&#x202F;<\/span><span role=\"button\" tabindex=\"0\" class=\"footnote_reference_container_collapse_button\" style=\"display: none;\" onclick=\"footnote_expand_collapse_reference_container_1288_1();\">[<a id=\"footnote_reference_container_collapse_button_1288_1\">+<\/a>]<\/span><\/p><\/div> <div id=\"footnote_references_container_1288_1\" style=\"\"><table class=\"footnotes_table footnote-reference-container\"><caption class=\"accessibility\">References<\/caption> <tbody> \r\n\r\n<tr class=\"footnotes_plugin_reference_row\"> <th scope=\"row\" class=\"footnote_plugin_index_combi pointer\"  onclick=\"footnote_moveToAnchor_1288_1('footnote_plugin_tooltip_1288_1_1');\"><a id=\"footnote_plugin_reference_1288_1_1\" class=\"footnote_backlink\"><span class=\"footnote_index_arrow\">&#8593;<\/span>1<\/a><\/th> <td class=\"footnote_plugin_text\">M\u1ee5c 4646.5(a)(6).<\/td><\/tr>\r\n\r\n <\/tbody> <\/table> <\/div><\/div><script type=\"text\/javascript\"> function footnote_expand_reference_container_1288_1() { jQuery('#footnote_references_container_1288_1').show(); jQuery('#footnote_reference_container_collapse_button_1288_1').text('\u2212'); } function footnote_collapse_reference_container_1288_1() { jQuery('#footnote_references_container_1288_1').hide(); jQuery('#footnote_reference_container_collapse_button_1288_1').text('+'); } function footnote_expand_collapse_reference_container_1288_1() { if (jQuery('#footnote_references_container_1288_1').is(':hidden')) { footnote_expand_reference_container_1288_1(); } else { footnote_collapse_reference_container_1288_1(); } } function footnote_moveToReference_1288_1(p_str_TargetID) { footnote_expand_reference_container_1288_1(); var l_obj_Target = jQuery('#' + p_str_TargetID); if (l_obj_Target.length) { jQuery( 'html, body' ).delay( 0 ); jQuery('html, body').animate({ scrollTop: l_obj_Target.offset().top - window.innerHeight * 0.2 }, 380); } } function footnote_moveToAnchor_1288_1(p_str_TargetID) { footnote_expand_reference_container_1288_1(); var l_obj_Target = jQuery('#' + p_str_TargetID); if (l_obj_Target.length) { jQuery( 'html, body' ).delay( 0 ); jQuery('html, body').animate({ scrollTop: l_obj_Target.offset().top - window.innerHeight * 0.2 }, 380); } }<\/script>","protected":false},"excerpt":{"rendered":"<p>C\u00f3. Nh\u00f3m IPP, v\u1edbi s\u1ef1 ch\u1ea5p thu\u1eadn c\u1ee7a qu\u00fd v\u1ecb, c\u00f3 th\u1ec3 \u0111\u00e1nh gi\u00e1 t\u00ecnh tr\u1ea1ng s\u1ee9c kh\u1ecfe chung c\u1ee7a qu\u00fd v\u1ecb t\u1ea1i cu\u1ed9c h\u1ecdp&hellip;<\/p>\n","protected":false},"author":1,"featured_media":0,"parent":1193,"menu_order":43,"comment_status":"closed","ping_status":"closed","template":"","meta":{"footnotes":""},"class_list":["post-1288","page","type-page","status-publish","hentry"],"_links":{"self":[{"href":"https:\/\/rula.disabilityrightsca.org\/vi\/wp-json\/wp\/v2\/pages\/1288","targetHints":{"allow":["GET"]}}],"collection":[{"href":"https:\/\/rula.disabilityrightsca.org\/vi\/wp-json\/wp\/v2\/pages"}],"about":[{"href":"https:\/\/rula.disabilityrightsca.org\/vi\/wp-json\/wp\/v2\/types\/page"}],"author":[{"embeddable":true,"href":"https:\/\/rula.disabilityrightsca.org\/vi\/wp-json\/wp\/v2\/users\/1"}],"replies":[{"embeddable":true,"href":"https:\/\/rula.disabilityrightsca.org\/vi\/wp-json\/wp\/v2\/comments?post=1288"}],"version-history":[{"count":8,"href":"https:\/\/rula.disabilityrightsca.org\/vi\/wp-json\/wp\/v2\/pages\/1288\/revisions"}],"predecessor-version":[{"id":3872,"href":"https:\/\/rula.disabilityrightsca.org\/vi\/wp-json\/wp\/v2\/pages\/1288\/revisions\/3872"}],"up":[{"embeddable":true,"href":"https:\/\/rula.disabilityrightsca.org\/vi\/wp-json\/wp\/v2\/pages\/1193"}],"wp:attachment":[{"href":"https:\/\/rula.disabilityrightsca.org\/vi\/wp-json\/wp\/v2\/media?parent=1288"}],"curies":[{"name":"wp","href":"https:\/\/api.w.org\/{rel}","templated":true}]}}