{"id":1286,"date":"2021-06-21T21:32:25","date_gmt":"2021-06-21T21:32:25","guid":{"rendered":"http:\/\/www.rula.disabilityrightsca.org\/vi\/?page_id=1286"},"modified":"2024-10-09T18:08:47","modified_gmt":"2024-10-09T18:08:47","slug":"why-should-i-sign-my-ipp","status":"publish","type":"page","link":"https:\/\/rula.disabilityrightsca.org\/vi\/rula-book\/chapter-4-individual-program-plans\/why-should-i-sign-my-ipp\/","title":{"rendered":"(4.43) T\u00f4i c\u00f3 th\u1ec3 nh\u1eadn thi\u1ebft b\u1ecb \u0111\u1eb7c bi\u1ec7t ho\u1eb7c c\u00f4ng ngh\u1ec7 h\u1ed7 tr\u1ee3 qua IPP kh\u00f4ng?"},"content":{"rendered":"\n<p>C\u00f3 th\u1ec3. H\u00e3y trao \u0111\u1ed5i v\u1ec1 nhu c\u1ea7u c\u1ee7a qu\u00fd v\u1ecb \u0111\u1ed1i v\u1edbi thi\u1ebft b\u1ecb \u0111\u1eb7c bi\u1ec7t ho\u1eb7c c\u00f4ng ngh\u1ec7 h\u1ed7 tr\u1ee3 t\u1ea1i cu\u1ed9c h\u1ecdp IPP. Trung t\u00e2m khu v\u1ef1c tr\u01b0\u1edbc ti\u00ean c\u00f3 th\u1ec3 gi\u00fap qu\u00fd v\u1ecb nh\u1eadn thi\u1ebft b\u1ecb qu\u00fd v\u1ecb c\u1ea7n t\u1eeb m\u1ed9t c\u01a1 quan chung, ch\u1eb3ng h\u1ea1n nh\u01b0:<\/p>\n\n\n\n<ul class=\"wp-block-list\"><li>D\u1ecbch V\u1ee5 Tr\u1ebb Em California (California Children\u2019s Services),<\/li><li>Medi-Cal,<\/li><li>b\u1ea3o hi\u1ec3m t\u01b0 nh\u00e2n ho\u1eb7c<\/li><li>S\u1edf Ph\u1ee5c H\u1ed3i Ch\u1ee9c N\u0103ng California (California Department of Rehabilitation).<span class=\"footnote_referrer\"><a role=\"button\" tabindex=\"0\" onclick=\"footnote_moveToReference_1286_1('footnote_plugin_reference_1286_1_1');\" onkeypress=\"footnote_moveToReference_1286_1('footnote_plugin_reference_1286_1_1');\" ><sup id=\"footnote_plugin_tooltip_1286_1_1\" class=\"footnote_plugin_tooltip_text\">[1]<\/sup><\/a><span id=\"footnote_plugin_tooltip_text_1286_1_1\" class=\"footnote_tooltip\">C\u00e1c M\u1ee5c 4659(a) v\u00e0 4648(a)(8).<\/span><\/span><script type=\"text\/javascript\"> jQuery('#footnote_plugin_tooltip_1286_1_1').tooltip({ tip: '#footnote_plugin_tooltip_text_1286_1_1', tipClass: 'footnote_tooltip', effect: 'fade', predelay: 0, fadeInSpeed: 200, delay: 400, fadeOutSpeed: 200, position: 'top center', relative: true, offset: [-7, 0], });<\/script><\/li><\/ul>\n\n\n\n<p>N\u1ebfu qu\u00fd v\u1ecb \u0111ang ghi danh v\u00e0o m\u1ed9t ch\u01b0\u01a1ng tr\u00ecnh gi\u00e1o d\u1ee5c \u0111\u1eb7c bi\u1ec7t, trung t\u00e2m khu v\u1ef1c c\u00f3 th\u1ec3 gi\u1edbi thi\u1ec7u qu\u00fd v\u1ecb \u0111\u1ebfn h\u1ecdc khu c\u1ee7a qu\u00fd v\u1ecb \u0111\u1ec3 nh\u1eadn thi\u1ebft b\u1ecb \u0111\u1eb7c bi\u1ec7t ho\u1eb7c c\u00f4ng ngh\u1ec7 h\u1ed7 tr\u1ee3. H\u1ecdc khu c\u00f3 th\u1ec3 cung c\u1ea5p \u0111i\u1ec1u n\u00e0y n\u1ebfu qu\u00fd v\u1ecb c\u1ea7n c\u00f9ng m\u1ed9t thi\u1ebft b\u1ecb cho vi\u1ec7c h\u1ecdc v\u00e0 n\u1ebfu h\u1ecdc khu cho ph\u00e9p qu\u00fd v\u1ecb mang thi\u1ebft b\u1ecb v\u1ec1 nh\u00e0. Tuy nhi\u00ean, n\u1ebfu thi\u1ebft b\u1ecb qu\u00fd v\u1ecb c\u1ea7n cho vi\u1ec7c h\u1ecdc kh\u00e1c v\u1edbi thi\u1ebft b\u1ecb qu\u00fd v\u1ecb c\u1ea7n \u1edf nh\u00e0 ho\u1eb7c c\u1ed9ng \u0111\u1ed3ng ho\u1eb7c n\u1ebfu h\u1ecdc khu kh\u00f4ng cho ph\u00e9p qu\u00fd v\u1ecb mang v\u1ec1 nh\u00e0, vi\u1ec7c gi\u1edbi thi\u1ec7u \u0111\u1ebfn h\u1ecdc khu s\u1ebd kh\u00f4ng \u0111\u00e1p \u1ee9ng \u0111\u01b0\u1ee3c nhu c\u1ea7u n\u00e0y.<\/p>\n\n\n\n<p>N\u1ebfu ph\u00e1t sinh s\u1ef1 ch\u1eadm tr\u1ec5, trung t\u00e2m khu v\u1ef1c c\u00f3 th\u1ec3 thanh to\u00e1n cho thi\u1ebft b\u1ecb \u0111\u1eb7c bi\u1ec7t ho\u1eb7c c\u00f4ng ngh\u1ec7 h\u1ed7 tr\u1ee3 trong khi ch\u1edd \u0111\u1ee3i.<span class=\"footnote_referrer\"><a role=\"button\" tabindex=\"0\" onclick=\"footnote_moveToReference_1286_1('footnote_plugin_reference_1286_1_2');\" onkeypress=\"footnote_moveToReference_1286_1('footnote_plugin_reference_1286_1_2');\" ><sup id=\"footnote_plugin_tooltip_1286_1_2\" class=\"footnote_plugin_tooltip_text\">[2]<\/sup><\/a><span id=\"footnote_plugin_tooltip_text_1286_1_2\" class=\"footnote_tooltip\">Trong m\u1ed9t v\u1ee5 ki\u1ec7n, T\u00f2a \u00c1n T\u1ed1i Cao California t\u00e1n th\u00e0nh quy\u1ebft \u0111\u1ecbnh c\u1ee7a phi\u00ean \u0111i\u1ec1u tr\u1ea7n h\u00e0nh ch\u00ednh, \u0111\u00f3 l\u00e0 ra l\u1ec7nh cho trung t\u00e2m khu v\u1ef1c cung c\u1ea5p c\u00e1c d\u1ecbch v\u1ee5&nbsp;&#x2026; <span class=\"footnote_tooltip_continue\"  onclick=\"footnote_moveToReference_1286_1('footnote_plugin_reference_1286_1_2');\">Continue reading<\/span><\/span><\/span><script type=\"text\/javascript\"> jQuery('#footnote_plugin_tooltip_1286_1_2').tooltip({ tip: '#footnote_plugin_tooltip_text_1286_1_2', tipClass: 'footnote_tooltip', effect: 'fade', predelay: 0, fadeInSpeed: 200, delay: 400, fadeOutSpeed: 200, position: 'top center', relative: true, offset: [-7, 0], });<\/script> N\u1ebfu kh\u00f4ng c\u00f3 c\u01a1 quan chung n\u00e0o kh\u00e1c c\u00f3 th\u1ec3 thanh to\u00e1n cho thi\u1ebft b\u1ecb, v\u00e0 m\u1ed9t d\u1ecbch v\u1ee5, thi\u1ebft b\u1ecb ho\u1eb7c c\u00f4ng ngh\u1ec7 l\u00e0 c\u1ea7n thi\u1ebft \u0111\u1ec3 th\u1ef1c hi\u1ec7n IPP c\u1ee7a qu\u00fd v\u1ecb, trung t\u00e2m khu v\u1ef1c ph\u1ea3i s\u1eed d\u1ee5ng c\u00e1c ngu\u1ed3n l\u1ef1c c\u1ee7a h\u1ecd \u0111\u1ec3 cung c\u1ea5p d\u1ecbch v\u1ee5, thi\u1ebft b\u1ecb ho\u1eb7c c\u00f4ng ngh\u1ec7 \u0111\u00f3.<\/p>\n\n\n\n<p>\u0110\u1ea3m b\u1ea3o IPP c\u1ee7a qu\u00fd v\u1ecb bao g\u1ed3m l\u1ecbch bi\u1ec3u v\u00e0 x\u00e1c \u0111\u1ecbnh ng\u01b0\u1eddi s\u1ebd gi\u00fap qu\u00fd v\u1ecb nh\u1eadn c\u00f4ng ngh\u1ec7 h\u1ed7 tr\u1ee3 ho\u1eb7c thi\u1ebft b\u1ecb t\u1eeb m\u1ed9t c\u01a1 quan ho\u1eb7c ch\u01b0\u01a1ng tr\u00ecnh kh\u00e1c ch\u1ecbu tr\u00e1ch nhi\u1ec7m cung c\u1ea5p.<\/p>\n<div class=\"speaker-mute footnotes_reference_container\"> <div class=\"footnote_container_prepare\"><p><span role=\"button\" tabindex=\"0\" class=\"footnote_reference_container_label pointer\" onclick=\"footnote_expand_collapse_reference_container_1286_1();\">&#x202F;<\/span><span role=\"button\" tabindex=\"0\" class=\"footnote_reference_container_collapse_button\" style=\"display: none;\" onclick=\"footnote_expand_collapse_reference_container_1286_1();\">[<a id=\"footnote_reference_container_collapse_button_1286_1\">+<\/a>]<\/span><\/p><\/div> <div id=\"footnote_references_container_1286_1\" style=\"\"><table class=\"footnotes_table footnote-reference-container\"><caption class=\"accessibility\">References<\/caption> <tbody> \r\n\r\n<tr class=\"footnotes_plugin_reference_row\"> <th scope=\"row\" class=\"footnote_plugin_index_combi pointer\"  onclick=\"footnote_moveToAnchor_1286_1('footnote_plugin_tooltip_1286_1_1');\"><a id=\"footnote_plugin_reference_1286_1_1\" class=\"footnote_backlink\"><span class=\"footnote_index_arrow\">&#8593;<\/span>1<\/a><\/th> <td class=\"footnote_plugin_text\">C\u00e1c M\u1ee5c 4659(a) v\u00e0 4648(a)(8).<\/td><\/tr>\r\n\r\n<tr class=\"footnotes_plugin_reference_row\"> <th scope=\"row\" class=\"footnote_plugin_index_combi pointer\"  onclick=\"footnote_moveToAnchor_1286_1('footnote_plugin_tooltip_1286_1_2');\"><a id=\"footnote_plugin_reference_1286_1_2\" class=\"footnote_backlink\"><span class=\"footnote_index_arrow\">&#8593;<\/span>2<\/a><\/th> <td class=\"footnote_plugin_text\">Trong m\u1ed9t v\u1ee5 ki\u1ec7n, T\u00f2a \u00c1n T\u1ed1i Cao California t\u00e1n th\u00e0nh quy\u1ebft \u0111\u1ecbnh c\u1ee7a phi\u00ean \u0111i\u1ec1u tr\u1ea7n h\u00e0nh ch\u00ednh, \u0111\u00f3 l\u00e0 ra l\u1ec7nh cho trung t\u00e2m khu v\u1ef1c cung c\u1ea5p c\u00e1c d\u1ecbch v\u1ee5 gi\u00e1o d\u1ee5c trong th\u1eddi gian b\u1ea5t \u0111\u1ed3ng v\u1edbi h\u1ecdc khu. <em>T.S. ki\u1ec7n Trung T\u00e2m Khu V\u1ef1c H\u1ea1t North Los Angeles<\/em>, OAH V\u1ee5 Ki\u1ec7n S\u1ed1 L-2002070084, \u0111\u01b0\u1ee3c x\u00e1c nh\u1eadn trong <em>T.S. ki\u1ec7n Clifford Allenby v\u00e0 nh\u1eefng ng\u01b0\u1eddi kh\u00e1c<\/em>, T\u00f2a Th\u01b0\u1ee3ng Th\u1ea9m Los Angeles V\u1ee5 Ki\u1ec7n S\u1ed1 BS 079835.<\/td><\/tr>\r\n\r\n <\/tbody> <\/table> <\/div><\/div><script type=\"text\/javascript\"> function footnote_expand_reference_container_1286_1() { jQuery('#footnote_references_container_1286_1').show(); jQuery('#footnote_reference_container_collapse_button_1286_1').text('\u2212'); } function footnote_collapse_reference_container_1286_1() { jQuery('#footnote_references_container_1286_1').hide(); jQuery('#footnote_reference_container_collapse_button_1286_1').text('+'); } function footnote_expand_collapse_reference_container_1286_1() { if (jQuery('#footnote_references_container_1286_1').is(':hidden')) { footnote_expand_reference_container_1286_1(); } else { footnote_collapse_reference_container_1286_1(); } } function footnote_moveToReference_1286_1(p_str_TargetID) { footnote_expand_reference_container_1286_1(); var l_obj_Target = jQuery('#' + p_str_TargetID); if (l_obj_Target.length) { jQuery( 'html, body' ).delay( 0 ); jQuery('html, body').animate({ scrollTop: l_obj_Target.offset().top - window.innerHeight * 0.2 }, 380); } } function footnote_moveToAnchor_1286_1(p_str_TargetID) { footnote_expand_reference_container_1286_1(); var l_obj_Target = jQuery('#' + p_str_TargetID); if (l_obj_Target.length) { jQuery( 'html, body' ).delay( 0 ); jQuery('html, body').animate({ scrollTop: l_obj_Target.offset().top - window.innerHeight * 0.2 }, 380); } }<\/script>","protected":false},"excerpt":{"rendered":"<p>C\u00f3 th\u1ec3. H\u00e3y trao \u0111\u1ed5i v\u1ec1 nhu c\u1ea7u c\u1ee7a qu\u00fd v\u1ecb \u0111\u1ed1i v\u1edbi thi\u1ebft b\u1ecb \u0111\u1eb7c bi\u1ec7t ho\u1eb7c c\u00f4ng ngh\u1ec7 h\u1ed7 tr\u1ee3 t\u1ea1i cu\u1ed9c h\u1ecdp&hellip;<\/p>\n","protected":false},"author":1,"featured_media":0,"parent":1193,"menu_order":42,"comment_status":"closed","ping_status":"closed","template":"","meta":{"footnotes":""},"class_list":["post-1286","page","type-page","status-publish","hentry"],"_links":{"self":[{"href":"https:\/\/rula.disabilityrightsca.org\/vi\/wp-json\/wp\/v2\/pages\/1286","targetHints":{"allow":["GET"]}}],"collection":[{"href":"https:\/\/rula.disabilityrightsca.org\/vi\/wp-json\/wp\/v2\/pages"}],"about":[{"href":"https:\/\/rula.disabilityrightsca.org\/vi\/wp-json\/wp\/v2\/types\/page"}],"author":[{"embeddable":true,"href":"https:\/\/rula.disabilityrightsca.org\/vi\/wp-json\/wp\/v2\/users\/1"}],"replies":[{"embeddable":true,"href":"https:\/\/rula.disabilityrightsca.org\/vi\/wp-json\/wp\/v2\/comments?post=1286"}],"version-history":[{"count":7,"href":"https:\/\/rula.disabilityrightsca.org\/vi\/wp-json\/wp\/v2\/pages\/1286\/revisions"}],"predecessor-version":[{"id":3873,"href":"https:\/\/rula.disabilityrightsca.org\/vi\/wp-json\/wp\/v2\/pages\/1286\/revisions\/3873"}],"up":[{"embeddable":true,"href":"https:\/\/rula.disabilityrightsca.org\/vi\/wp-json\/wp\/v2\/pages\/1193"}],"wp:attachment":[{"href":"https:\/\/rula.disabilityrightsca.org\/vi\/wp-json\/wp\/v2\/media?parent=1286"}],"curies":[{"name":"wp","href":"https:\/\/api.w.org\/{rel}","templated":true}]}}