{"id":1284,"date":"2021-06-21T21:30:55","date_gmt":"2021-06-21T21:30:55","guid":{"rendered":"http:\/\/www.rula.disabilityrightsca.org\/vi\/?page_id=1284"},"modified":"2024-10-09T18:09:02","modified_gmt":"2024-10-09T18:09:02","slug":"what-if-the-planning-team-cannot-agree-on-my-ipp","status":"publish","type":"page","link":"https:\/\/rula.disabilityrightsca.org\/vi\/rula-book\/chapter-4-individual-program-plans\/what-if-the-planning-team-cannot-agree-on-my-ipp\/","title":{"rendered":"(4.42) L\u00e0m th\u1ebf n\u00e0o \u0111\u1ec3 t\u00f4i quy\u1ebft \u0111\u1ecbnh \u0111\u01b0\u1ee3c c\u00e1c d\u1ecbch v\u1ee5 ho\u1eb7c s\u1ef1 h\u1ed7 tr\u1ee3 n\u00ean y\u00eau c\u1ea7u trong IPP \u0111\u1ec3 \u0111\u00e1p \u1ee9ng m\u1ee5c ti\u00eau v\u00e0 \u0111\u1ea1t \u0111\u01b0\u1ee3c m\u1ee5c \u0111\u00edch c\u1ee7a m\u00ecnh?"},"content":{"rendered":"\n<p>Theo \u0110\u1ea1o Lu\u1eadt Lanterman, \u201cc\u00e1c d\u1ecbch v\u1ee5 v\u00e0 s\u1ef1 h\u1ed7 tr\u1ee3 cho ng\u01b0\u1eddi khuy\u1ebft t\u1eadt v\u1ec1 ph\u00e1t tri\u1ec3n\u201d c\u00f3 ph\u1ea1m vi r\u1ed9ng. Ph\u1ea1m vi n\u00e0y bao g\u1ed3m c\u00e1c d\u1ecbch v\u1ee5 v\u00e0 s\u1ef1 h\u1ed7 tr\u1ee3 nh\u1eb1m gi\u1ea3m b\u1edbt t\u00e1c \u0111\u1ed9ng c\u1ee7a t\u00ecnh tr\u1ea1ng khuy\u1ebft t\u1eadt v\u1ec1 ph\u00e1t tri\u1ec3n c\u1ee7a qu\u00fd v\u1ecb v\u00e0 gi\u00fap qu\u00fd v\u1ecb \u0111\u1ea1t \u0111\u01b0\u1ee3c v\u00e0 duy tr\u00ec m\u1ed9t cu\u1ed9c s\u1ed1ng \u0111\u1ed9c l\u1eadp, c\u00f3 \u00edch v\u00e0 b\u00ecnh th\u01b0\u1eddng.<span class=\"footnote_referrer\"><a role=\"button\" tabindex=\"0\" onclick=\"footnote_moveToReference_1284_1('footnote_plugin_reference_1284_1_1');\" onkeypress=\"footnote_moveToReference_1284_1('footnote_plugin_reference_1284_1_1');\" ><sup id=\"footnote_plugin_tooltip_1284_1_1\" class=\"footnote_plugin_tooltip_text\">[1]<\/sup><\/a><span id=\"footnote_plugin_tooltip_text_1284_1_1\" class=\"footnote_tooltip\">C\u00e1c M\u1ee5c 4501 v\u00e0 4512(b).<\/span><\/span><script type=\"text\/javascript\"> jQuery('#footnote_plugin_tooltip_1284_1_1').tooltip({ tip: '#footnote_plugin_tooltip_text_1284_1_1', tipClass: 'footnote_tooltip', effect: 'fade', predelay: 0, fadeInSpeed: 200, delay: 400, fadeOutSpeed: 200, position: 'top center', relative: true, offset: [-7, 0], });<\/script><\/p>\n\n\n\n<p>H\u00e3y xem x\u00e9t nh\u1eefng \u0111i\u1ec1u qu\u00fd v\u1ecb (v\u00e0 gia \u0111\u00ecnh qu\u00fd v\u1ecb, n\u1ebfu th\u00edch h\u1ee3p) mu\u1ed1n v\u00e0 c\u1ea7n. IPP c\u00f3 th\u1ec3 gi\u00fap qu\u00fd v\u1ecb ch\u1ecdn c\u00e1c d\u1ecbch v\u1ee5 v\u00e0 s\u1ef1 h\u1ed7 tr\u1ee3 qu\u00fd v\u1ecb c\u1ea7n v\u00e0 \u01b0u ti\u00ean. C\u00e1c d\u1ecbch v\u1ee5 ph\u1ea3i hi\u1ec7u qu\u1ea3 v\u1ec1 chi ph\u00ed, t\u1ee9c l\u00e0 ph\u1ea3i \u0111\u00e1p \u1ee9ng nhu c\u1ea7u c\u1ee7a qu\u00fd v\u1ecb. Tuy nhi\u00ean, n\u1ebfu hai nh\u00e0 cung c\u1ea5p d\u1ecbch v\u1ee5 c\u00f3 th\u1ec3 \u0111\u00e1p \u1ee9ng nhu c\u1ea7u c\u1ee7a qu\u00fd v\u1ecb, trung t\u00e2m khu v\u1ef1c c\u00f3 th\u1ec3 s\u1eed d\u1ee5ng nh\u00e0 cung c\u1ea5p t\u1ed1n \u00edt chi ph\u00ed nh\u1ea5t.<span class=\"footnote_referrer\"><a role=\"button\" tabindex=\"0\" onclick=\"footnote_moveToReference_1284_1('footnote_plugin_reference_1284_1_2');\" onkeypress=\"footnote_moveToReference_1284_1('footnote_plugin_reference_1284_1_2');\" ><sup id=\"footnote_plugin_tooltip_1284_1_2\" class=\"footnote_plugin_tooltip_text\">[2]<\/sup><\/a><span id=\"footnote_plugin_tooltip_text_1284_1_2\" class=\"footnote_tooltip\">M\u1ee5c 4648(a)(6).<\/span><\/span><script type=\"text\/javascript\"> jQuery('#footnote_plugin_tooltip_1284_1_2').tooltip({ tip: '#footnote_plugin_tooltip_text_1284_1_2', tipClass: 'footnote_tooltip', effect: 'fade', predelay: 0, fadeInSpeed: 200, delay: 400, fadeOutSpeed: 200, position: 'top center', relative: true, offset: [-7, 0], });<\/script> <em>T\u1ea5t c\u1ea3 d\u1ecbch v\u1ee5 v\u00e0 s\u1ef1 h\u1ed7 tr\u1ee3 qu\u00fd v\u1ecb s\u1ebd nh\u1eadn ph\u1ea3i \u0111\u01b0\u1ee3c li\u1ec7t k\u00ea trong IPP c\u1ee7a qu\u00fd v\u1ecb.<\/em><\/p>\n\n\n\n<p>D\u01b0\u1edbi \u0111\u00e2y l\u00e0 v\u00ed d\u1ee5 v\u1ec1 c\u00e1c d\u1ecbch v\u1ee5:<\/p>\n\n\n\n<ul class=\"wp-block-list\"><li>D\u1ecbch V\u1ee5 \u0110\u00e1nh Gi\u00e1<\/li><li>H\u1ed7 tr\u1ee3 ph\u00e1t tri\u1ec3n v\u00e0 \u0111\u00e0o t\u1ea1o<\/li><li>\u0110i\u1ec1u tr\u1ecb v\u00e0 can thi\u1ec7p b\u1eb1ng li\u1ec7u ph\u00e1p D\u1ecbch V\u1ee5 Ph\u00f2ng Ng\u1eeba<\/li><li>M\u1ed9t lo\u1ea1t c\u00e1c s\u1eafp x\u1ebfp ch\u1ed7 \u1edf kh\u00e1c nhau H\u00f2a Nh\u1eadp C\u1ed9ng \u0110\u1ed3ng Ch\u01b0\u01a1ng Tr\u00ecnh Trong Ng\u00e0y\/Vi\u1ec7c L\u00e0m<\/li><li>D\u1ecbch v\u1ee5 t\u01b0 v\u1ea5n<\/li><li>B\u00eanh V\u1ef1c<\/li><li>D\u1ecbch V\u1ee5 H\u1ed7 Tr\u1ee3 Gia \u0110\u00ecnh<\/li><li>C\u00e1c d\u1ecbch v\u1ee5 v\u00e0 s\u1ef1 h\u1ed7 tr\u1ee3 M\u1ed1i Quan H\u1ec7<\/li><li>D\u1ecbch v\u1ee5 kh\u1ea9n c\u1ea5p v\u00e0 can thi\u1ec7p kh\u1ee7ng ho\u1ea3ng<\/li><li>Thi\u1ebft B\u1ecb Chuy\u00ean D\u1ee5ng<\/li><li>D\u1ecbch V\u1ee5 Chuy\u00ean Ch\u1edf<\/li><li>T\u1ea1o \u0110i\u1ec1u Ki\u1ec7n\/T\u1ef1 B\u00eanh V\u1ef1c D\u1ecbch V\u1ee5 Bi\u00ean D\u1ecbch\/Th\u00f4ng D\u1ecbch<\/li><\/ul>\n\n\n\n<p>Danh s\u00e1ch c\u00f3 c\u00e1c \u00fd t\u01b0\u1edfng v\u1ec1 lo\u1ea1i d\u1ecbch v\u1ee5 v\u00e0 s\u1ef1 h\u1ed7 tr\u1ee3 s\u1eb5n c\u00f3. Danh s\u00e1ch n\u00e0y kh\u00f4ng bao g\u1ed3m t\u1ea5t c\u1ea3 d\u1ecbch v\u1ee5 nh\u01b0ng l\u00e0 m\u1ed9t \u0111i\u1ec3m kh\u1edfi \u0111\u1ea7u thu\u1eadn l\u1ee3i. Danh s\u00e1ch d\u1ecbch v\u1ee5 d\u00e0i h\u01a1n nhi\u1ec1u trong lu\u1eadt kh\u00f4ng ph\u1ea3i danh s\u00e1ch to\u00e0n di\u1ec7n. V\u00ec v\u1eady, n\u1ebfu c\u00f3 d\u1ecbch v\u1ee5 kh\u00f4ng \u0111\u01b0\u1ee3c li\u1ec7t k\u00ea trong lu\u1eadt nh\u01b0ng qu\u00fd v\u1ecb ngh\u0129 r\u1eb1ng b\u1ea3n th\u00e2n c\u1ea7n c\u00f3 \u0111\u1ec3 \u0111\u1ea1t \u0111\u01b0\u1ee3c c\u00e1c m\u1ee5c \u0111\u00edch trong IPP, trung t\u00e2m khu v\u1ef1c ph\u1ea3i xem x\u00e9t d\u1ecbch v\u1ee5 \u0111\u00f3.<\/p>\n\n\n\n<p>H\u00e3y li\u1ec7t k\u00ea nh\u1eefng \u0111i\u1ec1u qu\u00fd v\u1ecb mu\u1ed1n v\u00e0 c\u1ea7n r\u1ed3i so s\u00e1nh v\u1edbi danh s\u00e1ch trong <a href=\"https:\/\/rula.disabilityrightsca.org\/supplements\/supplement-c-services-and-supports-provided-by-regional-centers\/\">Ph\u1ee5 L\u1ee5c C<\/a>, t\u1eeb \u0110\u1ea1o Lu\u1eadt Lanterman. <a href=\"https:\/\/rula.disabilityrightsca.org\/supplements\/supplement-i-ipp-meeting-planner\/\">Ph\u1ee5 L\u1ee5c I<\/a>, <a href=\"https:\/\/rula.disabilityrightsca.org\/supplements\/supplement-j-use-your-ipp-to-plan-for-community-activities\/\">Ph\u1ee5 L\u1ee5c J<\/a> v\u00e0 <a href=\"https:\/\/rula.disabilityrightsca.org\/supplements\/supplement-k-get-ready-for-your-childs-ipp-or-ifsp-meeting\/\">Ph\u1ee5 L\u1ee5c K<\/a>.<\/p>\n\n\n\n<p>Qu\u00fd v\u1ecb c\u00f3 th\u1ec3 nh\u1eadn \u0111\u01b0\u1ee3c k\u1ebft qu\u1ea3 gi\u1ed1ng nhau t\u1eeb nh\u1eefng d\u1ecbch v\u1ee5 kh\u00e1c nhau, v\u00ec v\u1eady qu\u00fd v\u1ecb kh\u00f4ng c\u1ea7n lo l\u1eafng v\u1ec1 nh\u00e3n hi\u1ec7u. H\u00e3y suy x\u00e9t v\u1ec1 k\u1ebft qu\u1ea3 qu\u00fd v\u1ecb mu\u1ed1n nh\u1eadn \u0111\u01b0\u1ee3c t\u1eeb m\u1ed9t d\u1ecbch v\u1ee5 ho\u1eb7c s\u1ef1 h\u1ed7 tr\u1ee3. \u0110\u1ec3 chu\u1ea9n b\u1ecb cho cu\u1ed9c h\u1ecdp IPP, h\u00e3y li\u1ec7t k\u00ea nh\u1eefng \u0111i\u1ec1u qu\u00fd v\u1ecb th\u00edch v\u00e0 kh\u00f4ng th\u00edch, mu\u1ed1n v\u00e0 c\u1ea7n. Sau \u0111\u00f3, li\u1ec7t k\u00ea c\u00e1c d\u1ecbch v\u1ee5 qu\u00fd v\u1ecb ngh\u0129 r\u1eb1ng s\u1ebd gi\u00fap \u0111\u00e1p \u1ee9ng nhu c\u1ea7u c\u1ee7a m\u00ecnh. N\u1ebfu b\u00e1o c\u00e1o \u0111\u00e1nh gi\u00e1 s\u1ebd h\u1eefu \u00edch trong vi\u1ec7c x\u00e1c \u0111\u1ecbnh nhu c\u1ea7u c\u1ee7a qu\u00fd v\u1ecb ho\u1eb7c \u0111\u1ec1 xu\u1ea5t c\u00e1c m\u1ee5c \u0111\u00edch v\u00e0 d\u1ecbch v\u1ee5 trong IPP, h\u00e3y \u0111\u1ec1 c\u1eadp \u0111\u1ebfn nh\u1eefng b\u00e1o c\u00e1o \u0111\u00f3 trong cu\u1ed9c h\u1ecdp. N\u1ebfu qu\u00fd v\u1ecb \u0111\u00e3 suy x\u00e9t v\u1ec1 nh\u1eefng \u0111i\u1ec1u qu\u00fd v\u1ecb c\u1ea7n v\u00e0 mu\u1ed1n v\u00e0 m\u1ed9t s\u1ed1 m\u1ee5c \u0111\u00edch trong IPP, h\u00e3y vi\u1ebft m\u1ed9t b\u1ee9c th\u01b0 cho \u0111i\u1ec1u ph\u1ed1i vi\u00ean d\u1ecbch v\u1ee5 tr\u01b0\u1edbc cu\u1ed9c h\u1ecdp IPP v\u00e0 b\u00e1o cho h\u1ecd bi\u1ebft nh\u1eefng m\u1ee5c \u0111\u00edch v\u00e0 d\u1ecbch v\u1ee5 m\u00e0 qu\u00fd v\u1ecb tin l\u00e0 n\u00ean c\u00f3 trong IPP. B\u1eb1ng c\u00e1ch \u0111\u00f3, trung t\u00e2m khu v\u1ef1c s\u1ebd chu\u1ea9n b\u1ecb t\u1ed1t h\u01a1n \u0111\u1ec3 th\u1ea3o lu\u1eadn v\u1ec1 nh\u1eefng \u0111i\u1ec1u c\u1ee5 th\u1ec3 n\u00e0y trong cu\u1ed9c h\u1ecdp c\u1ee7a qu\u00fd v\u1ecb.<\/p>\n\n\n\n<p>\u0110\u1ec3 bi\u1ebft v\u1ec1 c\u00e1c d\u1ecbch v\u1ee5 n\u1ebfu qu\u00fd v\u1ecb mu\u1ed1n s\u1ed1ng c\u00f9ng gia \u0111\u00ecnh, h\u00e3y xem <a href=\"https:\/\/rula.disabilityrightsca.org\/rula-book\/chapter-6-keeping-the-family-together\/\">Ch\u01b0\u01a1ng 6<\/a>. \u0110\u1ec3 bi\u1ebft v\u1ec1 c\u00e1c d\u1ecbch v\u1ee5 h\u1ed7 tr\u1ee3 qu\u00fd v\u1ecb trong nh\u1eefng ch\u1ed7 \u1edf kh\u00e1c nhau, h\u00e3y xem <a href=\"https:\/\/rula.disabilityrightsca.org\/rula-book\/chapter-7-community-living-arrangements-for-adults\/\">Ch\u01b0\u01a1ng 7<\/a>. \u0110\u1ec3 bi\u1ebft v\u1ec1 s\u1ef1 h\u1ed7 tr\u1ee3 v\u00e0 d\u1ecbch v\u1ee5 c\u00f4ng vi\u1ec7c, ban ng\u00e0y v\u00e0 gi\u1ea3i tr\u00ed, h\u00e3y xem <a href=\"https:\/\/rula.disabilityrightsca.org\/rula-book\/chapter-9\/\">Ch\u01b0\u01a1ng 9<\/a>.<\/p>\n<div class=\"speaker-mute footnotes_reference_container\"> <div class=\"footnote_container_prepare\"><p><span role=\"button\" tabindex=\"0\" class=\"footnote_reference_container_label pointer\" onclick=\"footnote_expand_collapse_reference_container_1284_1();\">&#x202F;<\/span><span role=\"button\" tabindex=\"0\" class=\"footnote_reference_container_collapse_button\" style=\"display: none;\" onclick=\"footnote_expand_collapse_reference_container_1284_1();\">[<a id=\"footnote_reference_container_collapse_button_1284_1\">+<\/a>]<\/span><\/p><\/div> <div id=\"footnote_references_container_1284_1\" style=\"\"><table class=\"footnotes_table footnote-reference-container\"><caption class=\"accessibility\">References<\/caption> <tbody> \r\n\r\n<tr class=\"footnotes_plugin_reference_row\"> <th scope=\"row\" class=\"footnote_plugin_index_combi pointer\"  onclick=\"footnote_moveToAnchor_1284_1('footnote_plugin_tooltip_1284_1_1');\"><a id=\"footnote_plugin_reference_1284_1_1\" class=\"footnote_backlink\"><span class=\"footnote_index_arrow\">&#8593;<\/span>1<\/a><\/th> <td class=\"footnote_plugin_text\">C\u00e1c M\u1ee5c 4501 v\u00e0 4512(b).<\/td><\/tr>\r\n\r\n<tr class=\"footnotes_plugin_reference_row\"> <th scope=\"row\" class=\"footnote_plugin_index_combi pointer\"  onclick=\"footnote_moveToAnchor_1284_1('footnote_plugin_tooltip_1284_1_2');\"><a id=\"footnote_plugin_reference_1284_1_2\" class=\"footnote_backlink\"><span class=\"footnote_index_arrow\">&#8593;<\/span>2<\/a><\/th> <td class=\"footnote_plugin_text\">M\u1ee5c 4648(a)(6).<\/td><\/tr>\r\n\r\n <\/tbody> <\/table> <\/div><\/div><script type=\"text\/javascript\"> function footnote_expand_reference_container_1284_1() { jQuery('#footnote_references_container_1284_1').show(); jQuery('#footnote_reference_container_collapse_button_1284_1').text('\u2212'); } function footnote_collapse_reference_container_1284_1() { jQuery('#footnote_references_container_1284_1').hide(); jQuery('#footnote_reference_container_collapse_button_1284_1').text('+'); } function footnote_expand_collapse_reference_container_1284_1() { if (jQuery('#footnote_references_container_1284_1').is(':hidden')) { footnote_expand_reference_container_1284_1(); } else { footnote_collapse_reference_container_1284_1(); } } function footnote_moveToReference_1284_1(p_str_TargetID) { footnote_expand_reference_container_1284_1(); var l_obj_Target = jQuery('#' + p_str_TargetID); if (l_obj_Target.length) { jQuery( 'html, body' ).delay( 0 ); jQuery('html, body').animate({ scrollTop: l_obj_Target.offset().top - window.innerHeight * 0.2 }, 380); } } function footnote_moveToAnchor_1284_1(p_str_TargetID) { footnote_expand_reference_container_1284_1(); var l_obj_Target = jQuery('#' + p_str_TargetID); if (l_obj_Target.length) { jQuery( 'html, body' ).delay( 0 ); jQuery('html, body').animate({ scrollTop: l_obj_Target.offset().top - window.innerHeight * 0.2 }, 380); } }<\/script>","protected":false},"excerpt":{"rendered":"<p>Theo \u0110\u1ea1o Lu\u1eadt Lanterman, \u201cc\u00e1c d\u1ecbch v\u1ee5 v\u00e0 s\u1ef1 h\u1ed7 tr\u1ee3 cho ng\u01b0\u1eddi khuy\u1ebft t\u1eadt v\u1ec1 ph\u00e1t tri\u1ec3n\u201d c\u00f3 ph\u1ea1m vi r\u1ed9ng. Ph\u1ea1m vi n\u00e0y&hellip;<\/p>\n","protected":false},"author":1,"featured_media":0,"parent":1193,"menu_order":41,"comment_status":"closed","ping_status":"closed","template":"","meta":{"footnotes":""},"class_list":["post-1284","page","type-page","status-publish","hentry"],"_links":{"self":[{"href":"https:\/\/rula.disabilityrightsca.org\/vi\/wp-json\/wp\/v2\/pages\/1284","targetHints":{"allow":["GET"]}}],"collection":[{"href":"https:\/\/rula.disabilityrightsca.org\/vi\/wp-json\/wp\/v2\/pages"}],"about":[{"href":"https:\/\/rula.disabilityrightsca.org\/vi\/wp-json\/wp\/v2\/types\/page"}],"author":[{"embeddable":true,"href":"https:\/\/rula.disabilityrightsca.org\/vi\/wp-json\/wp\/v2\/users\/1"}],"replies":[{"embeddable":true,"href":"https:\/\/rula.disabilityrightsca.org\/vi\/wp-json\/wp\/v2\/comments?post=1284"}],"version-history":[{"count":8,"href":"https:\/\/rula.disabilityrightsca.org\/vi\/wp-json\/wp\/v2\/pages\/1284\/revisions"}],"predecessor-version":[{"id":3874,"href":"https:\/\/rula.disabilityrightsca.org\/vi\/wp-json\/wp\/v2\/pages\/1284\/revisions\/3874"}],"up":[{"embeddable":true,"href":"https:\/\/rula.disabilityrightsca.org\/vi\/wp-json\/wp\/v2\/pages\/1193"}],"wp:attachment":[{"href":"https:\/\/rula.disabilityrightsca.org\/vi\/wp-json\/wp\/v2\/media?parent=1284"}],"curies":[{"name":"wp","href":"https:\/\/api.w.org\/{rel}","templated":true}]}}