{"id":1282,"date":"2021-06-21T21:26:45","date_gmt":"2021-06-21T21:26:45","guid":{"rendered":"http:\/\/www.rula.disabilityrightsca.org\/vi\/?page_id=1282"},"modified":"2024-10-09T18:09:31","modified_gmt":"2024-10-09T18:09:31","slug":"is-the-ipp-process-different-if-i-live-in-a-developmental-center","status":"publish","type":"page","link":"https:\/\/rula.disabilityrightsca.org\/vi\/rula-book\/chapter-4-individual-program-plans\/is-the-ipp-process-different-if-i-live-in-a-developmental-center\/","title":{"rendered":"(4.41) \u201cM\u1ee5c \u0111\u00edch\u201d v\u00e0 \u201cm\u1ee5c ti\u00eau\u201d kh\u00e1c nhau nh\u01b0 th\u1ebf n\u00e0o?"},"content":{"rendered":"\n<p>IPP c\u1ee7a qu\u00fd v\u1ecb ph\u1ea3i c\u00f3 tuy\u00ean b\u1ed1 v\u1ec1 c\u00e1c m\u1ee5c \u0111\u00edch c\u1ee7a qu\u00fd v\u1ecb v\u00e0 c\u00e1c m\u1ee5c ti\u00eau c\u1ee5 th\u1ec3 \u0111\u1ec3 \u0111\u1ea1t \u0111\u01b0\u1ee3c m\u1ee5c \u0111\u00edch.<span class=\"footnote_referrer\"><a role=\"button\" tabindex=\"0\" onclick=\"footnote_moveToReference_1282_1('footnote_plugin_reference_1282_1_1');\" onkeypress=\"footnote_moveToReference_1282_1('footnote_plugin_reference_1282_1_1');\" ><sup id=\"footnote_plugin_tooltip_1282_1_1\" class=\"footnote_plugin_tooltip_text\">[1]<\/sup><\/a><span id=\"footnote_plugin_tooltip_text_1282_1_1\" class=\"footnote_tooltip\">M\u1ee5c 4646.5(a)(2).<\/span><\/span><script type=\"text\/javascript\"> jQuery('#footnote_plugin_tooltip_1282_1_1').tooltip({ tip: '#footnote_plugin_tooltip_text_1282_1_1', tipClass: 'footnote_tooltip', effect: 'fade', predelay: 0, fadeInSpeed: 200, delay: 400, fadeOutSpeed: 200, position: 'top center', relative: true, offset: [-7, 0], });<\/script><\/p>\n\n\n\n<p><strong>M\u1ee5c \u0111\u00edch <\/strong>l\u00e0 tuy\u00ean b\u1ed1 chung v\u1ec1 \u0111\u00edch \u0111\u1ebfn mong mu\u1ed1n c\u1ee7a qu\u00fd v\u1ecb trong cu\u1ed9c s\u1ed1ng. Qu\u00fd v\u1ecb kh\u00f4ng c\u1ea7n c\u00e1c m\u1ee5c \u0111\u00edch trong IPP cho nh\u1eefng \u0111i\u1ec1u qu\u00fd v\u1ecb \u0111\u00e3 c\u00f3 ho\u1eb7c c\u00f3 th\u1ec3 th\u1ef1c hi\u1ec7n. C\u00e1c m\u1ee5c \u0111\u00edch trong IPP l\u00e0 d\u1ef1a tr\u00ean nhu c\u1ea7u c\u1ee7a qu\u00fd v\u1ecb. Tr\u1ecdng t\u00e2m c\u1ee7a c\u00e1c m\u1ee5c \u0111\u00edch trong IPP ph\u1ea3i l\u00e0 nh\u1eefng l\u0129nh v\u1ef1c cu\u1ed9c s\u1ed1ng qu\u00fd v\u1ecb g\u1eb7p kh\u00f3 kh\u0103n. C\u00e1c m\u1ee5c \u0111\u00edch trong IPP ph\u1ea3i c\u0103n c\u1ee9 v\u00e0o s\u1edf th\u00edch v\u00e0 l\u1ef1a ch\u1ecdn cu\u1ed9c s\u1ed1ng c\u1ee7a qu\u00fd v\u1ecb. Qu\u00fd v\u1ecb c\u00f3 th\u1ec3 c\u00f3 m\u1ee5c \u0111\u00edch v\u1ec1 n\u01a1i qu\u00fd v\u1ecb mu\u1ed1n s\u1ed1ng, nh\u1eefng ho\u1ea1t \u0111\u1ed9ng qu\u00fd v\u1ecb mu\u1ed1n l\u00e0m ho\u1eb7c lo\u1ea1i c\u00f4ng vi\u1ec7c qu\u00fd v\u1ecb mu\u1ed1n l\u00e0m.<span class=\"footnote_referrer\"><a role=\"button\" tabindex=\"0\" onclick=\"footnote_moveToReference_1282_1('footnote_plugin_reference_1282_1_2');\" onkeypress=\"footnote_moveToReference_1282_1('footnote_plugin_reference_1282_1_2');\" ><sup id=\"footnote_plugin_tooltip_1282_1_2\" class=\"footnote_plugin_tooltip_text\">[2]<\/sup><\/a><span id=\"footnote_plugin_tooltip_text_1282_1_2\" class=\"footnote_tooltip\">M\u1ee5c 4502(b)(10). <\/span><\/span><script type=\"text\/javascript\"> jQuery('#footnote_plugin_tooltip_1282_1_2').tooltip({ tip: '#footnote_plugin_tooltip_text_1282_1_2', tipClass: 'footnote_tooltip', effect: 'fade', predelay: 0, fadeInSpeed: 200, delay: 400, fadeOutSpeed: 200, position: 'top center', relative: true, offset: [-7, 0], });<\/script> M\u1ee5c \u0111\u00edch c\u00f3 th\u1ec3 l\u00e0 \u0111i\u1ec1u g\u00ec \u0111\u00f3 trong cu\u1ed9c s\u1ed1ng m\u00e0 qu\u00fd v\u1ecb mu\u1ed1n thay \u0111\u1ed5i. N\u1ebfu qu\u00fd v\u1ecb kh\u00f4ng c\u00f3 vi\u1ec7c l\u00e0m nh\u01b0ng mu\u1ed1n \u0111i l\u00e0m, m\u1ee5c \u0111\u00edch c\u1ee7a qu\u00fd v\u1ecb c\u00f3 th\u1ec3 l\u00e0 \u201cT\u00f4i s\u1ebd ki\u1ebfm m\u1ed9t c\u00f4ng vi\u1ec7c\u201d. M\u1ee5c \u0111\u00edch c\u00f3 th\u1ec3 l\u00e0 \u0111i\u1ec1u g\u00ec \u0111\u00f3 trong cu\u1ed9c s\u1ed1ng m\u00e0 qu\u00fd v\u1ecb mu\u1ed1n ti\u1ebfp t\u1ee5c th\u1ef1c hi\u1ec7n. N\u1ebfu qu\u00fd v\u1ecb l\u00e0 h\u1ecdc sinh v\u00e0 mu\u1ed1n ti\u1ebfp t\u1ee5c h\u1ecdc t\u1eadp, m\u1ee5c \u0111\u00edch c\u1ee7a qu\u00fd v\u1ecb c\u00f3 th\u1ec3 l\u00e0 \u201cT\u00f4i s\u1ebd ti\u1ebfp t\u1ee5c tham gia c\u00e1c l\u1edbp h\u1ecdc\u201d.<\/p>\n\n\n\n<p><strong>M\u1ee5c ti\u00eau <\/strong>l\u00e0 c\u00e1c ho\u1ea1t \u0111\u1ed9ng c\u1ee5 th\u1ec3 v\u00e0 c\u00f3 gi\u1edbi h\u1ea1n th\u1eddi gian gi\u00fap qu\u00fd v\u1ecb \u0111\u1ea1t \u0111\u01b0\u1ee3c c\u00e1c m\u1ee5c \u0111\u00edch c\u1ee7a m\u00ecnh.<span class=\"footnote_referrer\"><a role=\"button\" tabindex=\"0\" onclick=\"footnote_moveToReference_1282_1('footnote_plugin_reference_1282_1_3');\" onkeypress=\"footnote_moveToReference_1282_1('footnote_plugin_reference_1282_1_3');\" ><sup id=\"footnote_plugin_tooltip_1282_1_3\" class=\"footnote_plugin_tooltip_text\">[3]<\/sup><\/a><span id=\"footnote_plugin_tooltip_text_1282_1_3\" class=\"footnote_tooltip\">M\u1ee5c 4646.5(a)(2). <\/span><\/span><script type=\"text\/javascript\"> jQuery('#footnote_plugin_tooltip_1282_1_3').tooltip({ tip: '#footnote_plugin_tooltip_text_1282_1_3', tipClass: 'footnote_tooltip', effect: 'fade', predelay: 0, fadeInSpeed: 200, delay: 400, fadeOutSpeed: 200, position: 'top center', relative: true, offset: [-7, 0], });<\/script> M\u1ee5c ti\u00eau ph\u1ea3i \u0111\u01b0\u1ee3c vi\u1ebft v\u00e0o IPP c\u1ee7a qu\u00fd v\u1ecb \u0111\u1ec3 \u0111o l\u01b0\u1eddng ti\u1ebfn \u0111\u1ed9 th\u1ef1c hi\u1ec7n ho\u1eb7c theo d\u00f5i c\u00e1c d\u1ecbch v\u1ee5 d\u00e0nh cho qu\u00fd v\u1ecb. M\u1ee5c ti\u00eau gi\u00fap \u0111\u1ea3m b\u1ea3o qu\u00fd v\u1ecb v\u00e0 trung t\u00e2m khu v\u1ef1c c\u00f3 tr\u00e1ch nhi\u1ec7m th\u1ef1c hi\u1ec7n m\u1ee5c \u0111\u00edch c\u1ee7a qu\u00fd v\u1ecb. N\u1ebfu m\u1ee5c \u0111\u00edch c\u1ee7a qu\u00fd v\u1ecb l\u00e0 c\u00f3 \u0111\u01b0\u1ee3c m\u1ed9t c\u00f4ng vi\u1ec7c trong khu ph\u1ed1 c\u1ee7a m\u00ecnh, m\u1ed9t trong c\u00e1c m\u1ee5c ti\u00eau c\u00f3 th\u1ec3 l\u00e0: \u201cH\u00e0ng tu\u1ea7n, t\u00f4i s\u1ebd ho\u00e0n th\u00e0nh v\u00e0 g\u1eedi ba \u0111\u01a1n xin vi\u1ec7c \u0111\u1ebfn c\u00e1c doanh nghi\u1ec7p g\u1ea7n nh\u00e0\u201d. M\u1ee5c ti\u00eau th\u1ee9 hai \u0111\u1ec3 qu\u00fd v\u1ecb \u0111\u1ea1t \u0111\u01b0\u1ee3c m\u1ee5c \u0111\u00edch c\u00f3 \u0111\u01b0\u1ee3c vi\u1ec7c l\u00e0m c\u00f3 th\u1ec3 l\u00e0 th\u1ef1c hi\u1ec7n c\u00e1c cu\u1ed9c g\u1ecdi ti\u1ebfp n\u1ed1i \u0111\u1ebfn t\u1eebng nh\u00e0 tuy\u1ec3n d\u1ee5ng. Do c\u00f3 t\u00ednh ch\u1ea5t c\u1ee5 th\u1ec3 v\u00e0 c\u00f3 th\u1ec3 \u0111o l\u01b0\u1eddng, m\u1ee5c ti\u00eau \u0111\u1ea3m b\u1ea3o qu\u00fd v\u1ecb v\u00e0 ng\u01b0\u1eddi h\u1ed7 tr\u1ee3 qu\u00fd v\u1ecb c\u00f3 tr\u00e1ch nhi\u1ec7m th\u1ef1c hi\u1ec7n. N\u1ebfu qu\u00fd v\u1ecb v\u00e0 ng\u01b0\u1eddi h\u1ed7 tr\u1ee3 qu\u00fd v\u1ecb kh\u00f4ng ho\u00e0n th\u00e0nh \u0111\u01a1n xin vi\u1ec7c ho\u1eb7c th\u1ef1c hi\u1ec7n cu\u1ed9c g\u1ecdi ti\u1ebfp n\u1ed1i, m\u1ee5c ti\u00eau c\u1ee7a qu\u00fd v\u1ecb trong l\u0129nh v\u1ef1c vi\u1ec7c l\u00e0m n\u00e0y kh\u00f4ng \u0111\u1ea1t \u0111\u01b0\u1ee3c. M\u1ee5c \u0111\u00edch ki\u1ebfm m\u1ed9t c\u00f4ng vi\u1ec7c c\u1ee7a qu\u00fd v\u1ecb c\u00f3 th\u1ec3 c\u0169ng kh\u00f4ng \u0111\u1ea1t \u0111\u01b0\u1ee3c.<\/p>\n\n\n\n<p>M\u1ee5c \u0111\u00edch v\u00e0 m\u1ee5c ti\u00eau c\u1ee7a qu\u00fd v\u1ecb ph\u1ea3i t\u1ed1i \u0111a h\u00f3a c\u01a1 h\u1ed9i ph\u00e1t tri\u1ec3n c\u00e1c m\u1ed1i quan h\u1ec7 v\u00e0 tham gia cu\u1ed9c s\u1ed1ng c\u1ed9ng \u0111\u1ed3ng trong nh\u1eefng l\u0129nh v\u1ef1c nh\u01b0 nh\u00e0 \u1edf, c\u00f4ng vi\u1ec7c, tr\u01b0\u1eddng h\u1ecdc v\u00e0 gi\u1ea3i tr\u00ed.<span class=\"footnote_referrer\"><a role=\"button\" tabindex=\"0\" onclick=\"footnote_moveToReference_1282_1('footnote_plugin_reference_1282_1_4');\" onkeypress=\"footnote_moveToReference_1282_1('footnote_plugin_reference_1282_1_4');\" ><sup id=\"footnote_plugin_tooltip_1282_1_4\" class=\"footnote_plugin_tooltip_text\">[4]<\/sup><\/a><span id=\"footnote_plugin_tooltip_text_1282_1_4\" class=\"footnote_tooltip\">M\u1ee5c 4646.5(a)(2) <\/span><\/span><script type=\"text\/javascript\"> jQuery('#footnote_plugin_tooltip_1282_1_4').tooltip({ tip: '#footnote_plugin_tooltip_text_1282_1_4', tipClass: 'footnote_tooltip', effect: 'fade', predelay: 0, fadeInSpeed: 200, delay: 400, fadeOutSpeed: 200, position: 'top center', relative: true, offset: [-7, 0], });<\/script><\/p>\n<div class=\"speaker-mute footnotes_reference_container\"> <div class=\"footnote_container_prepare\"><p><span role=\"button\" tabindex=\"0\" class=\"footnote_reference_container_label pointer\" onclick=\"footnote_expand_collapse_reference_container_1282_1();\">&#x202F;<\/span><span role=\"button\" tabindex=\"0\" class=\"footnote_reference_container_collapse_button\" style=\"display: none;\" onclick=\"footnote_expand_collapse_reference_container_1282_1();\">[<a id=\"footnote_reference_container_collapse_button_1282_1\">+<\/a>]<\/span><\/p><\/div> <div id=\"footnote_references_container_1282_1\" style=\"\"><table class=\"footnotes_table footnote-reference-container\"><caption class=\"accessibility\">References<\/caption> <tbody> \r\n\r\n<tr class=\"footnotes_plugin_reference_row\"> <th scope=\"row\" class=\"footnote_plugin_index_combi pointer\"  onclick=\"footnote_moveToAnchor_1282_1('footnote_plugin_tooltip_1282_1_1');\"><a id=\"footnote_plugin_reference_1282_1_1\" class=\"footnote_backlink\"><span class=\"footnote_index_arrow\">&#8593;<\/span>1<\/a><\/th> <td class=\"footnote_plugin_text\">M\u1ee5c 4646.5(a)(2).<\/td><\/tr>\r\n\r\n<tr class=\"footnotes_plugin_reference_row\"> <th scope=\"row\" class=\"footnote_plugin_index_combi pointer\"  onclick=\"footnote_moveToAnchor_1282_1('footnote_plugin_tooltip_1282_1_2');\"><a id=\"footnote_plugin_reference_1282_1_2\" class=\"footnote_backlink\"><span class=\"footnote_index_arrow\">&#8593;<\/span>2<\/a><\/th> <td class=\"footnote_plugin_text\">M\u1ee5c 4502(b)(10). <\/td><\/tr>\r\n\r\n<tr class=\"footnotes_plugin_reference_row\"> <th scope=\"row\" class=\"footnote_plugin_index_combi pointer\"  onclick=\"footnote_moveToAnchor_1282_1('footnote_plugin_tooltip_1282_1_3');\"><a id=\"footnote_plugin_reference_1282_1_3\" class=\"footnote_backlink\"><span class=\"footnote_index_arrow\">&#8593;<\/span>3<\/a><\/th> <td class=\"footnote_plugin_text\">M\u1ee5c 4646.5(a)(2). <\/td><\/tr>\r\n\r\n<tr class=\"footnotes_plugin_reference_row\"> <th scope=\"row\" class=\"footnote_plugin_index_combi pointer\"  onclick=\"footnote_moveToAnchor_1282_1('footnote_plugin_tooltip_1282_1_4');\"><a id=\"footnote_plugin_reference_1282_1_4\" class=\"footnote_backlink\"><span class=\"footnote_index_arrow\">&#8593;<\/span>4<\/a><\/th> <td class=\"footnote_plugin_text\">M\u1ee5c 4646.5(a)(2) <\/td><\/tr>\r\n\r\n <\/tbody> <\/table> <\/div><\/div><script type=\"text\/javascript\"> function footnote_expand_reference_container_1282_1() { jQuery('#footnote_references_container_1282_1').show(); jQuery('#footnote_reference_container_collapse_button_1282_1').text('\u2212'); } function footnote_collapse_reference_container_1282_1() { jQuery('#footnote_references_container_1282_1').hide(); jQuery('#footnote_reference_container_collapse_button_1282_1').text('+'); } function footnote_expand_collapse_reference_container_1282_1() { if (jQuery('#footnote_references_container_1282_1').is(':hidden')) { footnote_expand_reference_container_1282_1(); } else { footnote_collapse_reference_container_1282_1(); } } function footnote_moveToReference_1282_1(p_str_TargetID) { footnote_expand_reference_container_1282_1(); var l_obj_Target = jQuery('#' + p_str_TargetID); if (l_obj_Target.length) { jQuery( 'html, body' ).delay( 0 ); jQuery('html, body').animate({ scrollTop: l_obj_Target.offset().top - window.innerHeight * 0.2 }, 380); } } function footnote_moveToAnchor_1282_1(p_str_TargetID) { footnote_expand_reference_container_1282_1(); var l_obj_Target = jQuery('#' + p_str_TargetID); if (l_obj_Target.length) { jQuery( 'html, body' ).delay( 0 ); jQuery('html, body').animate({ scrollTop: l_obj_Target.offset().top - window.innerHeight * 0.2 }, 380); } }<\/script>","protected":false},"excerpt":{"rendered":"<p>IPP c\u1ee7a qu\u00fd v\u1ecb ph\u1ea3i c\u00f3 tuy\u00ean b\u1ed1 v\u1ec1 c\u00e1c m\u1ee5c \u0111\u00edch c\u1ee7a qu\u00fd v\u1ecb v\u00e0 c\u00e1c m\u1ee5c ti\u00eau c\u1ee5 th\u1ec3 \u0111\u1ec3 \u0111\u1ea1t \u0111\u01b0\u1ee3c m\u1ee5c&hellip;<\/p>\n","protected":false},"author":1,"featured_media":0,"parent":1193,"menu_order":40,"comment_status":"closed","ping_status":"closed","template":"","meta":{"footnotes":""},"class_list":["post-1282","page","type-page","status-publish","hentry"],"_links":{"self":[{"href":"https:\/\/rula.disabilityrightsca.org\/vi\/wp-json\/wp\/v2\/pages\/1282","targetHints":{"allow":["GET"]}}],"collection":[{"href":"https:\/\/rula.disabilityrightsca.org\/vi\/wp-json\/wp\/v2\/pages"}],"about":[{"href":"https:\/\/rula.disabilityrightsca.org\/vi\/wp-json\/wp\/v2\/types\/page"}],"author":[{"embeddable":true,"href":"https:\/\/rula.disabilityrightsca.org\/vi\/wp-json\/wp\/v2\/users\/1"}],"replies":[{"embeddable":true,"href":"https:\/\/rula.disabilityrightsca.org\/vi\/wp-json\/wp\/v2\/comments?post=1282"}],"version-history":[{"count":5,"href":"https:\/\/rula.disabilityrightsca.org\/vi\/wp-json\/wp\/v2\/pages\/1282\/revisions"}],"predecessor-version":[{"id":3875,"href":"https:\/\/rula.disabilityrightsca.org\/vi\/wp-json\/wp\/v2\/pages\/1282\/revisions\/3875"}],"up":[{"embeddable":true,"href":"https:\/\/rula.disabilityrightsca.org\/vi\/wp-json\/wp\/v2\/pages\/1193"}],"wp:attachment":[{"href":"https:\/\/rula.disabilityrightsca.org\/vi\/wp-json\/wp\/v2\/media?parent=1282"}],"curies":[{"name":"wp","href":"https:\/\/api.w.org\/{rel}","templated":true}]}}