{"id":1280,"date":"2021-06-21T21:24:26","date_gmt":"2021-06-21T21:24:26","guid":{"rendered":"http:\/\/www.rula.disabilityrightsca.org\/vi\/?page_id=1280"},"modified":"2024-10-09T18:09:55","modified_gmt":"2024-10-09T18:09:55","slug":"do-i-have-the-same-rights-at-all-meetings-with-the-regional-center-that-i-have-at-an-ipp-meeting","status":"publish","type":"page","link":"https:\/\/rula.disabilityrightsca.org\/vi\/rula-book\/chapter-4-individual-program-plans\/do-i-have-the-same-rights-at-all-meetings-with-the-regional-center-that-i-have-at-an-ipp-meeting\/","title":{"rendered":"(4.40) IPP n\u00ean \u0111\u01b0\u1ee3c vi\u1ebft nh\u01b0 th\u1ebf n\u00e0o \u0111\u1ec3 \u0111\u1ea3m b\u1ea3o t\u00f4i lu\u00f4n nh\u1eadn \u0111\u01b0\u1ee3c c\u00e1c d\u1ecbch v\u1ee5 v\u00e0 s\u1ef1 h\u1ed7 tr\u1ee3 c\u1ea7n thi\u1ebft?"},"content":{"rendered":"\n<p>IPP ph\u1ea3i n\u00eau l\u00ean th\u00f4ng tin t\u1eeb c\u00e1c \u0111\u00e1nh gi\u00e1 c\u0169ng nh\u01b0 l\u00e0 t\u1eeb qu\u00fd v\u1ecb, gia \u0111\u00ecnh v\u00e0 b\u1ea1n b\u00e8 c\u1ee7a qu\u00fd v\u1ecb v\u1ec1 m\u1ee9c \u0111\u1ed9 \u1ea3nh h\u01b0\u1edfng c\u1ee7a t\u00ecnh tr\u1ea1ng khuy\u1ebft t\u1eadt \u0111\u1ed1i v\u1edbi qu\u00fd v\u1ecb. \u0110i\u1ec1u n\u00e0y ngh\u0129a l\u00e0 IPP tr\u00ecnh b\u00e0y v\u1ec1 m\u1ee9c \u0111\u1ed9 qu\u00fd v\u1ecb s\u1ed1ng \u0111\u1ed9c l\u1eadp, c\u00f3 \u00edch v\u00e0 nh\u01b0 ng\u01b0\u1eddi c\u00f9ng tu\u1ed5i kh\u00f4ng b\u1ecb khuy\u1ebft t\u1eadt.<span class=\"footnote_referrer\"><a role=\"button\" tabindex=\"0\" onclick=\"footnote_moveToReference_1280_1('footnote_plugin_reference_1280_1_1');\" onkeypress=\"footnote_moveToReference_1280_1('footnote_plugin_reference_1280_1_1');\" ><sup id=\"footnote_plugin_tooltip_1280_1_1\" class=\"footnote_plugin_tooltip_text\">[1]<\/sup><\/a><span id=\"footnote_plugin_tooltip_text_1280_1_1\" class=\"footnote_tooltip\">M\u1ee5c 4501, \u0111o\u1ea1n b\u1ed1n.<\/span><\/span><script type=\"text\/javascript\"> jQuery('#footnote_plugin_tooltip_1280_1_1').tooltip({ tip: '#footnote_plugin_tooltip_text_1280_1_1', tipClass: 'footnote_tooltip', effect: 'fade', predelay: 0, fadeInSpeed: 200, delay: 400, fadeOutSpeed: 200, position: 'top center', relative: true, offset: [-7, 0], });<\/script> M\u1ed9t m\u00f4 t\u1ea3 \u0111\u1ea7y \u0111\u1ee7 v\u00e0 m\u1ed9t danh s\u00e1ch c\u00e1c m\u1ee5c ti\u00eau v\u00e0 m\u1ee5c \u0111\u00edch r\u00f5 r\u00e0ng v\u00e0 c\u00f3 th\u1ec3 \u0111o l\u01b0\u1eddng s\u1ebd x\u00e1c \u0111\u1ecbnh lo\u1ea1i c\u00f9ng s\u1ed1 l\u01b0\u1ee3ng d\u1ecbch v\u1ee5 v\u00e0 s\u1ef1 h\u1ed7 tr\u1ee3 qu\u00fd v\u1ecb c\u1ea7n. Ngo\u00e0i ra, \u0111i\u1ec1u n\u00e0y c\u00f2n h\u1eefu \u00edch n\u1ebfu trung t\u00e2m khu v\u1ef1c mu\u1ed1n gi\u1ea3m b\u1edbt ho\u1eb7c ch\u1ea5m d\u1ee9t d\u1ecbch v\u1ee5 c\u1ee7a qu\u00fd v\u1ecb. N\u1ebfu qu\u00fd v\u1ecb ti\u1ebfp t\u1ee5c g\u1eb7p c\u00f9ng c\u00e1c v\u1ea5n \u0111\u1ec1 x\u1ea3y ra trong nh\u1eefng l\u0129nh v\u1ef1c \u0111\u01b0\u1ee3c bao h\u00e0m theo m\u1ee5c \u0111\u00edch IPP, vi\u1ec7c kh\u1eb3ng \u0111\u1ecbnh c\u00e1c d\u1ecbch v\u1ee5 ph\u1ea3i k\u1ebft th\u00fac s\u1ebd tr\u1edf n\u00ean kh\u00f3 h\u01a1n. Tuy nhi\u00ean, vi\u1ec7c th\u1ea3o lu\u1eadn thay \u0111\u1ed5i c\u00e1c d\u1ecbch v\u1ee5 c\u00f3 th\u1ec3 gi\u00fap \u00edch cho qu\u00fd v\u1ecb. Lu\u1eadt y\u00eau c\u1ea7u IPP c\u1ee7a qu\u00fd v\u1ecb n\u00eau r\u00f5 t\u1ea7n su\u1ea5t nh\u00f3m c\u1ee7a qu\u00fd v\u1ecb s\u1ebd \u0111\u00e1nh gi\u00e1 IPP. M\u1ee5c \u0111\u00edch l\u00e0 \u0111\u1ec3 x\u00e1c \u0111\u1ecbnh xem qu\u00fd v\u1ecb c\u00f3 th\u1ec3 \u0111\u1ea1t \u0111\u01b0\u1ee3c m\u1ee5c \u0111\u00edch v\u00e0 m\u1ee5c ti\u00eau c\u1ee7a m\u00ecnh kh\u00f4ng, nh\u1edd \u0111\u00f3 qu\u00fd v\u1ecb c\u00f3 th\u1ec3 thay \u0111\u1ed5i ho\u1eb7c t\u0103ng d\u1ecbch v\u1ee5 n\u1ebfu c\u1ea7n. <\/p>\n\n\n\n<p>M\u1ed9t IPP ho\u00e0n ch\u1ec9nh v\u00e0 chi ti\u1ebft gi\u00fap \u0111\u1ea3m b\u1ea3o m\u1ecdi ng\u01b0\u1eddi hi\u1ec3u \u0111\u01b0\u1ee3c c\u00e1c d\u1ecbch v\u1ee5 v\u00e0 s\u1ef1 h\u1ed7 tr\u1ee3 qu\u00fd v\u1ecb c\u00f3 quy\u1ec1n nh\u1eadn v\u00e0 n\u00ean nh\u1eadn \u0111\u01b0\u1ee3c.<\/p>\n<div class=\"speaker-mute footnotes_reference_container\"> <div class=\"footnote_container_prepare\"><p><span role=\"button\" tabindex=\"0\" class=\"footnote_reference_container_label pointer\" onclick=\"footnote_expand_collapse_reference_container_1280_1();\">&#x202F;<\/span><span role=\"button\" tabindex=\"0\" class=\"footnote_reference_container_collapse_button\" style=\"display: none;\" onclick=\"footnote_expand_collapse_reference_container_1280_1();\">[<a id=\"footnote_reference_container_collapse_button_1280_1\">+<\/a>]<\/span><\/p><\/div> <div id=\"footnote_references_container_1280_1\" style=\"\"><table class=\"footnotes_table footnote-reference-container\"><caption class=\"accessibility\">References<\/caption> <tbody> \r\n\r\n<tr class=\"footnotes_plugin_reference_row\"> <th scope=\"row\" class=\"footnote_plugin_index_combi pointer\"  onclick=\"footnote_moveToAnchor_1280_1('footnote_plugin_tooltip_1280_1_1');\"><a id=\"footnote_plugin_reference_1280_1_1\" class=\"footnote_backlink\"><span class=\"footnote_index_arrow\">&#8593;<\/span>1<\/a><\/th> <td class=\"footnote_plugin_text\">M\u1ee5c 4501, \u0111o\u1ea1n b\u1ed1n.<\/td><\/tr>\r\n\r\n <\/tbody> <\/table> <\/div><\/div><script type=\"text\/javascript\"> function footnote_expand_reference_container_1280_1() { jQuery('#footnote_references_container_1280_1').show(); jQuery('#footnote_reference_container_collapse_button_1280_1').text('\u2212'); } function footnote_collapse_reference_container_1280_1() { jQuery('#footnote_references_container_1280_1').hide(); jQuery('#footnote_reference_container_collapse_button_1280_1').text('+'); } function footnote_expand_collapse_reference_container_1280_1() { if (jQuery('#footnote_references_container_1280_1').is(':hidden')) { footnote_expand_reference_container_1280_1(); } else { footnote_collapse_reference_container_1280_1(); } } function footnote_moveToReference_1280_1(p_str_TargetID) { footnote_expand_reference_container_1280_1(); var l_obj_Target = jQuery('#' + p_str_TargetID); if (l_obj_Target.length) { jQuery( 'html, body' ).delay( 0 ); jQuery('html, body').animate({ scrollTop: l_obj_Target.offset().top - window.innerHeight * 0.2 }, 380); } } function footnote_moveToAnchor_1280_1(p_str_TargetID) { footnote_expand_reference_container_1280_1(); var l_obj_Target = jQuery('#' + p_str_TargetID); if (l_obj_Target.length) { jQuery( 'html, body' ).delay( 0 ); jQuery('html, body').animate({ scrollTop: l_obj_Target.offset().top - window.innerHeight * 0.2 }, 380); } }<\/script>","protected":false},"excerpt":{"rendered":"<p>IPP ph\u1ea3i n\u00eau l\u00ean th\u00f4ng tin t\u1eeb c\u00e1c \u0111\u00e1nh gi\u00e1 c\u0169ng nh\u01b0 l\u00e0 t\u1eeb qu\u00fd v\u1ecb, gia \u0111\u00ecnh v\u00e0 b\u1ea1n b\u00e8 c\u1ee7a qu\u00fd v\u1ecb v\u1ec1&hellip;<\/p>\n","protected":false},"author":1,"featured_media":0,"parent":1193,"menu_order":39,"comment_status":"closed","ping_status":"closed","template":"","meta":{"footnotes":""},"class_list":["post-1280","page","type-page","status-publish","hentry"],"_links":{"self":[{"href":"https:\/\/rula.disabilityrightsca.org\/vi\/wp-json\/wp\/v2\/pages\/1280","targetHints":{"allow":["GET"]}}],"collection":[{"href":"https:\/\/rula.disabilityrightsca.org\/vi\/wp-json\/wp\/v2\/pages"}],"about":[{"href":"https:\/\/rula.disabilityrightsca.org\/vi\/wp-json\/wp\/v2\/types\/page"}],"author":[{"embeddable":true,"href":"https:\/\/rula.disabilityrightsca.org\/vi\/wp-json\/wp\/v2\/users\/1"}],"replies":[{"embeddable":true,"href":"https:\/\/rula.disabilityrightsca.org\/vi\/wp-json\/wp\/v2\/comments?post=1280"}],"version-history":[{"count":8,"href":"https:\/\/rula.disabilityrightsca.org\/vi\/wp-json\/wp\/v2\/pages\/1280\/revisions"}],"predecessor-version":[{"id":3876,"href":"https:\/\/rula.disabilityrightsca.org\/vi\/wp-json\/wp\/v2\/pages\/1280\/revisions\/3876"}],"up":[{"embeddable":true,"href":"https:\/\/rula.disabilityrightsca.org\/vi\/wp-json\/wp\/v2\/pages\/1193"}],"wp:attachment":[{"href":"https:\/\/rula.disabilityrightsca.org\/vi\/wp-json\/wp\/v2\/media?parent=1280"}],"curies":[{"name":"wp","href":"https:\/\/api.w.org\/{rel}","templated":true}]}}