{"id":1278,"date":"2021-06-21T21:19:36","date_gmt":"2021-06-21T21:19:36","guid":{"rendered":"http:\/\/www.rula.disabilityrightsca.org\/vi\/?page_id=1278"},"modified":"2024-10-09T18:10:20","modified_gmt":"2024-10-09T18:10:20","slug":"what-happens-to-my-ipp-if-i-move-to-an-area-with-a-different-regional-center","status":"publish","type":"page","link":"https:\/\/rula.disabilityrightsca.org\/vi\/rula-book\/chapter-4-individual-program-plans\/what-happens-to-my-ipp-if-i-move-to-an-area-with-a-different-regional-center\/","title":{"rendered":"(4.39) IPP ph\u1ea3i c\u00f3 nh\u1eefng lo\u1ea1i m\u1ee5c \u0111\u00edch v\u00e0 m\u1ee5c ti\u00eau g\u00ec?"},"content":{"rendered":"\n<p>M\u1ee5c \u0111\u00edch v\u00e0 m\u1ee5c ti\u00eau ph\u1ea3i \u0111\u1ec1 ra nhi\u1ec1u c\u00e1ch kh\u1ea3 thi \u0111\u1ec3 qu\u00fd v\u1ecb:<\/p>\n\n\n\n<ul class=\"wp-block-list\"><li>K\u1ebft b\u1ea1n v\u00e0 x\u00e2y d\u1ef1ng m\u1ed1i quan h\u1ec7 v\u1edbi ng\u01b0\u1eddi c\u00f9ng ho\u00e0n c\u1ea3nh;<\/li><li>C\u00f3 vi\u1ec7c l\u00e0m, s\u1ed1ng trong c\u1ed9ng \u0111\u1ed3ng, \u0111i h\u1ecdc v\u00e0 l\u00e0m nh\u1eefng \u0111i\u1ec1u qu\u00fd v\u1ecb th\u00edch;<\/li><li>Ra quy\u1ebft \u0111\u1ecbnh v\u1ec1 vi\u1ec7c qu\u00fd v\u1ecb mu\u1ed1n s\u1ed1ng \u1edf \u0111\u00e2u, v\u1edbi ai v\u00e0 nh\u01b0 th\u1ebf n\u00e0o;<\/li><li>Tham gia c\u1ed9ng \u0111\u1ed3ng c\u1ee7a qu\u00fd v\u1ecb, v\u00ed d\u1ee5 nh\u01b0 gia nh\u1eadp m\u1ed9t nh\u00f3m gi\u1ea3i tr\u00ed, h\u1ed9i People First ho\u1eb7c \u1ee7y ban \u0111\u1ecba ph\u01b0\u01a1ng;<\/li><li>H\u1ecdc c\u00e1c k\u1ef9 n\u0103ng nh\u01b0 qu\u1ea3n l\u00fd ti\u1ec1n, n\u1ea5u \u0103n v\u00e0 s\u1eed d\u1ee5ng xe bu\u00fdt; ho\u1eb7c<\/li><li>Nh\u1eadn tr\u1ee3 gi\u00fap c\u1ea7n thi\u1ebft cho qu\u00fd v\u1ecb v\u00e0 gia \u0111\u00ecnh, ch\u1eb3ng h\u1ea1n nh\u01b0 d\u1ecbch v\u1ee5 ch\u0103m s\u00f3c t\u1ea1m th\u1eddi, ch\u0103m s\u00f3c ban ng\u00e0y v\u00e0 d\u1ecbch v\u1ee5 h\u00e0nh vi.<\/li><\/ul>\n","protected":false},"excerpt":{"rendered":"<p>M\u1ee5c \u0111\u00edch v\u00e0 m\u1ee5c ti\u00eau ph\u1ea3i \u0111\u1ec1 ra nhi\u1ec1u c\u00e1ch kh\u1ea3 thi \u0111\u1ec3 qu\u00fd v\u1ecb: K\u1ebft b\u1ea1n v\u00e0 x\u00e2y d\u1ef1ng m\u1ed1i quan h\u1ec7 v\u1edbi ng\u01b0\u1eddi&hellip;<\/p>\n","protected":false},"author":1,"featured_media":0,"parent":1193,"menu_order":38,"comment_status":"closed","ping_status":"closed","template":"","meta":{"footnotes":""},"class_list":["post-1278","page","type-page","status-publish","hentry"],"_links":{"self":[{"href":"https:\/\/rula.disabilityrightsca.org\/vi\/wp-json\/wp\/v2\/pages\/1278","targetHints":{"allow":["GET"]}}],"collection":[{"href":"https:\/\/rula.disabilityrightsca.org\/vi\/wp-json\/wp\/v2\/pages"}],"about":[{"href":"https:\/\/rula.disabilityrightsca.org\/vi\/wp-json\/wp\/v2\/types\/page"}],"author":[{"embeddable":true,"href":"https:\/\/rula.disabilityrightsca.org\/vi\/wp-json\/wp\/v2\/users\/1"}],"replies":[{"embeddable":true,"href":"https:\/\/rula.disabilityrightsca.org\/vi\/wp-json\/wp\/v2\/comments?post=1278"}],"version-history":[{"count":11,"href":"https:\/\/rula.disabilityrightsca.org\/vi\/wp-json\/wp\/v2\/pages\/1278\/revisions"}],"predecessor-version":[{"id":3877,"href":"https:\/\/rula.disabilityrightsca.org\/vi\/wp-json\/wp\/v2\/pages\/1278\/revisions\/3877"}],"up":[{"embeddable":true,"href":"https:\/\/rula.disabilityrightsca.org\/vi\/wp-json\/wp\/v2\/pages\/1193"}],"wp:attachment":[{"href":"https:\/\/rula.disabilityrightsca.org\/vi\/wp-json\/wp\/v2\/media?parent=1278"}],"curies":[{"name":"wp","href":"https:\/\/api.w.org\/{rel}","templated":true}]}}