{"id":1276,"date":"2021-06-21T21:17:18","date_gmt":"2021-06-21T21:17:18","guid":{"rendered":"http:\/\/www.rula.disabilityrightsca.org\/vi\/?page_id=1276"},"modified":"2024-10-09T18:10:46","modified_gmt":"2024-10-09T18:10:46","slug":"should-the-ipp-say-if-the-regional-center-will-help-me-get-services-from-another-agency","status":"publish","type":"page","link":"https:\/\/rula.disabilityrightsca.org\/vi\/rula-book\/chapter-4-individual-program-plans\/should-the-ipp-say-if-the-regional-center-will-help-me-get-services-from-another-agency\/","title":{"rendered":"(4.38) IPP n\u00ean bao g\u1ed3m n\u1ed9i dung g\u00ec?"},"content":{"rendered":"\n<p>IPP ph\u1ea3i bao g\u1ed3m:<\/p>\n\n\n\n<ul class=\"wp-block-list\"><li>M\u1ee5c \u0111\u00edch v\u00e0 m\u1ee5c ti\u00eau c\u1ee7a qu\u00fd v\u1ecb. M\u1ee5c \u0111\u00edch ph\u1ea3i c\u0103n c\u1ee9 v\u00e0o nhu c\u1ea7u, s\u1edf th\u00edch v\u00e0 l\u1ef1a ch\u1ecdn cu\u1ed9c s\u1ed1ng c\u1ee7a qu\u00fd v\u1ecb. M\u1ee5c ti\u00eau l\u00e0 c\u00e1c b\u01b0\u1edbc c\u00f3 gi\u1edbi h\u1ea1n th\u1eddi gian \u0111\u1ec3 \u0111\u1ea1t \u0111\u01b0\u1ee3c m\u1ee5c \u0111\u00edch v\u00e0 \u0111\u00e1p \u1ee9ng nhu c\u1ea7u c\u1ee7a qu\u00fd v\u1ecb. M\u1ee5c ti\u00eau ph\u1ea3i \u0111\u01b0\u1ee3c vi\u1ebft ra \u0111\u1ec3 c\u00f3 th\u1ec3 \u0111o l\u01b0\u1eddng ti\u1ebfn \u0111\u1ed9 \u0111\u1ea1t \u0111\u01b0\u1ee3c m\u1ee5c ti\u00eau c\u1ee7a t\u1eebng m\u1ee5c \u0111\u00edch. M\u1ee5c ti\u00eau c\u0169ng c\u00f3 th\u1ec3 theo d\u00f5i vi\u1ec7c qu\u00fd v\u1ecb c\u00f3 nh\u1eadn \u0111\u01b0\u1ee3c c\u00e1c d\u1ecbch v\u1ee5 trong IPP kh\u00f4ng.<\/li><li>M\u1ed9t danh s\u00e1ch g\u1ed3m c\u00e1c lo\u1ea1i v\u00e0 s\u1ed1 l\u01b0\u1ee3ng t\u1ea5t c\u1ea3 d\u1ecbch v\u1ee5 v\u00e0 s\u1ef1 h\u1ed7 tr\u1ee3 qu\u00fd v\u1ecb c\u1ea7n \u0111\u1ec3 \u0111\u1ea1t \u0111\u01b0\u1ee3c m\u1ee5c ti\u00eau v\u00e0 m\u1ee5c \u0111\u00edch c\u1ee7a qu\u00fd v\u1ecb. Danh s\u00e1ch n\u00e0y bao g\u1ed3m nh\u1eefng d\u1ecbch v\u1ee5 m\u00e0 trung t\u00e2m khu v\u1ef1c s\u1ebd cung c\u1ea5p ho\u1eb7c thanh to\u00e1n v\u00e0 nh\u1eefng d\u1ecbch v\u1ee5 do c\u00e1c c\u01a1 quan ho\u1eb7c ngu\u1ed3n l\u1ef1c kh\u00e1c cung c\u1ea5p. M\u00f4 t\u1ea3 v\u1ec1 c\u00e1c d\u1ecbch v\u1ee5 v\u00e0 s\u1ef1 h\u1ed7 tr\u1ee3 ph\u1ea3i bao g\u1ed3m ng\u00e0y b\u1eaft \u0111\u1ea7u d\u1ecbch v\u1ee5 v\u00e0 l\u1ecbch tr\u00ecnh cho t\u1ea5t c\u1ea3 vi\u1ec7c c\u1ea7n thi\u1ebft tr\u01b0\u1edbc khi b\u1eaft \u0111\u1ea7u.<\/li><li>L\u1ecbch \u0111\u00e1nh gi\u00e1 v\u00e0 th\u1ea9m \u0111\u1ecbnh IPP c\u1ee7a qu\u00fd v\u1ecb. L\u1ecbch n\u00e0y gi\u00fap theo d\u00f5i vi\u1ec7c qu\u00fd v\u1ecb nh\u1eadn c\u00e1c d\u1ecbch v\u1ee5 IPP, ho\u00e0n th\u00e0nh m\u1ee5c ti\u00eau \u0111\u00fang th\u1eddi h\u1ea1n v\u00e0 vi\u1ec7c qu\u00fd v\u1ecb c\u00f9ng gia \u0111\u00ecnh h\u00e0i l\u00f2ng v\u1edbi IPP c\u1ee7a qu\u00fd v\u1ecb c\u0169ng nh\u01b0 l\u00e0 c\u00e1ch th\u1ef1c hi\u1ec7n IPP \u0111\u00f3.<span class=\"footnote_referrer\"><a role=\"button\" tabindex=\"0\" onclick=\"footnote_moveToReference_1276_1('footnote_plugin_reference_1276_1_1');\" onkeypress=\"footnote_moveToReference_1276_1('footnote_plugin_reference_1276_1_1');\" ><sup id=\"footnote_plugin_tooltip_1276_1_1\" class=\"footnote_plugin_tooltip_text\">[1]<\/sup><\/a><span id=\"footnote_plugin_tooltip_text_1276_1_1\" class=\"footnote_tooltip\">M\u1ee5c 4646.5(a)(2)(5)&amp;(8).<\/span><\/span><script type=\"text\/javascript\"> jQuery('#footnote_plugin_tooltip_1276_1_1').tooltip({ tip: '#footnote_plugin_tooltip_text_1276_1_1', tipClass: 'footnote_tooltip', effect: 'fade', predelay: 0, fadeInSpeed: 200, delay: 400, fadeOutSpeed: 200, position: 'top center', relative: true, offset: [-7, 0], });<\/script><\/li><\/ul>\n<div class=\"speaker-mute footnotes_reference_container\"> <div class=\"footnote_container_prepare\"><p><span role=\"button\" tabindex=\"0\" class=\"footnote_reference_container_label pointer\" onclick=\"footnote_expand_collapse_reference_container_1276_1();\">&#x202F;<\/span><span role=\"button\" tabindex=\"0\" class=\"footnote_reference_container_collapse_button\" style=\"display: none;\" onclick=\"footnote_expand_collapse_reference_container_1276_1();\">[<a id=\"footnote_reference_container_collapse_button_1276_1\">+<\/a>]<\/span><\/p><\/div> <div id=\"footnote_references_container_1276_1\" style=\"\"><table class=\"footnotes_table footnote-reference-container\"><caption class=\"accessibility\">References<\/caption> <tbody> \r\n\r\n<tr class=\"footnotes_plugin_reference_row\"> <th scope=\"row\" class=\"footnote_plugin_index_combi pointer\"  onclick=\"footnote_moveToAnchor_1276_1('footnote_plugin_tooltip_1276_1_1');\"><a id=\"footnote_plugin_reference_1276_1_1\" class=\"footnote_backlink\"><span class=\"footnote_index_arrow\">&#8593;<\/span>1<\/a><\/th> <td class=\"footnote_plugin_text\">M\u1ee5c 4646.5(a)(2)(5)&amp;(8).<\/td><\/tr>\r\n\r\n <\/tbody> <\/table> <\/div><\/div><script type=\"text\/javascript\"> function footnote_expand_reference_container_1276_1() { jQuery('#footnote_references_container_1276_1').show(); jQuery('#footnote_reference_container_collapse_button_1276_1').text('\u2212'); } function footnote_collapse_reference_container_1276_1() { jQuery('#footnote_references_container_1276_1').hide(); jQuery('#footnote_reference_container_collapse_button_1276_1').text('+'); } function footnote_expand_collapse_reference_container_1276_1() { if (jQuery('#footnote_references_container_1276_1').is(':hidden')) { footnote_expand_reference_container_1276_1(); } else { footnote_collapse_reference_container_1276_1(); } } function footnote_moveToReference_1276_1(p_str_TargetID) { footnote_expand_reference_container_1276_1(); var l_obj_Target = jQuery('#' + p_str_TargetID); if (l_obj_Target.length) { jQuery( 'html, body' ).delay( 0 ); jQuery('html, body').animate({ scrollTop: l_obj_Target.offset().top - window.innerHeight * 0.2 }, 380); } } function footnote_moveToAnchor_1276_1(p_str_TargetID) { footnote_expand_reference_container_1276_1(); var l_obj_Target = jQuery('#' + p_str_TargetID); if (l_obj_Target.length) { jQuery( 'html, body' ).delay( 0 ); jQuery('html, body').animate({ scrollTop: l_obj_Target.offset().top - window.innerHeight * 0.2 }, 380); } }<\/script>","protected":false},"excerpt":{"rendered":"<p>IPP ph\u1ea3i bao g\u1ed3m: M\u1ee5c \u0111\u00edch v\u00e0 m\u1ee5c ti\u00eau c\u1ee7a qu\u00fd v\u1ecb. M\u1ee5c \u0111\u00edch ph\u1ea3i c\u0103n c\u1ee9 v\u00e0o nhu c\u1ea7u, s\u1edf th\u00edch v\u00e0 l\u1ef1a ch\u1ecdn&hellip;<\/p>\n","protected":false},"author":1,"featured_media":0,"parent":1193,"menu_order":37,"comment_status":"closed","ping_status":"closed","template":"","meta":{"footnotes":""},"class_list":["post-1276","page","type-page","status-publish","hentry"],"_links":{"self":[{"href":"https:\/\/rula.disabilityrightsca.org\/vi\/wp-json\/wp\/v2\/pages\/1276","targetHints":{"allow":["GET"]}}],"collection":[{"href":"https:\/\/rula.disabilityrightsca.org\/vi\/wp-json\/wp\/v2\/pages"}],"about":[{"href":"https:\/\/rula.disabilityrightsca.org\/vi\/wp-json\/wp\/v2\/types\/page"}],"author":[{"embeddable":true,"href":"https:\/\/rula.disabilityrightsca.org\/vi\/wp-json\/wp\/v2\/users\/1"}],"replies":[{"embeddable":true,"href":"https:\/\/rula.disabilityrightsca.org\/vi\/wp-json\/wp\/v2\/comments?post=1276"}],"version-history":[{"count":7,"href":"https:\/\/rula.disabilityrightsca.org\/vi\/wp-json\/wp\/v2\/pages\/1276\/revisions"}],"predecessor-version":[{"id":3878,"href":"https:\/\/rula.disabilityrightsca.org\/vi\/wp-json\/wp\/v2\/pages\/1276\/revisions\/3878"}],"up":[{"embeddable":true,"href":"https:\/\/rula.disabilityrightsca.org\/vi\/wp-json\/wp\/v2\/pages\/1193"}],"wp:attachment":[{"href":"https:\/\/rula.disabilityrightsca.org\/vi\/wp-json\/wp\/v2\/media?parent=1276"}],"curies":[{"name":"wp","href":"https:\/\/api.w.org\/{rel}","templated":true}]}}