{"id":1274,"date":"2021-06-21T21:13:55","date_gmt":"2021-06-21T21:13:55","guid":{"rendered":"http:\/\/www.rula.disabilityrightsca.org\/vi\/?page_id=1274"},"modified":"2024-10-09T18:12:05","modified_gmt":"2024-10-09T18:12:05","slug":"what-is-cost-effectiveness-and-how-does-it-affect-the-ipp-process","status":"publish","type":"page","link":"https:\/\/rula.disabilityrightsca.org\/vi\/rula-book\/chapter-4-individual-program-plans\/what-is-cost-effectiveness-and-how-does-it-affect-the-ipp-process\/","title":{"rendered":"(4.37) N\u1ebfu t\u00f4i c\u1ea7n nhi\u1ec1u h\u01a1n m\u1ed9t cu\u1ed9c h\u1ecdp \u0111\u1ec3 ph\u00e1t tri\u1ec3n IPP th\u00ec sao?"},"content":{"rendered":"\n<p>N\u1ebfu qu\u00fd v\u1ecb c\u00f3 nhu c\u1ea7u ph\u1ee9c t\u1ea1p ho\u1eb7c c\u1ea7n \u0111\u00e1nh gi\u00e1 v\u1ec1 c\u00e1c d\u1ecbch v\u1ee5 v\u00e0 s\u1ef1 h\u1ed7 tr\u1ee3 d\u00e0nh cho qu\u00fd v\u1ecb, qu\u00fd v\u1ecb c\u00f3 th\u1ec3 c\u1ea7n nhi\u1ec1u h\u01a1n m\u1ed9t cu\u1ed9c h\u1ecdp IPP. Qu\u00fd v\u1ecb c\u00f3 th\u1ec3 h\u1ecdp v\u1edbi trung t\u00e2m khu v\u1ef1c v\u1edbi t\u1ea7n su\u1ea5t c\u1ea7n thi\u1ebft \u0111\u1ec3 vi\u1ebft IPP.<\/p>\n","protected":false},"excerpt":{"rendered":"<p>N\u1ebfu qu\u00fd v\u1ecb c\u00f3 nhu c\u1ea7u ph\u1ee9c t\u1ea1p ho\u1eb7c c\u1ea7n \u0111\u00e1nh gi\u00e1 v\u1ec1 c\u00e1c d\u1ecbch v\u1ee5 v\u00e0 s\u1ef1 h\u1ed7 tr\u1ee3 d\u00e0nh cho qu\u00fd v\u1ecb, qu\u00fd&hellip;<\/p>\n","protected":false},"author":1,"featured_media":0,"parent":1193,"menu_order":36,"comment_status":"closed","ping_status":"closed","template":"","meta":{"footnotes":""},"class_list":["post-1274","page","type-page","status-publish","hentry"],"_links":{"self":[{"href":"https:\/\/rula.disabilityrightsca.org\/vi\/wp-json\/wp\/v2\/pages\/1274","targetHints":{"allow":["GET"]}}],"collection":[{"href":"https:\/\/rula.disabilityrightsca.org\/vi\/wp-json\/wp\/v2\/pages"}],"about":[{"href":"https:\/\/rula.disabilityrightsca.org\/vi\/wp-json\/wp\/v2\/types\/page"}],"author":[{"embeddable":true,"href":"https:\/\/rula.disabilityrightsca.org\/vi\/wp-json\/wp\/v2\/users\/1"}],"replies":[{"embeddable":true,"href":"https:\/\/rula.disabilityrightsca.org\/vi\/wp-json\/wp\/v2\/comments?post=1274"}],"version-history":[{"count":6,"href":"https:\/\/rula.disabilityrightsca.org\/vi\/wp-json\/wp\/v2\/pages\/1274\/revisions"}],"predecessor-version":[{"id":3879,"href":"https:\/\/rula.disabilityrightsca.org\/vi\/wp-json\/wp\/v2\/pages\/1274\/revisions\/3879"}],"up":[{"embeddable":true,"href":"https:\/\/rula.disabilityrightsca.org\/vi\/wp-json\/wp\/v2\/pages\/1193"}],"wp:attachment":[{"href":"https:\/\/rula.disabilityrightsca.org\/vi\/wp-json\/wp\/v2\/media?parent=1274"}],"curies":[{"name":"wp","href":"https:\/\/api.w.org\/{rel}","templated":true}]}}