{"id":1272,"date":"2021-06-21T21:07:58","date_gmt":"2021-06-21T21:07:58","guid":{"rendered":"http:\/\/www.rula.disabilityrightsca.org\/vi\/?page_id=1272"},"modified":"2024-10-09T18:12:34","modified_gmt":"2024-10-09T18:12:34","slug":"can-a-regional-center-refuse-to-provide-a-service-or-support-because-it-does-not-have-enough-money","status":"publish","type":"page","link":"https:\/\/rula.disabilityrightsca.org\/vi\/rula-book\/chapter-4-individual-program-plans\/can-a-regional-center-refuse-to-provide-a-service-or-support-because-it-does-not-have-enough-money\/","title":{"rendered":"(4.36) N\u1ebfu ng\u01b0\u1eddi c\u1ee7a trung t\u00e2m khu v\u1ef1c n\u00f3i r\u1eb1ng h\u1ecd kh\u00f4ng c\u00f3 th\u1ea9m quy\u1ec1n quy\u1ebft \u0111\u1ecbnh th\u00ec sao?"},"content":{"rendered":"\n<p>Lu\u1eadt quy \u0111\u1ecbnh <strong>ph\u1ea3i <\/strong>c\u00f3 ng\u01b0\u1eddi c\u00f3 th\u1ec3 ra quy\u1ebft \u0111\u1ecbnh thay m\u1eb7t cho trung t\u00e2m khu v\u1ef1c \u0111\u1ebfn tham d\u1ef1 cu\u1ed9c h\u1ecdp IPP c\u1ee7a qu\u00fd v\u1ecb. Quy\u1ebft \u0111\u1ecbnh v\u1ec1 c\u00e1c d\u1ecbch v\u1ee5 v\u00e0 s\u1ef1 h\u1ed7 tr\u1ee3 d\u00e0nh cho qu\u00fd v\u1ecb ph\u1ea3i do ng\u01b0\u1eddi <strong>c\u00f3 m\u1eb7t t\u1ea1i <\/strong>cu\u1ed9c h\u1ecdp \u0111\u01b0a ra.<span class=\"footnote_referrer\"><a role=\"button\" tabindex=\"0\" onclick=\"footnote_moveToReference_1272_1('footnote_plugin_reference_1272_1_1');\" onkeypress=\"footnote_moveToReference_1272_1('footnote_plugin_reference_1272_1_1');\" ><sup id=\"footnote_plugin_tooltip_1272_1_1\" class=\"footnote_plugin_tooltip_text\">[1]<\/sup><\/a><span id=\"footnote_plugin_tooltip_text_1272_1_1\" class=\"footnote_tooltip\">M\u1ee5c 4646(d)&amp;(g).<\/span><\/span><script type=\"text\/javascript\"> jQuery('#footnote_plugin_tooltip_1272_1_1').tooltip({ tip: '#footnote_plugin_tooltip_text_1272_1_1', tipClass: 'footnote_tooltip', effect: 'fade', predelay: 0, fadeInSpeed: 200, delay: 400, fadeOutSpeed: 200, position: 'top center', relative: true, offset: [-7, 0], });<\/script> Ng\u01b0\u1eddi \u0111\u00f3 c\u00f3 th\u1ec3 l\u00e0 \u0111i\u1ec1u ph\u1ed1i vi\u00ean d\u1ecbch v\u1ee5, ng\u01b0\u1eddi gi\u00e1m s\u00e1t ho\u1eb7c nh\u00e0 qu\u1ea3n tr\u1ecb kh\u00e1c. Qu\u00fd v\u1ecb c\u00f3 th\u1ec3 trao \u0111\u1ed5i tr\u1ef1c ti\u1ebfp v\u1edbi ng\u01b0\u1eddi quy\u1ebft \u0111\u1ecbnh v\u1ec1 c\u00e1c d\u1ecbch v\u1ee5 c\u1ee7a qu\u00fd v\u1ecb t\u1eeb trung t\u00e2m khu v\u1ef1c.<\/p>\n\n\n\n<p>N\u1ebfu \u201cng\u01b0\u1eddi ra quy\u1ebft \u0111\u1ecbnh\u201d <strong>v\u1eafng m\u1eb7t <\/strong>trong cu\u1ed9c h\u1ecdp IPP \u0111\u1ea7u ti\u00ean c\u1ee7a qu\u00fd v\u1ecb, lu\u1eadt cho ph\u00e9p trung t\u00e2m khu v\u1ef1c c\u1eed ng\u01b0\u1eddi ra quy\u1ebft \u0111\u1ecbnh \u0111\u1ebfn cu\u1ed9c h\u1ecdp th\u1ee9 hai trong v\u00f2ng 15 ng\u00e0y (tr\u1eeb khi qu\u00fd v\u1ecb ho\u1eb7c ng\u01b0\u1eddi \u0111\u1ea1i di\u1ec7n cho qu\u00fd v\u1ecb \u0111\u1ed3ng \u00fd th\u1eddi gian d\u00e0i h\u01a1n).<span class=\"footnote_referrer\"><a role=\"button\" tabindex=\"0\" onclick=\"footnote_moveToReference_1272_1('footnote_plugin_reference_1272_1_2');\" onkeypress=\"footnote_moveToReference_1272_1('footnote_plugin_reference_1272_1_2');\" ><sup id=\"footnote_plugin_tooltip_1272_1_2\" class=\"footnote_plugin_tooltip_text\">[2]<\/sup><\/a><span id=\"footnote_plugin_tooltip_text_1272_1_2\" class=\"footnote_tooltip\">M\u1ee5c 4646(h).<\/span><\/span><script type=\"text\/javascript\"> jQuery('#footnote_plugin_tooltip_1272_1_2').tooltip({ tip: '#footnote_plugin_tooltip_text_1272_1_2', tipClass: 'footnote_tooltip', effect: 'fade', predelay: 0, fadeInSpeed: 200, delay: 400, fadeOutSpeed: 200, position: 'top center', relative: true, offset: [-7, 0], });<\/script><\/p>\n\n\n\n<p>N\u1ebfu trung t\u00e2m khu v\u1ef1c cho bi\u1ebft \u1ee7y ban Mua D\u1ecbch V\u1ee5 (Purchase of Service, POS) ho\u1eb7c \u1ee7y ban kh\u00e1c ph\u1ea3i \u0111\u01b0a ra quy\u1ebft \u0111\u1ecbnh cu\u1ed1i c\u00f9ng v\u1ec1 c\u00e1c d\u1ecbch v\u1ee5 v\u00e0 s\u1ef1 h\u1ed7 tr\u1ee3 tr\u01b0\u1edbc khi h\u1ecd nh\u1ea5t tr\u00ed \u0111\u01b0a v\u00e0o IPP c\u1ee7a qu\u00fd v\u1ecb, qu\u00fd v\u1ecb c\u00f3 th\u1ec3 ph\u1ea3n \u0111\u1ed1i. Qu\u00fd v\u1ecb kh\u00f4ng n\u00ean \u0111\u1ed3ng \u00fd v\u1edbi IPP m\u00e0 ch\u1ec9 \u201c\u0111\u1ec1 xu\u1ea5t t\u00e0i tr\u1ee3\u201d, cho bi\u1ebft \u1ee7y ban trung t\u00e2m khu v\u1ef1c ph\u1ea3i ra quy\u1ebft \u0111\u1ecbnh cu\u1ed1i c\u00f9ng. Quy\u1ebft \u0111\u1ecbnh cu\u1ed1i c\u00f9ng c\u1ee7a trung t\u00e2m khu v\u1ef1c v\u1ec1 IPP c\u1ee7a qu\u00fd v\u1ecb ph\u1ea3i \u0111\u01b0\u1ee3c \u0111\u01b0a ra t\u1ea1i cu\u1ed9c h\u1ecdp \u0111\u1ea7u ti\u00ean ho\u1eb7c cu\u1ed1i cu\u1ed9c h\u1ecdp th\u1ee9 hai, n\u1ebfu c\u00f3.<\/p>\n\n\n\n<p>B\u00e1o cho \u0111i\u1ec1u ph\u1ed1i vi\u00ean d\u1ecbch v\u1ee5 tr\u01b0\u1edbc cu\u1ed9c h\u1ecdp IPP bi\u1ebft v\u1ec1 \u0111i\u1ec1u qu\u00fd v\u1ecb mu\u1ed1n th\u1ea3o lu\u1eadn trong cu\u1ed9c h\u1ecdp v\u1edbi nh\u00f3m l\u1eadp k\u1ebf ho\u1ea1ch. B\u1eb1ng c\u00e1ch \u0111\u00f3, ng\u01b0\u1eddi c\u1ee7a trung t\u00e2m khu v\u1ef1c s\u1ebd bi\u1ebft v\u1ec1 nh\u1eefng quy\u1ebft \u0111\u1ecbnh c\u1ea7n ph\u1ea3i \u0111\u01b0a ra t\u1ea1i cu\u1ed9c h\u1ecdp v\u00e0 ng\u01b0\u1eddi c\u00f3 th\u1ec3 ra quy\u1ebft \u0111\u1ecbnh v\u1ec1 nh\u1eefng d\u1ecbch v\u1ee5 \u0111\u00f3 c\u00f3 th\u1ec3 c\u00f3 m\u1eb7t \u1edf \u0111\u00f3.<\/p>\n<div class=\"speaker-mute footnotes_reference_container\"> <div class=\"footnote_container_prepare\"><p><span role=\"button\" tabindex=\"0\" class=\"footnote_reference_container_label pointer\" onclick=\"footnote_expand_collapse_reference_container_1272_1();\">&#x202F;<\/span><span role=\"button\" tabindex=\"0\" class=\"footnote_reference_container_collapse_button\" style=\"display: none;\" onclick=\"footnote_expand_collapse_reference_container_1272_1();\">[<a id=\"footnote_reference_container_collapse_button_1272_1\">+<\/a>]<\/span><\/p><\/div> <div id=\"footnote_references_container_1272_1\" style=\"\"><table class=\"footnotes_table footnote-reference-container\"><caption class=\"accessibility\">References<\/caption> <tbody> \r\n\r\n<tr class=\"footnotes_plugin_reference_row\"> <th scope=\"row\" class=\"footnote_plugin_index_combi pointer\"  onclick=\"footnote_moveToAnchor_1272_1('footnote_plugin_tooltip_1272_1_1');\"><a id=\"footnote_plugin_reference_1272_1_1\" class=\"footnote_backlink\"><span class=\"footnote_index_arrow\">&#8593;<\/span>1<\/a><\/th> <td class=\"footnote_plugin_text\">M\u1ee5c 4646(d)&amp;(g).<\/td><\/tr>\r\n\r\n<tr class=\"footnotes_plugin_reference_row\"> <th scope=\"row\" class=\"footnote_plugin_index_combi pointer\"  onclick=\"footnote_moveToAnchor_1272_1('footnote_plugin_tooltip_1272_1_2');\"><a id=\"footnote_plugin_reference_1272_1_2\" class=\"footnote_backlink\"><span class=\"footnote_index_arrow\">&#8593;<\/span>2<\/a><\/th> <td class=\"footnote_plugin_text\">M\u1ee5c 4646(h).<\/td><\/tr>\r\n\r\n <\/tbody> <\/table> <\/div><\/div><script type=\"text\/javascript\"> function footnote_expand_reference_container_1272_1() { jQuery('#footnote_references_container_1272_1').show(); jQuery('#footnote_reference_container_collapse_button_1272_1').text('\u2212'); } function footnote_collapse_reference_container_1272_1() { jQuery('#footnote_references_container_1272_1').hide(); jQuery('#footnote_reference_container_collapse_button_1272_1').text('+'); } function footnote_expand_collapse_reference_container_1272_1() { if (jQuery('#footnote_references_container_1272_1').is(':hidden')) { footnote_expand_reference_container_1272_1(); } else { footnote_collapse_reference_container_1272_1(); } } function footnote_moveToReference_1272_1(p_str_TargetID) { footnote_expand_reference_container_1272_1(); var l_obj_Target = jQuery('#' + p_str_TargetID); if (l_obj_Target.length) { jQuery( 'html, body' ).delay( 0 ); jQuery('html, body').animate({ scrollTop: l_obj_Target.offset().top - window.innerHeight * 0.2 }, 380); } } function footnote_moveToAnchor_1272_1(p_str_TargetID) { footnote_expand_reference_container_1272_1(); var l_obj_Target = jQuery('#' + p_str_TargetID); if (l_obj_Target.length) { jQuery( 'html, body' ).delay( 0 ); jQuery('html, body').animate({ scrollTop: l_obj_Target.offset().top - window.innerHeight * 0.2 }, 380); } }<\/script>","protected":false},"excerpt":{"rendered":"<p>Lu\u1eadt quy \u0111\u1ecbnh ph\u1ea3i c\u00f3 ng\u01b0\u1eddi c\u00f3 th\u1ec3 ra quy\u1ebft \u0111\u1ecbnh thay m\u1eb7t cho trung t\u00e2m khu v\u1ef1c \u0111\u1ebfn tham d\u1ef1 cu\u1ed9c h\u1ecdp IPP c\u1ee7a&hellip;<\/p>\n","protected":false},"author":1,"featured_media":0,"parent":1193,"menu_order":35,"comment_status":"closed","ping_status":"closed","template":"","meta":{"footnotes":""},"class_list":["post-1272","page","type-page","status-publish","hentry"],"_links":{"self":[{"href":"https:\/\/rula.disabilityrightsca.org\/vi\/wp-json\/wp\/v2\/pages\/1272","targetHints":{"allow":["GET"]}}],"collection":[{"href":"https:\/\/rula.disabilityrightsca.org\/vi\/wp-json\/wp\/v2\/pages"}],"about":[{"href":"https:\/\/rula.disabilityrightsca.org\/vi\/wp-json\/wp\/v2\/types\/page"}],"author":[{"embeddable":true,"href":"https:\/\/rula.disabilityrightsca.org\/vi\/wp-json\/wp\/v2\/users\/1"}],"replies":[{"embeddable":true,"href":"https:\/\/rula.disabilityrightsca.org\/vi\/wp-json\/wp\/v2\/comments?post=1272"}],"version-history":[{"count":6,"href":"https:\/\/rula.disabilityrightsca.org\/vi\/wp-json\/wp\/v2\/pages\/1272\/revisions"}],"predecessor-version":[{"id":3880,"href":"https:\/\/rula.disabilityrightsca.org\/vi\/wp-json\/wp\/v2\/pages\/1272\/revisions\/3880"}],"up":[{"embeddable":true,"href":"https:\/\/rula.disabilityrightsca.org\/vi\/wp-json\/wp\/v2\/pages\/1193"}],"wp:attachment":[{"href":"https:\/\/rula.disabilityrightsca.org\/vi\/wp-json\/wp\/v2\/media?parent=1272"}],"curies":[{"name":"wp","href":"https:\/\/api.w.org\/{rel}","templated":true}]}}