{"id":1270,"date":"2021-06-17T16:59:28","date_gmt":"2021-06-17T16:59:28","guid":{"rendered":"http:\/\/www.rula.disabilityrightsca.org\/vi\/?page_id=1270"},"modified":"2024-10-09T18:13:53","modified_gmt":"2024-10-09T18:13:53","slug":"can-a-regional-center-refuse-to-write-a-service-or-support-into-my-ipp-based-on-its-own-purchase-of-service-policy","status":"publish","type":"page","link":"https:\/\/rula.disabilityrightsca.org\/vi\/rula-book\/chapter-4-individual-program-plans\/can-a-regional-center-refuse-to-write-a-service-or-support-into-my-ipp-based-on-its-own-purchase-of-service-policy\/","title":{"rendered":"(4.35) N\u1ebfu t\u00f4i c\u1ea7n \u0111\u00e1nh gi\u00e1, trung t\u00e2m khu v\u1ef1c c\u00f3 ph\u1ea3i th\u1ef1c hi\u1ec7n \u0111\u00e1nh gi\u00e1 b\u1eb1ng ng\u00f4n ng\u1eef b\u1ea3n \u0111\u1ecba c\u1ee7a t\u00f4i kh\u00f4ng?"},"content":{"rendered":"\n<p>C\u00f3. N\u1ebfu trung t\u00e2m khu v\u1ef1c quy\u1ebft \u0111\u1ecbnh qu\u00fd v\u1ecb (ho\u1eb7c con qu\u00fd v\u1ecb) c\u1ea7n \u0111\u00e1nh gi\u00e1, trung t\u00e2m n\u00e0y ph\u1ea3i ti\u1ebfn h\u00e0nh \u0111\u00e1nh gi\u00e1 b\u1eb1ng ng\u00f4n ng\u1eef b\u1ea3n \u0111\u1ecba c\u1ee7a qu\u00fd v\u1ecb tr\u1eeb khi DDS x\u00e1c \u0111\u1ecbnh r\u1eb1ng vi\u1ec7c \u0111\u00f3 s\u1ebd g\u00e2y kh\u00f3 kh\u0103n qu\u00e1 m\u1ee9c cho trung t\u00e2m khu v\u1ef1c. \u0110i\u1ec1u n\u00e0y c\u00f3 th\u1ec3 bao g\u1ed3m vi\u1ec7c s\u1eed d\u1ee5ng nh\u00e2n vi\u00ean trung t\u00e2m khu v\u1ef1c n\u00f3i ng\u00f4n ng\u1eef c\u1ee7a qu\u00fd v\u1ecb ho\u1eb7c s\u1eed d\u1ee5ng th\u00f4ng d\u1ecbch vi\u00ean v\u00e0 cung c\u1ea5p gi\u1ea5y t\u1edd t\u00e0i li\u1ec7u b\u1eb1ng ng\u00f4n ng\u1eef b\u1ea3n \u0111\u1ecba c\u1ee7a qu\u00fd v\u1ecb.&nbsp; <span class=\"footnote_referrer\"><a role=\"button\" tabindex=\"0\" onclick=\"footnote_moveToReference_1270_1('footnote_plugin_reference_1270_1_1');\" onkeypress=\"footnote_moveToReference_1270_1('footnote_plugin_reference_1270_1_1');\" ><sup id=\"footnote_plugin_tooltip_1270_1_1\" class=\"footnote_plugin_tooltip_text\">[1]<\/sup><\/a><span id=\"footnote_plugin_tooltip_text_1270_1_1\" class=\"footnote_tooltip\">M\u1ee5c 4643(d).<\/span><\/span><script type=\"text\/javascript\"> jQuery('#footnote_plugin_tooltip_1270_1_1').tooltip({ tip: '#footnote_plugin_tooltip_text_1270_1_1', tipClass: 'footnote_tooltip', effect: 'fade', predelay: 0, fadeInSpeed: 200, delay: 400, fadeOutSpeed: 200, position: 'top center', relative: true, offset: [-7, 0], });<\/script><\/p>\n<div class=\"speaker-mute footnotes_reference_container\"> <div class=\"footnote_container_prepare\"><p><span role=\"button\" tabindex=\"0\" class=\"footnote_reference_container_label pointer\" onclick=\"footnote_expand_collapse_reference_container_1270_1();\">&#x202F;<\/span><span role=\"button\" tabindex=\"0\" class=\"footnote_reference_container_collapse_button\" style=\"display: none;\" onclick=\"footnote_expand_collapse_reference_container_1270_1();\">[<a id=\"footnote_reference_container_collapse_button_1270_1\">+<\/a>]<\/span><\/p><\/div> <div id=\"footnote_references_container_1270_1\" style=\"\"><table class=\"footnotes_table footnote-reference-container\"><caption class=\"accessibility\">References<\/caption> <tbody> \r\n\r\n<tr class=\"footnotes_plugin_reference_row\"> <th scope=\"row\" class=\"footnote_plugin_index_combi pointer\"  onclick=\"footnote_moveToAnchor_1270_1('footnote_plugin_tooltip_1270_1_1');\"><a id=\"footnote_plugin_reference_1270_1_1\" class=\"footnote_backlink\"><span class=\"footnote_index_arrow\">&#8593;<\/span>1<\/a><\/th> <td class=\"footnote_plugin_text\">M\u1ee5c 4643(d).<\/td><\/tr>\r\n\r\n <\/tbody> <\/table> <\/div><\/div><script type=\"text\/javascript\"> function footnote_expand_reference_container_1270_1() { jQuery('#footnote_references_container_1270_1').show(); jQuery('#footnote_reference_container_collapse_button_1270_1').text('\u2212'); } function footnote_collapse_reference_container_1270_1() { jQuery('#footnote_references_container_1270_1').hide(); jQuery('#footnote_reference_container_collapse_button_1270_1').text('+'); } function footnote_expand_collapse_reference_container_1270_1() { if (jQuery('#footnote_references_container_1270_1').is(':hidden')) { footnote_expand_reference_container_1270_1(); } else { footnote_collapse_reference_container_1270_1(); } } function footnote_moveToReference_1270_1(p_str_TargetID) { footnote_expand_reference_container_1270_1(); var l_obj_Target = jQuery('#' + p_str_TargetID); if (l_obj_Target.length) { jQuery( 'html, body' ).delay( 0 ); jQuery('html, body').animate({ scrollTop: l_obj_Target.offset().top - window.innerHeight * 0.2 }, 380); } } function footnote_moveToAnchor_1270_1(p_str_TargetID) { footnote_expand_reference_container_1270_1(); var l_obj_Target = jQuery('#' + p_str_TargetID); if (l_obj_Target.length) { jQuery( 'html, body' ).delay( 0 ); jQuery('html, body').animate({ scrollTop: l_obj_Target.offset().top - window.innerHeight * 0.2 }, 380); } }<\/script>","protected":false},"excerpt":{"rendered":"<p>C\u00f3. N\u1ebfu trung t\u00e2m khu v\u1ef1c quy\u1ebft \u0111\u1ecbnh qu\u00fd v\u1ecb (ho\u1eb7c con qu\u00fd v\u1ecb) c\u1ea7n \u0111\u00e1nh gi\u00e1, trung t\u00e2m n\u00e0y ph\u1ea3i ti\u1ebfn h\u00e0nh \u0111\u00e1nh gi\u00e1&hellip;<\/p>\n","protected":false},"author":1,"featured_media":0,"parent":1193,"menu_order":34,"comment_status":"closed","ping_status":"closed","template":"","meta":{"footnotes":""},"class_list":["post-1270","page","type-page","status-publish","hentry"],"_links":{"self":[{"href":"https:\/\/rula.disabilityrightsca.org\/vi\/wp-json\/wp\/v2\/pages\/1270","targetHints":{"allow":["GET"]}}],"collection":[{"href":"https:\/\/rula.disabilityrightsca.org\/vi\/wp-json\/wp\/v2\/pages"}],"about":[{"href":"https:\/\/rula.disabilityrightsca.org\/vi\/wp-json\/wp\/v2\/types\/page"}],"author":[{"embeddable":true,"href":"https:\/\/rula.disabilityrightsca.org\/vi\/wp-json\/wp\/v2\/users\/1"}],"replies":[{"embeddable":true,"href":"https:\/\/rula.disabilityrightsca.org\/vi\/wp-json\/wp\/v2\/comments?post=1270"}],"version-history":[{"count":9,"href":"https:\/\/rula.disabilityrightsca.org\/vi\/wp-json\/wp\/v2\/pages\/1270\/revisions"}],"predecessor-version":[{"id":3881,"href":"https:\/\/rula.disabilityrightsca.org\/vi\/wp-json\/wp\/v2\/pages\/1270\/revisions\/3881"}],"up":[{"embeddable":true,"href":"https:\/\/rula.disabilityrightsca.org\/vi\/wp-json\/wp\/v2\/pages\/1193"}],"wp:attachment":[{"href":"https:\/\/rula.disabilityrightsca.org\/vi\/wp-json\/wp\/v2\/media?parent=1270"}],"curies":[{"name":"wp","href":"https:\/\/api.w.org\/{rel}","templated":true}]}}