{"id":1268,"date":"2021-06-17T16:54:00","date_gmt":"2021-06-17T16:54:00","guid":{"rendered":"http:\/\/www.rula.disabilityrightsca.org\/vi\/?page_id=1268"},"modified":"2024-10-09T18:14:29","modified_gmt":"2024-10-09T18:14:29","slug":"can-the-regional-center-pay-for-medical-or-dental-services-under-any-circumstances","status":"publish","type":"page","link":"https:\/\/rula.disabilityrightsca.org\/vi\/rula-book\/chapter-4-individual-program-plans\/can-the-regional-center-pay-for-medical-or-dental-services-under-any-circumstances\/","title":{"rendered":"(4.34) Trung t\u00e2m khu v\u1ef1c c\u00f3 th\u1ec3 quy\u1ebft \u0111\u1ecbnh vi\u1ec7c h\u1ecd c\u1ea7n \u0111\u00e1nh gi\u00e1 tr\u01b0\u1edbc khi vi\u1ebft IPP c\u1ee7a t\u00f4i kh\u00f4ng?"},"content":{"rendered":"\n<p>C\u00f3. N\u1ebfu qu\u00fd v\u1ecb c\u1ea7n v\u00e0 mu\u1ed1n c\u00f3 m\u1ed9t s\u1ed1 lo\u1ea1i d\u1ecbch v\u1ee5 ho\u1eb7c s\u1ef1 h\u1ed7 tr\u1ee3, nh\u1eefng \u0111\u00e1nh gi\u00e1 ch\u00ednh th\u1ee9c c\u00f3 th\u1ec3 \u0111\u01b0\u1ee3c th\u1ef1c hi\u1ec7n tr\u01b0\u1edbc cu\u1ed9c h\u1ecdp ho\u1eb7c gi\u1eefa c\u00e1c cu\u1ed9c h\u1ecdp. C\u00e1c \u0111\u00e1nh gi\u00e1 c\u00f3 th\u1ec3 \u0111\u01b0\u1ee3c th\u1ef1c hi\u1ec7n n\u1ebfu qu\u00fd v\u1ecb c\u1ea7n:<\/p>\n\n\n\n<ul class=\"wp-block-list\"><li>d\u1ecbch v\u1ee5 qu\u1ea3n l\u00fd h\u00e0nh vi,<\/li><li>tr\u1ecb li\u1ec7u ngh\u1ec1 nghi\u1ec7p v\u00e0\/ho\u1eb7c tr\u1ecb li\u1ec7u v\u1eadt l\u00fd ho\u1eb7c<\/li><li>h\u1ed7 tr\u1ee3 \u0111\u1eddi s\u1ed1ng.<\/li><\/ul>\n\n\n\n<p>\u0110\u00e1nh gi\u00e1 ph\u1ea3i \u0111\u01b0\u1ee3c th\u1ef1c hi\u1ec7n b\u1edfi ng\u01b0\u1eddi \u0111\u1ee7 \u0111i\u1ec1u ki\u1ec7n. \u0110\u00e1nh gi\u00e1 ph\u1ea3i di\u1ec5n ra trong m\u00f4i tr\u01b0\u1eddng t\u1ef1 nhi\u00ean b\u1ea5t c\u1ee9 khi n\u00e0o c\u00f3 th\u1ec3. \u0110\u00e1nh gi\u00e1 ph\u1ea3i bao g\u1ed3m vi\u1ec7c thu th\u1eadp th\u00f4ng tin t\u1eeb qu\u00fd v\u1ecb, gia \u0111\u00ecnh, b\u1ea1n b\u00e8, nh\u00e0 cung c\u1ea5p v\u00e0 ng\u01b0\u1eddi b\u00eanh v\u1ef1c c\u1ee7a qu\u00fd v\u1ecb c\u00f9ng v\u1edbi nh\u1eefng ng\u01b0\u1eddi \u0111\u1ea1i di\u1ec7n kh\u00e1c. Ngo\u00e0i ra, \u0111\u00e1nh gi\u00e1 ph\u1ea3i th\u1ec3 hi\u1ec7n s\u1ef1 quan t\u00e2m \u0111\u1ebfn l\u1ed1i s\u1ed1ng v\u00e0 n\u1ec1n t\u1ea3ng v\u0103n h\u00f3a c\u1ee7a qu\u00fd v\u1ecb c\u00f9ng gia \u0111\u00ecnh qu\u00fd v\u1ecb.<span class=\"footnote_referrer\"><a role=\"button\" tabindex=\"0\" onclick=\"footnote_moveToReference_1268_1('footnote_plugin_reference_1268_1_1');\" onkeypress=\"footnote_moveToReference_1268_1('footnote_plugin_reference_1268_1_1');\" ><sup id=\"footnote_plugin_tooltip_1268_1_1\" class=\"footnote_plugin_tooltip_text\">[1]<\/sup><\/a><span id=\"footnote_plugin_tooltip_text_1268_1_1\" class=\"footnote_tooltip\">M\u1ee5c 4646.5(a)(1).<\/span><\/span><script type=\"text\/javascript\"> jQuery('#footnote_plugin_tooltip_1268_1_1').tooltip({ tip: '#footnote_plugin_tooltip_text_1268_1_1', tipClass: 'footnote_tooltip', effect: 'fade', predelay: 0, fadeInSpeed: 200, delay: 400, fadeOutSpeed: 200, position: 'top center', relative: true, offset: [-7, 0], });<\/script><\/p>\n<div class=\"speaker-mute footnotes_reference_container\"> <div class=\"footnote_container_prepare\"><p><span role=\"button\" tabindex=\"0\" class=\"footnote_reference_container_label pointer\" onclick=\"footnote_expand_collapse_reference_container_1268_1();\">&#x202F;<\/span><span role=\"button\" tabindex=\"0\" class=\"footnote_reference_container_collapse_button\" style=\"display: none;\" onclick=\"footnote_expand_collapse_reference_container_1268_1();\">[<a id=\"footnote_reference_container_collapse_button_1268_1\">+<\/a>]<\/span><\/p><\/div> <div id=\"footnote_references_container_1268_1\" style=\"\"><table class=\"footnotes_table footnote-reference-container\"><caption class=\"accessibility\">References<\/caption> <tbody> \r\n\r\n<tr class=\"footnotes_plugin_reference_row\"> <th scope=\"row\" class=\"footnote_plugin_index_combi pointer\"  onclick=\"footnote_moveToAnchor_1268_1('footnote_plugin_tooltip_1268_1_1');\"><a id=\"footnote_plugin_reference_1268_1_1\" class=\"footnote_backlink\"><span class=\"footnote_index_arrow\">&#8593;<\/span>1<\/a><\/th> <td class=\"footnote_plugin_text\">M\u1ee5c 4646.5(a)(1).<\/td><\/tr>\r\n\r\n <\/tbody> <\/table> <\/div><\/div><script type=\"text\/javascript\"> function footnote_expand_reference_container_1268_1() { jQuery('#footnote_references_container_1268_1').show(); jQuery('#footnote_reference_container_collapse_button_1268_1').text('\u2212'); } function footnote_collapse_reference_container_1268_1() { jQuery('#footnote_references_container_1268_1').hide(); jQuery('#footnote_reference_container_collapse_button_1268_1').text('+'); } function footnote_expand_collapse_reference_container_1268_1() { if (jQuery('#footnote_references_container_1268_1').is(':hidden')) { footnote_expand_reference_container_1268_1(); } else { footnote_collapse_reference_container_1268_1(); } } function footnote_moveToReference_1268_1(p_str_TargetID) { footnote_expand_reference_container_1268_1(); var l_obj_Target = jQuery('#' + p_str_TargetID); if (l_obj_Target.length) { jQuery( 'html, body' ).delay( 0 ); jQuery('html, body').animate({ scrollTop: l_obj_Target.offset().top - window.innerHeight * 0.2 }, 380); } } function footnote_moveToAnchor_1268_1(p_str_TargetID) { footnote_expand_reference_container_1268_1(); var l_obj_Target = jQuery('#' + p_str_TargetID); if (l_obj_Target.length) { jQuery( 'html, body' ).delay( 0 ); jQuery('html, body').animate({ scrollTop: l_obj_Target.offset().top - window.innerHeight * 0.2 }, 380); } }<\/script>","protected":false},"excerpt":{"rendered":"<p>C\u00f3. N\u1ebfu qu\u00fd v\u1ecb c\u1ea7n v\u00e0 mu\u1ed1n c\u00f3 m\u1ed9t s\u1ed1 lo\u1ea1i d\u1ecbch v\u1ee5 ho\u1eb7c s\u1ef1 h\u1ed7 tr\u1ee3, nh\u1eefng \u0111\u00e1nh gi\u00e1 ch\u00ednh th\u1ee9c c\u00f3 th\u1ec3 \u0111\u01b0\u1ee3c&hellip;<\/p>\n","protected":false},"author":1,"featured_media":0,"parent":1193,"menu_order":33,"comment_status":"closed","ping_status":"closed","template":"","meta":{"footnotes":""},"class_list":["post-1268","page","type-page","status-publish","hentry"],"_links":{"self":[{"href":"https:\/\/rula.disabilityrightsca.org\/vi\/wp-json\/wp\/v2\/pages\/1268","targetHints":{"allow":["GET"]}}],"collection":[{"href":"https:\/\/rula.disabilityrightsca.org\/vi\/wp-json\/wp\/v2\/pages"}],"about":[{"href":"https:\/\/rula.disabilityrightsca.org\/vi\/wp-json\/wp\/v2\/types\/page"}],"author":[{"embeddable":true,"href":"https:\/\/rula.disabilityrightsca.org\/vi\/wp-json\/wp\/v2\/users\/1"}],"replies":[{"embeddable":true,"href":"https:\/\/rula.disabilityrightsca.org\/vi\/wp-json\/wp\/v2\/comments?post=1268"}],"version-history":[{"count":5,"href":"https:\/\/rula.disabilityrightsca.org\/vi\/wp-json\/wp\/v2\/pages\/1268\/revisions"}],"predecessor-version":[{"id":3882,"href":"https:\/\/rula.disabilityrightsca.org\/vi\/wp-json\/wp\/v2\/pages\/1268\/revisions\/3882"}],"up":[{"embeddable":true,"href":"https:\/\/rula.disabilityrightsca.org\/vi\/wp-json\/wp\/v2\/pages\/1193"}],"wp:attachment":[{"href":"https:\/\/rula.disabilityrightsca.org\/vi\/wp-json\/wp\/v2\/media?parent=1268"}],"curies":[{"name":"wp","href":"https:\/\/api.w.org\/{rel}","templated":true}]}}