{"id":1266,"date":"2021-06-17T00:02:33","date_gmt":"2021-06-17T00:02:33","guid":{"rendered":"http:\/\/www.rula.disabilityrightsca.org\/vi\/?page_id=1266"},"modified":"2024-10-09T18:14:47","modified_gmt":"2024-10-09T18:14:47","slug":"what-kinds-of-special-equipment-or-assistive-technology-can-i-get","status":"publish","type":"page","link":"https:\/\/rula.disabilityrightsca.org\/vi\/rula-book\/chapter-4-individual-program-plans\/what-kinds-of-special-equipment-or-assistive-technology-can-i-get\/","title":{"rendered":"(4.33) Trung t\u00e2m khu v\u1ef1c c\u00f3 c\u1ea7n xem x\u00e9t n\u1ec1n t\u1ea3ng v\u0103n h\u00f3a v\u00e0 ng\u00f4n ng\u1eef c\u1ee7a t\u00f4i kh\u00f4ng?"},"content":{"rendered":"\n<p>C\u00f3. Trung t\u00e2m khu v\u1ef1c ph\u1ea3i cung c\u1ea5p th\u00f4ng tin sao cho \u201cph\u00f9 h\u1ee3p v\u1ec1 v\u0103n h\u00f3a v\u00e0 ng\u00f4n ng\u1eef \u0111\u1ed1i v\u1edbi ng\u01b0\u1eddi ti\u00eau d\u00f9ng\u201d. <span class=\"footnote_referrer\"><a role=\"button\" tabindex=\"0\" onclick=\"footnote_moveToReference_1266_1('footnote_plugin_reference_1266_1_1');\" onkeypress=\"footnote_moveToReference_1266_1('footnote_plugin_reference_1266_1_1');\" ><sup id=\"footnote_plugin_tooltip_1266_1_1\" class=\"footnote_plugin_tooltip_text\">[1]<\/sup><\/a><span id=\"footnote_plugin_tooltip_text_1266_1_1\" class=\"footnote_tooltip\">M\u1ee5c 4502.1(b)<\/span><\/span><script type=\"text\/javascript\"> jQuery('#footnote_plugin_tooltip_1266_1_1').tooltip({ tip: '#footnote_plugin_tooltip_text_1266_1_1', tipClass: 'footnote_tooltip', effect: 'fade', predelay: 0, fadeInSpeed: 200, delay: 400, fadeOutSpeed: 200, position: 'top center', relative: true, offset: [-7, 0], });<\/script>.&nbsp; \u0110i\u1ec1u n\u00e0y bao g\u1ed3m cung c\u1ea5p \u201cd\u1ecbch v\u1ee5 giao ti\u1ebfp thay th\u1ebf\u201d m\u00e0 qu\u00fd v\u1ecb c\u1ea7n \u0111\u1ec3 giao ti\u1ebfp b\u1eb1ng ng\u00f4n ng\u1eef b\u1ea3n \u0111\u1ecba. <span class=\"footnote_referrer\"><a role=\"button\" tabindex=\"0\" onclick=\"footnote_moveToReference_1266_1('footnote_plugin_reference_1266_1_2');\" onkeypress=\"footnote_moveToReference_1266_1('footnote_plugin_reference_1266_1_2');\" ><sup id=\"footnote_plugin_tooltip_1266_1_2\" class=\"footnote_plugin_tooltip_text\">[2]<\/sup><\/a><span id=\"footnote_plugin_tooltip_text_1266_1_2\" class=\"footnote_tooltip\">M\u1ee5c 4646(j)(1)-(2), 4643(d); <em>xem th\u00eam <\/em>B\u1ed9 Lu\u1eadt Ch\u00ednh Quy\u1ec1n California m\u1ee5c 11135 \u0111\u1ebfn 11139.8.<\/span><\/span><script type=\"text\/javascript\"> jQuery('#footnote_plugin_tooltip_1266_1_2').tooltip({ tip: '#footnote_plugin_tooltip_text_1266_1_2', tipClass: 'footnote_tooltip', effect: 'fade', predelay: 0, fadeInSpeed: 200, delay: 400, fadeOutSpeed: 200, position: 'top center', relative: true, offset: [-7, 0], });<\/script><\/p>\n\n\n\n<p>Vi\u1ec7c ph\u00e1t tri\u1ec3n IPP cho tr\u1ebb em \u0111\u00f2i h\u1ecfi s\u1ef1 t\u00f4n tr\u1ecdng \u0111\u1ed1i v\u1edbi quy\u1ec1n ra quy\u1ebft \u0111\u1ecbnh c\u1ee7a gia \u0111\u00ecnh, \u0111\u00e1p \u1ee9ng c\u00e1c nhu c\u1ea7u lu\u00f4n ph\u00e1t sinh c\u1ee7a to\u00e0n th\u1ec3 gia \u0111\u00ecnh, x\u00e2y d\u1ef1ng d\u1ef1a tr\u00ean th\u1ebf m\u1ea1nh c\u1ee7a gia \u0111\u00ecnh v\u00e0 t\u00f4n tr\u1ecdng s\u1edf th\u00edch, gi\u00e1 tr\u1ecb v\u0103n h\u00f3a v\u00e0 l\u1ed1i s\u1ed1ng c\u1ee7a h\u1ecd.<span class=\"footnote_referrer\"><a role=\"button\" tabindex=\"0\" onclick=\"footnote_moveToReference_1266_1('footnote_plugin_reference_1266_1_3');\" onkeypress=\"footnote_moveToReference_1266_1('footnote_plugin_reference_1266_1_3');\" ><sup id=\"footnote_plugin_tooltip_1266_1_3\" class=\"footnote_plugin_tooltip_text\">[3]<\/sup><\/a><span id=\"footnote_plugin_tooltip_text_1266_1_3\" class=\"footnote_tooltip\">C\u00e1c M\u1ee5c 4646.5(a)(1)&amp;(3) v\u00e0 4685(b).<\/span><\/span><script type=\"text\/javascript\"> jQuery('#footnote_plugin_tooltip_1266_1_3').tooltip({ tip: '#footnote_plugin_tooltip_text_1266_1_3', tipClass: 'footnote_tooltip', effect: 'fade', predelay: 0, fadeInSpeed: 200, delay: 400, fadeOutSpeed: 200, position: 'top center', relative: true, offset: [-7, 0], });<\/script><\/p>\n<div class=\"speaker-mute footnotes_reference_container\"> <div class=\"footnote_container_prepare\"><p><span role=\"button\" tabindex=\"0\" class=\"footnote_reference_container_label pointer\" onclick=\"footnote_expand_collapse_reference_container_1266_1();\">&#x202F;<\/span><span role=\"button\" tabindex=\"0\" class=\"footnote_reference_container_collapse_button\" style=\"display: none;\" onclick=\"footnote_expand_collapse_reference_container_1266_1();\">[<a id=\"footnote_reference_container_collapse_button_1266_1\">+<\/a>]<\/span><\/p><\/div> <div id=\"footnote_references_container_1266_1\" style=\"\"><table class=\"footnotes_table footnote-reference-container\"><caption class=\"accessibility\">References<\/caption> <tbody> \r\n\r\n<tr class=\"footnotes_plugin_reference_row\"> <th scope=\"row\" class=\"footnote_plugin_index_combi pointer\"  onclick=\"footnote_moveToAnchor_1266_1('footnote_plugin_tooltip_1266_1_1');\"><a id=\"footnote_plugin_reference_1266_1_1\" class=\"footnote_backlink\"><span class=\"footnote_index_arrow\">&#8593;<\/span>1<\/a><\/th> <td class=\"footnote_plugin_text\">M\u1ee5c 4502.1(b)<\/td><\/tr>\r\n\r\n<tr class=\"footnotes_plugin_reference_row\"> <th scope=\"row\" class=\"footnote_plugin_index_combi pointer\"  onclick=\"footnote_moveToAnchor_1266_1('footnote_plugin_tooltip_1266_1_2');\"><a id=\"footnote_plugin_reference_1266_1_2\" class=\"footnote_backlink\"><span class=\"footnote_index_arrow\">&#8593;<\/span>2<\/a><\/th> <td class=\"footnote_plugin_text\">M\u1ee5c 4646(j)(1)-(2), 4643(d); <em>xem th\u00eam <\/em>B\u1ed9 Lu\u1eadt Ch\u00ednh Quy\u1ec1n California m\u1ee5c 11135 \u0111\u1ebfn 11139.8.<\/td><\/tr>\r\n\r\n<tr class=\"footnotes_plugin_reference_row\"> <th scope=\"row\" class=\"footnote_plugin_index_combi pointer\"  onclick=\"footnote_moveToAnchor_1266_1('footnote_plugin_tooltip_1266_1_3');\"><a id=\"footnote_plugin_reference_1266_1_3\" class=\"footnote_backlink\"><span class=\"footnote_index_arrow\">&#8593;<\/span>3<\/a><\/th> <td class=\"footnote_plugin_text\">C\u00e1c M\u1ee5c 4646.5(a)(1)&amp;(3) v\u00e0 4685(b).<\/td><\/tr>\r\n\r\n <\/tbody> <\/table> <\/div><\/div><script type=\"text\/javascript\"> function footnote_expand_reference_container_1266_1() { jQuery('#footnote_references_container_1266_1').show(); jQuery('#footnote_reference_container_collapse_button_1266_1').text('\u2212'); } function footnote_collapse_reference_container_1266_1() { jQuery('#footnote_references_container_1266_1').hide(); jQuery('#footnote_reference_container_collapse_button_1266_1').text('+'); } function footnote_expand_collapse_reference_container_1266_1() { if (jQuery('#footnote_references_container_1266_1').is(':hidden')) { footnote_expand_reference_container_1266_1(); } else { footnote_collapse_reference_container_1266_1(); } } function footnote_moveToReference_1266_1(p_str_TargetID) { footnote_expand_reference_container_1266_1(); var l_obj_Target = jQuery('#' + p_str_TargetID); if (l_obj_Target.length) { jQuery( 'html, body' ).delay( 0 ); jQuery('html, body').animate({ scrollTop: l_obj_Target.offset().top - window.innerHeight * 0.2 }, 380); } } function footnote_moveToAnchor_1266_1(p_str_TargetID) { footnote_expand_reference_container_1266_1(); var l_obj_Target = jQuery('#' + p_str_TargetID); if (l_obj_Target.length) { jQuery( 'html, body' ).delay( 0 ); jQuery('html, body').animate({ scrollTop: l_obj_Target.offset().top - window.innerHeight * 0.2 }, 380); } }<\/script>","protected":false},"excerpt":{"rendered":"<p>C\u00f3. Trung t\u00e2m khu v\u1ef1c ph\u1ea3i cung c\u1ea5p th\u00f4ng tin sao cho \u201cph\u00f9 h\u1ee3p v\u1ec1 v\u0103n h\u00f3a v\u00e0 ng\u00f4n ng\u1eef \u0111\u1ed1i v\u1edbi ng\u01b0\u1eddi ti\u00eau d\u00f9ng\u201d.&hellip;<\/p>\n","protected":false},"author":1,"featured_media":0,"parent":1193,"menu_order":32,"comment_status":"closed","ping_status":"closed","template":"","meta":{"footnotes":""},"class_list":["post-1266","page","type-page","status-publish","hentry"],"_links":{"self":[{"href":"https:\/\/rula.disabilityrightsca.org\/vi\/wp-json\/wp\/v2\/pages\/1266","targetHints":{"allow":["GET"]}}],"collection":[{"href":"https:\/\/rula.disabilityrightsca.org\/vi\/wp-json\/wp\/v2\/pages"}],"about":[{"href":"https:\/\/rula.disabilityrightsca.org\/vi\/wp-json\/wp\/v2\/types\/page"}],"author":[{"embeddable":true,"href":"https:\/\/rula.disabilityrightsca.org\/vi\/wp-json\/wp\/v2\/users\/1"}],"replies":[{"embeddable":true,"href":"https:\/\/rula.disabilityrightsca.org\/vi\/wp-json\/wp\/v2\/comments?post=1266"}],"version-history":[{"count":7,"href":"https:\/\/rula.disabilityrightsca.org\/vi\/wp-json\/wp\/v2\/pages\/1266\/revisions"}],"predecessor-version":[{"id":3883,"href":"https:\/\/rula.disabilityrightsca.org\/vi\/wp-json\/wp\/v2\/pages\/1266\/revisions\/3883"}],"up":[{"embeddable":true,"href":"https:\/\/rula.disabilityrightsca.org\/vi\/wp-json\/wp\/v2\/pages\/1193"}],"wp:attachment":[{"href":"https:\/\/rula.disabilityrightsca.org\/vi\/wp-json\/wp\/v2\/media?parent=1266"}],"curies":[{"name":"wp","href":"https:\/\/api.w.org\/{rel}","templated":true}]}}