{"id":1261,"date":"2021-06-16T23:56:40","date_gmt":"2021-06-16T23:56:40","guid":{"rendered":"http:\/\/www.rula.disabilityrightsca.org\/vi\/?page_id=1261"},"modified":"2024-10-09T18:15:03","modified_gmt":"2024-10-09T18:15:03","slug":"does-the-ipp-include-information-about-my-health-and-healthbrcare-needs","status":"publish","type":"page","link":"https:\/\/rula.disabilityrightsca.org\/vi\/rula-book\/chapter-4-individual-program-plans\/does-the-ipp-include-information-about-my-health-and-healthbrcare-needs\/","title":{"rendered":"(4.32) Chuy\u1ec7n g\u00ec di\u1ec5n ra t\u1ea1i cu\u1ed9c h\u1ecdp IPP?"},"content":{"rendered":"\n<p>Vi\u1ec7c \u0111\u00f3 t\u00f9y thu\u1ed9c v\u00e0o lo\u1ea1i cu\u1ed9c h\u1ecdp IPP. \u0110\u00f3 c\u00f3 th\u1ec3 l\u00e0 cu\u1ed9c h\u1ecdp IPP \u0111\u1ea7u ti\u00ean, cu\u1ed9c h\u1ecdp \u0111\u1ec3 \u0111\u00e1nh gi\u00e1 IPP v\u00e0 ti\u1ebfn \u0111\u1ed9 c\u1ee7a qu\u00fd v\u1ecb ho\u1eb7c cu\u1ed9c h\u1ecdp \u0111\u1eb7c bi\u1ec7t \u0111\u1ec3 thay \u0111\u1ed5i IPP gi\u1eefa c\u00e1c cu\u1ed9c h\u1ecdp b\u00ecnh th\u01b0\u1eddng. Cho d\u00f9 thu\u1ed9c lo\u1ea1i g\u00ec, h\u1ea7u h\u1ebft c\u00e1c cu\u1ed9c h\u1ecdp b\u1eaft \u0111\u1ea7u b\u1eb1ng vi\u1ec7c \u0111\u00e1nh gi\u00e1 th\u00f4ng tin. Th\u00f4ng tin \u0111\u00e1nh gi\u00e1 h\u1eefu \u00edch trong vi\u1ec7c:<\/p>\n\n\n\n<ul class=\"wp-block-list\"><li>ph\u00e1t tri\u1ec3n IPP ho\u1eb7c \u0111\u00e1nh gi\u00e1 ti\u1ebfn \u0111\u1ed9 \u0111\u1ea1t \u0111\u01b0\u1ee3c m\u1ee5c \u0111\u00edch c\u1ee7a qu\u00fd v\u1ecb<\/li><li>quy\u1ebft \u0111\u1ecbnh xem c\u00f3 th\u00eam hay thay \u0111\u1ed5i c\u00e1c d\u1ecbch v\u1ee5 \u0111\u1ec3 gi\u00fap qu\u00fd v\u1ecb \u0111\u1ea1t m\u1ee5c \u0111\u00edch kh\u00f4ng v\u00e0<\/li><li>\u0111\u01b0a v\u00e0o c\u00e1c m\u1ee5c ti\u00eau m\u1edbi v\u00ec qu\u00fd v\u1ecb \u0111\u00e3 \u0111\u1ea1t m\u1ee5c \u0111\u00edch trong IPP hi\u1ec7n t\u1ea1i.<\/li><\/ul>\n\n\n\n<p>Sau khi \u0111\u00e1nh gi\u00e1, nh\u00f3m c\u00f3 th\u1ec3 th\u1ea3o lu\u1eadn v\u1ec1 nh\u1eefng m\u1ee5c \u0111\u00edch n\u00ean c\u00f3 trong IPP. Ti\u1ebfp theo, trao \u0111\u1ed5i v\u1ec1 c\u00e1c d\u1ecbch v\u1ee5 v\u00e0 s\u1ef1 h\u1ed7 tr\u1ee3 gi\u00fap qu\u00fd v\u1ecb \u0111\u1ea1t \u0111\u01b0\u1ee3c m\u1ee5c \u0111\u00edch m\u1edbi ho\u1eb7c m\u1ee5c \u0111\u00edch \u0111\u00e3 s\u1eeda \u0111\u1ed5i. Cu\u1ed9c th\u1ea3o lu\u1eadn ph\u1ea3i bao g\u1ed3m vi\u1ec7c nh\u1ea5t tr\u00ed v\u1ec1 c\u00e1c d\u1ecbch v\u1ee5 qu\u00fd v\u1ecb c\u1ea7n, t\u1ea7n su\u1ea5t qu\u00fd v\u1ecb nh\u1eadn d\u1ecbch v\u1ee5 v\u00e0 th\u1eddi gian b\u1eaft \u0111\u1ea7u d\u1ecbch v\u1ee5. Cu\u1ed9c th\u1ea3o lu\u1eadn c\u0169ng ph\u1ea3i n\u00eau r\u00f5 ai ch\u1ecbu tr\u00e1ch nhi\u1ec7m cung c\u1ea5p nh\u1eefng d\u1ecbch v\u1ee5 \u0111\u00f3. Nh\u00e0 cung c\u1ea5p c\u00f3 th\u1ec3 l\u00e0 trung t\u00e2m khu v\u1ef1c ho\u1eb7c m\u1ed9t nh\u00e0 cung c\u1ea5p m\u00e0 trung t\u00e2m khu v\u1ef1c thanh to\u00e1n. Ho\u1eb7c nh\u00e0 cung c\u1ea5p c\u00f3 th\u1ec3 l\u00e0 m\u1ed9t ch\u01b0\u01a1ng tr\u00ecnh ho\u1eb7c c\u01a1 quan \u0111\u1ecba ph\u01b0\u01a1ng, ti\u1ec3u bang ho\u1eb7c li\u00ean bang kh\u00e1c c\u00f3 tr\u00e1ch nhi\u1ec7m. Vai tr\u00f2 c\u1ee7a trung t\u00e2m khu v\u1ef1c khi \u0111\u00f3 s\u1ebd l\u00e0 \u0111\u1ea3m b\u1ea3o qu\u00fd v\u1ecb b\u1eaft \u0111\u1ea7u nh\u1eadn d\u1ecbch v\u1ee5 t\u1eeb ch\u01b0\u01a1ng tr\u00ecnh ho\u1eb7c c\u01a1 quan kh\u00e1c \u0111\u00f3.<span class=\"footnote_referrer\"><a role=\"button\" tabindex=\"0\" onclick=\"footnote_moveToReference_1261_1('footnote_plugin_reference_1261_1_1');\" onkeypress=\"footnote_moveToReference_1261_1('footnote_plugin_reference_1261_1_1');\" ><sup id=\"footnote_plugin_tooltip_1261_1_1\" class=\"footnote_plugin_tooltip_text\">[1]<\/sup><\/a><span id=\"footnote_plugin_tooltip_text_1261_1_1\" class=\"footnote_tooltip\">C\u00e1c M\u1ee5c 4646 v\u00e0 4646.5.<\/span><\/span><script type=\"text\/javascript\"> jQuery('#footnote_plugin_tooltip_1261_1_1').tooltip({ tip: '#footnote_plugin_tooltip_text_1261_1_1', tipClass: 'footnote_tooltip', effect: 'fade', predelay: 0, fadeInSpeed: 200, delay: 400, fadeOutSpeed: 200, position: 'top center', relative: true, offset: [-7, 0], });<\/script><\/p>\n<div class=\"speaker-mute footnotes_reference_container\"> <div class=\"footnote_container_prepare\"><p><span role=\"button\" tabindex=\"0\" class=\"footnote_reference_container_label pointer\" onclick=\"footnote_expand_collapse_reference_container_1261_1();\">&#x202F;<\/span><span role=\"button\" tabindex=\"0\" class=\"footnote_reference_container_collapse_button\" style=\"display: none;\" onclick=\"footnote_expand_collapse_reference_container_1261_1();\">[<a id=\"footnote_reference_container_collapse_button_1261_1\">+<\/a>]<\/span><\/p><\/div> <div id=\"footnote_references_container_1261_1\" style=\"\"><table class=\"footnotes_table footnote-reference-container\"><caption class=\"accessibility\">References<\/caption> <tbody> \r\n\r\n<tr class=\"footnotes_plugin_reference_row\"> <th scope=\"row\" class=\"footnote_plugin_index_combi pointer\"  onclick=\"footnote_moveToAnchor_1261_1('footnote_plugin_tooltip_1261_1_1');\"><a id=\"footnote_plugin_reference_1261_1_1\" class=\"footnote_backlink\"><span class=\"footnote_index_arrow\">&#8593;<\/span>1<\/a><\/th> <td class=\"footnote_plugin_text\">C\u00e1c M\u1ee5c 4646 v\u00e0 4646.5.<\/td><\/tr>\r\n\r\n <\/tbody> <\/table> <\/div><\/div><script type=\"text\/javascript\"> function footnote_expand_reference_container_1261_1() { jQuery('#footnote_references_container_1261_1').show(); jQuery('#footnote_reference_container_collapse_button_1261_1').text('\u2212'); } function footnote_collapse_reference_container_1261_1() { jQuery('#footnote_references_container_1261_1').hide(); jQuery('#footnote_reference_container_collapse_button_1261_1').text('+'); } function footnote_expand_collapse_reference_container_1261_1() { if (jQuery('#footnote_references_container_1261_1').is(':hidden')) { footnote_expand_reference_container_1261_1(); } else { footnote_collapse_reference_container_1261_1(); } } function footnote_moveToReference_1261_1(p_str_TargetID) { footnote_expand_reference_container_1261_1(); var l_obj_Target = jQuery('#' + p_str_TargetID); if (l_obj_Target.length) { jQuery( 'html, body' ).delay( 0 ); jQuery('html, body').animate({ scrollTop: l_obj_Target.offset().top - window.innerHeight * 0.2 }, 380); } } function footnote_moveToAnchor_1261_1(p_str_TargetID) { footnote_expand_reference_container_1261_1(); var l_obj_Target = jQuery('#' + p_str_TargetID); if (l_obj_Target.length) { jQuery( 'html, body' ).delay( 0 ); jQuery('html, body').animate({ scrollTop: l_obj_Target.offset().top - window.innerHeight * 0.2 }, 380); } }<\/script>","protected":false},"excerpt":{"rendered":"<p>Vi\u1ec7c \u0111\u00f3 t\u00f9y thu\u1ed9c v\u00e0o lo\u1ea1i cu\u1ed9c h\u1ecdp IPP. \u0110\u00f3 c\u00f3 th\u1ec3 l\u00e0 cu\u1ed9c h\u1ecdp IPP \u0111\u1ea7u ti\u00ean, cu\u1ed9c h\u1ecdp \u0111\u1ec3 \u0111\u00e1nh gi\u00e1 IPP v\u00e0&hellip;<\/p>\n","protected":false},"author":1,"featured_media":0,"parent":1193,"menu_order":31,"comment_status":"closed","ping_status":"closed","template":"","meta":{"footnotes":""},"class_list":["post-1261","page","type-page","status-publish","hentry"],"_links":{"self":[{"href":"https:\/\/rula.disabilityrightsca.org\/vi\/wp-json\/wp\/v2\/pages\/1261","targetHints":{"allow":["GET"]}}],"collection":[{"href":"https:\/\/rula.disabilityrightsca.org\/vi\/wp-json\/wp\/v2\/pages"}],"about":[{"href":"https:\/\/rula.disabilityrightsca.org\/vi\/wp-json\/wp\/v2\/types\/page"}],"author":[{"embeddable":true,"href":"https:\/\/rula.disabilityrightsca.org\/vi\/wp-json\/wp\/v2\/users\/1"}],"replies":[{"embeddable":true,"href":"https:\/\/rula.disabilityrightsca.org\/vi\/wp-json\/wp\/v2\/comments?post=1261"}],"version-history":[{"count":6,"href":"https:\/\/rula.disabilityrightsca.org\/vi\/wp-json\/wp\/v2\/pages\/1261\/revisions"}],"predecessor-version":[{"id":3884,"href":"https:\/\/rula.disabilityrightsca.org\/vi\/wp-json\/wp\/v2\/pages\/1261\/revisions\/3884"}],"up":[{"embeddable":true,"href":"https:\/\/rula.disabilityrightsca.org\/vi\/wp-json\/wp\/v2\/pages\/1193"}],"wp:attachment":[{"href":"https:\/\/rula.disabilityrightsca.org\/vi\/wp-json\/wp\/v2\/media?parent=1261"}],"curies":[{"name":"wp","href":"https:\/\/api.w.org\/{rel}","templated":true}]}}