{"id":1256,"date":"2021-06-10T18:52:02","date_gmt":"2021-06-10T18:52:02","guid":{"rendered":"http:\/\/www.rula.disabilityrightsca.org\/vi\/?page_id=1256"},"modified":"2024-10-09T18:15:51","modified_gmt":"2024-10-09T18:15:51","slug":"how-do-i-decide-which-services-or-supports-to-ask-for-in-my-ipp-to-meet-my-objectives-and-achieve-my-goals","status":"publish","type":"page","link":"https:\/\/rula.disabilityrightsca.org\/vi\/rula-book\/chapter-4-individual-program-plans\/how-do-i-decide-which-services-or-supports-to-ask-for-in-my-ipp-to-meet-my-objectives-and-achieve-my-goals\/","title":{"rendered":"(4.30) T\u00f4i c\u00f3 th\u1ec3 ghi \u00e2m cu\u1ed9c h\u1ecdp IPP kh\u00f4ng?"},"content":{"rendered":"\n<p>C\u00f3. Qu\u00fd v\u1ecb ho\u1eb7c ng\u01b0\u1eddi \u0111\u1ea1i di\u1ec7n cho qu\u00fd v\u1ecb c\u00f3 th\u1ec3 th\u1ef1c hi\u1ec7n ghi \u00e2m cu\u1ed9c h\u1ecdp IPP. Tuy nhi\u00ean, qu\u00fd v\u1ecb ph\u1ea3i b\u00e1o cho trung t\u00e2m khu v\u1ef1c \u00edt nh\u1ea5t 24 gi\u1edd tr\u01b0\u1edbc cu\u1ed9c h\u1ecdp. Qu\u00fd v\u1ecb c\u0169ng ph\u1ea3i mang m\u00e1y ghi \u00e2m ri\u00eang. Trung t\u00e2m khu v\u1ef1c kh\u00f4ng ph\u1ea3i cung c\u1ea5p thi\u1ebft b\u1ecb ghi \u00e2m cho qu\u00fd v\u1ecb.<span class=\"footnote_referrer\"><a role=\"button\" tabindex=\"0\" onclick=\"footnote_moveToReference_1256_1('footnote_plugin_reference_1256_1_1');\" onkeypress=\"footnote_moveToReference_1256_1('footnote_plugin_reference_1256_1_1');\" ><sup id=\"footnote_plugin_tooltip_1256_1_1\" class=\"footnote_plugin_tooltip_text\">[1]<\/sup><\/a><span id=\"footnote_plugin_tooltip_text_1256_1_1\" class=\"footnote_tooltip\">M\u1ee5c 4646.6.<\/span><\/span><script type=\"text\/javascript\"> jQuery('#footnote_plugin_tooltip_1256_1_1').tooltip({ tip: '#footnote_plugin_tooltip_text_1256_1_1', tipClass: 'footnote_tooltip', effect: 'fade', predelay: 0, fadeInSpeed: 200, delay: 400, fadeOutSpeed: 200, position: 'top center', relative: true, offset: [-7, 0], });<\/script><\/p>\n<div class=\"speaker-mute footnotes_reference_container\"> <div class=\"footnote_container_prepare\"><p><span role=\"button\" tabindex=\"0\" class=\"footnote_reference_container_label pointer\" onclick=\"footnote_expand_collapse_reference_container_1256_1();\">&#x202F;<\/span><span role=\"button\" tabindex=\"0\" class=\"footnote_reference_container_collapse_button\" style=\"display: none;\" onclick=\"footnote_expand_collapse_reference_container_1256_1();\">[<a id=\"footnote_reference_container_collapse_button_1256_1\">+<\/a>]<\/span><\/p><\/div> <div id=\"footnote_references_container_1256_1\" style=\"\"><table class=\"footnotes_table footnote-reference-container\"><caption class=\"accessibility\">References<\/caption> <tbody> \r\n\r\n<tr class=\"footnotes_plugin_reference_row\"> <th scope=\"row\" class=\"footnote_plugin_index_combi pointer\"  onclick=\"footnote_moveToAnchor_1256_1('footnote_plugin_tooltip_1256_1_1');\"><a id=\"footnote_plugin_reference_1256_1_1\" class=\"footnote_backlink\"><span class=\"footnote_index_arrow\">&#8593;<\/span>1<\/a><\/th> <td class=\"footnote_plugin_text\">M\u1ee5c 4646.6.<\/td><\/tr>\r\n\r\n <\/tbody> <\/table> <\/div><\/div><script type=\"text\/javascript\"> function footnote_expand_reference_container_1256_1() { jQuery('#footnote_references_container_1256_1').show(); jQuery('#footnote_reference_container_collapse_button_1256_1').text('\u2212'); } function footnote_collapse_reference_container_1256_1() { jQuery('#footnote_references_container_1256_1').hide(); jQuery('#footnote_reference_container_collapse_button_1256_1').text('+'); } function footnote_expand_collapse_reference_container_1256_1() { if (jQuery('#footnote_references_container_1256_1').is(':hidden')) { footnote_expand_reference_container_1256_1(); } else { footnote_collapse_reference_container_1256_1(); } } function footnote_moveToReference_1256_1(p_str_TargetID) { footnote_expand_reference_container_1256_1(); var l_obj_Target = jQuery('#' + p_str_TargetID); if (l_obj_Target.length) { jQuery( 'html, body' ).delay( 0 ); jQuery('html, body').animate({ scrollTop: l_obj_Target.offset().top - window.innerHeight * 0.2 }, 380); } } function footnote_moveToAnchor_1256_1(p_str_TargetID) { footnote_expand_reference_container_1256_1(); var l_obj_Target = jQuery('#' + p_str_TargetID); if (l_obj_Target.length) { jQuery( 'html, body' ).delay( 0 ); jQuery('html, body').animate({ scrollTop: l_obj_Target.offset().top - window.innerHeight * 0.2 }, 380); } }<\/script>","protected":false},"excerpt":{"rendered":"<p>C\u00f3. Qu\u00fd v\u1ecb ho\u1eb7c ng\u01b0\u1eddi \u0111\u1ea1i di\u1ec7n cho qu\u00fd v\u1ecb c\u00f3 th\u1ec3 th\u1ef1c hi\u1ec7n ghi \u00e2m cu\u1ed9c h\u1ecdp IPP. Tuy nhi\u00ean, qu\u00fd v\u1ecb ph\u1ea3i b\u00e1o&hellip;<\/p>\n","protected":false},"author":1,"featured_media":0,"parent":1193,"menu_order":29,"comment_status":"closed","ping_status":"closed","template":"","meta":{"footnotes":""},"class_list":["post-1256","page","type-page","status-publish","hentry"],"_links":{"self":[{"href":"https:\/\/rula.disabilityrightsca.org\/vi\/wp-json\/wp\/v2\/pages\/1256","targetHints":{"allow":["GET"]}}],"collection":[{"href":"https:\/\/rula.disabilityrightsca.org\/vi\/wp-json\/wp\/v2\/pages"}],"about":[{"href":"https:\/\/rula.disabilityrightsca.org\/vi\/wp-json\/wp\/v2\/types\/page"}],"author":[{"embeddable":true,"href":"https:\/\/rula.disabilityrightsca.org\/vi\/wp-json\/wp\/v2\/users\/1"}],"replies":[{"embeddable":true,"href":"https:\/\/rula.disabilityrightsca.org\/vi\/wp-json\/wp\/v2\/comments?post=1256"}],"version-history":[{"count":9,"href":"https:\/\/rula.disabilityrightsca.org\/vi\/wp-json\/wp\/v2\/pages\/1256\/revisions"}],"predecessor-version":[{"id":3886,"href":"https:\/\/rula.disabilityrightsca.org\/vi\/wp-json\/wp\/v2\/pages\/1256\/revisions\/3886"}],"up":[{"embeddable":true,"href":"https:\/\/rula.disabilityrightsca.org\/vi\/wp-json\/wp\/v2\/pages\/1193"}],"wp:attachment":[{"href":"https:\/\/rula.disabilityrightsca.org\/vi\/wp-json\/wp\/v2\/media?parent=1256"}],"curies":[{"name":"wp","href":"https:\/\/api.w.org\/{rel}","templated":true}]}}