{"id":1254,"date":"2021-06-10T18:40:13","date_gmt":"2021-06-10T18:40:13","guid":{"rendered":"http:\/\/www.rula.disabilityrightsca.org\/vi\/?page_id=1254"},"modified":"2024-10-09T18:16:09","modified_gmt":"2024-10-09T18:16:09","slug":"what-is-the-difference-between-a-goal-and-an-objective","status":"publish","type":"page","link":"https:\/\/rula.disabilityrightsca.org\/vi\/rula-book\/chapter-4-individual-program-plans\/what-is-the-difference-between-a-goal-and-an-objective\/","title":{"rendered":"(4.29) Bao l\u00e2u th\u00ec t\u00f4i c\u00f3 th\u1ec3 \u0111\u01b0\u1ee3c nh\u1eadn b\u1ea3n sao c\u1ee7a K\u1ebf Ho\u1ea1ch IPP b\u1eb1ng ng\u00f4n ng\u1eef b\u1ea3n \u0111\u1ecba c\u1ee7a m\u00ecnh?"},"content":{"rendered":"\n<p>Vi\u1ec7c \u0111\u00f3 c\u00f2n t\u00f9y thu\u1ed9c. N\u1ebfu qu\u00fd v\u1ecb y\u00eau c\u1ea7u b\u1ea3n d\u1ecbch IPP v\u00e0 ng\u00f4n ng\u1eef c\u1ee7a qu\u00fd v\u1ecb l\u00e0 \u201cng\u00f4n ng\u1eef ng\u01b0\u1ee1ng\u201d, trung t\u00e2m khu v\u1ef1c ph\u1ea3i cung c\u1ea5p cho qu\u00fd v\u1ecb b\u1ea3n d\u1ecbch trong v\u00f2ng 45 ng\u00e0y k\u1ec3 t\u1eeb ng\u00e0y y\u00eau c\u1ea7u. <span class=\"footnote_referrer\"><a role=\"button\" tabindex=\"0\" onclick=\"footnote_moveToReference_1254_1('footnote_plugin_reference_1254_1_1');\" onkeypress=\"footnote_moveToReference_1254_1('footnote_plugin_reference_1254_1_1');\" ><sup id=\"footnote_plugin_tooltip_1254_1_1\" class=\"footnote_plugin_tooltip_text\">[1]<\/sup><\/a><span id=\"footnote_plugin_tooltip_text_1254_1_1\" class=\"footnote_tooltip\">M\u1ee5c 4646.5(a)(5)<\/span><\/span><script type=\"text\/javascript\"> jQuery('#footnote_plugin_tooltip_1254_1_1').tooltip({ tip: '#footnote_plugin_tooltip_text_1254_1_1', tipClass: 'footnote_tooltip', effect: 'fade', predelay: 0, fadeInSpeed: 200, delay: 400, fadeOutSpeed: 200, position: 'top center', relative: true, offset: [-7, 0], });<\/script> M\u1ed9t ng\u00f4n ng\u1eef \u0111\u01b0\u1ee3c xem l\u00e0 \u201cng\u00f4n ng\u1eef ng\u01b0\u1ee1ng\u201d khi m\u1ed9t s\u1ed1 l\u01b0\u1ee3ng ho\u1eb7c t\u1ef7 l\u1ec7 ph\u1ea7n tr\u0103m ng\u01b0\u1eddi cho r\u1eb1ng ng\u00f4n ng\u1eef \u0111\u00f3 l\u00e0 ng\u00f4n ng\u1eef ch\u00ednh c\u1ee7a h\u1ecd.<\/p>\n\n\n\n<p>Ti\u1ebfng T\u00e2y Ban Nha l\u00e0 ng\u00f4n ng\u1eef ng\u01b0\u1ee1ng t\u1ea1i h\u1ea7u h\u1ebft c\u00e1c h\u1ea1t c\u1ee7a California. M\u1ed9t s\u1ed1 h\u1ea1t c\u00f3 nhi\u1ec1u ng\u00f4n ng\u1eef ng\u01b0\u1ee1ng h\u01a1n c\u00e1c h\u1ea1t kh\u00e1c. V\u00ed d\u1ee5: c\u00e1c ng\u00f4n ng\u1eef ng\u01b0\u1ee1ng c\u1ee7a H\u1ea1t Los Angeles l\u00e0 ti\u1ebfng \u1ea2 R\u1eadp, ti\u1ebfng Armenia, ti\u1ebfng Campuchia, ti\u1ebfng Trung, ti\u1ebfng Anh, ti\u1ebfng Ba T\u01b0, ti\u1ebfng H\u00e0n, ti\u1ebfng Nga, ti\u1ebfng T\u00e2y Ban Nha, ti\u1ebfng Tagalog v\u00e0 ti\u1ebfng Vi\u1ec7t. \u0110\u1ec3 bi\u1ebft th\u00eam th\u00f4ng tin v\u00e0 bi\u1ebft ng\u00f4n ng\u1eef c\u1ee7a qu\u00fd v\u1ecb c\u00f3 \u0111\u01b0\u1ee3c xem l\u00e0 ng\u00f4n ng\u1eef ng\u01b0\u1ee1ng t\u1ea1i h\u1ea1t c\u1ee7a qu\u00fd v\u1ecb kh\u00f4ng, h\u00e3y truy c\u1eadp: https:\/\/www.dhcs.ca.gov\/formsandpubs\/Documents\/MMCDAPLsandPolicyLetters\/APL2021\/Threshold-Concentration-Languages.pdf.<\/p>\n\n\n\n<p>N\u1ebfu ng\u00f4n ng\u1eef c\u1ee7a qu\u00fd v\u1ecb kh\u00f4ng ph\u1ea3i l\u00e0 \u201cng\u00f4n ng\u1eef ng\u01b0\u1ee1ng\u201d, trung t\u00e2m khu v\u1ef1c c\u00f3 th\u1ec3 m\u1ea5t h\u01a1n 45 ng\u00e0y \u0111\u1ec3 g\u1eedi cho qu\u00fd v\u1ecb b\u1ea3n d\u1ecbch IPP. Tuy nhi\u00ean, trung t\u00e2m khu v\u1ef1c ph\u1ea3i theo d\u00f5i s\u1ed1 l\u1ea7n h\u1ecd cung c\u1ea5p b\u1ea3n d\u1ecbch IPP cho qu\u00fd v\u1ecb m\u1ea5t h\u01a1n 60 ng\u00e0y. <span class=\"footnote_referrer\"><a role=\"button\" tabindex=\"0\" onclick=\"footnote_moveToReference_1254_1('footnote_plugin_reference_1254_1_2');\" onkeypress=\"footnote_moveToReference_1254_1('footnote_plugin_reference_1254_1_2');\" ><sup id=\"footnote_plugin_tooltip_1254_1_2\" class=\"footnote_plugin_tooltip_text\">[2]<\/sup><\/a><span id=\"footnote_plugin_tooltip_text_1254_1_2\" class=\"footnote_tooltip\">M\u1ee5c 4519.5(a)(6)<\/span><\/span><script type=\"text\/javascript\"> jQuery('#footnote_plugin_tooltip_1254_1_2').tooltip({ tip: '#footnote_plugin_tooltip_text_1254_1_2', tipClass: 'footnote_tooltip', effect: 'fade', predelay: 0, fadeInSpeed: 200, delay: 400, fadeOutSpeed: 200, position: 'top center', relative: true, offset: [-7, 0], });<\/script><\/p>\n\n\n\n<p>Trung t\u00e2m khu v\u1ef1c ph\u1ea3i \u0111\u01b0a d\u1eef li\u1ec7u \u0111\u00f3 v\u00e0o b\u00e1o c\u00e1o D\u1eef Li\u1ec7u v\u1ec1 Mua D\u1ecbch V\u1ee5 (Purchase of Service Data) c\u1ee7a trung t\u00e2m khu v\u1ef1c v\u00e0 \u0111\u0103ng t\u1ea3i b\u00e1o c\u00e1o \u0111\u00f3 l\u00ean trang web c\u1ee7a trung t\u00e2m khu v\u1ef1c. <span class=\"footnote_referrer\"><a role=\"button\" tabindex=\"0\" onclick=\"footnote_moveToReference_1254_1('footnote_plugin_reference_1254_1_3');\" onkeypress=\"footnote_moveToReference_1254_1('footnote_plugin_reference_1254_1_3');\" ><sup id=\"footnote_plugin_tooltip_1254_1_3\" class=\"footnote_plugin_tooltip_text\">[3]<\/sup><\/a><span id=\"footnote_plugin_tooltip_text_1254_1_3\" class=\"footnote_tooltip\">M\u1ee5c 4519.5(c).<\/span><\/span><script type=\"text\/javascript\"> jQuery('#footnote_plugin_tooltip_1254_1_3').tooltip({ tip: '#footnote_plugin_tooltip_text_1254_1_3', tipClass: 'footnote_tooltip', effect: 'fade', predelay: 0, fadeInSpeed: 200, delay: 400, fadeOutSpeed: 200, position: 'top center', relative: true, offset: [-7, 0], });<\/script> D\u1eef li\u1ec7u c\u0169ng ph\u1ea3i \u0111\u01b0\u1ee3c b\u00e1o c\u00e1o cho DDS v\u00e0 \u0111\u0103ng t\u1ea3i tr\u00ean trang web c\u1ee7a DDS.&nbsp; <span class=\"footnote_referrer\"><a role=\"button\" tabindex=\"0\" onclick=\"footnote_moveToReference_1254_1('footnote_plugin_reference_1254_1_4');\" onkeypress=\"footnote_moveToReference_1254_1('footnote_plugin_reference_1254_1_4');\" ><sup id=\"footnote_plugin_tooltip_1254_1_4\" class=\"footnote_plugin_tooltip_text\">[4]<\/sup><\/a><span id=\"footnote_plugin_tooltip_text_1254_1_4\" class=\"footnote_tooltip\">M\u1ee5c 4519.5(d).<\/span><\/span><script type=\"text\/javascript\"> jQuery('#footnote_plugin_tooltip_1254_1_4').tooltip({ tip: '#footnote_plugin_tooltip_text_1254_1_4', tipClass: 'footnote_tooltip', effect: 'fade', predelay: 0, fadeInSpeed: 200, delay: 400, fadeOutSpeed: 200, position: 'top center', relative: true, offset: [-7, 0], });<\/script> N\u1ebfu qu\u00e1 tr\u00ecnh trung t\u00e2m khu v\u1ef1c cung c\u1ea5p IPP b\u1eb1ng ng\u00f4n ng\u1eef b\u1ea3n \u0111\u1ecba c\u1ee7a qu\u00fd v\u1ecb m\u1ea5t qu\u00e1 nhi\u1ec1u th\u1eddi gian, qu\u00fd v\u1ecb c\u00f3 th\u1ec3 n\u1ed9p \u0111\u01a1n khi\u1ebfu n\u1ea1i 4731.&nbsp; Xem Ch\u01b0\u01a1ng 10 \u0111\u1ec3 bi\u1ebft th\u00eam th\u00f4ng tin v\u1ec1 quy\u1ec1n n\u1ed9p \u0111\u01a1n khi\u1ebfu n\u1ea1i 4731 c\u1ee7a qu\u00fd v\u1ecb.<\/p>\n<div class=\"speaker-mute footnotes_reference_container\"> <div class=\"footnote_container_prepare\"><p><span role=\"button\" tabindex=\"0\" class=\"footnote_reference_container_label pointer\" onclick=\"footnote_expand_collapse_reference_container_1254_1();\">&#x202F;<\/span><span role=\"button\" tabindex=\"0\" class=\"footnote_reference_container_collapse_button\" style=\"display: none;\" onclick=\"footnote_expand_collapse_reference_container_1254_1();\">[<a id=\"footnote_reference_container_collapse_button_1254_1\">+<\/a>]<\/span><\/p><\/div> <div id=\"footnote_references_container_1254_1\" style=\"\"><table class=\"footnotes_table footnote-reference-container\"><caption class=\"accessibility\">References<\/caption> <tbody> \r\n\r\n<tr class=\"footnotes_plugin_reference_row\"> <th scope=\"row\" class=\"footnote_plugin_index_combi pointer\"  onclick=\"footnote_moveToAnchor_1254_1('footnote_plugin_tooltip_1254_1_1');\"><a id=\"footnote_plugin_reference_1254_1_1\" class=\"footnote_backlink\"><span class=\"footnote_index_arrow\">&#8593;<\/span>1<\/a><\/th> <td class=\"footnote_plugin_text\">M\u1ee5c 4646.5(a)(5)<\/td><\/tr>\r\n\r\n<tr class=\"footnotes_plugin_reference_row\"> <th scope=\"row\" class=\"footnote_plugin_index_combi pointer\"  onclick=\"footnote_moveToAnchor_1254_1('footnote_plugin_tooltip_1254_1_2');\"><a id=\"footnote_plugin_reference_1254_1_2\" class=\"footnote_backlink\"><span class=\"footnote_index_arrow\">&#8593;<\/span>2<\/a><\/th> <td class=\"footnote_plugin_text\">M\u1ee5c 4519.5(a)(6)<\/td><\/tr>\r\n\r\n<tr class=\"footnotes_plugin_reference_row\"> <th scope=\"row\" class=\"footnote_plugin_index_combi pointer\"  onclick=\"footnote_moveToAnchor_1254_1('footnote_plugin_tooltip_1254_1_3');\"><a id=\"footnote_plugin_reference_1254_1_3\" class=\"footnote_backlink\"><span class=\"footnote_index_arrow\">&#8593;<\/span>3<\/a><\/th> <td class=\"footnote_plugin_text\">M\u1ee5c 4519.5(c).<\/td><\/tr>\r\n\r\n<tr class=\"footnotes_plugin_reference_row\"> <th scope=\"row\" class=\"footnote_plugin_index_combi pointer\"  onclick=\"footnote_moveToAnchor_1254_1('footnote_plugin_tooltip_1254_1_4');\"><a id=\"footnote_plugin_reference_1254_1_4\" class=\"footnote_backlink\"><span class=\"footnote_index_arrow\">&#8593;<\/span>4<\/a><\/th> <td class=\"footnote_plugin_text\">M\u1ee5c 4519.5(d).<\/td><\/tr>\r\n\r\n <\/tbody> <\/table> <\/div><\/div><script type=\"text\/javascript\"> function footnote_expand_reference_container_1254_1() { jQuery('#footnote_references_container_1254_1').show(); jQuery('#footnote_reference_container_collapse_button_1254_1').text('\u2212'); } function footnote_collapse_reference_container_1254_1() { jQuery('#footnote_references_container_1254_1').hide(); jQuery('#footnote_reference_container_collapse_button_1254_1').text('+'); } function footnote_expand_collapse_reference_container_1254_1() { if (jQuery('#footnote_references_container_1254_1').is(':hidden')) { footnote_expand_reference_container_1254_1(); } else { footnote_collapse_reference_container_1254_1(); } } function footnote_moveToReference_1254_1(p_str_TargetID) { footnote_expand_reference_container_1254_1(); var l_obj_Target = jQuery('#' + p_str_TargetID); if (l_obj_Target.length) { jQuery( 'html, body' ).delay( 0 ); jQuery('html, body').animate({ scrollTop: l_obj_Target.offset().top - window.innerHeight * 0.2 }, 380); } } function footnote_moveToAnchor_1254_1(p_str_TargetID) { footnote_expand_reference_container_1254_1(); var l_obj_Target = jQuery('#' + p_str_TargetID); if (l_obj_Target.length) { jQuery( 'html, body' ).delay( 0 ); jQuery('html, body').animate({ scrollTop: l_obj_Target.offset().top - window.innerHeight * 0.2 }, 380); } }<\/script>","protected":false},"excerpt":{"rendered":"<p>Vi\u1ec7c \u0111\u00f3 c\u00f2n t\u00f9y thu\u1ed9c. N\u1ebfu qu\u00fd v\u1ecb y\u00eau c\u1ea7u b\u1ea3n d\u1ecbch IPP v\u00e0 ng\u00f4n ng\u1eef c\u1ee7a qu\u00fd v\u1ecb l\u00e0 \u201cng\u00f4n ng\u1eef ng\u01b0\u1ee1ng\u201d, trung t\u00e2m&hellip;<\/p>\n","protected":false},"author":1,"featured_media":0,"parent":1193,"menu_order":28,"comment_status":"closed","ping_status":"closed","template":"","meta":{"footnotes":""},"class_list":["post-1254","page","type-page","status-publish","hentry"],"_links":{"self":[{"href":"https:\/\/rula.disabilityrightsca.org\/vi\/wp-json\/wp\/v2\/pages\/1254","targetHints":{"allow":["GET"]}}],"collection":[{"href":"https:\/\/rula.disabilityrightsca.org\/vi\/wp-json\/wp\/v2\/pages"}],"about":[{"href":"https:\/\/rula.disabilityrightsca.org\/vi\/wp-json\/wp\/v2\/types\/page"}],"author":[{"embeddable":true,"href":"https:\/\/rula.disabilityrightsca.org\/vi\/wp-json\/wp\/v2\/users\/1"}],"replies":[{"embeddable":true,"href":"https:\/\/rula.disabilityrightsca.org\/vi\/wp-json\/wp\/v2\/comments?post=1254"}],"version-history":[{"count":11,"href":"https:\/\/rula.disabilityrightsca.org\/vi\/wp-json\/wp\/v2\/pages\/1254\/revisions"}],"predecessor-version":[{"id":3887,"href":"https:\/\/rula.disabilityrightsca.org\/vi\/wp-json\/wp\/v2\/pages\/1254\/revisions\/3887"}],"up":[{"embeddable":true,"href":"https:\/\/rula.disabilityrightsca.org\/vi\/wp-json\/wp\/v2\/pages\/1193"}],"wp:attachment":[{"href":"https:\/\/rula.disabilityrightsca.org\/vi\/wp-json\/wp\/v2\/media?parent=1254"}],"curies":[{"name":"wp","href":"https:\/\/api.w.org\/{rel}","templated":true}]}}