{"id":1252,"date":"2021-06-10T18:37:35","date_gmt":"2021-06-10T18:37:35","guid":{"rendered":"http:\/\/www.rula.disabilityrightsca.org\/vi\/?page_id=1252"},"modified":"2024-10-09T18:16:54","modified_gmt":"2024-10-09T18:16:54","slug":"how-should-the-ipp-be-written-to-ensure-i-keep-getting-services-and-supports-i-need","status":"publish","type":"page","link":"https:\/\/rula.disabilityrightsca.org\/vi\/rula-book\/chapter-4-individual-program-plans\/how-should-the-ipp-be-written-to-ensure-i-keep-getting-services-and-supports-i-need\/","title":{"rendered":"(4.28) T\u00f4i c\u00f3 th\u1ec3 nh\u1eadn m\u1ed9t b\u1ea3n sao K\u1ebf Ho\u1ea1ch IPP b\u1eb1ng ng\u00f4n ng\u1eef b\u1ea3n \u0111\u1ecba kh\u00f4ng?"},"content":{"rendered":"\n<p>C\u00f3. Trung t\u00e2m khu v\u1ef1c ph\u1ea3i cung c\u1ea5p cho qu\u00fd v\u1ecb m\u1ed9t b\u1ea3n sao K\u1ebf Ho\u1ea1ch IPP b\u1eb1ng ng\u00f4n ng\u1eef b\u1ea3n \u0111\u1ecba c\u1ee7a qu\u00fd v\u1ecb.&nbsp; \u0110i\u1ec1u n\u00e0y c\u00f3 th\u1ec3 c\u00f3 ngh\u0129a l\u00e0 ng\u00f4n ng\u1eef b\u1ea3n \u0111\u1ecba c\u1ee7a gia \u0111\u00ecnh, ng\u01b0\u1eddi gi\u00e1m h\u1ed9 h\u1ee3p ph\u00e1p, ng\u01b0\u1eddi b\u1ea3o h\u1ed9, ng\u01b0\u1eddi \u0111\u1ea1i di\u1ec7n \u0111\u01b0\u1ee3c \u1ee7y quy\u1ec1n ho\u1eb7c c\u1ea3 hai, tr\u1eeb khi DDS x\u00e1c \u0111\u1ecbnh r\u1eb1ng vi\u1ec7c \u0111\u00f3 s\u1ebd g\u00e2y kh\u00f3 kh\u0103n qu\u00e1 m\u1ee9c cho trung t\u00e2m khu v\u1ef1c. [M\u1ee5c 4646(j)(2).]]<\/p>\n","protected":false},"excerpt":{"rendered":"<p>C\u00f3. Trung t\u00e2m khu v\u1ef1c ph\u1ea3i cung c\u1ea5p cho qu\u00fd v\u1ecb m\u1ed9t b\u1ea3n sao K\u1ebf Ho\u1ea1ch IPP b\u1eb1ng ng\u00f4n ng\u1eef b\u1ea3n \u0111\u1ecba c\u1ee7a qu\u00fd v\u1ecb.&nbsp;&hellip;<\/p>\n","protected":false},"author":1,"featured_media":0,"parent":1193,"menu_order":27,"comment_status":"closed","ping_status":"closed","template":"","meta":{"footnotes":""},"class_list":["post-1252","page","type-page","status-publish","hentry"],"_links":{"self":[{"href":"https:\/\/rula.disabilityrightsca.org\/vi\/wp-json\/wp\/v2\/pages\/1252","targetHints":{"allow":["GET"]}}],"collection":[{"href":"https:\/\/rula.disabilityrightsca.org\/vi\/wp-json\/wp\/v2\/pages"}],"about":[{"href":"https:\/\/rula.disabilityrightsca.org\/vi\/wp-json\/wp\/v2\/types\/page"}],"author":[{"embeddable":true,"href":"https:\/\/rula.disabilityrightsca.org\/vi\/wp-json\/wp\/v2\/users\/1"}],"replies":[{"embeddable":true,"href":"https:\/\/rula.disabilityrightsca.org\/vi\/wp-json\/wp\/v2\/comments?post=1252"}],"version-history":[{"count":5,"href":"https:\/\/rula.disabilityrightsca.org\/vi\/wp-json\/wp\/v2\/pages\/1252\/revisions"}],"predecessor-version":[{"id":3888,"href":"https:\/\/rula.disabilityrightsca.org\/vi\/wp-json\/wp\/v2\/pages\/1252\/revisions\/3888"}],"up":[{"embeddable":true,"href":"https:\/\/rula.disabilityrightsca.org\/vi\/wp-json\/wp\/v2\/pages\/1193"}],"wp:attachment":[{"href":"https:\/\/rula.disabilityrightsca.org\/vi\/wp-json\/wp\/v2\/media?parent=1252"}],"curies":[{"name":"wp","href":"https:\/\/api.w.org\/{rel}","templated":true}]}}