{"id":1250,"date":"2021-06-10T18:35:30","date_gmt":"2021-06-10T18:35:30","guid":{"rendered":"http:\/\/www.rula.disabilityrightsca.org\/vi\/?page_id=1250"},"modified":"2024-10-09T18:17:09","modified_gmt":"2024-10-09T18:17:09","slug":"what-sorts-of-goals-and-objectives-should-an-ipp-contain","status":"publish","type":"page","link":"https:\/\/rula.disabilityrightsca.org\/vi\/rula-book\/chapter-4-individual-program-plans\/what-sorts-of-goals-and-objectives-should-an-ipp-contain\/","title":{"rendered":"(4.27) T\u00f4i s\u1ebd l\u00e0m g\u00ec n\u1ebfu nh\u01b0 trung t\u00e2m khu v\u1ef1c kh\u00f4ng n\u00eau ng\u00f4n ng\u1eef b\u1ea3n \u0111\u1ecba c\u1ee7a t\u00f4i trong K\u1ebf Ho\u1ea1ch ho\u1eb7c kh\u00f4ng ti\u1ebfp nh\u1eadn, \u0111\u00e1nh gi\u00e1, th\u1ea9m \u0111\u1ecbnh ho\u1eb7c th\u1ef1c hi\u1ec7n qu\u00e1 tr\u00ecnh ho\u1ea1ch \u0111\u1ecbnh IPP b\u1eb1ng ng\u00f4n ng\u1eef b\u1ea3n \u0111\u1ecba c\u1ee7a t\u00f4i?"},"content":{"rendered":"\n<p>N\u1ebfu trung t\u00e2m khu v\u1ef1c kh\u00f4ng n\u00eau ng\u00f4n ng\u1eef b\u1ea3n \u0111\u1ecba c\u1ee7a qu\u00fd v\u1ecb trong K\u1ebf Ho\u1ea1ch ho\u1eb7c kh\u00f4ng ti\u1ebfp nh\u1eadn, \u0111\u00e1nh gi\u00e1, th\u1ea9m \u0111\u1ecbnh ho\u1eb7c ti\u1ebfn h\u00e0nh qu\u00e1 tr\u00ecnh ho\u1ea1ch \u0111\u1ecbnh IPP b\u1eb1ng ng\u00f4n ng\u1eef b\u1ea3n \u0111\u1ecba c\u1ee7a qu\u00fd v\u1ecb, th\u00ec qu\u00fd v\u1ecb c\u00f3 th\u1ec3 n\u1ed9p \u0111\u01a1n khi\u1ebfu n\u1ea1i. Theo m\u1ee5c 4731 c\u1ee7a \u0110\u1ea1o Lu\u1eadt Lanterman, qu\u00fd v\u1ecb c\u00f3 th\u1ec3 n\u1ed9p \u0111\u01a1n khi\u1ebfu n\u1ea1i h\u00e0nh ch\u00ednh \u0111\u1ed1i v\u1edbi trung t\u00e2m khu v\u1ef1c n\u1ebfu cho r\u1eb1ng quy\u1ec1n c\u1ee7a qu\u00fd v\u1ecb b\u1ecb vi ph\u1ea1m ho\u1eb7c t\u1eeb ch\u1ed1i. <span class=\"footnote_referrer\"><a role=\"button\" tabindex=\"0\" onclick=\"footnote_moveToReference_1250_1('footnote_plugin_reference_1250_1_1');\" onkeypress=\"footnote_moveToReference_1250_1('footnote_plugin_reference_1250_1_1');\" ><sup id=\"footnote_plugin_tooltip_1250_1_1\" class=\"footnote_plugin_tooltip_text\">[1]<\/sup><\/a><span id=\"footnote_plugin_tooltip_text_1250_1_1\" class=\"footnote_tooltip\">M\u1ee5c 4731.<\/span><\/span><script type=\"text\/javascript\"> jQuery('#footnote_plugin_tooltip_1250_1_1').tooltip({ tip: '#footnote_plugin_tooltip_text_1250_1_1', tipClass: 'footnote_tooltip', effect: 'fade', predelay: 0, fadeInSpeed: 200, delay: 400, fadeOutSpeed: 200, position: 'top center', relative: true, offset: [-7, 0], });<\/script> \u0110\u1ec3 n\u1ed9p khi\u1ebfu n\u1ea1i, h\u00e3y g\u1eedi m\u1ed9t b\u1ee9c th\u01b0 ng\u1eafn cho gi\u00e1m \u0111\u1ed1c trung t\u00e2m khu v\u1ef1c c\u1ee7a qu\u00fd v\u1ecb. \u0110\u1ec3 bi\u1ebft danh s\u00e1ch gi\u00e1m \u0111\u1ed1c trung t\u00e2m khu v\u1ef1c v\u00e0 th\u00f4ng tin li\u00ean h\u1ec7, h\u00e3y truy c\u1eadp https:\/\/www.dds.ca.gov\/rc\/listings\/.&nbsp;&nbsp;<\/p>\n\n\n\n<p>Xem Ch\u01b0\u01a1ng 10 \u0111\u1ec3 bi\u1ebft th\u00eam th\u00f4ng tin v\u1ec1 quy\u1ec1n n\u1ed9p \u0111\u01a1n khi\u1ebfu n\u1ea1i c\u1ee7a qu\u00fd v\u1ecb.<\/p>\n<div class=\"speaker-mute footnotes_reference_container\"> <div class=\"footnote_container_prepare\"><p><span role=\"button\" tabindex=\"0\" class=\"footnote_reference_container_label pointer\" onclick=\"footnote_expand_collapse_reference_container_1250_1();\">&#x202F;<\/span><span role=\"button\" tabindex=\"0\" class=\"footnote_reference_container_collapse_button\" style=\"display: none;\" onclick=\"footnote_expand_collapse_reference_container_1250_1();\">[<a id=\"footnote_reference_container_collapse_button_1250_1\">+<\/a>]<\/span><\/p><\/div> <div id=\"footnote_references_container_1250_1\" style=\"\"><table class=\"footnotes_table footnote-reference-container\"><caption class=\"accessibility\">References<\/caption> <tbody> \r\n\r\n<tr class=\"footnotes_plugin_reference_row\"> <th scope=\"row\" class=\"footnote_plugin_index_combi pointer\"  onclick=\"footnote_moveToAnchor_1250_1('footnote_plugin_tooltip_1250_1_1');\"><a id=\"footnote_plugin_reference_1250_1_1\" class=\"footnote_backlink\"><span class=\"footnote_index_arrow\">&#8593;<\/span>1<\/a><\/th> <td class=\"footnote_plugin_text\">M\u1ee5c 4731.<\/td><\/tr>\r\n\r\n <\/tbody> <\/table> <\/div><\/div><script type=\"text\/javascript\"> function footnote_expand_reference_container_1250_1() { jQuery('#footnote_references_container_1250_1').show(); jQuery('#footnote_reference_container_collapse_button_1250_1').text('\u2212'); } function footnote_collapse_reference_container_1250_1() { jQuery('#footnote_references_container_1250_1').hide(); jQuery('#footnote_reference_container_collapse_button_1250_1').text('+'); } function footnote_expand_collapse_reference_container_1250_1() { if (jQuery('#footnote_references_container_1250_1').is(':hidden')) { footnote_expand_reference_container_1250_1(); } else { footnote_collapse_reference_container_1250_1(); } } function footnote_moveToReference_1250_1(p_str_TargetID) { footnote_expand_reference_container_1250_1(); var l_obj_Target = jQuery('#' + p_str_TargetID); if (l_obj_Target.length) { jQuery( 'html, body' ).delay( 0 ); jQuery('html, body').animate({ scrollTop: l_obj_Target.offset().top - window.innerHeight * 0.2 }, 380); } } function footnote_moveToAnchor_1250_1(p_str_TargetID) { footnote_expand_reference_container_1250_1(); var l_obj_Target = jQuery('#' + p_str_TargetID); if (l_obj_Target.length) { jQuery( 'html, body' ).delay( 0 ); jQuery('html, body').animate({ scrollTop: l_obj_Target.offset().top - window.innerHeight * 0.2 }, 380); } }<\/script>","protected":false},"excerpt":{"rendered":"<p>N\u1ebfu trung t\u00e2m khu v\u1ef1c kh\u00f4ng n\u00eau ng\u00f4n ng\u1eef b\u1ea3n \u0111\u1ecba c\u1ee7a qu\u00fd v\u1ecb trong K\u1ebf Ho\u1ea1ch ho\u1eb7c kh\u00f4ng ti\u1ebfp nh\u1eadn, \u0111\u00e1nh gi\u00e1, th\u1ea9m \u0111\u1ecbnh&hellip;<\/p>\n","protected":false},"author":1,"featured_media":0,"parent":1193,"menu_order":26,"comment_status":"closed","ping_status":"closed","template":"","meta":{"footnotes":""},"class_list":["post-1250","page","type-page","status-publish","hentry"],"_links":{"self":[{"href":"https:\/\/rula.disabilityrightsca.org\/vi\/wp-json\/wp\/v2\/pages\/1250","targetHints":{"allow":["GET"]}}],"collection":[{"href":"https:\/\/rula.disabilityrightsca.org\/vi\/wp-json\/wp\/v2\/pages"}],"about":[{"href":"https:\/\/rula.disabilityrightsca.org\/vi\/wp-json\/wp\/v2\/types\/page"}],"author":[{"embeddable":true,"href":"https:\/\/rula.disabilityrightsca.org\/vi\/wp-json\/wp\/v2\/users\/1"}],"replies":[{"embeddable":true,"href":"https:\/\/rula.disabilityrightsca.org\/vi\/wp-json\/wp\/v2\/comments?post=1250"}],"version-history":[{"count":5,"href":"https:\/\/rula.disabilityrightsca.org\/vi\/wp-json\/wp\/v2\/pages\/1250\/revisions"}],"predecessor-version":[{"id":3889,"href":"https:\/\/rula.disabilityrightsca.org\/vi\/wp-json\/wp\/v2\/pages\/1250\/revisions\/3889"}],"up":[{"embeddable":true,"href":"https:\/\/rula.disabilityrightsca.org\/vi\/wp-json\/wp\/v2\/pages\/1193"}],"wp:attachment":[{"href":"https:\/\/rula.disabilityrightsca.org\/vi\/wp-json\/wp\/v2\/media?parent=1250"}],"curies":[{"name":"wp","href":"https:\/\/api.w.org\/{rel}","templated":true}]}}