{"id":1248,"date":"2021-06-10T18:34:12","date_gmt":"2021-06-10T18:34:12","guid":{"rendered":"http:\/\/www.rula.disabilityrightsca.org\/vi\/?page_id=1248"},"modified":"2024-10-09T18:17:30","modified_gmt":"2024-10-09T18:17:30","slug":"what-should-be-written-in-the-ipp","status":"publish","type":"page","link":"https:\/\/rula.disabilityrightsca.org\/vi\/rula-book\/chapter-4-individual-program-plans\/what-should-be-written-in-the-ipp\/","title":{"rendered":"(4.26) Trung t\u00e2m khu v\u1ef1c c\u00f3 ph\u1ea3i n\u00eau r\u00f5 ng\u00f4n ng\u1eef b\u1ea3n \u0111\u1ecba c\u1ee7a t\u00f4i trong K\u1ebf Ho\u1ea1ch IPP kh\u00f4ng?"},"content":{"rendered":"\n<p>C\u00f3. Trung t\u00e2m khu v\u1ef1c ph\u1ea3i n\u00eau r\u00f5 ng\u00f4n ng\u1eef b\u1ea3n \u0111\u1ecba c\u1ee7a qu\u00fd v\u1ecb l\u00e0 g\u00ec trong K\u1ebf Ho\u1ea1ch IPP. V\u00ed d\u1ee5: n\u1ebfu qu\u00fd v\u1ecb n\u00f3i ho\u1eb7c th\u00edch n\u00f3i ti\u1ebfng H\u00e0n h\u01a1n, trung t\u00e2m khu v\u1ef1c ph\u1ea3i n\u00eau ng\u00f4n ng\u1eef b\u1ea3n \u0111\u1ecba c\u1ee7a qu\u00fd v\u1ecb trong K\u1ebf Ho\u1ea1ch IPP l\u00e0 ti\u1ebfng H\u00e0n. <span class=\"footnote_referrer\"><a role=\"button\" tabindex=\"0\" onclick=\"footnote_moveToReference_1248_1('footnote_plugin_reference_1248_1_1');\" onkeypress=\"footnote_moveToReference_1248_1('footnote_plugin_reference_1248_1_1');\" ><sup id=\"footnote_plugin_tooltip_1248_1_1\" class=\"footnote_plugin_tooltip_text\">[1]<\/sup><\/a><span id=\"footnote_plugin_tooltip_text_1248_1_1\" class=\"footnote_tooltip\">M\u1ee5c 4646(j)(3).<\/span><\/span><script type=\"text\/javascript\"> jQuery('#footnote_plugin_tooltip_1248_1_1').tooltip({ tip: '#footnote_plugin_tooltip_text_1248_1_1', tipClass: 'footnote_tooltip', effect: 'fade', predelay: 0, fadeInSpeed: 200, delay: 400, fadeOutSpeed: 200, position: 'top center', relative: true, offset: [-7, 0], });<\/script><\/p>\n\n\n\n<p>N\u1ebfu qu\u00fd v\u1ecb l\u00e0 ph\u1ee5 huynh c\u1ee7a tr\u1ebb v\u1ecb th\u00e0nh ni\u00ean l\u00e0 kh\u00e1ch h\u00e0ng c\u1ee7a trung t\u00e2m khu v\u1ef1c ho\u1eb7c ng\u01b0\u1eddi gi\u00e1m h\u1ed9 c\u1ee7a kh\u00e1ch h\u00e0ng tr\u01b0\u1edfng th\u00e0nh c\u1ee7a trung t\u00e2m khu v\u1ef1c, th\u00ec trung t\u00e2m khu v\u1ef1c c\u0169ng ph\u1ea3i x\u00e1c nh\u1eadn ng\u00f4n ng\u1eef b\u1ea3n \u0111\u1ecba c\u1ee7a qu\u00fd v\u1ecb trong K\u1ebf Ho\u1ea1ch IPP.&nbsp;<\/p>\n\n\n\n<p>Cho \u0111i\u1ec1u ph\u1ed1i vi\u00ean d\u1ecbch v\u1ee5 c\u1ee7a qu\u00fd v\u1ecb bi\u1ebft r\u1eb1ng trung t\u00e2m khu v\u1ef1c ph\u1ea3i bi\u00ean d\u1ecbch th\u00f4ng tin v\u00e0 h\u1ed3 s\u01a1 sang ng\u00f4n ng\u1eef b\u1ea3n \u0111\u1ecba c\u1ee7a qu\u00fd v\u1ecb.&nbsp; Qu\u00fd v\u1ecb c\u00f3 th\u1ec3 th\u1ef1c hi\u1ec7n vi\u1ec7c n\u00e0y b\u1eb1ng c\u00e1ch g\u1eedi cho h\u1ecd m\u1ed9t l\u00e1 th\u01b0 cho bi\u1ebft b\u1ea3n d\u1ecbch ng\u00f4n ng\u1eef qu\u00fd v\u1ecb c\u1ea7n. M\u1eabu th\u01b0 c\u00f3 \u1edf b\u00ean d\u01b0\u1edbi:<\/p>\n\n\n\n<p>_______________________________________<br>T\u00ean<\/p>\n\n\n\n<p>_____________________________________<br>\u0110\u1ecba Ch\u1ec9<\/p>\n\n\n\n<p>__________________________________<br>S\u1ed1 \u0110i\u1ec7n Tho\u1ea1i<\/p>\n\n\n\n<p>_____________________________<br>Email<\/p>\n\n\n\n<p>Ng\u00e0y: _______________<\/p>\n\n\n\n<p>Ng\u01b0\u1eddi Nh\u1eadn: ______________________________________ \u0110i\u1ec1u Ph\u1ed1i Vi\u00ean Gi\u00e1o D\u1ee5c \u0110\u1eb7c Bi\u1ec7t qua \u0111\u1ecba ch\u1ec9; email; ho\u1eb7c fax<\/p>\n\n\n\n<p>V\u1ec1 vi\u1ec7c:<\/p>\n\n\n\n<p>Y\u00eau C\u1ea7u Th\u00f4ng Tin B\u1eb1ng Ng\u00f4n Ng\u1eef B\u1ea3n \u0110\u1ecba c\u1ee7a T\u00f4i Cho: _______________ T\u00ean Kh\u00e1ch H\u00e0ng<\/p>\n\n\n\n<p>C\u1ee7a Trung T\u00e2m Khu V\u1ef1c<\/p>\n\n\n\n<p>T\u00f4i y\u00eau c\u1ea7u s\u1eeda \u0111\u1ed5i IPP \u0111\u1ec3 bao g\u1ed3m m\u1ed9t b\u1ea3n khai trong \u0111\u00f3 _________________\u00a0l\u00e0 ng\u00f4n ng\u1eef b\u1ea3n \u0111\u1ecba c\u1ee7a ch\u00fang t\u00f4i.<\/p>\n\n\n\n<p>T\u00f4i y\u00eau c\u1ea7u qu\u00e1 tr\u00ecnh ho\u1ea1ch \u0111\u1ecbnh v\u00e0 ph\u00e1t tri\u1ec3n IPP c\u1ee7a t\u00f4i ph\u1ea3i \u0111\u01b0\u1ee3c ti\u1ebfn h\u00e0nh b\u1eb1ng ng\u00f4n ng\u1eef b\u1ea3n \u0111\u1ecba c\u1ee7a t\u00f4i. B\u1ed9 Lu\u1eadt Ph\u00fac L\u1ee3i &amp; \u0110\u1ecbnh Ch\u1ebf M\u1ee5c 4646(h)(1).<\/p>\n\n\n\n<p>Ngo\u00e0i ra, vui l\u00f2ng cung c\u1ea5p cho t\u00f4i b\u1ea3n sao IPP \u0111\u00e3 \u0111\u01b0\u1ee3c d\u1ecbch sang ng\u00f4n ng\u1eef b\u1ea3n \u0111\u1ecba c\u1ee7a t\u00f4i trong th\u1eddi gian theo lu\u1eadt \u0111\u1ecbnh. B\u1ed9 Lu\u1eadt Ph\u00fac L\u1ee3i &amp; \u0110\u1ecbnh Ch\u1ebf M\u1ee5c 4646(h)(2) v\u00e0 4646.5(a)(5).<\/p>\n\n\n\n<p>Tr\u00e2n tr\u1ecdng,<\/p>\n\n\n\n<p>_________________________________________ <br>T\u00ean<\/p>\n<div class=\"speaker-mute footnotes_reference_container\"> <div class=\"footnote_container_prepare\"><p><span role=\"button\" tabindex=\"0\" class=\"footnote_reference_container_label pointer\" onclick=\"footnote_expand_collapse_reference_container_1248_1();\">&#x202F;<\/span><span role=\"button\" tabindex=\"0\" class=\"footnote_reference_container_collapse_button\" style=\"display: none;\" onclick=\"footnote_expand_collapse_reference_container_1248_1();\">[<a id=\"footnote_reference_container_collapse_button_1248_1\">+<\/a>]<\/span><\/p><\/div> <div id=\"footnote_references_container_1248_1\" style=\"\"><table class=\"footnotes_table footnote-reference-container\"><caption class=\"accessibility\">References<\/caption> <tbody> \r\n\r\n<tr class=\"footnotes_plugin_reference_row\"> <th scope=\"row\" class=\"footnote_plugin_index_combi pointer\"  onclick=\"footnote_moveToAnchor_1248_1('footnote_plugin_tooltip_1248_1_1');\"><a id=\"footnote_plugin_reference_1248_1_1\" class=\"footnote_backlink\"><span class=\"footnote_index_arrow\">&#8593;<\/span>1<\/a><\/th> <td class=\"footnote_plugin_text\">M\u1ee5c 4646(j)(3).<\/td><\/tr>\r\n\r\n <\/tbody> <\/table> <\/div><\/div><script type=\"text\/javascript\"> function footnote_expand_reference_container_1248_1() { jQuery('#footnote_references_container_1248_1').show(); jQuery('#footnote_reference_container_collapse_button_1248_1').text('\u2212'); } function footnote_collapse_reference_container_1248_1() { jQuery('#footnote_references_container_1248_1').hide(); jQuery('#footnote_reference_container_collapse_button_1248_1').text('+'); } function footnote_expand_collapse_reference_container_1248_1() { if (jQuery('#footnote_references_container_1248_1').is(':hidden')) { footnote_expand_reference_container_1248_1(); } else { footnote_collapse_reference_container_1248_1(); } } function footnote_moveToReference_1248_1(p_str_TargetID) { footnote_expand_reference_container_1248_1(); var l_obj_Target = jQuery('#' + p_str_TargetID); if (l_obj_Target.length) { jQuery( 'html, body' ).delay( 0 ); jQuery('html, body').animate({ scrollTop: l_obj_Target.offset().top - window.innerHeight * 0.2 }, 380); } } function footnote_moveToAnchor_1248_1(p_str_TargetID) { footnote_expand_reference_container_1248_1(); var l_obj_Target = jQuery('#' + p_str_TargetID); if (l_obj_Target.length) { jQuery( 'html, body' ).delay( 0 ); jQuery('html, body').animate({ scrollTop: l_obj_Target.offset().top - window.innerHeight * 0.2 }, 380); } }<\/script>","protected":false},"excerpt":{"rendered":"<p>C\u00f3. Trung t\u00e2m khu v\u1ef1c ph\u1ea3i n\u00eau r\u00f5 ng\u00f4n ng\u1eef b\u1ea3n \u0111\u1ecba c\u1ee7a qu\u00fd v\u1ecb l\u00e0 g\u00ec trong K\u1ebf Ho\u1ea1ch IPP. V\u00ed d\u1ee5: n\u1ebfu qu\u00fd&hellip;<\/p>\n","protected":false},"author":1,"featured_media":0,"parent":1193,"menu_order":25,"comment_status":"closed","ping_status":"closed","template":"","meta":{"footnotes":""},"class_list":["post-1248","page","type-page","status-publish","hentry"],"_links":{"self":[{"href":"https:\/\/rula.disabilityrightsca.org\/vi\/wp-json\/wp\/v2\/pages\/1248","targetHints":{"allow":["GET"]}}],"collection":[{"href":"https:\/\/rula.disabilityrightsca.org\/vi\/wp-json\/wp\/v2\/pages"}],"about":[{"href":"https:\/\/rula.disabilityrightsca.org\/vi\/wp-json\/wp\/v2\/types\/page"}],"author":[{"embeddable":true,"href":"https:\/\/rula.disabilityrightsca.org\/vi\/wp-json\/wp\/v2\/users\/1"}],"replies":[{"embeddable":true,"href":"https:\/\/rula.disabilityrightsca.org\/vi\/wp-json\/wp\/v2\/comments?post=1248"}],"version-history":[{"count":5,"href":"https:\/\/rula.disabilityrightsca.org\/vi\/wp-json\/wp\/v2\/pages\/1248\/revisions"}],"predecessor-version":[{"id":3890,"href":"https:\/\/rula.disabilityrightsca.org\/vi\/wp-json\/wp\/v2\/pages\/1248\/revisions\/3890"}],"up":[{"embeddable":true,"href":"https:\/\/rula.disabilityrightsca.org\/vi\/wp-json\/wp\/v2\/pages\/1193"}],"wp:attachment":[{"href":"https:\/\/rula.disabilityrightsca.org\/vi\/wp-json\/wp\/v2\/media?parent=1248"}],"curies":[{"name":"wp","href":"https:\/\/api.w.org\/{rel}","templated":true}]}}