{"id":1246,"date":"2021-06-10T18:32:41","date_gmt":"2021-06-10T18:32:41","guid":{"rendered":"http:\/\/www.rula.disabilityrightsca.org\/vi\/?page_id=1246"},"modified":"2024-10-09T18:17:46","modified_gmt":"2024-10-09T18:17:46","slug":"what-if-i-need-more-than-one-meeting-to-develop-my-ipp","status":"publish","type":"page","link":"https:\/\/rula.disabilityrightsca.org\/vi\/rula-book\/chapter-4-individual-program-plans\/what-if-i-need-more-than-one-meeting-to-develop-my-ipp\/","title":{"rendered":"(4.25) N\u1ebfu t\u00f4i lo l\u1eafng v\u1ec1 vi\u1ec7c n\u1eafm b\u1eaft m\u1ecdi di\u1ec5n bi\u1ebfn trong cu\u1ed9c h\u1ecdp IPP th\u00ec sao?"},"content":{"rendered":"\n<p>Sau \u0111\u00e2y l\u00e0 nh\u1eefng \u0111i\u1ec1u qu\u00fd v\u1ecb c\u00f3 th\u1ec3 l\u00e0m \u0111\u1ec3 n\u1eafm b\u1eaft di\u1ec5n bi\u1ebfn c\u1ee7a cu\u1ed9c h\u1ecdp:<\/p>\n\n\n\n<ul class=\"wp-block-list\"><li>\u0110\u01b0a m\u1ed9t ng\u01b0\u1eddi theo c\u00f9ng qu\u00fd v\u1ecb \u0111\u1ec3 gi\u00fap vi\u1ebft ghi ch\u00fa v\u00e0 gi\u00fap qu\u00fd v\u1ecb theo d\u00f5i di\u1ec5n bi\u1ebfn.<\/li><li>Chu\u1ea9n b\u1ecb tr\u01b0\u1edbc cu\u1ed9c h\u1ecdp <em>(Xem Th\u00f4ng Tin Tr\u1ee3 Gi\u00fap L\u1eadp K\u1ebf Ho\u1ea1ch IPP trong <\/em><a href=\"https:\/\/rula.disabilityrightsca.org\/supplements\/supplement-i-ipp-meeting-planner\/\"><em>Ph\u1ee5 L\u1ee5c I<\/em><\/a><em>).<\/em><\/li><li>Y\u00eau c\u1ea7u trung t\u00e2m khu v\u1ef1c mang theo gi\u00e1 \u0111\u1ee1 k\u00e8m gi\u1ea5y kh\u1ed5 l\u1edbn, b\u00fat d\u1ea1 v\u00e0 b\u0103ng d\u00ednh. Nh\u1edd m\u1ed9t ng\u01b0\u1eddi vi\u1ebft ghi ch\u00fa tr\u00ean gi\u1ea5y kh\u1ed5 l\u1edbn v\u00e0 d\u00e1n nh\u1eefng t\u1edd gi\u1ea5y \u0111\u00f3 l\u00ean t\u01b0\u1eddng \u0111\u1ec3 m\u1ecdi ng\u01b0\u1eddi c\u00f3 th\u1ec3 xem ghi ch\u00fa c\u1ee7a cu\u1ed9c h\u1ecdp.<\/li><li>N\u1ebfu qu\u00fd v\u1ecb c\u00f3 c\u00e1c \u0111\u00e1nh gi\u00e1 ho\u1eb7c b\u00e1o c\u00e1o gi\u00fap qu\u00fd v\u1ecb nh\u1eadn d\u1ecbch v\u1ee5 qu\u00fd v\u1ecb \u0111ang y\u00eau c\u1ea7u, h\u00e3y mang theo b\u1ea3n sao \u0111\u1ebfn cu\u1ed9c h\u1ecdp.<\/li><\/ul>\n\n\n\n<p>Ngo\u00e0i ra, v\u00e0o cu\u1ed1i cu\u1ed9c h\u1ecdp, trung t\u00e2m khu v\u1ef1c ph\u1ea3i cung c\u1ea5p cho qu\u00fd v\u1ecb danh s\u00e1ch c\u00e1c d\u1ecbch v\u1ee5 v\u00e0 s\u1ef1 h\u1ed7 tr\u1ee3 m\u00e0 c\u1ea3 hai b\u00ean \u0111\u00e3 th\u1ed1ng nh\u1ea5t trong cu\u1ed9c h\u1ecdp.<span class=\"footnote_referrer\"><a role=\"button\" tabindex=\"0\" onclick=\"footnote_moveToReference_1246_1('footnote_plugin_reference_1246_1_1');\" onkeypress=\"footnote_moveToReference_1246_1('footnote_plugin_reference_1246_1_1');\" ><sup id=\"footnote_plugin_tooltip_1246_1_1\" class=\"footnote_plugin_tooltip_text\">[1]<\/sup><\/a><span id=\"footnote_plugin_tooltip_text_1246_1_1\" class=\"footnote_tooltip\">M\u1ee5c 4646(g)<\/span><\/span><script type=\"text\/javascript\"> jQuery('#footnote_plugin_tooltip_1246_1_1').tooltip({ tip: '#footnote_plugin_tooltip_text_1246_1_1', tipClass: 'footnote_tooltip', effect: 'fade', predelay: 0, fadeInSpeed: 200, delay: 400, fadeOutSpeed: 200, position: 'top center', relative: true, offset: [-7, 0], });<\/script> Danh s\u00e1ch ph\u1ea3i n\u00eau:<\/p>\n\n\n\n<ul class=\"wp-block-list\"><li>th\u1eddi \u0111i\u1ec3m c\u00f3 th\u1ec3 b\u1eaft \u0111\u1ea7u d\u1ecbch v\u1ee5,<\/li><li>t\u1ea7n su\u1ea5t qu\u00fd v\u1ecb nh\u1eadn d\u1ecbch v\u1ee5 v\u00e0 th\u1eddi l\u01b0\u1ee3ng d\u1ecbch v\u1ee5, v\u00e0<\/li><li>nh\u00e0 cung c\u1ea5p d\u1ecbch v\u1ee5 (n\u1ebfu \u0111\u00e3 x\u00e1c \u0111\u1ecbnh).<\/li><\/ul>\n\n\n\n<p>Qu\u00fd v\u1ecb ho\u1eb7c ng\u01b0\u1eddi \u0111\u1ea1i di\u1ec7n cho qu\u00fd v\u1ecb s\u1ebd c\u1ea7n ph\u1ea3i k\u00fd v\u00e0o danh s\u00e1ch c\u00e1c d\u1ecbch v\u1ee5 v\u00e0 s\u1ef1 h\u1ed7 tr\u1ee3 \u0111\u00e3 th\u1ed1ng nh\u1ea5t tr\u01b0\u1edbc khi b\u1eaft \u0111\u1ea7u c\u00e1c d\u1ecbch v\u1ee5 v\u00e0 s\u1ef1 h\u1ed7 tr\u1ee3 \u0111\u00f3. Trung t\u00e2m khu v\u1ef1c c\u1ea7n ph\u1ea3i cung c\u1ea5p danh s\u00e1ch n\u00e0y b\u1eb1ng v\u0103n b\u1ea3n ho\u1eb7c qua ph\u01b0\u01a1ng ti\u1ec7n \u0111i\u1ec7n t\u1eed. Danh s\u00e1ch c\u0169ng ph\u1ea3i \u0111\u01b0\u1ee3c l\u1eadp b\u1eb1ng ng\u00f4n ng\u1eef b\u1ea3n \u0111\u1ecba c\u1ee7a qu\u00fd v\u1ecb. N\u1ebfu qu\u00fd v\u1ecb kh\u00f4ng \u0111\u1ed3ng \u00fd v\u1edbi c\u00e1c d\u1ecbch v\u1ee5 t\u1ea1i cu\u1ed9c h\u1ecdp IPP, qu\u00fd v\u1ecb c\u00f3 th\u1ec3 ho\u00e3n vi\u1ec7c nh\u1eadn danh s\u00e1ch s\u1ef1 h\u1ed7 tr\u1ee3 v\u00e0 d\u1ecbch v\u1ee5 cho \u0111\u1ebfn khi qu\u00fd v\u1ecb \u0111\u1ed3ng \u00fd. Trung t\u00e2m khu v\u1ef1c ph\u1ea3i t\u1ed5 ch\u1ee9c m\u1ed9t cu\u1ed9c h\u1ecdp IPP kh\u00e1c trong v\u00f2ng 15 ng\u00e0y (ho\u1eb7c mu\u1ed9n h\u01a1n n\u1ebfu qu\u00fd v\u1ecb mu\u1ed1n) \u0111\u1ec3 \u0111\u1ea1t \u0111\u01b0\u1ee3c th\u1ecfa thu\u1eadn cu\u1ed1i c\u00f9ng. \u0110\u1ebfn th\u1eddi \u0111i\u1ec3m \u0111\u00f3, trung t\u00e2m khu v\u1ef1c ph\u1ea3i cung c\u1ea5p cho qu\u00fd v\u1ecb m\u1ed9t danh s\u00e1ch s\u1ef1 h\u1ed7 tr\u1ee3 v\u00e0 d\u1ecbch v\u1ee5 b\u1eb1ng ng\u00f4n ng\u1eef b\u1ea3n \u0111\u1ecba c\u1ee7a qu\u00fd v\u1ecb. <span class=\"footnote_referrer\"><a role=\"button\" tabindex=\"0\" onclick=\"footnote_moveToReference_1246_1('footnote_plugin_reference_1246_1_2');\" onkeypress=\"footnote_moveToReference_1246_1('footnote_plugin_reference_1246_1_2');\" ><sup id=\"footnote_plugin_tooltip_1246_1_2\" class=\"footnote_plugin_tooltip_text\">[2]<\/sup><\/a><span id=\"footnote_plugin_tooltip_text_1246_1_2\" class=\"footnote_tooltip\">M\u1ee5c 4646(h)<\/span><\/span><script type=\"text\/javascript\"> jQuery('#footnote_plugin_tooltip_1246_1_2').tooltip({ tip: '#footnote_plugin_tooltip_text_1246_1_2', tipClass: 'footnote_tooltip', effect: 'fade', predelay: 0, fadeInSpeed: 200, delay: 400, fadeOutSpeed: 200, position: 'top center', relative: true, offset: [-7, 0], });<\/script><\/p>\n<div class=\"speaker-mute footnotes_reference_container\"> <div class=\"footnote_container_prepare\"><p><span role=\"button\" tabindex=\"0\" class=\"footnote_reference_container_label pointer\" onclick=\"footnote_expand_collapse_reference_container_1246_1();\">&#x202F;<\/span><span role=\"button\" tabindex=\"0\" class=\"footnote_reference_container_collapse_button\" style=\"display: none;\" onclick=\"footnote_expand_collapse_reference_container_1246_1();\">[<a id=\"footnote_reference_container_collapse_button_1246_1\">+<\/a>]<\/span><\/p><\/div> <div id=\"footnote_references_container_1246_1\" style=\"\"><table class=\"footnotes_table footnote-reference-container\"><caption class=\"accessibility\">References<\/caption> <tbody> \r\n\r\n<tr class=\"footnotes_plugin_reference_row\"> <th scope=\"row\" class=\"footnote_plugin_index_combi pointer\"  onclick=\"footnote_moveToAnchor_1246_1('footnote_plugin_tooltip_1246_1_1');\"><a id=\"footnote_plugin_reference_1246_1_1\" class=\"footnote_backlink\"><span class=\"footnote_index_arrow\">&#8593;<\/span>1<\/a><\/th> <td class=\"footnote_plugin_text\">M\u1ee5c 4646(g)<\/td><\/tr>\r\n\r\n<tr class=\"footnotes_plugin_reference_row\"> <th scope=\"row\" class=\"footnote_plugin_index_combi pointer\"  onclick=\"footnote_moveToAnchor_1246_1('footnote_plugin_tooltip_1246_1_2');\"><a id=\"footnote_plugin_reference_1246_1_2\" class=\"footnote_backlink\"><span class=\"footnote_index_arrow\">&#8593;<\/span>2<\/a><\/th> <td class=\"footnote_plugin_text\">M\u1ee5c 4646(h)<\/td><\/tr>\r\n\r\n <\/tbody> <\/table> <\/div><\/div><script type=\"text\/javascript\"> function footnote_expand_reference_container_1246_1() { jQuery('#footnote_references_container_1246_1').show(); jQuery('#footnote_reference_container_collapse_button_1246_1').text('\u2212'); } function footnote_collapse_reference_container_1246_1() { jQuery('#footnote_references_container_1246_1').hide(); jQuery('#footnote_reference_container_collapse_button_1246_1').text('+'); } function footnote_expand_collapse_reference_container_1246_1() { if (jQuery('#footnote_references_container_1246_1').is(':hidden')) { footnote_expand_reference_container_1246_1(); } else { footnote_collapse_reference_container_1246_1(); } } function footnote_moveToReference_1246_1(p_str_TargetID) { footnote_expand_reference_container_1246_1(); var l_obj_Target = jQuery('#' + p_str_TargetID); if (l_obj_Target.length) { jQuery( 'html, body' ).delay( 0 ); jQuery('html, body').animate({ scrollTop: l_obj_Target.offset().top - window.innerHeight * 0.2 }, 380); } } function footnote_moveToAnchor_1246_1(p_str_TargetID) { footnote_expand_reference_container_1246_1(); var l_obj_Target = jQuery('#' + p_str_TargetID); if (l_obj_Target.length) { jQuery( 'html, body' ).delay( 0 ); jQuery('html, body').animate({ scrollTop: l_obj_Target.offset().top - window.innerHeight * 0.2 }, 380); } }<\/script>","protected":false},"excerpt":{"rendered":"<p>Sau \u0111\u00e2y l\u00e0 nh\u1eefng \u0111i\u1ec1u qu\u00fd v\u1ecb c\u00f3 th\u1ec3 l\u00e0m \u0111\u1ec3 n\u1eafm b\u1eaft di\u1ec5n bi\u1ebfn c\u1ee7a cu\u1ed9c h\u1ecdp: \u0110\u01b0a m\u1ed9t ng\u01b0\u1eddi theo c\u00f9ng qu\u00fd v\u1ecb&hellip;<\/p>\n","protected":false},"author":1,"featured_media":0,"parent":1193,"menu_order":24,"comment_status":"closed","ping_status":"closed","template":"","meta":{"footnotes":""},"class_list":["post-1246","page","type-page","status-publish","hentry"],"_links":{"self":[{"href":"https:\/\/rula.disabilityrightsca.org\/vi\/wp-json\/wp\/v2\/pages\/1246","targetHints":{"allow":["GET"]}}],"collection":[{"href":"https:\/\/rula.disabilityrightsca.org\/vi\/wp-json\/wp\/v2\/pages"}],"about":[{"href":"https:\/\/rula.disabilityrightsca.org\/vi\/wp-json\/wp\/v2\/types\/page"}],"author":[{"embeddable":true,"href":"https:\/\/rula.disabilityrightsca.org\/vi\/wp-json\/wp\/v2\/users\/1"}],"replies":[{"embeddable":true,"href":"https:\/\/rula.disabilityrightsca.org\/vi\/wp-json\/wp\/v2\/comments?post=1246"}],"version-history":[{"count":5,"href":"https:\/\/rula.disabilityrightsca.org\/vi\/wp-json\/wp\/v2\/pages\/1246\/revisions"}],"predecessor-version":[{"id":3891,"href":"https:\/\/rula.disabilityrightsca.org\/vi\/wp-json\/wp\/v2\/pages\/1246\/revisions\/3891"}],"up":[{"embeddable":true,"href":"https:\/\/rula.disabilityrightsca.org\/vi\/wp-json\/wp\/v2\/pages\/1193"}],"wp:attachment":[{"href":"https:\/\/rula.disabilityrightsca.org\/vi\/wp-json\/wp\/v2\/media?parent=1246"}],"curies":[{"name":"wp","href":"https:\/\/api.w.org\/{rel}","templated":true}]}}