{"id":1244,"date":"2021-06-10T18:31:38","date_gmt":"2021-06-10T18:31:38","guid":{"rendered":"http:\/\/www.rula.disabilityrightsca.org\/vi\/?page_id=1244"},"modified":"2024-10-09T18:18:05","modified_gmt":"2024-10-09T18:18:05","slug":"what-if-the-person-from-the-regional-center-says-they-do-not-have-the-authority-to-decide","status":"publish","type":"page","link":"https:\/\/rula.disabilityrightsca.org\/vi\/rula-book\/chapter-4-individual-program-plans\/what-if-the-person-from-the-regional-center-says-they-do-not-have-the-authority-to-decide\/","title":{"rendered":"(4.24) Ngo\u00e0i lu\u1eadt ti\u1ec3u bang, c\u00f2n lu\u1eadt n\u00e0o kh\u00e1c c\u1ea5p cho t\u00f4i quy\u1ec1n giao ti\u1ebfp?"},"content":{"rendered":"\n<p>C\u01a1 quan ti\u1ec3u bang gi\u00e1m s\u00e1t c\u00e1c trung t\u00e2m khu v\u1ef1c &#8211; S\u1edf D\u1ecbch V\u1ee5 Ph\u00e1t Tri\u1ec3n (Department of Developmental Services, DDS) &#8211; l\u00e0 m\u1ed9t t\u1ed5 ch\u1ee9c c\u00f4ng theo Ti\u00eau \u0110\u1ec1 II trong \u0110\u1ea1o Lu\u1eadt Ng\u01b0\u1eddi M\u1ef9 Khuy\u1ebft T\u1eadt (Americans with Disabilities Act, ADA).&nbsp; Theo Ti\u00eau \u0110\u1ec1 II, c\u00e1c t\u1ed5 ch\u1ee9c c\u00f4ng ph\u1ea3i cung c\u1ea5p tr\u1ee3 gi\u00fap v\u00e0 d\u1ecbch v\u1ee5 b\u1ed5 tr\u1ee3 th\u00edch h\u1ee3p cho ng\u01b0\u1eddi khuy\u1ebft t\u1eadt. <span class=\"footnote_referrer\"><a role=\"button\" tabindex=\"0\" onclick=\"footnote_moveToReference_1244_1('footnote_plugin_reference_1244_1_1');\" onkeypress=\"footnote_moveToReference_1244_1('footnote_plugin_reference_1244_1_1');\" ><sup id=\"footnote_plugin_tooltip_1244_1_1\" class=\"footnote_plugin_tooltip_text\">[1]<\/sup><\/a><span id=\"footnote_plugin_tooltip_text_1244_1_1\" class=\"footnote_tooltip\">42 U.S.C. m\u1ee5c 12132 v\u00e0 c\u00e1c m\u1ee5c ti\u1ebfp theo<\/span><\/span><script type=\"text\/javascript\"> jQuery('#footnote_plugin_tooltip_1244_1_1').tooltip({ tip: '#footnote_plugin_tooltip_text_1244_1_1', tipClass: 'footnote_tooltip', effect: 'fade', predelay: 0, fadeInSpeed: 200, delay: 400, fadeOutSpeed: 200, position: 'top center', relative: true, offset: [-7, 0], });<\/script>&nbsp;&nbsp; V\u00ec DDS k\u00fd h\u1ee3p \u0111\u1ed3ng v\u1edbi trung t\u00e2m khu v\u1ef1c \u0111\u1ec3 cung c\u1ea5p d\u1ecbch v\u1ee5 cho ng\u01b0\u1eddi b\u1ecb khuy\u1ebft t\u1eadt ph\u00e1t tri\u1ec3n n\u00ean trung t\u00e2m khu v\u1ef1c c\u0169ng nh\u01b0 DDS b\u1ecb c\u1ea5m ph\u00e2n bi\u1ec7t \u0111\u1ed1i x\u1eed \u0111\u1ed1i v\u1edbi c\u00e1 nh\u00e2n b\u1ecb khuy\u1ebft t\u1eadt.&nbsp; <span class=\"footnote_referrer\"><a role=\"button\" tabindex=\"0\" onclick=\"footnote_moveToReference_1244_1('footnote_plugin_reference_1244_1_2');\" onkeypress=\"footnote_moveToReference_1244_1('footnote_plugin_reference_1244_1_2');\" ><sup id=\"footnote_plugin_tooltip_1244_1_2\" class=\"footnote_plugin_tooltip_text\">[2]<\/sup><\/a><span id=\"footnote_plugin_tooltip_text_1244_1_2\" class=\"footnote_tooltip\">42 U.S.C. M\u1ee5c 12132; 28 C.F.R. m\u1ee5c 35.130(a) v\u00e0 (b)(1) <\/span><\/span><script type=\"text\/javascript\"> jQuery('#footnote_plugin_tooltip_1244_1_2').tooltip({ tip: '#footnote_plugin_tooltip_text_1244_1_2', tipClass: 'footnote_tooltip', effect: 'fade', predelay: 0, fadeInSpeed: 200, delay: 400, fadeOutSpeed: 200, position: 'top center', relative: true, offset: [-7, 0], });<\/script> \u0110i\u1ec1u \u0111\u00f3 ngh\u0129a l\u00e0 d\u1ecbch v\u1ee5 c\u1ee7a trung t\u00e2m khu v\u1ef1c ph\u1ea3i bao g\u1ed3m tr\u1ee3 gi\u00fap v\u00e0 d\u1ecbch v\u1ee5 b\u1ed5 tr\u1ee3 th\u00edch h\u1ee3p n\u1ebfu c\u1ea7n. Khi quy\u1ebft \u0111\u1ecbnh ph\u01b0\u01a1ng th\u1ee9c giao ti\u1ebfp v\u1edbi qu\u00fd v\u1ecb, trung t\u00e2m khu v\u1ef1c ph\u1ea3i xem x\u00e9t tr\u1ee3 gi\u00fap v\u00e0 d\u1ecbch v\u1ee5 b\u1ed5 tr\u1ee3 m\u00e0 qu\u00fd v\u1ecb y\u00eau c\u1ea7u.&nbsp; <span class=\"footnote_referrer\"><a role=\"button\" tabindex=\"0\" onclick=\"footnote_moveToReference_1244_1('footnote_plugin_reference_1244_1_3');\" onkeypress=\"footnote_moveToReference_1244_1('footnote_plugin_reference_1244_1_3');\" ><sup id=\"footnote_plugin_tooltip_1244_1_3\" class=\"footnote_plugin_tooltip_text\">[3]<\/sup><\/a><span id=\"footnote_plugin_tooltip_text_1244_1_3\" class=\"footnote_tooltip\">42 U.S.C. m\u1ee5c 12131; xem th\u00eam 28 C.F.R. m\u1ee5c 35.160(b).<\/span><\/span><script type=\"text\/javascript\"> jQuery('#footnote_plugin_tooltip_1244_1_3').tooltip({ tip: '#footnote_plugin_tooltip_text_1244_1_3', tipClass: 'footnote_tooltip', effect: 'fade', predelay: 0, fadeInSpeed: 200, delay: 400, fadeOutSpeed: 200, position: 'top center', relative: true, offset: [-7, 0], });<\/script><\/p>\n\n\n\n<p>Trung t\u00e2m khu v\u1ef1c ch\u1ec9 c\u00f3 th\u1ec3 tr\u00e1nh ch\u1ecbu c\u00e1c tr\u00e1ch nhi\u1ec7m n\u00e0y n\u1ebfu h\u1ecd c\u00f3 th\u1ec3 ch\u1ee9ng minh \u0111\u01b0\u1ee3c vi\u1ec7c tu\u00e2n th\u1ee7 \u0111\u00f3 s\u1ebd l\u00e0m thay \u0111\u1ed5i c\u0103n b\u1ea3n c\u00e1c d\u1ecbch v\u1ee5 trung t\u00e2m khu v\u1ef1c \u0111ang cung c\u1ea5p ho\u1eb7c s\u1ebd g\u00e2y kh\u00f3 kh\u0103n qu\u00e1 m\u1ee9c cho trung t\u00e2m khu v\u1ef1c <span class=\"footnote_referrer\"><a role=\"button\" tabindex=\"0\" onclick=\"footnote_moveToReference_1244_1('footnote_plugin_reference_1244_1_4');\" onkeypress=\"footnote_moveToReference_1244_1('footnote_plugin_reference_1244_1_4');\" ><sup id=\"footnote_plugin_tooltip_1244_1_4\" class=\"footnote_plugin_tooltip_text\">[4]<\/sup><\/a><span id=\"footnote_plugin_tooltip_text_1244_1_4\" class=\"footnote_tooltip\"> 28 C.F.R m\u1ee5c 35.150(a)(3).<\/span><\/span><script type=\"text\/javascript\"> jQuery('#footnote_plugin_tooltip_1244_1_4').tooltip({ tip: '#footnote_plugin_tooltip_text_1244_1_4', tipClass: 'footnote_tooltip', effect: 'fade', predelay: 0, fadeInSpeed: 200, delay: 400, fadeOutSpeed: 200, position: 'top center', relative: true, offset: [-7, 0], });<\/script><\/p>\n\n\n\n<p>N\u1ebfu qu\u00fd v\u1ecb cho r\u1eb1ng trung t\u00e2m khu v\u1ef1c \u0111ang vi ph\u1ea1m ADA, qu\u00fd v\u1ecb n\u00ean n\u1ed9p \u0111\u01a1n khi\u1ebfu n\u1ea1i v\u1edbi S\u1edf T\u01b0 Ph\u00e1p; qu\u00fd v\u1ecb c\u00f3 th\u1ec3 t\u00ecm th\u1ea5y th\u00f4ng tin v\u1ec1 c\u00e1ch n\u1ed9p \u0111\u01a1n khi\u1ebfu n\u1ea1i ADA t\u1ea1i <a href=\"https:\/\/www.ada.gov\/file-a-complaint\/\">https:\/\/www.ada.gov\/file-a-complaint\/<\/a>.&nbsp;&nbsp;<\/p>\n<div class=\"speaker-mute footnotes_reference_container\"> <div class=\"footnote_container_prepare\"><p><span role=\"button\" tabindex=\"0\" class=\"footnote_reference_container_label pointer\" onclick=\"footnote_expand_collapse_reference_container_1244_1();\">&#x202F;<\/span><span role=\"button\" tabindex=\"0\" class=\"footnote_reference_container_collapse_button\" style=\"display: none;\" onclick=\"footnote_expand_collapse_reference_container_1244_1();\">[<a id=\"footnote_reference_container_collapse_button_1244_1\">+<\/a>]<\/span><\/p><\/div> <div id=\"footnote_references_container_1244_1\" style=\"\"><table class=\"footnotes_table footnote-reference-container\"><caption class=\"accessibility\">References<\/caption> <tbody> \r\n\r\n<tr class=\"footnotes_plugin_reference_row\"> <th scope=\"row\" class=\"footnote_plugin_index_combi pointer\"  onclick=\"footnote_moveToAnchor_1244_1('footnote_plugin_tooltip_1244_1_1');\"><a id=\"footnote_plugin_reference_1244_1_1\" class=\"footnote_backlink\"><span class=\"footnote_index_arrow\">&#8593;<\/span>1<\/a><\/th> <td class=\"footnote_plugin_text\">42 U.S.C. m\u1ee5c 12132 v\u00e0 c\u00e1c m\u1ee5c ti\u1ebfp theo<\/td><\/tr>\r\n\r\n<tr class=\"footnotes_plugin_reference_row\"> <th scope=\"row\" class=\"footnote_plugin_index_combi pointer\"  onclick=\"footnote_moveToAnchor_1244_1('footnote_plugin_tooltip_1244_1_2');\"><a id=\"footnote_plugin_reference_1244_1_2\" class=\"footnote_backlink\"><span class=\"footnote_index_arrow\">&#8593;<\/span>2<\/a><\/th> <td class=\"footnote_plugin_text\">42 U.S.C. M\u1ee5c 12132; 28 C.F.R. m\u1ee5c 35.130(a) v\u00e0 (b)(1) <\/td><\/tr>\r\n\r\n<tr class=\"footnotes_plugin_reference_row\"> <th scope=\"row\" class=\"footnote_plugin_index_combi pointer\"  onclick=\"footnote_moveToAnchor_1244_1('footnote_plugin_tooltip_1244_1_3');\"><a id=\"footnote_plugin_reference_1244_1_3\" class=\"footnote_backlink\"><span class=\"footnote_index_arrow\">&#8593;<\/span>3<\/a><\/th> <td class=\"footnote_plugin_text\">42 U.S.C. m\u1ee5c 12131; xem th\u00eam 28 C.F.R. m\u1ee5c 35.160(b).<\/td><\/tr>\r\n\r\n<tr class=\"footnotes_plugin_reference_row\"> <th scope=\"row\" class=\"footnote_plugin_index_combi pointer\"  onclick=\"footnote_moveToAnchor_1244_1('footnote_plugin_tooltip_1244_1_4');\"><a id=\"footnote_plugin_reference_1244_1_4\" class=\"footnote_backlink\"><span class=\"footnote_index_arrow\">&#8593;<\/span>4<\/a><\/th> <td class=\"footnote_plugin_text\"> 28 C.F.R m\u1ee5c 35.150(a)(3).<\/td><\/tr>\r\n\r\n <\/tbody> <\/table> <\/div><\/div><script type=\"text\/javascript\"> function footnote_expand_reference_container_1244_1() { jQuery('#footnote_references_container_1244_1').show(); jQuery('#footnote_reference_container_collapse_button_1244_1').text('\u2212'); } function footnote_collapse_reference_container_1244_1() { jQuery('#footnote_references_container_1244_1').hide(); jQuery('#footnote_reference_container_collapse_button_1244_1').text('+'); } function footnote_expand_collapse_reference_container_1244_1() { if (jQuery('#footnote_references_container_1244_1').is(':hidden')) { footnote_expand_reference_container_1244_1(); } else { footnote_collapse_reference_container_1244_1(); } } function footnote_moveToReference_1244_1(p_str_TargetID) { footnote_expand_reference_container_1244_1(); var l_obj_Target = jQuery('#' + p_str_TargetID); if (l_obj_Target.length) { jQuery( 'html, body' ).delay( 0 ); jQuery('html, body').animate({ scrollTop: l_obj_Target.offset().top - window.innerHeight * 0.2 }, 380); } } function footnote_moveToAnchor_1244_1(p_str_TargetID) { footnote_expand_reference_container_1244_1(); var l_obj_Target = jQuery('#' + p_str_TargetID); if (l_obj_Target.length) { jQuery( 'html, body' ).delay( 0 ); jQuery('html, body').animate({ scrollTop: l_obj_Target.offset().top - window.innerHeight * 0.2 }, 380); } }<\/script>","protected":false},"excerpt":{"rendered":"<p>C\u01a1 quan ti\u1ec3u bang gi\u00e1m s\u00e1t c\u00e1c trung t\u00e2m khu v\u1ef1c &#8211; S\u1edf D\u1ecbch V\u1ee5 Ph\u00e1t Tri\u1ec3n (Department of Developmental Services, DDS) &#8211; l\u00e0 m\u1ed9t&hellip;<\/p>\n","protected":false},"author":1,"featured_media":0,"parent":1193,"menu_order":23,"comment_status":"closed","ping_status":"closed","template":"","meta":{"footnotes":""},"class_list":["post-1244","page","type-page","status-publish","hentry"],"_links":{"self":[{"href":"https:\/\/rula.disabilityrightsca.org\/vi\/wp-json\/wp\/v2\/pages\/1244","targetHints":{"allow":["GET"]}}],"collection":[{"href":"https:\/\/rula.disabilityrightsca.org\/vi\/wp-json\/wp\/v2\/pages"}],"about":[{"href":"https:\/\/rula.disabilityrightsca.org\/vi\/wp-json\/wp\/v2\/types\/page"}],"author":[{"embeddable":true,"href":"https:\/\/rula.disabilityrightsca.org\/vi\/wp-json\/wp\/v2\/users\/1"}],"replies":[{"embeddable":true,"href":"https:\/\/rula.disabilityrightsca.org\/vi\/wp-json\/wp\/v2\/comments?post=1244"}],"version-history":[{"count":9,"href":"https:\/\/rula.disabilityrightsca.org\/vi\/wp-json\/wp\/v2\/pages\/1244\/revisions"}],"predecessor-version":[{"id":3892,"href":"https:\/\/rula.disabilityrightsca.org\/vi\/wp-json\/wp\/v2\/pages\/1244\/revisions\/3892"}],"up":[{"embeddable":true,"href":"https:\/\/rula.disabilityrightsca.org\/vi\/wp-json\/wp\/v2\/pages\/1193"}],"wp:attachment":[{"href":"https:\/\/rula.disabilityrightsca.org\/vi\/wp-json\/wp\/v2\/media?parent=1244"}],"curies":[{"name":"wp","href":"https:\/\/api.w.org\/{rel}","templated":true}]}}