{"id":1242,"date":"2021-06-10T18:29:58","date_gmt":"2021-06-10T18:29:58","guid":{"rendered":"http:\/\/www.rula.disabilityrightsca.org\/vi\/?page_id=1242"},"modified":"2024-10-09T18:18:33","modified_gmt":"2024-10-09T18:18:33","slug":"can-a-regional-center-decide-it-needs-an-assessment-before-writing-my-ipp","status":"publish","type":"page","link":"https:\/\/rula.disabilityrightsca.org\/vi\/rula-book\/chapter-4-individual-program-plans\/can-a-regional-center-decide-it-needs-an-assessment-before-writing-my-ipp\/","title":{"rendered":"(4.23) T\u00f4i c\u00f3 th\u1ec3 y\u00eau c\u1ea7u trung t\u00e2m khu v\u1ef1c cung c\u1ea5p tr\u1ee3 gi\u00fap v\u00e0 d\u1ecbch v\u1ee5 b\u1ed5 tr\u1ee3 th\u00edch h\u1ee3p \u0111\u1ec3 hi\u1ec3u v\u00e0 tham gia v\u00e0o K\u1ebf Ho\u1ea1ch IPP c\u1ee7a t\u00f4i kh\u00f4ng?"},"content":{"rendered":"\n<p>C\u00f3.&nbsp; N\u1ebfu qu\u00fd v\u1ecb c\u1ea7n tr\u1ee3 gi\u00fap, d\u1ecbch v\u1ee5 ho\u1eb7c \u0111i\u1ec1u ch\u1ec9nh \u0111\u1ec3 tham gia c\u00f9ng nh\u00f3m c\u1ee7a m\u00ecnh trong cu\u1ed9c h\u1ecdp IPP, th\u00ec trung t\u00e2m khu v\u1ef1c ph\u1ea3i cung c\u1ea5p cho qu\u00fd v\u1ecb.&nbsp; Lu\u1eadt ph\u00e1p quy \u0111\u1ecbnh r\u1eb1ng qu\u00fd v\u1ecb ph\u1ea3i \u201cc\u00f3 c\u01a1 h\u1ed9i <em>t\u00edch c\u1ef1c tham gia <\/em>v\u00e0o qu\u00e1 tr\u00ecnh ph\u00e1t tri\u1ec3n K\u1ebf Ho\u1ea1ch [IPP].\u201d <span class=\"footnote_referrer\"><a role=\"button\" tabindex=\"0\" onclick=\"footnote_moveToReference_1242_1('footnote_plugin_reference_1242_1_1');\" onkeypress=\"footnote_moveToReference_1242_1('footnote_plugin_reference_1242_1_1');\" ><sup id=\"footnote_plugin_tooltip_1242_1_1\" class=\"footnote_plugin_tooltip_text\">[1]<\/sup><\/a><span id=\"footnote_plugin_tooltip_text_1242_1_1\" class=\"footnote_tooltip\">M\u1ee5c 4646(b).<\/span><\/span><script type=\"text\/javascript\"> jQuery('#footnote_plugin_tooltip_1242_1_1').tooltip({ tip: '#footnote_plugin_tooltip_text_1242_1_1', tipClass: 'footnote_tooltip', effect: 'fade', predelay: 0, fadeInSpeed: 200, delay: 400, fadeOutSpeed: 200, position: 'top center', relative: true, offset: [-7, 0], });<\/script> IPP \u0111\u01b0\u1ee3c x\u00e2y d\u1ef1ng d\u1ef1a tr\u00ean nhu c\u1ea7u c\u00e1 nh\u00e2n c\u1ee7a qu\u00fd v\u1ecb.&nbsp;<\/p>\n<div class=\"speaker-mute footnotes_reference_container\"> <div class=\"footnote_container_prepare\"><p><span role=\"button\" tabindex=\"0\" class=\"footnote_reference_container_label pointer\" onclick=\"footnote_expand_collapse_reference_container_1242_1();\">&#x202F;<\/span><span role=\"button\" tabindex=\"0\" class=\"footnote_reference_container_collapse_button\" style=\"display: none;\" onclick=\"footnote_expand_collapse_reference_container_1242_1();\">[<a id=\"footnote_reference_container_collapse_button_1242_1\">+<\/a>]<\/span><\/p><\/div> <div id=\"footnote_references_container_1242_1\" style=\"\"><table class=\"footnotes_table footnote-reference-container\"><caption class=\"accessibility\">References<\/caption> <tbody> \r\n\r\n<tr class=\"footnotes_plugin_reference_row\"> <th scope=\"row\" class=\"footnote_plugin_index_combi pointer\"  onclick=\"footnote_moveToAnchor_1242_1('footnote_plugin_tooltip_1242_1_1');\"><a id=\"footnote_plugin_reference_1242_1_1\" class=\"footnote_backlink\"><span class=\"footnote_index_arrow\">&#8593;<\/span>1<\/a><\/th> <td class=\"footnote_plugin_text\">M\u1ee5c 4646(b).<\/td><\/tr>\r\n\r\n <\/tbody> <\/table> <\/div><\/div><script type=\"text\/javascript\"> function footnote_expand_reference_container_1242_1() { jQuery('#footnote_references_container_1242_1').show(); jQuery('#footnote_reference_container_collapse_button_1242_1').text('\u2212'); } function footnote_collapse_reference_container_1242_1() { jQuery('#footnote_references_container_1242_1').hide(); jQuery('#footnote_reference_container_collapse_button_1242_1').text('+'); } function footnote_expand_collapse_reference_container_1242_1() { if (jQuery('#footnote_references_container_1242_1').is(':hidden')) { footnote_expand_reference_container_1242_1(); } else { footnote_collapse_reference_container_1242_1(); } } function footnote_moveToReference_1242_1(p_str_TargetID) { footnote_expand_reference_container_1242_1(); var l_obj_Target = jQuery('#' + p_str_TargetID); if (l_obj_Target.length) { jQuery( 'html, body' ).delay( 0 ); jQuery('html, body').animate({ scrollTop: l_obj_Target.offset().top - window.innerHeight * 0.2 }, 380); } } function footnote_moveToAnchor_1242_1(p_str_TargetID) { footnote_expand_reference_container_1242_1(); var l_obj_Target = jQuery('#' + p_str_TargetID); if (l_obj_Target.length) { jQuery( 'html, body' ).delay( 0 ); jQuery('html, body').animate({ scrollTop: l_obj_Target.offset().top - window.innerHeight * 0.2 }, 380); } }<\/script>","protected":false},"excerpt":{"rendered":"<p>C\u00f3.&nbsp; N\u1ebfu qu\u00fd v\u1ecb c\u1ea7n tr\u1ee3 gi\u00fap, d\u1ecbch v\u1ee5 ho\u1eb7c \u0111i\u1ec1u ch\u1ec9nh \u0111\u1ec3 tham gia c\u00f9ng nh\u00f3m c\u1ee7a m\u00ecnh trong cu\u1ed9c h\u1ecdp IPP, th\u00ec trung&hellip;<\/p>\n","protected":false},"author":1,"featured_media":0,"parent":1193,"menu_order":22,"comment_status":"closed","ping_status":"closed","template":"","meta":{"footnotes":""},"class_list":["post-1242","page","type-page","status-publish","hentry"],"_links":{"self":[{"href":"https:\/\/rula.disabilityrightsca.org\/vi\/wp-json\/wp\/v2\/pages\/1242","targetHints":{"allow":["GET"]}}],"collection":[{"href":"https:\/\/rula.disabilityrightsca.org\/vi\/wp-json\/wp\/v2\/pages"}],"about":[{"href":"https:\/\/rula.disabilityrightsca.org\/vi\/wp-json\/wp\/v2\/types\/page"}],"author":[{"embeddable":true,"href":"https:\/\/rula.disabilityrightsca.org\/vi\/wp-json\/wp\/v2\/users\/1"}],"replies":[{"embeddable":true,"href":"https:\/\/rula.disabilityrightsca.org\/vi\/wp-json\/wp\/v2\/comments?post=1242"}],"version-history":[{"count":5,"href":"https:\/\/rula.disabilityrightsca.org\/vi\/wp-json\/wp\/v2\/pages\/1242\/revisions"}],"predecessor-version":[{"id":3893,"href":"https:\/\/rula.disabilityrightsca.org\/vi\/wp-json\/wp\/v2\/pages\/1242\/revisions\/3893"}],"up":[{"embeddable":true,"href":"https:\/\/rula.disabilityrightsca.org\/vi\/wp-json\/wp\/v2\/pages\/1193"}],"wp:attachment":[{"href":"https:\/\/rula.disabilityrightsca.org\/vi\/wp-json\/wp\/v2\/media?parent=1242"}],"curies":[{"name":"wp","href":"https:\/\/api.w.org\/{rel}","templated":true}]}}