{"id":1238,"date":"2021-06-10T18:26:25","date_gmt":"2021-06-10T18:26:25","guid":{"rendered":"http:\/\/www.rula.disabilityrightsca.org\/vi\/?page_id=1238"},"modified":"2024-10-09T18:20:53","modified_gmt":"2024-10-09T18:20:53","slug":"can-the-regional-center-record-my-ipp-meeting","status":"publish","type":"page","link":"https:\/\/rula.disabilityrightsca.org\/vi\/rula-book\/chapter-4-individual-program-plans\/can-the-regional-center-record-my-ipp-meeting\/","title":{"rendered":"(4.21) L\u00e0m sao \u0111\u1ec3 t\u00f4i tham gia IPP n\u1ebfu t\u00f4i kh\u00f4ng n\u00f3i \u0111\u01b0\u1ee3c?"},"content":{"rendered":"\n<p>C\u00f3 nhi\u1ec1u c\u00e1ch \u0111\u1ec3 giao ti\u1ebfp. M\u1ecdi ng\u01b0\u1eddi c\u00f3 th\u1ec3 truy\u1ec1n \u0111\u1ea1t v\u00e0 ti\u1ebfp nh\u1eadn th\u00f4ng tin m\u00e0 kh\u00f4ng c\u1ea7n n\u00f3i. M\u1ecdi ng\u01b0\u1eddi c\u00f3 th\u1ec3 s\u1eed d\u1ee5ng k\u00fd hi\u1ec7u ho\u1eb7c thi\u1ebft b\u1ecb giao ti\u1ebfp, ng\u01b0\u1eddi kh\u00e1c c\u00f3 th\u1ec3 ch\u1ec9 tay, m\u1ed9t s\u1ed1 ng\u01b0\u1eddi c\u00f3 th\u1ec3 \u0111\u1ed3ng \u00fd ho\u1eb7c t\u1eeb ch\u1ed1i b\u1eb1ng c\u00e1ch g\u1eadt \u0111\u1ea7u ho\u1eb7c ch\u1edbp m\u1eaft. Ng\u01b0\u1eddi kh\u00f4ng th\u1ec3 n\u00f3i \u0111\u1ed3ng \u00fd &#8211; t\u1eeb ch\u1ed1i v\u1eabn c\u00f3 th\u1ec3 truy\u1ec1n \u0111\u1ea1t \u0111i\u1ec1u h\u1ecd th\u00edch v\u00e0 kh\u00f4ng th\u00edch. H\u1ecd c\u00f3 th\u1ec3 b\u1ed9c l\u1ed9 \u0111i\u1ec1u h\u1ecd th\u00edch b\u1eb1ng c\u00e1ch th\u1ea3 l\u1ecfng, m\u1ec9m c\u01b0\u1eddi, ph\u00e1t ra nh\u1eefng \u00e2m thanh vui s\u01b0\u1edbng ho\u1eb7c h\u00e0i l\u00f2ng. H\u1ecd c\u00f3 th\u1ec3 b\u1ed9c l\u1ed9 \u0111i\u1ec1u h\u1ecd kh\u00f4ng th\u00edch b\u1eb1ng c\u00e1ch t\u1ecf ra c\u0103ng th\u1eb3ng, k\u00edch \u0111\u1ed9ng, kh\u00f3c ho\u1eb7c c\u00e1c d\u1ea5u hi\u1ec7u lo l\u1eafng kh\u00e1c nh\u01b0 l\u00e0 t\u0103ng c\u01a1n co gi\u1eadt. <\/p>\n\n\n\n<p>V\u00ec IPP t\u1eadp trung v\u00e0o con ng\u01b0\u1eddi, nh\u1eefng ng\u01b0\u1eddi kh\u00e1c c\u00f3 th\u1ec3 c\u1ea7n chu\u1ea9n b\u1ecb t\u1ed1t h\u01a1n th\u01b0\u1eddng l\u1ec7 tr\u01b0\u1edbc cu\u1ed9c h\u1ecdp \u0111\u1ec3 \u0111\u1ea3m b\u1ea3o qu\u00fd v\u1ecb c\u00f3 th\u1ec3 tham gia v\u00e0 IPP s\u1ebd ph\u1ea3n \u00e1nh l\u1ef1a ch\u1ecdn c\u1ee7a qu\u00fd v\u1ecb. Qu\u00fd v\u1ecb c\u00f3 quy\u1ec1n \u0111\u01b0\u1ee3c t\u1ea1o \u0111i\u1ec1u ki\u1ec7n n\u1ebfu nh\u1eefng d\u1ecbch v\u1ee5 \u0111\u00f3 gi\u00fap qu\u00fd v\u1ecb tham gia cu\u1ed9c h\u1ecdp IPP c\u1ee7a m\u00ecnh.<span class=\"footnote_referrer\"><a role=\"button\" tabindex=\"0\" onclick=\"footnote_moveToReference_1238_1('footnote_plugin_reference_1238_1_1');\" onkeypress=\"footnote_moveToReference_1238_1('footnote_plugin_reference_1238_1_1');\" ><sup id=\"footnote_plugin_tooltip_1238_1_1\" class=\"footnote_plugin_tooltip_text\">[1]<\/sup><\/a><span id=\"footnote_plugin_tooltip_text_1238_1_1\" class=\"footnote_tooltip\">M\u1ee5c 4646(b) v\u00e0 (j)(1).<\/span><\/span><script type=\"text\/javascript\"> jQuery('#footnote_plugin_tooltip_1238_1_1').tooltip({ tip: '#footnote_plugin_tooltip_text_1238_1_1', tipClass: 'footnote_tooltip', effect: 'fade', predelay: 0, fadeInSpeed: 200, delay: 400, fadeOutSpeed: 200, position: 'top center', relative: true, offset: [-7, 0], });<\/script> T\u1ea1o \u0111i\u1ec1u ki\u1ec7n ngh\u0129a l\u00e0 qu\u00fd v\u1ecb c\u00f3 th\u1ec3 nh\u1eadn th\u00f4ng tin theo c\u00e1ch qu\u00fd v\u1ecb hi\u1ec3u \u0111\u01b0\u1ee3c. Qu\u00fd v\u1ecb c\u00f3 th\u1ec3 c\u00f3 thi\u1ebft b\u1ecb \u0111\u1eb7c bi\u1ec7t ho\u1eb7c tr\u1ee3 l\u00fd \u0111\u1ec3 c\u00f3 th\u1ec3 hi\u1ec3u th\u00f4ng tin v\u00e0 \u0111\u01b0a ra quy\u1ebft \u0111\u1ecbnh c\u00f9ng l\u1ef1a ch\u1ecdn c\u00f3 t\u00e1c \u0111\u1ed9ng \u0111\u1ebfn cu\u1ed9c s\u1ed1ng c\u1ee7a qu\u00fd v\u1ecb.<span class=\"footnote_referrer\"><a role=\"button\" tabindex=\"0\" onclick=\"footnote_moveToReference_1238_1('footnote_plugin_reference_1238_1_2');\" onkeypress=\"footnote_moveToReference_1238_1('footnote_plugin_reference_1238_1_2');\" ><sup id=\"footnote_plugin_tooltip_1238_1_2\" class=\"footnote_plugin_tooltip_text\">[2]<\/sup><\/a><span id=\"footnote_plugin_tooltip_text_1238_1_2\" class=\"footnote_tooltip\">M\u1ee5c 4512(g).<\/span><\/span><script type=\"text\/javascript\"> jQuery('#footnote_plugin_tooltip_1238_1_2').tooltip({ tip: '#footnote_plugin_tooltip_text_1238_1_2', tipClass: 'footnote_tooltip', effect: 'fade', predelay: 0, fadeInSpeed: 200, delay: 400, fadeOutSpeed: 200, position: 'top center', relative: true, offset: [-7, 0], });<\/script> N\u1ebfu qu\u00fd v\u1ecb g\u1eb7p kh\u00f3 kh\u0103n trong vi\u1ec7c giao ti\u1ebfp, \u0111i\u1ec1u quan tr\u1ecdng l\u00e0 m\u1eddi \u0111\u1ebfn cu\u1ed9c h\u1ecdp nh\u1eefng ng\u01b0\u1eddi hi\u1ec3u r\u00f5 qu\u00fd v\u1ecb v\u00e0 bi\u1ebft nh\u1eefng \u0111i\u1ec1u qu\u00fd v\u1ecb th\u00edch v\u00e0 kh\u00f4ng th\u00edch. H\u1ecd c\u00f3 th\u1ec3 gi\u00fap \u0111\u1ea3m b\u1ea3o n\u1ed9i dung \u0111\u01b0\u1ee3c vi\u1ebft trong IPP l\u00e0 nh\u1eefng \u0111i\u1ec1u qu\u00fd v\u1ecb mu\u1ed1n.<\/p>\n<div class=\"speaker-mute footnotes_reference_container\"> <div class=\"footnote_container_prepare\"><p><span role=\"button\" tabindex=\"0\" class=\"footnote_reference_container_label pointer\" onclick=\"footnote_expand_collapse_reference_container_1238_1();\">&#x202F;<\/span><span role=\"button\" tabindex=\"0\" class=\"footnote_reference_container_collapse_button\" style=\"display: none;\" onclick=\"footnote_expand_collapse_reference_container_1238_1();\">[<a id=\"footnote_reference_container_collapse_button_1238_1\">+<\/a>]<\/span><\/p><\/div> <div id=\"footnote_references_container_1238_1\" style=\"\"><table class=\"footnotes_table footnote-reference-container\"><caption class=\"accessibility\">References<\/caption> <tbody> \r\n\r\n<tr class=\"footnotes_plugin_reference_row\"> <th scope=\"row\" class=\"footnote_plugin_index_combi pointer\"  onclick=\"footnote_moveToAnchor_1238_1('footnote_plugin_tooltip_1238_1_1');\"><a id=\"footnote_plugin_reference_1238_1_1\" class=\"footnote_backlink\"><span class=\"footnote_index_arrow\">&#8593;<\/span>1<\/a><\/th> <td class=\"footnote_plugin_text\">M\u1ee5c 4646(b) v\u00e0 (j)(1).<\/td><\/tr>\r\n\r\n<tr class=\"footnotes_plugin_reference_row\"> <th scope=\"row\" class=\"footnote_plugin_index_combi pointer\"  onclick=\"footnote_moveToAnchor_1238_1('footnote_plugin_tooltip_1238_1_2');\"><a id=\"footnote_plugin_reference_1238_1_2\" class=\"footnote_backlink\"><span class=\"footnote_index_arrow\">&#8593;<\/span>2<\/a><\/th> <td class=\"footnote_plugin_text\">M\u1ee5c 4512(g).<\/td><\/tr>\r\n\r\n <\/tbody> <\/table> <\/div><\/div><script type=\"text\/javascript\"> function footnote_expand_reference_container_1238_1() { jQuery('#footnote_references_container_1238_1').show(); jQuery('#footnote_reference_container_collapse_button_1238_1').text('\u2212'); } function footnote_collapse_reference_container_1238_1() { jQuery('#footnote_references_container_1238_1').hide(); jQuery('#footnote_reference_container_collapse_button_1238_1').text('+'); } function footnote_expand_collapse_reference_container_1238_1() { if (jQuery('#footnote_references_container_1238_1').is(':hidden')) { footnote_expand_reference_container_1238_1(); } else { footnote_collapse_reference_container_1238_1(); } } function footnote_moveToReference_1238_1(p_str_TargetID) { footnote_expand_reference_container_1238_1(); var l_obj_Target = jQuery('#' + p_str_TargetID); if (l_obj_Target.length) { jQuery( 'html, body' ).delay( 0 ); jQuery('html, body').animate({ scrollTop: l_obj_Target.offset().top - window.innerHeight * 0.2 }, 380); } } function footnote_moveToAnchor_1238_1(p_str_TargetID) { footnote_expand_reference_container_1238_1(); var l_obj_Target = jQuery('#' + p_str_TargetID); if (l_obj_Target.length) { jQuery( 'html, body' ).delay( 0 ); jQuery('html, body').animate({ scrollTop: l_obj_Target.offset().top - window.innerHeight * 0.2 }, 380); } }<\/script>","protected":false},"excerpt":{"rendered":"<p>C\u00f3 nhi\u1ec1u c\u00e1ch \u0111\u1ec3 giao ti\u1ebfp. M\u1ecdi ng\u01b0\u1eddi c\u00f3 th\u1ec3 truy\u1ec1n \u0111\u1ea1t v\u00e0 ti\u1ebfp nh\u1eadn th\u00f4ng tin m\u00e0 kh\u00f4ng c\u1ea7n n\u00f3i. M\u1ecdi ng\u01b0\u1eddi c\u00f3 th\u1ec3&hellip;<\/p>\n","protected":false},"author":1,"featured_media":0,"parent":1193,"menu_order":20,"comment_status":"closed","ping_status":"closed","template":"","meta":{"footnotes":""},"class_list":["post-1238","page","type-page","status-publish","hentry"],"_links":{"self":[{"href":"https:\/\/rula.disabilityrightsca.org\/vi\/wp-json\/wp\/v2\/pages\/1238","targetHints":{"allow":["GET"]}}],"collection":[{"href":"https:\/\/rula.disabilityrightsca.org\/vi\/wp-json\/wp\/v2\/pages"}],"about":[{"href":"https:\/\/rula.disabilityrightsca.org\/vi\/wp-json\/wp\/v2\/types\/page"}],"author":[{"embeddable":true,"href":"https:\/\/rula.disabilityrightsca.org\/vi\/wp-json\/wp\/v2\/users\/1"}],"replies":[{"embeddable":true,"href":"https:\/\/rula.disabilityrightsca.org\/vi\/wp-json\/wp\/v2\/comments?post=1238"}],"version-history":[{"count":6,"href":"https:\/\/rula.disabilityrightsca.org\/vi\/wp-json\/wp\/v2\/pages\/1238\/revisions"}],"predecessor-version":[{"id":3895,"href":"https:\/\/rula.disabilityrightsca.org\/vi\/wp-json\/wp\/v2\/pages\/1238\/revisions\/3895"}],"up":[{"embeddable":true,"href":"https:\/\/rula.disabilityrightsca.org\/vi\/wp-json\/wp\/v2\/pages\/1193"}],"wp:attachment":[{"href":"https:\/\/rula.disabilityrightsca.org\/vi\/wp-json\/wp\/v2\/media?parent=1238"}],"curies":[{"name":"wp","href":"https:\/\/api.w.org\/{rel}","templated":true}]}}