{"id":1236,"date":"2021-06-10T18:24:54","date_gmt":"2021-06-10T18:24:54","guid":{"rendered":"http:\/\/www.rula.disabilityrightsca.org\/vi\/?page_id=1236"},"modified":"2024-10-09T18:25:51","modified_gmt":"2024-10-09T18:25:51","slug":"can-i-record-my-ipp-meeting","status":"publish","type":"page","link":"https:\/\/rula.disabilityrightsca.org\/vi\/rula-book\/chapter-4-individual-program-plans\/can-i-record-my-ipp-meeting\/","title":{"rendered":"(4.20) T\u00f4i c\u00f3 th\u1ec3 c\u00f3 cu\u1ed9c h\u1ecdp IPP kh\u1ea9n c\u1ea5p kh\u00f4ng?"},"content":{"rendered":"\n<p>C\u00f3. Qu\u00fd v\u1ecb c\u00f3 th\u1ec3 y\u00eau c\u1ea7u m\u1ed9t cu\u1ed9c h\u1ecdp IPP kh\u1ea9n c\u1ea5p n\u1ebfu qu\u00fd v\u1ecb c\u1ea7n trao \u0111\u1ed5i v\u1ec1 vi\u1ec7c \u1edf l\u1ea1i n\u01a1i qu\u00fd v\u1ecb s\u1ed1ng ho\u1eb7c n\u1ebfu s\u1ee9c kh\u1ecfe v\u00e0 s\u1ef1 an to\u00e0n c\u1ee7a qu\u00fd v\u1ecb l\u00e0 v\u1ea5n \u0111\u1ec1 c\u1ea7n ph\u1ea3i c\u00e2n nh\u1eafc. N\u1ebfu qu\u00fd v\u1ecb y\u00eau c\u1ea7u cu\u1ed9c h\u1ecdp v\u00ec nh\u1eefng l\u00fd do n\u00e0y, trung t\u00e2m khu v\u1ef1c ph\u1ea3i t\u1ed5 ch\u1ee9c cu\u1ed9c h\u1ecdp IPP trong v\u00f2ng 7 ng\u00e0y. Khi qu\u00fd v\u1ecb y\u00eau c\u1ea7u m\u1ed9t cu\u1ed9c h\u1ecdp IPP v\u00ec t\u1ea5t c\u1ea3 nh\u1eefng l\u00fd do kh\u00e1c, trung t\u00e2m khu v\u1ef1c ph\u1ea3i t\u1ed5 ch\u1ee9c cu\u1ed9c h\u1ecdp trong v\u00f2ng 30 ng\u00e0y. <span class=\"footnote_referrer\"><a role=\"button\" tabindex=\"0\" onclick=\"footnote_moveToReference_1236_1('footnote_plugin_reference_1236_1_1');\" onkeypress=\"footnote_moveToReference_1236_1('footnote_plugin_reference_1236_1_1');\" ><sup id=\"footnote_plugin_tooltip_1236_1_1\" class=\"footnote_plugin_tooltip_text\">[1]<\/sup><\/a><span id=\"footnote_plugin_tooltip_text_1236_1_1\" class=\"footnote_tooltip\">M\u1ee5c 4646.5(b).<\/span><\/span><script type=\"text\/javascript\"> jQuery('#footnote_plugin_tooltip_1236_1_1').tooltip({ tip: '#footnote_plugin_tooltip_text_1236_1_1', tipClass: 'footnote_tooltip', effect: 'fade', predelay: 0, fadeInSpeed: 200, delay: 400, fadeOutSpeed: 200, position: 'top center', relative: true, offset: [-7, 0], });<\/script><\/p>\n<div class=\"speaker-mute footnotes_reference_container\"> <div class=\"footnote_container_prepare\"><p><span role=\"button\" tabindex=\"0\" class=\"footnote_reference_container_label pointer\" onclick=\"footnote_expand_collapse_reference_container_1236_1();\">&#x202F;<\/span><span role=\"button\" tabindex=\"0\" class=\"footnote_reference_container_collapse_button\" style=\"display: none;\" onclick=\"footnote_expand_collapse_reference_container_1236_1();\">[<a id=\"footnote_reference_container_collapse_button_1236_1\">+<\/a>]<\/span><\/p><\/div> <div id=\"footnote_references_container_1236_1\" style=\"\"><table class=\"footnotes_table footnote-reference-container\"><caption class=\"accessibility\">References<\/caption> <tbody> \r\n\r\n<tr class=\"footnotes_plugin_reference_row\"> <th scope=\"row\" class=\"footnote_plugin_index_combi pointer\"  onclick=\"footnote_moveToAnchor_1236_1('footnote_plugin_tooltip_1236_1_1');\"><a id=\"footnote_plugin_reference_1236_1_1\" class=\"footnote_backlink\"><span class=\"footnote_index_arrow\">&#8593;<\/span>1<\/a><\/th> <td class=\"footnote_plugin_text\">M\u1ee5c 4646.5(b).<\/td><\/tr>\r\n\r\n <\/tbody> <\/table> <\/div><\/div><script type=\"text\/javascript\"> function footnote_expand_reference_container_1236_1() { jQuery('#footnote_references_container_1236_1').show(); jQuery('#footnote_reference_container_collapse_button_1236_1').text('\u2212'); } function footnote_collapse_reference_container_1236_1() { jQuery('#footnote_references_container_1236_1').hide(); jQuery('#footnote_reference_container_collapse_button_1236_1').text('+'); } function footnote_expand_collapse_reference_container_1236_1() { if (jQuery('#footnote_references_container_1236_1').is(':hidden')) { footnote_expand_reference_container_1236_1(); } else { footnote_collapse_reference_container_1236_1(); } } function footnote_moveToReference_1236_1(p_str_TargetID) { footnote_expand_reference_container_1236_1(); var l_obj_Target = jQuery('#' + p_str_TargetID); if (l_obj_Target.length) { jQuery( 'html, body' ).delay( 0 ); jQuery('html, body').animate({ scrollTop: l_obj_Target.offset().top - window.innerHeight * 0.2 }, 380); } } function footnote_moveToAnchor_1236_1(p_str_TargetID) { footnote_expand_reference_container_1236_1(); var l_obj_Target = jQuery('#' + p_str_TargetID); if (l_obj_Target.length) { jQuery( 'html, body' ).delay( 0 ); jQuery('html, body').animate({ scrollTop: l_obj_Target.offset().top - window.innerHeight * 0.2 }, 380); } }<\/script>","protected":false},"excerpt":{"rendered":"<p>C\u00f3. Qu\u00fd v\u1ecb c\u00f3 th\u1ec3 y\u00eau c\u1ea7u m\u1ed9t cu\u1ed9c h\u1ecdp IPP kh\u1ea9n c\u1ea5p n\u1ebfu qu\u00fd v\u1ecb c\u1ea7n trao \u0111\u1ed5i v\u1ec1 vi\u1ec7c \u1edf l\u1ea1i n\u01a1i qu\u00fd&hellip;<\/p>\n","protected":false},"author":1,"featured_media":0,"parent":1193,"menu_order":19,"comment_status":"closed","ping_status":"closed","template":"","meta":{"footnotes":""},"class_list":["post-1236","page","type-page","status-publish","hentry"],"_links":{"self":[{"href":"https:\/\/rula.disabilityrightsca.org\/vi\/wp-json\/wp\/v2\/pages\/1236","targetHints":{"allow":["GET"]}}],"collection":[{"href":"https:\/\/rula.disabilityrightsca.org\/vi\/wp-json\/wp\/v2\/pages"}],"about":[{"href":"https:\/\/rula.disabilityrightsca.org\/vi\/wp-json\/wp\/v2\/types\/page"}],"author":[{"embeddable":true,"href":"https:\/\/rula.disabilityrightsca.org\/vi\/wp-json\/wp\/v2\/users\/1"}],"replies":[{"embeddable":true,"href":"https:\/\/rula.disabilityrightsca.org\/vi\/wp-json\/wp\/v2\/comments?post=1236"}],"version-history":[{"count":7,"href":"https:\/\/rula.disabilityrightsca.org\/vi\/wp-json\/wp\/v2\/pages\/1236\/revisions"}],"predecessor-version":[{"id":3905,"href":"https:\/\/rula.disabilityrightsca.org\/vi\/wp-json\/wp\/v2\/pages\/1236\/revisions\/3905"}],"up":[{"embeddable":true,"href":"https:\/\/rula.disabilityrightsca.org\/vi\/wp-json\/wp\/v2\/pages\/1193"}],"wp:attachment":[{"href":"https:\/\/rula.disabilityrightsca.org\/vi\/wp-json\/wp\/v2\/media?parent=1236"}],"curies":[{"name":"wp","href":"https:\/\/api.w.org\/{rel}","templated":true}]}}