{"id":1234,"date":"2021-06-10T18:23:26","date_gmt":"2021-06-10T18:23:26","guid":{"rendered":"http:\/\/www.rula.disabilityrightsca.org\/vi\/?page_id=1234"},"modified":"2024-10-09T18:21:34","modified_gmt":"2024-10-09T18:21:34","slug":"what-if-i-am-worried-about-keeping-track-of-everything-that-happens-at-my-ipp-meeting","status":"publish","type":"page","link":"https:\/\/rula.disabilityrightsca.org\/vi\/rula-book\/chapter-4-individual-program-plans\/what-if-i-am-worried-about-keeping-track-of-everything-that-happens-at-my-ipp-meeting\/","title":{"rendered":"(4.18) T\u1ea7n su\u1ea5t ph\u1ea3i t\u1ed5 ch\u1ee9c cu\u1ed9c h\u1ecdp IPP l\u00e0 nh\u01b0 th\u1ebf n\u00e0o?"},"content":{"rendered":"\n<p>IPP c\u1ee7a qu\u00fd v\u1ecb <em>ph\u1ea3i <\/em>\u0111\u01b0\u1ee3c \u0111\u00e1nh gi\u00e1 v\u00e0 s\u1eeda \u0111\u1ed5i \u00edt nh\u1ea5t m\u1ed9t l\u1ea7n <strong>m\u1ed7i 3 n\u0103m. <\/strong>Qu\u00fd v\u1ecb c\u00f3 th\u1ec3 y\u00eau c\u1ea7u \u0111\u00e1nh gi\u00e1 ho\u1eb7c s\u1eeda \u0111\u1ed5i IPP th\u01b0\u1eddng xuy\u00ean h\u01a1n. Qu\u00fd v\u1ecb c\u00f3 th\u1ec3 thay \u0111\u1ed5i IPP khi nhu c\u1ea7u v\u00e0 m\u1ee5c \u0111\u00edch c\u1ee7a qu\u00fd v\u1ecb thay \u0111\u1ed5i.<span class=\"footnote_referrer\"><a role=\"button\" tabindex=\"0\" onclick=\"footnote_moveToReference_1234_1('footnote_plugin_reference_1234_1_1');\" onkeypress=\"footnote_moveToReference_1234_1('footnote_plugin_reference_1234_1_1');\" ><sup id=\"footnote_plugin_tooltip_1234_1_1\" class=\"footnote_plugin_tooltip_text\">[1]<\/sup><\/a><span id=\"footnote_plugin_tooltip_text_1234_1_1\" class=\"footnote_tooltip\">M\u1ee5c 4646.5(b).<\/span><\/span><script type=\"text\/javascript\"> jQuery('#footnote_plugin_tooltip_1234_1_1').tooltip({ tip: '#footnote_plugin_tooltip_text_1234_1_1', tipClass: 'footnote_tooltip', effect: 'fade', predelay: 0, fadeInSpeed: 200, delay: 400, fadeOutSpeed: 200, position: 'top center', relative: true, offset: [-7, 0], });<\/script> N\u1ebfu qu\u00fd v\u1ecb nh\u1eadn d\u1ecbch v\u1ee5 th\u00f4ng qua ch\u01b0\u01a1ng tr\u00ecnh Mi\u1ec5n Tr\u1eeb T\u1ea1i Gia v\u00e0 C\u1ed9ng \u0110\u1ed3ng c\u1ee7a Medi-Cal (Medi-Cal Home and Community-Based Waiver),<span class=\"footnote_referrer\"><a role=\"button\" tabindex=\"0\" onclick=\"footnote_moveToReference_1234_1('footnote_plugin_reference_1234_1_2');\" onkeypress=\"footnote_moveToReference_1234_1('footnote_plugin_reference_1234_1_2');\" ><sup id=\"footnote_plugin_tooltip_1234_1_2\" class=\"footnote_plugin_tooltip_text\">[2]<\/sup><\/a><span id=\"footnote_plugin_tooltip_text_1234_1_2\" class=\"footnote_tooltip\">\u0110\u1ec3 bi\u1ebft th\u00eam th\u00f4ng tin v\u1ec1 ch\u01b0\u01a1ng tr\u00ecnh Mi\u1ec5n Tr\u1eeb T\u1ea1i Gia v\u00e0 C\u1ed9ng \u0110\u1ed3ng c\u1ee7a Medi-Cal, h\u00e3y xem Ch\u01b0\u01a1ng 11.<\/span><\/span><script type=\"text\/javascript\"> jQuery('#footnote_plugin_tooltip_1234_1_2').tooltip({ tip: '#footnote_plugin_tooltip_text_1234_1_2', tipClass: 'footnote_tooltip', effect: 'fade', predelay: 0, fadeInSpeed: 200, delay: 400, fadeOutSpeed: 200, position: 'top center', relative: true, offset: [-7, 0], });<\/script> ho\u1eb7c n\u1ebfu qu\u00fd v\u1ecb s\u1ed1ng trong nh\u00e0 t\u1eadp th\u1ec3, C\u01a1 S\u1edf Ch\u0103m S\u00f3c Trung Gian (Intermediate Care Facility, ICF\/DD) ho\u1eb7c trung t\u00e2m ph\u00e1t tri\u1ec3n,<span class=\"footnote_referrer\"><a role=\"button\" tabindex=\"0\" onclick=\"footnote_moveToReference_1234_1('footnote_plugin_reference_1234_1_3');\" onkeypress=\"footnote_moveToReference_1234_1('footnote_plugin_reference_1234_1_3');\" ><sup id=\"footnote_plugin_tooltip_1234_1_3\" class=\"footnote_plugin_tooltip_text\">[3]<\/sup><\/a><span id=\"footnote_plugin_tooltip_text_1234_1_3\" class=\"footnote_tooltip\">\u0110\u1ec3 bi\u1ebft th\u00eam th\u00f4ng tin v\u1ec1 C\u01a1 S\u1edf Ch\u0103m S\u00f3c Trung Gian, h\u00e3y xem Ch\u01b0\u01a1ng 7.<\/span><\/span><script type=\"text\/javascript\"> jQuery('#footnote_plugin_tooltip_1234_1_3').tooltip({ tip: '#footnote_plugin_tooltip_text_1234_1_3', tipClass: 'footnote_tooltip', effect: 'fade', predelay: 0, fadeInSpeed: 200, delay: 400, fadeOutSpeed: 200, position: 'top center', relative: true, offset: [-7, 0], });<\/script> qu\u00fd v\u1ecb ph\u1ea3i c\u00f3 cu\u1ed9c h\u1ecdp IPP <strong>h\u1eb1ng n\u0103m <\/strong>\u0111\u1ec3 \u0111\u00e1nh gi\u00e1 IPP. Qu\u00fd v\u1ecb v\u00e0 ng\u01b0\u1eddi qu\u00fd v\u1ecb ch\u1ecdn c\u00f3 quy\u1ec1n nh\u1eadn v\u0103n b\u1ea3n th\u00f4ng b\u00e1o v\u1ec1 t\u1ea5t c\u1ea3 cu\u1ed9c h\u1ecdp IPP v\u00e0 m\u1ecdi thay \u0111\u1ed5i v\u1ec1 d\u1ecbch v\u1ee5 ho\u1eb7c kh\u00e1ng c\u00e1o.<span class=\"footnote_referrer\"><a role=\"button\" tabindex=\"0\" onclick=\"footnote_moveToReference_1234_1('footnote_plugin_reference_1234_1_4');\" onkeypress=\"footnote_moveToReference_1234_1('footnote_plugin_reference_1234_1_4');\" ><sup id=\"footnote_plugin_tooltip_1234_1_4\" class=\"footnote_plugin_tooltip_text\">[4]<\/sup><\/a><span id=\"footnote_plugin_tooltip_text_1234_1_4\" class=\"footnote_tooltip\">M\u1ee5c 4646(e).<\/span><\/span><script type=\"text\/javascript\"> jQuery('#footnote_plugin_tooltip_1234_1_4').tooltip({ tip: '#footnote_plugin_tooltip_text_1234_1_4', tipClass: 'footnote_tooltip', effect: 'fade', predelay: 0, fadeInSpeed: 200, delay: 400, fadeOutSpeed: 200, position: 'top center', relative: true, offset: [-7, 0], });<\/script><\/p>\n<div class=\"speaker-mute footnotes_reference_container\"> <div class=\"footnote_container_prepare\"><p><span role=\"button\" tabindex=\"0\" class=\"footnote_reference_container_label pointer\" onclick=\"footnote_expand_collapse_reference_container_1234_1();\">&#x202F;<\/span><span role=\"button\" tabindex=\"0\" class=\"footnote_reference_container_collapse_button\" style=\"display: none;\" onclick=\"footnote_expand_collapse_reference_container_1234_1();\">[<a id=\"footnote_reference_container_collapse_button_1234_1\">+<\/a>]<\/span><\/p><\/div> <div id=\"footnote_references_container_1234_1\" style=\"\"><table class=\"footnotes_table footnote-reference-container\"><caption class=\"accessibility\">References<\/caption> <tbody> \r\n\r\n<tr class=\"footnotes_plugin_reference_row\"> <th scope=\"row\" class=\"footnote_plugin_index_combi pointer\"  onclick=\"footnote_moveToAnchor_1234_1('footnote_plugin_tooltip_1234_1_1');\"><a id=\"footnote_plugin_reference_1234_1_1\" class=\"footnote_backlink\"><span class=\"footnote_index_arrow\">&#8593;<\/span>1<\/a><\/th> <td class=\"footnote_plugin_text\">M\u1ee5c 4646.5(b).<\/td><\/tr>\r\n\r\n<tr class=\"footnotes_plugin_reference_row\"> <th scope=\"row\" class=\"footnote_plugin_index_combi pointer\"  onclick=\"footnote_moveToAnchor_1234_1('footnote_plugin_tooltip_1234_1_2');\"><a id=\"footnote_plugin_reference_1234_1_2\" class=\"footnote_backlink\"><span class=\"footnote_index_arrow\">&#8593;<\/span>2<\/a><\/th> <td class=\"footnote_plugin_text\">\u0110\u1ec3 bi\u1ebft th\u00eam th\u00f4ng tin v\u1ec1 ch\u01b0\u01a1ng tr\u00ecnh Mi\u1ec5n Tr\u1eeb T\u1ea1i Gia v\u00e0 C\u1ed9ng \u0110\u1ed3ng c\u1ee7a Medi-Cal, h\u00e3y xem Ch\u01b0\u01a1ng 11.<\/td><\/tr>\r\n\r\n<tr class=\"footnotes_plugin_reference_row\"> <th scope=\"row\" class=\"footnote_plugin_index_combi pointer\"  onclick=\"footnote_moveToAnchor_1234_1('footnote_plugin_tooltip_1234_1_3');\"><a id=\"footnote_plugin_reference_1234_1_3\" class=\"footnote_backlink\"><span class=\"footnote_index_arrow\">&#8593;<\/span>3<\/a><\/th> <td class=\"footnote_plugin_text\">\u0110\u1ec3 bi\u1ebft th\u00eam th\u00f4ng tin v\u1ec1 C\u01a1 S\u1edf Ch\u0103m S\u00f3c Trung Gian, h\u00e3y xem Ch\u01b0\u01a1ng 7.<\/td><\/tr>\r\n\r\n<tr class=\"footnotes_plugin_reference_row\"> <th scope=\"row\" class=\"footnote_plugin_index_combi pointer\"  onclick=\"footnote_moveToAnchor_1234_1('footnote_plugin_tooltip_1234_1_4');\"><a id=\"footnote_plugin_reference_1234_1_4\" class=\"footnote_backlink\"><span class=\"footnote_index_arrow\">&#8593;<\/span>4<\/a><\/th> <td class=\"footnote_plugin_text\">M\u1ee5c 4646(e).<\/td><\/tr>\r\n\r\n <\/tbody> <\/table> <\/div><\/div><script type=\"text\/javascript\"> function footnote_expand_reference_container_1234_1() { jQuery('#footnote_references_container_1234_1').show(); jQuery('#footnote_reference_container_collapse_button_1234_1').text('\u2212'); } function footnote_collapse_reference_container_1234_1() { jQuery('#footnote_references_container_1234_1').hide(); jQuery('#footnote_reference_container_collapse_button_1234_1').text('+'); } function footnote_expand_collapse_reference_container_1234_1() { if (jQuery('#footnote_references_container_1234_1').is(':hidden')) { footnote_expand_reference_container_1234_1(); } else { footnote_collapse_reference_container_1234_1(); } } function footnote_moveToReference_1234_1(p_str_TargetID) { footnote_expand_reference_container_1234_1(); var l_obj_Target = jQuery('#' + p_str_TargetID); if (l_obj_Target.length) { jQuery( 'html, body' ).delay( 0 ); jQuery('html, body').animate({ scrollTop: l_obj_Target.offset().top - window.innerHeight * 0.2 }, 380); } } function footnote_moveToAnchor_1234_1(p_str_TargetID) { footnote_expand_reference_container_1234_1(); var l_obj_Target = jQuery('#' + p_str_TargetID); if (l_obj_Target.length) { jQuery( 'html, body' ).delay( 0 ); jQuery('html, body').animate({ scrollTop: l_obj_Target.offset().top - window.innerHeight * 0.2 }, 380); } }<\/script>","protected":false},"excerpt":{"rendered":"<p>IPP c\u1ee7a qu\u00fd v\u1ecb ph\u1ea3i \u0111\u01b0\u1ee3c \u0111\u00e1nh gi\u00e1 v\u00e0 s\u1eeda \u0111\u1ed5i \u00edt nh\u1ea5t m\u1ed9t l\u1ea7n m\u1ed7i 3 n\u0103m. Qu\u00fd v\u1ecb c\u00f3 th\u1ec3 y\u00eau c\u1ea7u \u0111\u00e1nh&hellip;<\/p>\n","protected":false},"author":1,"featured_media":0,"parent":1193,"menu_order":17,"comment_status":"closed","ping_status":"closed","template":"","meta":{"footnotes":""},"class_list":["post-1234","page","type-page","status-publish","hentry"],"_links":{"self":[{"href":"https:\/\/rula.disabilityrightsca.org\/vi\/wp-json\/wp\/v2\/pages\/1234","targetHints":{"allow":["GET"]}}],"collection":[{"href":"https:\/\/rula.disabilityrightsca.org\/vi\/wp-json\/wp\/v2\/pages"}],"about":[{"href":"https:\/\/rula.disabilityrightsca.org\/vi\/wp-json\/wp\/v2\/types\/page"}],"author":[{"embeddable":true,"href":"https:\/\/rula.disabilityrightsca.org\/vi\/wp-json\/wp\/v2\/users\/1"}],"replies":[{"embeddable":true,"href":"https:\/\/rula.disabilityrightsca.org\/vi\/wp-json\/wp\/v2\/comments?post=1234"}],"version-history":[{"count":13,"href":"https:\/\/rula.disabilityrightsca.org\/vi\/wp-json\/wp\/v2\/pages\/1234\/revisions"}],"predecessor-version":[{"id":3898,"href":"https:\/\/rula.disabilityrightsca.org\/vi\/wp-json\/wp\/v2\/pages\/1234\/revisions\/3898"}],"up":[{"embeddable":true,"href":"https:\/\/rula.disabilityrightsca.org\/vi\/wp-json\/wp\/v2\/pages\/1193"}],"wp:attachment":[{"href":"https:\/\/rula.disabilityrightsca.org\/vi\/wp-json\/wp\/v2\/media?parent=1234"}],"curies":[{"name":"wp","href":"https:\/\/api.w.org\/{rel}","templated":true}]}}