{"id":1232,"date":"2021-06-10T18:22:02","date_gmt":"2021-06-10T18:22:02","guid":{"rendered":"http:\/\/www.rula.disabilityrightsca.org\/vi\/?page_id=1232"},"modified":"2024-10-09T18:21:19","modified_gmt":"2024-10-09T18:21:19","slug":"what-if-i-do-not-speak-english","status":"publish","type":"page","link":"https:\/\/rula.disabilityrightsca.org\/vi\/rula-book\/chapter-4-individual-program-plans\/what-if-i-do-not-speak-english\/","title":{"rendered":"(4.19) T\u00f4i c\u00f3 th\u1ec3 y\u00eau c\u1ea7u cu\u1ed9c h\u1ecdp IPP \u0111\u1ec3 thay \u0111\u1ed5i s\u1ef1 h\u1ed7 tr\u1ee3 d\u00e0nh cho m\u00ecnh v\u00e0o b\u1ea5t k\u1ef3 l\u00fac n\u00e0o kh\u00f4ng?"},"content":{"rendered":"\n<p>C\u00f3. Qu\u00fd v\u1ecb c\u00f3 th\u1ec3 c\u00f3 cu\u1ed9c h\u1ecdp IPP b\u1ea5t k\u1ef3 khi n\u00e0o qu\u00fd v\u1ecb ngh\u0129 r\u1eb1ng m\u00ecnh c\u1ea7n cu\u1ed9c h\u1ecdp v\u00ec mu\u1ed1n thay \u0111\u1ed5i c\u00e1c d\u1ecbch v\u1ee5 v\u00e0 s\u1ef1 h\u1ed7 tr\u1ee3. Cu\u1ed9c h\u1ecdp ph\u1ea3i di\u1ec5n ra trong v\u00f2ng <strong>30 ng\u00e0y <\/strong>k\u1ec3 t\u1eeb khi qu\u00fd v\u1ecb y\u00eau c\u1ea7u \u0111\u00e1nh gi\u00e1 IPP. <span class=\"footnote_referrer\"><a role=\"button\" tabindex=\"0\" onclick=\"footnote_moveToReference_1232_1('footnote_plugin_reference_1232_1_1');\" onkeypress=\"footnote_moveToReference_1232_1('footnote_plugin_reference_1232_1_1');\" ><sup id=\"footnote_plugin_tooltip_1232_1_1\" class=\"footnote_plugin_tooltip_text\">[1]<\/sup><\/a><span id=\"footnote_plugin_tooltip_text_1232_1_1\" class=\"footnote_tooltip\">M\u1ee5c 4646.5(b).<\/span><\/span><script type=\"text\/javascript\"> jQuery('#footnote_plugin_tooltip_1232_1_1').tooltip({ tip: '#footnote_plugin_tooltip_text_1232_1_1', tipClass: 'footnote_tooltip', effect: 'fade', predelay: 0, fadeInSpeed: 200, delay: 400, fadeOutSpeed: 200, position: 'top center', relative: true, offset: [-7, 0], });<\/script><\/p>\n<div class=\"speaker-mute footnotes_reference_container\"> <div class=\"footnote_container_prepare\"><p><span role=\"button\" tabindex=\"0\" class=\"footnote_reference_container_label pointer\" onclick=\"footnote_expand_collapse_reference_container_1232_1();\">&#x202F;<\/span><span role=\"button\" tabindex=\"0\" class=\"footnote_reference_container_collapse_button\" style=\"display: none;\" onclick=\"footnote_expand_collapse_reference_container_1232_1();\">[<a id=\"footnote_reference_container_collapse_button_1232_1\">+<\/a>]<\/span><\/p><\/div> <div id=\"footnote_references_container_1232_1\" style=\"\"><table class=\"footnotes_table footnote-reference-container\"><caption class=\"accessibility\">References<\/caption> <tbody> \r\n\r\n<tr class=\"footnotes_plugin_reference_row\"> <th scope=\"row\" class=\"footnote_plugin_index_combi pointer\"  onclick=\"footnote_moveToAnchor_1232_1('footnote_plugin_tooltip_1232_1_1');\"><a id=\"footnote_plugin_reference_1232_1_1\" class=\"footnote_backlink\"><span class=\"footnote_index_arrow\">&#8593;<\/span>1<\/a><\/th> <td class=\"footnote_plugin_text\">M\u1ee5c 4646.5(b).<\/td><\/tr>\r\n\r\n <\/tbody> <\/table> <\/div><\/div><script type=\"text\/javascript\"> function footnote_expand_reference_container_1232_1() { jQuery('#footnote_references_container_1232_1').show(); jQuery('#footnote_reference_container_collapse_button_1232_1').text('\u2212'); } function footnote_collapse_reference_container_1232_1() { jQuery('#footnote_references_container_1232_1').hide(); jQuery('#footnote_reference_container_collapse_button_1232_1').text('+'); } function footnote_expand_collapse_reference_container_1232_1() { if (jQuery('#footnote_references_container_1232_1').is(':hidden')) { footnote_expand_reference_container_1232_1(); } else { footnote_collapse_reference_container_1232_1(); } } function footnote_moveToReference_1232_1(p_str_TargetID) { footnote_expand_reference_container_1232_1(); var l_obj_Target = jQuery('#' + p_str_TargetID); if (l_obj_Target.length) { jQuery( 'html, body' ).delay( 0 ); jQuery('html, body').animate({ scrollTop: l_obj_Target.offset().top - window.innerHeight * 0.2 }, 380); } } function footnote_moveToAnchor_1232_1(p_str_TargetID) { footnote_expand_reference_container_1232_1(); var l_obj_Target = jQuery('#' + p_str_TargetID); if (l_obj_Target.length) { jQuery( 'html, body' ).delay( 0 ); jQuery('html, body').animate({ scrollTop: l_obj_Target.offset().top - window.innerHeight * 0.2 }, 380); } }<\/script>","protected":false},"excerpt":{"rendered":"<p>C\u00f3. Qu\u00fd v\u1ecb c\u00f3 th\u1ec3 c\u00f3 cu\u1ed9c h\u1ecdp IPP b\u1ea5t k\u1ef3 khi n\u00e0o qu\u00fd v\u1ecb ngh\u0129 r\u1eb1ng m\u00ecnh c\u1ea7n cu\u1ed9c h\u1ecdp v\u00ec mu\u1ed1n thay \u0111\u1ed5i&hellip;<\/p>\n","protected":false},"author":1,"featured_media":0,"parent":1193,"menu_order":18,"comment_status":"closed","ping_status":"closed","template":"","meta":{"footnotes":""},"class_list":["post-1232","page","type-page","status-publish","hentry"],"_links":{"self":[{"href":"https:\/\/rula.disabilityrightsca.org\/vi\/wp-json\/wp\/v2\/pages\/1232","targetHints":{"allow":["GET"]}}],"collection":[{"href":"https:\/\/rula.disabilityrightsca.org\/vi\/wp-json\/wp\/v2\/pages"}],"about":[{"href":"https:\/\/rula.disabilityrightsca.org\/vi\/wp-json\/wp\/v2\/types\/page"}],"author":[{"embeddable":true,"href":"https:\/\/rula.disabilityrightsca.org\/vi\/wp-json\/wp\/v2\/users\/1"}],"replies":[{"embeddable":true,"href":"https:\/\/rula.disabilityrightsca.org\/vi\/wp-json\/wp\/v2\/comments?post=1232"}],"version-history":[{"count":10,"href":"https:\/\/rula.disabilityrightsca.org\/vi\/wp-json\/wp\/v2\/pages\/1232\/revisions"}],"predecessor-version":[{"id":3897,"href":"https:\/\/rula.disabilityrightsca.org\/vi\/wp-json\/wp\/v2\/pages\/1232\/revisions\/3897"}],"up":[{"embeddable":true,"href":"https:\/\/rula.disabilityrightsca.org\/vi\/wp-json\/wp\/v2\/pages\/1193"}],"wp:attachment":[{"href":"https:\/\/rula.disabilityrightsca.org\/vi\/wp-json\/wp\/v2\/media?parent=1232"}],"curies":[{"name":"wp","href":"https:\/\/api.w.org\/{rel}","templated":true}]}}