{"id":1230,"date":"2021-06-10T18:20:12","date_gmt":"2021-06-10T18:20:12","guid":{"rendered":"http:\/\/www.rula.disabilityrightsca.org\/vi\/?page_id=1230"},"modified":"2024-10-09T18:21:50","modified_gmt":"2024-10-09T18:21:50","slug":"how-can-i-participate-in-my-ipp-if-i-do-not-talk","status":"publish","type":"page","link":"https:\/\/rula.disabilityrightsca.org\/vi\/rula-book\/chapter-4-individual-program-plans\/how-can-i-participate-in-my-ipp-if-i-do-not-talk\/","title":{"rendered":"(4.17) Trung t\u00e2m khu v\u1ef1c v\u1eeba b\u00e1o l\u00e0 t\u00f4i h\u1ed9i \u0111\u1ee7 \u0111i\u1ec1u ki\u1ec7n nh\u1eadn c\u00e1c d\u1ecbch v\u1ee5 c\u1ee7a trung t\u00e2m khu v\u1ef1c. Khi n\u00e0o t\u00f4i c\u00f3 IPP \u0111\u1ea7u ti\u00ean c\u1ee7a m\u00ecnh?"},"content":{"rendered":"\n<p>V\u0103n b\u1ea3n IPP c\u1ee7a qu\u00fd v\u1ecb ph\u1ea3i \u0111\u01b0\u1ee3c x\u00e2y d\u1ef1ng trong v\u00f2ng 60 ng\u00e0y sau l\u1ea7n ti\u1ebfp nh\u1eadn v\u00e0 \u0111\u00e1nh gi\u00e1 \u0111\u1ea7u ti\u00ean c\u1ee7a qu\u00fd v\u1ecb.<span class=\"footnote_referrer\"><a role=\"button\" tabindex=\"0\" onclick=\"footnote_moveToReference_1230_1('footnote_plugin_reference_1230_1_1');\" onkeypress=\"footnote_moveToReference_1230_1('footnote_plugin_reference_1230_1_1');\" ><sup id=\"footnote_plugin_tooltip_1230_1_1\" class=\"footnote_plugin_tooltip_text\">[1]<\/sup><\/a><span id=\"footnote_plugin_tooltip_text_1230_1_1\" class=\"footnote_tooltip\">M\u1ee5c 4646(c).<\/span><\/span><script type=\"text\/javascript\"> jQuery('#footnote_plugin_tooltip_1230_1_1').tooltip({ tip: '#footnote_plugin_tooltip_text_1230_1_1', tipClass: 'footnote_tooltip', effect: 'fade', predelay: 0, fadeInSpeed: 200, delay: 400, fadeOutSpeed: 200, position: 'top center', relative: true, offset: [-7, 0], });<\/script> V\u00ec v\u1eady, qu\u00fd v\u1ecb s\u1ebd c\u00f3 cu\u1ed9c h\u1ecdp IPP v\u00e0 t\u00e0i li\u1ec7u IPP c\u1ee7a m\u00ecnh trong 60 ng\u00e0y. \u0110\u00f4i khi \u2013 \u0111\u1eb7c bi\u1ec7t l\u00e0 v\u1edbi IPP \u0111\u1ea7u ti\u00ean \u2013 qu\u00fd v\u1ecb s\u1ebd c\u1ea7n nhi\u1ec1u h\u01a1n m\u1ed9t cu\u1ed9c h\u1ecdp. Cu\u1ed9c h\u1ecdp ti\u1ebfp theo ph\u1ea3i \u0111\u01b0\u1ee3c t\u1ed5 ch\u1ee9c trong v\u00f2ng 15 ng\u00e0y, tr\u1eeb khi qu\u00fd v\u1ecb \u0111\u1ed3ng \u00fd m\u1ed9t ng\u00e0y mu\u1ed9n h\u01a1n.<span class=\"footnote_referrer\"><a role=\"button\" tabindex=\"0\" onclick=\"footnote_moveToReference_1230_1('footnote_plugin_reference_1230_1_2');\" onkeypress=\"footnote_moveToReference_1230_1('footnote_plugin_reference_1230_1_2');\" ><sup id=\"footnote_plugin_tooltip_1230_1_2\" class=\"footnote_plugin_tooltip_text\">[2]<\/sup><\/a><span id=\"footnote_plugin_tooltip_text_1230_1_2\" class=\"footnote_tooltip\">M\u1ee5c 4646(h).<\/span><\/span><script type=\"text\/javascript\"> jQuery('#footnote_plugin_tooltip_1230_1_2').tooltip({ tip: '#footnote_plugin_tooltip_text_1230_1_2', tipClass: 'footnote_tooltip', effect: 'fade', predelay: 0, fadeInSpeed: 200, delay: 400, fadeOutSpeed: 200, position: 'top center', relative: true, offset: [-7, 0], });<\/script><\/p>\n\n\n\n<p>N\u1ebfu qu\u00fd v\u1ecb kh\u00f4ng nh\u1eadn \u0111\u01b0\u1ee3c tin t\u1ee9c t\u1eeb trung t\u00e2m khu v\u1ef1c v\u1ec1 ng\u00e0y ti\u1ebfn h\u00e0nh cu\u1ed9c h\u1ecdp IPP c\u1ee7a qu\u00fd v\u1ecb trong v\u00f2ng 2-3 tu\u1ea7n sau khi tr\u1edf th\u00e0nh kh\u00e1ch h\u00e0ng c\u1ee7a trung t\u00e2m khu v\u1ef1c, h\u00e3y g\u1ecdi \u0111i\u1ec7n cho trung t\u00e2m khu v\u1ef1c v\u00e0 h\u1ecfi v\u1ec1 th\u1eddi \u0111i\u1ec3m t\u1ed5 ch\u1ee9c cu\u1ed9c h\u1ecdp IPP. Qu\u00fd v\u1ecb c\u0169ng c\u00f3 th\u1ec3 y\u00eau c\u1ea7u n\u00f3i chuy\u1ec7n v\u1edbi ng\u01b0\u1eddi c\u1ee7a trung t\u00e2m khu v\u1ef1c \u0111\u00e3 gi\u00fap qu\u00fd v\u1ecb trong qu\u00e1 tr\u00ecnh ti\u1ebfp nh\u1eadn ho\u1eb7c h\u1ecfi xem ai l\u00e0 \u0111i\u1ec1u ph\u1ed1i vi\u00ean d\u1ecbch v\u1ee5 c\u1ee7a qu\u00fd v\u1ecb.<\/p>\n<div class=\"speaker-mute footnotes_reference_container\"> <div class=\"footnote_container_prepare\"><p><span role=\"button\" tabindex=\"0\" class=\"footnote_reference_container_label pointer\" onclick=\"footnote_expand_collapse_reference_container_1230_1();\">&#x202F;<\/span><span role=\"button\" tabindex=\"0\" class=\"footnote_reference_container_collapse_button\" style=\"display: none;\" onclick=\"footnote_expand_collapse_reference_container_1230_1();\">[<a id=\"footnote_reference_container_collapse_button_1230_1\">+<\/a>]<\/span><\/p><\/div> <div id=\"footnote_references_container_1230_1\" style=\"\"><table class=\"footnotes_table footnote-reference-container\"><caption class=\"accessibility\">References<\/caption> <tbody> \r\n\r\n<tr class=\"footnotes_plugin_reference_row\"> <th scope=\"row\" class=\"footnote_plugin_index_combi pointer\"  onclick=\"footnote_moveToAnchor_1230_1('footnote_plugin_tooltip_1230_1_1');\"><a id=\"footnote_plugin_reference_1230_1_1\" class=\"footnote_backlink\"><span class=\"footnote_index_arrow\">&#8593;<\/span>1<\/a><\/th> <td class=\"footnote_plugin_text\">M\u1ee5c 4646(c).<\/td><\/tr>\r\n\r\n<tr class=\"footnotes_plugin_reference_row\"> <th scope=\"row\" class=\"footnote_plugin_index_combi pointer\"  onclick=\"footnote_moveToAnchor_1230_1('footnote_plugin_tooltip_1230_1_2');\"><a id=\"footnote_plugin_reference_1230_1_2\" class=\"footnote_backlink\"><span class=\"footnote_index_arrow\">&#8593;<\/span>2<\/a><\/th> <td class=\"footnote_plugin_text\">M\u1ee5c 4646(h).<\/td><\/tr>\r\n\r\n <\/tbody> <\/table> <\/div><\/div><script type=\"text\/javascript\"> function footnote_expand_reference_container_1230_1() { jQuery('#footnote_references_container_1230_1').show(); jQuery('#footnote_reference_container_collapse_button_1230_1').text('\u2212'); } function footnote_collapse_reference_container_1230_1() { jQuery('#footnote_references_container_1230_1').hide(); jQuery('#footnote_reference_container_collapse_button_1230_1').text('+'); } function footnote_expand_collapse_reference_container_1230_1() { if (jQuery('#footnote_references_container_1230_1').is(':hidden')) { footnote_expand_reference_container_1230_1(); } else { footnote_collapse_reference_container_1230_1(); } } function footnote_moveToReference_1230_1(p_str_TargetID) { footnote_expand_reference_container_1230_1(); var l_obj_Target = jQuery('#' + p_str_TargetID); if (l_obj_Target.length) { jQuery( 'html, body' ).delay( 0 ); jQuery('html, body').animate({ scrollTop: l_obj_Target.offset().top - window.innerHeight * 0.2 }, 380); } } function footnote_moveToAnchor_1230_1(p_str_TargetID) { footnote_expand_reference_container_1230_1(); var l_obj_Target = jQuery('#' + p_str_TargetID); if (l_obj_Target.length) { jQuery( 'html, body' ).delay( 0 ); jQuery('html, body').animate({ scrollTop: l_obj_Target.offset().top - window.innerHeight * 0.2 }, 380); } }<\/script>","protected":false},"excerpt":{"rendered":"<p>V\u0103n b\u1ea3n IPP c\u1ee7a qu\u00fd v\u1ecb ph\u1ea3i \u0111\u01b0\u1ee3c x\u00e2y d\u1ef1ng trong v\u00f2ng 60 ng\u00e0y sau l\u1ea7n ti\u1ebfp nh\u1eadn v\u00e0 \u0111\u00e1nh gi\u00e1 \u0111\u1ea7u ti\u00ean c\u1ee7a qu\u00fd&hellip;<\/p>\n","protected":false},"author":1,"featured_media":0,"parent":1193,"menu_order":16,"comment_status":"closed","ping_status":"closed","template":"","meta":{"footnotes":""},"class_list":["post-1230","page","type-page","status-publish","hentry"],"_links":{"self":[{"href":"https:\/\/rula.disabilityrightsca.org\/vi\/wp-json\/wp\/v2\/pages\/1230","targetHints":{"allow":["GET"]}}],"collection":[{"href":"https:\/\/rula.disabilityrightsca.org\/vi\/wp-json\/wp\/v2\/pages"}],"about":[{"href":"https:\/\/rula.disabilityrightsca.org\/vi\/wp-json\/wp\/v2\/types\/page"}],"author":[{"embeddable":true,"href":"https:\/\/rula.disabilityrightsca.org\/vi\/wp-json\/wp\/v2\/users\/1"}],"replies":[{"embeddable":true,"href":"https:\/\/rula.disabilityrightsca.org\/vi\/wp-json\/wp\/v2\/comments?post=1230"}],"version-history":[{"count":8,"href":"https:\/\/rula.disabilityrightsca.org\/vi\/wp-json\/wp\/v2\/pages\/1230\/revisions"}],"predecessor-version":[{"id":3899,"href":"https:\/\/rula.disabilityrightsca.org\/vi\/wp-json\/wp\/v2\/pages\/1230\/revisions\/3899"}],"up":[{"embeddable":true,"href":"https:\/\/rula.disabilityrightsca.org\/vi\/wp-json\/wp\/v2\/pages\/1193"}],"wp:attachment":[{"href":"https:\/\/rula.disabilityrightsca.org\/vi\/wp-json\/wp\/v2\/media?parent=1230"}],"curies":[{"name":"wp","href":"https:\/\/api.w.org\/{rel}","templated":true}]}}