{"id":1228,"date":"2021-06-10T18:17:37","date_gmt":"2021-06-10T18:17:37","guid":{"rendered":"http:\/\/www.rula.disabilityrightsca.org\/vi\/?page_id=1228"},"modified":"2023-07-07T22:38:42","modified_gmt":"2023-07-07T22:38:42","slug":"can-i-ask-someone-to-help-me-in-my-ipp-meeting-or-can-someone-be-appointed-to-help-me","status":"publish","type":"page","link":"https:\/\/rula.disabilityrightsca.org\/vi\/rula-book\/chapter-4-individual-program-plans\/can-i-ask-someone-to-help-me-in-my-ipp-meeting-or-can-someone-be-appointed-to-help-me\/","title":{"rendered":"(4.7) T\u00f4i c\u00f3 ph\u1ea3i s\u1eed d\u1ee5ng c\u00e1c ngu\u1ed3n l\u1ef1c chung tr\u01b0\u1edbc khi y\u00eau c\u1ea7u trung t\u00e2m khu v\u1ef1c cung c\u1ea5p tr\u1ee3 gi\u00fap ho\u1eb7c d\u1ecbch v\u1ee5 ph\u1ee5 tr\u1ee3 kh\u00f4ng?"},"content":{"rendered":"\n<p>Kh\u00f4ng. Trung t\u00e2m khu v\u1ef1c ph\u1ea3i cho ph\u00e9p qu\u00fd v\u1ecb \u0111\u00f3ng vai tr\u00f2 t\u00edch c\u1ef1c trong qu\u00e1 tr\u00ecnh ho\u1ea1ch \u0111\u1ecbnh IPP.<span class=\"footnote_referrer\"><a role=\"button\" tabindex=\"0\" onclick=\"footnote_moveToReference_1228_1('footnote_plugin_reference_1228_1_1');\" onkeypress=\"footnote_moveToReference_1228_1('footnote_plugin_reference_1228_1_1');\" ><sup id=\"footnote_plugin_tooltip_1228_1_1\" class=\"footnote_plugin_tooltip_text\">[1]<\/sup><\/a><span id=\"footnote_plugin_tooltip_text_1228_1_1\" class=\"footnote_tooltip\"><em>Nh\u01b0 tr\u00ean<\/em><\/span><\/span><script type=\"text\/javascript\"> jQuery('#footnote_plugin_tooltip_1228_1_1').tooltip({ tip: '#footnote_plugin_tooltip_text_1228_1_1', tipClass: 'footnote_tooltip', effect: 'fade', predelay: 0, fadeInSpeed: 200, delay: 400, fadeOutSpeed: 200, position: 'top center', relative: true, offset: [-7, 0], });<\/script> \u201cTrung t\u00e2m khu v\u1ef1c ph\u1ea3i \u201ccung c\u1ea5p th\u00f4ng tin sao cho ph\u00f9 h\u1ee3p v\u1edbi v\u0103n h\u00f3a v\u00e0 ng\u00f4n ng\u1eef c\u1ee7a kh\u00e1ch h\u00e0ng, bao g\u1ed3m cung c\u1ea5p \u201cd\u1ecbch v\u1ee5 giao ti\u1ebfp thay th\u1ebf.\u201d<span class=\"footnote_referrer\"><a role=\"button\" tabindex=\"0\" onclick=\"footnote_moveToReference_1228_1('footnote_plugin_reference_1228_1_2');\" onkeypress=\"footnote_moveToReference_1228_1('footnote_plugin_reference_1228_1_2');\" ><sup id=\"footnote_plugin_tooltip_1228_1_2\" class=\"footnote_plugin_tooltip_text\">[2]<\/sup><\/a><span id=\"footnote_plugin_tooltip_text_1228_1_2\" class=\"footnote_tooltip\">\u00a7\u00a74502.1, 4646(i)(1)-(2), 4643(d); B\u1ed9 Lu\u1eadt c\u1ee7a Ch\u00ednh Ph\u1ee7 California \u00a7\u00a711135 &#8211; 11139.8.<\/span><\/span><script type=\"text\/javascript\"> jQuery('#footnote_plugin_tooltip_1228_1_2').tooltip({ tip: '#footnote_plugin_tooltip_text_1228_1_2', tipClass: 'footnote_tooltip', effect: 'fade', predelay: 0, fadeInSpeed: 200, delay: 400, fadeOutSpeed: 200, position: 'top center', relative: true, offset: [-7, 0], });<\/script> \u0110i\u1ec1u \u0111\u00f3 c\u00f3 ngh\u0129a l\u00e0 qu\u00fd v\u1ecb kh\u00f4ng ph\u1ea3i t\u1eadn d\u1ee5ng h\u1ebft ngu\u1ed3n l\u1ef1c chung n\u1ebfu c\u00e1c d\u1ecbch v\u1ee5 v\u00e0 s\u1ef1 h\u1ed7 tr\u1ee3 qu\u00fd v\u1ecb y\u00eau c\u1ea7u l\u00e0 c\u1ea7n thi\u1ebft \u0111\u1ec3 qu\u00fd v\u1ecb t\u00edch c\u1ef1c tham gia v\u00e0o K\u1ebf Ho\u1ea1ch IPP.\u00a0<\/p>\n\n\n\n<p> <\/p>\n<div class=\"speaker-mute footnotes_reference_container\"> <div class=\"footnote_container_prepare\"><p><span role=\"button\" tabindex=\"0\" class=\"footnote_reference_container_label pointer\" onclick=\"footnote_expand_collapse_reference_container_1228_1();\">&#x202F;<\/span><span role=\"button\" tabindex=\"0\" class=\"footnote_reference_container_collapse_button\" style=\"display: none;\" onclick=\"footnote_expand_collapse_reference_container_1228_1();\">[<a id=\"footnote_reference_container_collapse_button_1228_1\">+<\/a>]<\/span><\/p><\/div> <div id=\"footnote_references_container_1228_1\" style=\"\"><table class=\"footnotes_table footnote-reference-container\"><caption class=\"accessibility\">References<\/caption> <tbody> \r\n\r\n<tr class=\"footnotes_plugin_reference_row\"> <th scope=\"row\" class=\"footnote_plugin_index_combi pointer\"  onclick=\"footnote_moveToAnchor_1228_1('footnote_plugin_tooltip_1228_1_1');\"><a id=\"footnote_plugin_reference_1228_1_1\" class=\"footnote_backlink\"><span class=\"footnote_index_arrow\">&#8593;<\/span>1<\/a><\/th> <td class=\"footnote_plugin_text\"><em>Nh\u01b0 tr\u00ean<\/em><\/td><\/tr>\r\n\r\n<tr class=\"footnotes_plugin_reference_row\"> <th scope=\"row\" class=\"footnote_plugin_index_combi pointer\"  onclick=\"footnote_moveToAnchor_1228_1('footnote_plugin_tooltip_1228_1_2');\"><a id=\"footnote_plugin_reference_1228_1_2\" class=\"footnote_backlink\"><span class=\"footnote_index_arrow\">&#8593;<\/span>2<\/a><\/th> <td class=\"footnote_plugin_text\">\u00a7\u00a74502.1, 4646(i)(1)-(2), 4643(d); B\u1ed9 Lu\u1eadt c\u1ee7a Ch\u00ednh Ph\u1ee7 California \u00a7\u00a711135 &#8211; 11139.8.<\/td><\/tr>\r\n\r\n <\/tbody> <\/table> <\/div><\/div><script type=\"text\/javascript\"> function footnote_expand_reference_container_1228_1() { jQuery('#footnote_references_container_1228_1').show(); jQuery('#footnote_reference_container_collapse_button_1228_1').text('\u2212'); } function footnote_collapse_reference_container_1228_1() { jQuery('#footnote_references_container_1228_1').hide(); jQuery('#footnote_reference_container_collapse_button_1228_1').text('+'); } function footnote_expand_collapse_reference_container_1228_1() { if (jQuery('#footnote_references_container_1228_1').is(':hidden')) { footnote_expand_reference_container_1228_1(); } else { footnote_collapse_reference_container_1228_1(); } } function footnote_moveToReference_1228_1(p_str_TargetID) { footnote_expand_reference_container_1228_1(); var l_obj_Target = jQuery('#' + p_str_TargetID); if (l_obj_Target.length) { jQuery( 'html, body' ).delay( 0 ); jQuery('html, body').animate({ scrollTop: l_obj_Target.offset().top - window.innerHeight * 0.2 }, 380); } } function footnote_moveToAnchor_1228_1(p_str_TargetID) { footnote_expand_reference_container_1228_1(); var l_obj_Target = jQuery('#' + p_str_TargetID); if (l_obj_Target.length) { jQuery( 'html, body' ).delay( 0 ); jQuery('html, body').animate({ scrollTop: l_obj_Target.offset().top - window.innerHeight * 0.2 }, 380); } }<\/script>","protected":false},"excerpt":{"rendered":"<p>Kh\u00f4ng. Trung t\u00e2m khu v\u1ef1c ph\u1ea3i cho ph\u00e9p qu\u00fd v\u1ecb \u0111\u00f3ng vai tr\u00f2 t\u00edch c\u1ef1c trong qu\u00e1 tr\u00ecnh ho\u1ea1ch \u0111\u1ecbnh IPP.[1]Nh\u01b0 tr\u00ean \u201cTrung t\u00e2m khu&hellip;<\/p>\n","protected":false},"author":1,"featured_media":0,"parent":1193,"menu_order":7,"comment_status":"closed","ping_status":"closed","template":"","meta":{"footnotes":""},"class_list":["post-1228","page","type-page","status-publish","hentry"],"_links":{"self":[{"href":"https:\/\/rula.disabilityrightsca.org\/vi\/wp-json\/wp\/v2\/pages\/1228","targetHints":{"allow":["GET"]}}],"collection":[{"href":"https:\/\/rula.disabilityrightsca.org\/vi\/wp-json\/wp\/v2\/pages"}],"about":[{"href":"https:\/\/rula.disabilityrightsca.org\/vi\/wp-json\/wp\/v2\/types\/page"}],"author":[{"embeddable":true,"href":"https:\/\/rula.disabilityrightsca.org\/vi\/wp-json\/wp\/v2\/users\/1"}],"replies":[{"embeddable":true,"href":"https:\/\/rula.disabilityrightsca.org\/vi\/wp-json\/wp\/v2\/comments?post=1228"}],"version-history":[{"count":7,"href":"https:\/\/rula.disabilityrightsca.org\/vi\/wp-json\/wp\/v2\/pages\/1228\/revisions"}],"predecessor-version":[{"id":3597,"href":"https:\/\/rula.disabilityrightsca.org\/vi\/wp-json\/wp\/v2\/pages\/1228\/revisions\/3597"}],"up":[{"embeddable":true,"href":"https:\/\/rula.disabilityrightsca.org\/vi\/wp-json\/wp\/v2\/pages\/1193"}],"wp:attachment":[{"href":"https:\/\/rula.disabilityrightsca.org\/vi\/wp-json\/wp\/v2\/media?parent=1228"}],"curies":[{"name":"wp","href":"https:\/\/api.w.org\/{rel}","templated":true}]}}