{"id":1226,"date":"2021-06-10T18:14:58","date_gmt":"2021-06-10T18:14:58","guid":{"rendered":"http:\/\/www.rula.disabilityrightsca.org\/vi\/?page_id=1226"},"modified":"2023-07-07T22:55:17","modified_gmt":"2023-07-07T22:55:17","slug":"can-i-ask-for-an-ipp-meeting-at-any-time-to-change-my-supports","status":"publish","type":"page","link":"https:\/\/rula.disabilityrightsca.org\/vi\/rula-book\/chapter-4-individual-program-plans\/can-i-ask-for-an-ipp-meeting-at-any-time-to-change-my-supports\/","title":{"rendered":"(4.14) \u0110\u00f4i khi t\u00f4i qu\u00ean m\u1ea5t ch\u1ed7 c\u1ea5t gi\u1eef c\u00e1c th\u1ee9 \u0111\u01b0\u1ee3c g\u1eedi cho m\u00ecnh. Trung t\u00e2m khu v\u1ef1c c\u0169ng s\u1ebd g\u1eedi th\u00f4ng b\u00e1o cho ng\u01b0\u1eddi kh\u00e1c ph\u1ea3i kh\u00f4ng?"},"content":{"rendered":"\n<p>Qu\u00fd v\u1ecb c\u00f3 th\u1ec3 y\u00eau c\u1ea7u \u0111i\u1ec1u ph\u1ed1i vi\u00ean d\u1ecbch v\u1ee5 t\u1ea1i trung t\u00e2m khu v\u1ef1c:<\/p>\n\n\n\n<ul class=\"wp-block-list\"><li>G\u1eedi th\u00f4ng b\u00e1o v\u1ec1 c\u00e1c cu\u1ed9c h\u1ecdp IPP \u2013 v\u00e0 m\u1ecdi th\u00f4ng b\u00e1o kh\u00e1c v\u1ec1 c\u00e1c d\u1ecbch v\u1ee5 c\u1ee7a qu\u00fd v\u1ecb \u2013 \u0111\u1ebfn qu\u00fd v\u1ecb v\u00e0 ng\u01b0\u1eddi qu\u00fd v\u1ecb mu\u1ed1n h\u1ecd tr\u1ee3 gi\u00fap qu\u00fd v\u1ecb, bao g\u1ed3m th\u00e0nh vi\u00ean gia \u0111\u00ecnh, ng\u01b0\u1eddi b\u00eanh v\u1ef1c ho\u1eb7c b\u1ea1n b\u00e8.<span class=\"footnote_referrer\"><a role=\"button\" tabindex=\"0\" onclick=\"footnote_moveToReference_1226_1('footnote_plugin_reference_1226_1_1');\" onkeypress=\"footnote_moveToReference_1226_1('footnote_plugin_reference_1226_1_1');\" ><sup id=\"footnote_plugin_tooltip_1226_1_1\" class=\"footnote_plugin_tooltip_text\">[1]<\/sup><\/a><span id=\"footnote_plugin_tooltip_text_1226_1_1\" class=\"footnote_tooltip\">M\u1ee5c 4646(e).<\/span><\/span><script type=\"text\/javascript\"> jQuery('#footnote_plugin_tooltip_1226_1_1').tooltip({ tip: '#footnote_plugin_tooltip_text_1226_1_1', tipClass: 'footnote_tooltip', effect: 'fade', predelay: 0, fadeInSpeed: 200, delay: 400, fadeOutSpeed: 200, position: 'top center', relative: true, offset: [-7, 0], });<\/script><\/li><li>G\u1ecdi \u0111i\u1ec7n tho\u1ea1i cho qu\u00fd v\u1ecb v\u1ec1 c\u00e1c cu\u1ed9c h\u1ecdp IPP. N\u1ebfu qu\u00fd v\u1ecb c\u0169ng mu\u1ed1n nh\u1eadn v\u0103n b\u1ea3n th\u00f4ng b\u00e1o, h\u00e3y y\u00eau c\u1ea7u h\u1ecd g\u1eedi t\u1ea5t c\u1ea3 th\u00f4ng b\u00e1o v\u1ec1 cu\u1ed9c h\u1ecdp IPP \u0111\u1ebfn qu\u00fd v\u1ecb v\u00e0 ng\u01b0\u1eddi kh\u00e1c.<\/li><\/ul>\n<div class=\"speaker-mute footnotes_reference_container\"> <div class=\"footnote_container_prepare\"><p><span role=\"button\" tabindex=\"0\" class=\"footnote_reference_container_label pointer\" onclick=\"footnote_expand_collapse_reference_container_1226_1();\">&#x202F;<\/span><span role=\"button\" tabindex=\"0\" class=\"footnote_reference_container_collapse_button\" style=\"display: none;\" onclick=\"footnote_expand_collapse_reference_container_1226_1();\">[<a id=\"footnote_reference_container_collapse_button_1226_1\">+<\/a>]<\/span><\/p><\/div> <div id=\"footnote_references_container_1226_1\" style=\"\"><table class=\"footnotes_table footnote-reference-container\"><caption class=\"accessibility\">References<\/caption> <tbody> \r\n\r\n<tr class=\"footnotes_plugin_reference_row\"> <th scope=\"row\" class=\"footnote_plugin_index_combi pointer\"  onclick=\"footnote_moveToAnchor_1226_1('footnote_plugin_tooltip_1226_1_1');\"><a id=\"footnote_plugin_reference_1226_1_1\" class=\"footnote_backlink\"><span class=\"footnote_index_arrow\">&#8593;<\/span>1<\/a><\/th> <td class=\"footnote_plugin_text\">M\u1ee5c 4646(e).<\/td><\/tr>\r\n\r\n <\/tbody> <\/table> <\/div><\/div><script type=\"text\/javascript\"> function footnote_expand_reference_container_1226_1() { jQuery('#footnote_references_container_1226_1').show(); jQuery('#footnote_reference_container_collapse_button_1226_1').text('\u2212'); } function footnote_collapse_reference_container_1226_1() { jQuery('#footnote_references_container_1226_1').hide(); jQuery('#footnote_reference_container_collapse_button_1226_1').text('+'); } function footnote_expand_collapse_reference_container_1226_1() { if (jQuery('#footnote_references_container_1226_1').is(':hidden')) { footnote_expand_reference_container_1226_1(); } else { footnote_collapse_reference_container_1226_1(); } } function footnote_moveToReference_1226_1(p_str_TargetID) { footnote_expand_reference_container_1226_1(); var l_obj_Target = jQuery('#' + p_str_TargetID); if (l_obj_Target.length) { jQuery( 'html, body' ).delay( 0 ); jQuery('html, body').animate({ scrollTop: l_obj_Target.offset().top - window.innerHeight * 0.2 }, 380); } } function footnote_moveToAnchor_1226_1(p_str_TargetID) { footnote_expand_reference_container_1226_1(); var l_obj_Target = jQuery('#' + p_str_TargetID); if (l_obj_Target.length) { jQuery( 'html, body' ).delay( 0 ); jQuery('html, body').animate({ scrollTop: l_obj_Target.offset().top - window.innerHeight * 0.2 }, 380); } }<\/script>","protected":false},"excerpt":{"rendered":"<p>Qu\u00fd v\u1ecb c\u00f3 th\u1ec3 y\u00eau c\u1ea7u \u0111i\u1ec1u ph\u1ed1i vi\u00ean d\u1ecbch v\u1ee5 t\u1ea1i trung t\u00e2m khu v\u1ef1c: G\u1eedi th\u00f4ng b\u00e1o v\u1ec1 c\u00e1c cu\u1ed9c h\u1ecdp IPP \u2013&hellip;<\/p>\n","protected":false},"author":1,"featured_media":0,"parent":1193,"menu_order":14,"comment_status":"closed","ping_status":"closed","template":"","meta":{"footnotes":""},"class_list":["post-1226","page","type-page","status-publish","hentry"],"_links":{"self":[{"href":"https:\/\/rula.disabilityrightsca.org\/vi\/wp-json\/wp\/v2\/pages\/1226","targetHints":{"allow":["GET"]}}],"collection":[{"href":"https:\/\/rula.disabilityrightsca.org\/vi\/wp-json\/wp\/v2\/pages"}],"about":[{"href":"https:\/\/rula.disabilityrightsca.org\/vi\/wp-json\/wp\/v2\/types\/page"}],"author":[{"embeddable":true,"href":"https:\/\/rula.disabilityrightsca.org\/vi\/wp-json\/wp\/v2\/users\/1"}],"replies":[{"embeddable":true,"href":"https:\/\/rula.disabilityrightsca.org\/vi\/wp-json\/wp\/v2\/comments?post=1226"}],"version-history":[{"count":6,"href":"https:\/\/rula.disabilityrightsca.org\/vi\/wp-json\/wp\/v2\/pages\/1226\/revisions"}],"predecessor-version":[{"id":3606,"href":"https:\/\/rula.disabilityrightsca.org\/vi\/wp-json\/wp\/v2\/pages\/1226\/revisions\/3606"}],"up":[{"embeddable":true,"href":"https:\/\/rula.disabilityrightsca.org\/vi\/wp-json\/wp\/v2\/pages\/1193"}],"wp:attachment":[{"href":"https:\/\/rula.disabilityrightsca.org\/vi\/wp-json\/wp\/v2\/media?parent=1226"}],"curies":[{"name":"wp","href":"https:\/\/api.w.org\/{rel}","templated":true}]}}