{"id":1224,"date":"2021-06-10T18:01:20","date_gmt":"2021-06-10T18:01:20","guid":{"rendered":"http:\/\/www.rula.disabilityrightsca.org\/vi\/?page_id=1224"},"modified":"2023-07-07T22:53:56","modified_gmt":"2023-07-07T22:53:56","slug":"how-often-are-ipp-meetings-required","status":"publish","type":"page","link":"https:\/\/rula.disabilityrightsca.org\/vi\/rula-book\/chapter-4-individual-program-plans\/how-often-are-ipp-meetings-required\/","title":{"rendered":"(4.13) \u201cX\u00e1c \u0111\u1ecbnh v\u00e0 x\u00e2y d\u1ef1ng c\u00e1c v\u00f2ng h\u1ed7 tr\u1ee3\u201d ngh\u0129a l\u00e0 g\u00ec?"},"content":{"rendered":"\n<p>\u201cV\u00f2ng h\u1ed7 tr\u1ee3\u201d l\u00e0 gia \u0111\u00ecnh, b\u1ea1n b\u00e8 qu\u00fd v\u1ecb v\u00e0 nh\u1eefng ng\u01b0\u1eddi kh\u00e1c trong cu\u1ed9c s\u1ed1ng c\u1ee7a qu\u00fd v\u1ecb t\u00ecnh nguy\u1ec7n g\u1eb7p qu\u00fd v\u1ecb th\u01b0\u1eddng xuy\u00ean. M\u1ee5c \u0111\u00edch c\u1ee7a h\u1ecd l\u00e0 l\u1eafng nghe qu\u00fd v\u1ecb, chia s\u1ebb kinh nghi\u1ec7m c\u1ee7a h\u1ecd v\u00e0 tr\u1ee3 gi\u00fap qu\u00fd v\u1ecb tr\u1edf n\u00ean \u0111\u1ed9c l\u1eadp v\u00e0 tham gia v\u00e0o c\u1ed9ng \u0111\u1ed3ng. Vi\u1ec7c gi\u1ea3i quy\u1ebft c\u00e1c v\u1ea5n \u0111\u1ec1 s\u1ebd d\u1ec5 d\u00e0ng h\u01a1n n\u1ebfu qu\u00fd v\u1ecb bi\u1ebft b\u1ea3n th\u00e2n \u0111\u01b0\u1ee3c h\u00e0ng x\u00f3m v\u00e0 b\u1ea1n b\u00e8 h\u1ed7 tr\u1ee3 v\u00e0 gi\u00fap \u0111\u1ee1. V\u00f2ng h\u1ed7 tr\u1ee3 l\u00e0 m\u1ed9t trong v\u00e0i \u201cs\u1ef1 h\u1ed7 tr\u1ee3 t\u1ef1 nhi\u00ean\u201d m\u00e0 trung t\u00e2m khu v\u1ef1c c\u00f3 th\u1ec3 gi\u00fap qu\u00fd v\u1ecb b\u1eaft \u0111\u1ea7u.<span class=\"footnote_referrer\"><a role=\"button\" tabindex=\"0\" onclick=\"footnote_moveToReference_1224_1('footnote_plugin_reference_1224_1_1');\" onkeypress=\"footnote_moveToReference_1224_1('footnote_plugin_reference_1224_1_1');\" ><sup id=\"footnote_plugin_tooltip_1224_1_1\" class=\"footnote_plugin_tooltip_text\">[1]<\/sup><\/a><span id=\"footnote_plugin_tooltip_text_1224_1_1\" class=\"footnote_tooltip\">M\u1ee5c 4512(f).<\/span><\/span><script type=\"text\/javascript\"> jQuery('#footnote_plugin_tooltip_1224_1_1').tooltip({ tip: '#footnote_plugin_tooltip_text_1224_1_1', tipClass: 'footnote_tooltip', effect: 'fade', predelay: 0, fadeInSpeed: 200, delay: 400, fadeOutSpeed: 200, position: 'top center', relative: true, offset: [-7, 0], });<\/script><\/p>\n\n\n\n<p>S\u1ef1 h\u1ed7 tr\u1ee3 t\u1ef1 nhi\u00ean l\u00e0 nh\u1eefng ng\u01b0\u1eddi trong c\u1ed9ng \u0111\u1ed3ng c\u1ee7a qu\u00fd v\u1ecb. H\u1ecd l\u00e0 gia \u0111\u00ecnh, h\u00e0ng x\u00f3m, \u0111\u1ed3ng nghi\u1ec7p, b\u1ea1n b\u00e8, b\u1ea1n h\u1ecdc c\u1ee7a qu\u00fd v\u1ecb, c\u0169ng nh\u01b0 l\u00e0 th\u00e0nh vi\u00ean c\u1ee7a c\u00e1c t\u1ed5 ch\u1ee9c, c\u00e2u l\u1ea1c b\u1ed9 v\u00e0 t\u1ed5 ch\u1ee9c d\u00e2n s\u1ef1 qu\u00fd v\u1ecb c\u00f3 li\u00ean quan ho\u1eb7c tham gia.<span class=\"footnote_referrer\"><a role=\"button\" tabindex=\"0\" onclick=\"footnote_moveToReference_1224_1('footnote_plugin_reference_1224_1_2');\" onkeypress=\"footnote_moveToReference_1224_1('footnote_plugin_reference_1224_1_2');\" ><sup id=\"footnote_plugin_tooltip_1224_1_2\" class=\"footnote_plugin_tooltip_text\">[2]<\/sup><\/a><span id=\"footnote_plugin_tooltip_text_1224_1_2\" class=\"footnote_tooltip\">M\u1ee5c 4512(e).<\/span><\/span><script type=\"text\/javascript\"> jQuery('#footnote_plugin_tooltip_1224_1_2').tooltip({ tip: '#footnote_plugin_tooltip_text_1224_1_2', tipClass: 'footnote_tooltip', effect: 'fade', predelay: 0, fadeInSpeed: 200, delay: 400, fadeOutSpeed: 200, position: 'top center', relative: true, offset: [-7, 0], });<\/script><\/p>\n\n\n\n<p>Trung t\u00e2m khu v\u1ef1c kh\u00f4ng th\u1ec3 bu\u1ed9c ng\u01b0\u1eddi h\u1ed7 tr\u1ee3 t\u1ef1 nhi\u00ean ph\u1ea3i gi\u00fap qu\u00fd v\u1ecb. B\u00ean c\u1ea1nh \u0111\u00f3, h\u1ecd kh\u00f4ng th\u1ec3 d\u1eebng ho\u1eb7c t\u1eeb ch\u1ed1i m\u1ed9t d\u1ecbch v\u1ee5 v\u00ec ng\u01b0\u1eddi h\u1ed7 tr\u1ee3 t\u1ef1 nhi\u00ean c\u00f3 th\u1ec3 gi\u00fap qu\u00fd v\u1ecb, tr\u1eeb khi ng\u01b0\u1eddi \u0111\u00f3 \u0111\u1ed3ng \u00fd gi\u00fap qu\u00fd v\u1ecb.<\/p>\n<div class=\"speaker-mute footnotes_reference_container\"> <div class=\"footnote_container_prepare\"><p><span role=\"button\" tabindex=\"0\" class=\"footnote_reference_container_label pointer\" onclick=\"footnote_expand_collapse_reference_container_1224_1();\">&#x202F;<\/span><span role=\"button\" tabindex=\"0\" class=\"footnote_reference_container_collapse_button\" style=\"display: none;\" onclick=\"footnote_expand_collapse_reference_container_1224_1();\">[<a id=\"footnote_reference_container_collapse_button_1224_1\">+<\/a>]<\/span><\/p><\/div> <div id=\"footnote_references_container_1224_1\" style=\"\"><table class=\"footnotes_table footnote-reference-container\"><caption class=\"accessibility\">References<\/caption> <tbody> \r\n\r\n<tr class=\"footnotes_plugin_reference_row\"> <th scope=\"row\" class=\"footnote_plugin_index_combi pointer\"  onclick=\"footnote_moveToAnchor_1224_1('footnote_plugin_tooltip_1224_1_1');\"><a id=\"footnote_plugin_reference_1224_1_1\" class=\"footnote_backlink\"><span class=\"footnote_index_arrow\">&#8593;<\/span>1<\/a><\/th> <td class=\"footnote_plugin_text\">M\u1ee5c 4512(f).<\/td><\/tr>\r\n\r\n<tr class=\"footnotes_plugin_reference_row\"> <th scope=\"row\" class=\"footnote_plugin_index_combi pointer\"  onclick=\"footnote_moveToAnchor_1224_1('footnote_plugin_tooltip_1224_1_2');\"><a id=\"footnote_plugin_reference_1224_1_2\" class=\"footnote_backlink\"><span class=\"footnote_index_arrow\">&#8593;<\/span>2<\/a><\/th> <td class=\"footnote_plugin_text\">M\u1ee5c 4512(e).<\/td><\/tr>\r\n\r\n <\/tbody> <\/table> <\/div><\/div><script type=\"text\/javascript\"> function footnote_expand_reference_container_1224_1() { jQuery('#footnote_references_container_1224_1').show(); jQuery('#footnote_reference_container_collapse_button_1224_1').text('\u2212'); } function footnote_collapse_reference_container_1224_1() { jQuery('#footnote_references_container_1224_1').hide(); jQuery('#footnote_reference_container_collapse_button_1224_1').text('+'); } function footnote_expand_collapse_reference_container_1224_1() { if (jQuery('#footnote_references_container_1224_1').is(':hidden')) { footnote_expand_reference_container_1224_1(); } else { footnote_collapse_reference_container_1224_1(); } } function footnote_moveToReference_1224_1(p_str_TargetID) { footnote_expand_reference_container_1224_1(); var l_obj_Target = jQuery('#' + p_str_TargetID); if (l_obj_Target.length) { jQuery( 'html, body' ).delay( 0 ); jQuery('html, body').animate({ scrollTop: l_obj_Target.offset().top - window.innerHeight * 0.2 }, 380); } } function footnote_moveToAnchor_1224_1(p_str_TargetID) { footnote_expand_reference_container_1224_1(); var l_obj_Target = jQuery('#' + p_str_TargetID); if (l_obj_Target.length) { jQuery( 'html, body' ).delay( 0 ); jQuery('html, body').animate({ scrollTop: l_obj_Target.offset().top - window.innerHeight * 0.2 }, 380); } }<\/script>","protected":false},"excerpt":{"rendered":"<p>\u201cV\u00f2ng h\u1ed7 tr\u1ee3\u201d l\u00e0 gia \u0111\u00ecnh, b\u1ea1n b\u00e8 qu\u00fd v\u1ecb v\u00e0 nh\u1eefng ng\u01b0\u1eddi kh\u00e1c trong cu\u1ed9c s\u1ed1ng c\u1ee7a qu\u00fd v\u1ecb t\u00ecnh nguy\u1ec7n g\u1eb7p qu\u00fd v\u1ecb&hellip;<\/p>\n","protected":false},"author":1,"featured_media":0,"parent":1193,"menu_order":13,"comment_status":"closed","ping_status":"closed","template":"","meta":{"footnotes":""},"class_list":["post-1224","page","type-page","status-publish","hentry"],"_links":{"self":[{"href":"https:\/\/rula.disabilityrightsca.org\/vi\/wp-json\/wp\/v2\/pages\/1224","targetHints":{"allow":["GET"]}}],"collection":[{"href":"https:\/\/rula.disabilityrightsca.org\/vi\/wp-json\/wp\/v2\/pages"}],"about":[{"href":"https:\/\/rula.disabilityrightsca.org\/vi\/wp-json\/wp\/v2\/types\/page"}],"author":[{"embeddable":true,"href":"https:\/\/rula.disabilityrightsca.org\/vi\/wp-json\/wp\/v2\/users\/1"}],"replies":[{"embeddable":true,"href":"https:\/\/rula.disabilityrightsca.org\/vi\/wp-json\/wp\/v2\/comments?post=1224"}],"version-history":[{"count":6,"href":"https:\/\/rula.disabilityrightsca.org\/vi\/wp-json\/wp\/v2\/pages\/1224\/revisions"}],"predecessor-version":[{"id":3604,"href":"https:\/\/rula.disabilityrightsca.org\/vi\/wp-json\/wp\/v2\/pages\/1224\/revisions\/3604"}],"up":[{"embeddable":true,"href":"https:\/\/rula.disabilityrightsca.org\/vi\/wp-json\/wp\/v2\/pages\/1193"}],"wp:attachment":[{"href":"https:\/\/rula.disabilityrightsca.org\/vi\/wp-json\/wp\/v2\/media?parent=1224"}],"curies":[{"name":"wp","href":"https:\/\/api.w.org\/{rel}","templated":true}]}}