{"id":1222,"date":"2021-06-10T17:58:00","date_gmt":"2021-06-10T17:58:00","guid":{"rendered":"http:\/\/www.rula.disabilityrightsca.org\/vi\/?page_id=1222"},"modified":"2024-10-09T18:23:43","modified_gmt":"2024-10-09T18:23:43","slug":"the-regional-center-just-told-me-i-am-eligible-for-regional-center-services-when-do-i-get-my-first-ipp","status":"publish","type":"page","link":"https:\/\/rula.disabilityrightsca.org\/vi\/rula-book\/chapter-4-individual-program-plans\/the-regional-center-just-told-me-i-am-eligible-for-regional-center-services-when-do-i-get-my-first-ipp\/","title":{"rendered":"(4.12) T\u00f4i mu\u1ed1n ai \u0111\u00f3 tham d\u1ef1 cu\u1ed9c h\u1ecdp IPP c\u1ee7a m\u00ecnh nh\u01b0ng h\u1ecd kh\u00f4ng th\u1ec3 \u0111\u1ebfn tr\u1ef1c ti\u1ebfp. H\u1ecd c\u00f3 th\u1ec3 tham d\u1ef1 qua ph\u01b0\u01a1ng ti\u1ec7n li\u00ean l\u1ea1c \u0111i\u1ec7n t\u1eed t\u1eeb xa nh\u01b0 \u0111i\u1ec7n tho\u1ea1i ho\u1eb7c Zoom kh\u00f4ng?"},"content":{"rendered":"\n<p>C\u00f3, h\u00e0ng x\u00f3m c\u1ee7a qu\u00fd v\u1ecb hay b\u1ea5t k\u1ef3 ng\u01b0\u1eddi n\u00e0o kh\u00e1c qu\u00fd v\u1ecb ch\u1ecdn, c\u00f3 th\u1ec3 tham gia qua \u0111i\u1ec7n tho\u1ea1i. H\u00e3y y\u00eau c\u1ea7u trung t\u00e2m khu v\u1ef1c \u0111\u1ea3m b\u1ea3o c\u00f3 \u0111i\u1ec7n tho\u1ea1i k\u00e8m \u201cloa ngo\u00e0i\u201d \u0111\u1ec3 m\u1ecdi ng\u01b0\u1eddi c\u00f3 th\u1ec3 l\u1eafng nghe \u00fd ki\u1ebfn c\u1ee7a nhau. Y\u00eau c\u1ea7u \u0111i\u1ec1u ph\u1ed1i vi\u00ean d\u1ecbch v\u1ee5 c\u1ee7a qu\u00fd v\u1ecb g\u1eedi cho h\u00e0ng x\u00f3m c\u1ee7a qu\u00fd v\u1ecb IPP m\u1edbi nh\u1ea5t c\u00f9ng m\u1ecdi thay \u0111\u1ed5i g\u1ea7n \u0111\u00e2y b\u00ean c\u1ea1nh c\u00e1c gi\u1ea5y t\u1edd kh\u00e1c, ch\u1eb3ng h\u1ea1n nh\u01b0 b\u00e1o c\u00e1o th\u1ea9m \u0111\u1ecbnh, c\u1ea7n thi\u1ebft cho cu\u1ed9c h\u1ecdp IPP.<\/p>\n\n\n\n<p>Khi qu\u00fd v\u1ecb g\u1ecdi \u0111i\u1ec7n cho \u0111i\u1ec1u ph\u1ed1i vi\u00ean d\u1ecbch v\u1ee5, qu\u00fd v\u1ecb c\u00f3 th\u1ec3 n\u00f3i l\u00e0: \u201cT\u00f4i mu\u1ed1n h\u00e0ng x\u00f3m c\u1ee7a m\u00ecnh, C\u00f4 Hill, tham d\u1ef1 cu\u1ed9c h\u1ecdp. C\u00f4 \u1ea5y \u0111i l\u00e0m v\u00e0 kh\u00f4ng th\u1ec3 tham d\u1ef1 tr\u1ef1c ti\u1ebfp. Vui l\u00f2ng g\u1eedi cho c\u00f4 \u1ea5y IPP m\u1edbi nh\u1ea5t c\u1ee7a t\u00f4i v\u00e0 m\u1ed9t b\u1ea3n sao c\u00e1c b\u00e1o c\u00e1o qu\u00fd v\u1ecb s\u1ebd \u0111\u01b0a ra cu\u1ed9c h\u1ecdp \u0111\u1ec3 c\u00f4 \u1ea5y c\u00f3 th\u1ec3 tham gia qua \u0111i\u1ec7n tho\u1ea1i\u201d.<\/p>\n\n\n\n<p>Tr\u00ean th\u1ef1c t\u1ebf, to\u00e0n b\u1ed9 cu\u1ed9c h\u1ecdp IPP c\u00f3 th\u1ec3 \u0111\u01b0\u1ee3c t\u1ed5 ch\u1ee9c qua ph\u01b0\u01a1ng ti\u1ec7n li\u00ean l\u1ea1c \u0111i\u1ec7n t\u1eed t\u1eeb xa (nh\u01b0 qua \u0111i\u1ec7n tho\u1ea1i ho\u1eb7c Zoom) n\u1ebfu qu\u00fd v\u1ecb y\u00eau c\u1ea7u.<span class=\"footnote_referrer\"><a role=\"button\" tabindex=\"0\" onclick=\"footnote_moveToReference_1222_1('footnote_plugin_reference_1222_1_1');\" onkeypress=\"footnote_moveToReference_1222_1('footnote_plugin_reference_1222_1_1');\" ><sup id=\"footnote_plugin_tooltip_1222_1_1\" class=\"footnote_plugin_tooltip_text\">[1]<\/sup><\/a><span id=\"footnote_plugin_tooltip_text_1222_1_1\" class=\"footnote_tooltip\">M\u1ee5c 4646(f).<\/span><\/span><script type=\"text\/javascript\"> jQuery('#footnote_plugin_tooltip_1222_1_1').tooltip({ tip: '#footnote_plugin_tooltip_text_1222_1_1', tipClass: 'footnote_tooltip', effect: 'fade', predelay: 0, fadeInSpeed: 200, delay: 400, fadeOutSpeed: 200, position: 'top center', relative: true, offset: [-7, 0], });<\/script><\/p>\n<div class=\"speaker-mute footnotes_reference_container\"> <div class=\"footnote_container_prepare\"><p><span role=\"button\" tabindex=\"0\" class=\"footnote_reference_container_label pointer\" onclick=\"footnote_expand_collapse_reference_container_1222_1();\">&#x202F;<\/span><span role=\"button\" tabindex=\"0\" class=\"footnote_reference_container_collapse_button\" style=\"display: none;\" onclick=\"footnote_expand_collapse_reference_container_1222_1();\">[<a id=\"footnote_reference_container_collapse_button_1222_1\">+<\/a>]<\/span><\/p><\/div> <div id=\"footnote_references_container_1222_1\" style=\"\"><table class=\"footnotes_table footnote-reference-container\"><caption class=\"accessibility\">References<\/caption> <tbody> \r\n\r\n<tr class=\"footnotes_plugin_reference_row\"> <th scope=\"row\" class=\"footnote_plugin_index_combi pointer\"  onclick=\"footnote_moveToAnchor_1222_1('footnote_plugin_tooltip_1222_1_1');\"><a id=\"footnote_plugin_reference_1222_1_1\" class=\"footnote_backlink\"><span class=\"footnote_index_arrow\">&#8593;<\/span>1<\/a><\/th> <td class=\"footnote_plugin_text\">M\u1ee5c 4646(f).<\/td><\/tr>\r\n\r\n <\/tbody> <\/table> <\/div><\/div><script type=\"text\/javascript\"> function footnote_expand_reference_container_1222_1() { jQuery('#footnote_references_container_1222_1').show(); jQuery('#footnote_reference_container_collapse_button_1222_1').text('\u2212'); } function footnote_collapse_reference_container_1222_1() { jQuery('#footnote_references_container_1222_1').hide(); jQuery('#footnote_reference_container_collapse_button_1222_1').text('+'); } function footnote_expand_collapse_reference_container_1222_1() { if (jQuery('#footnote_references_container_1222_1').is(':hidden')) { footnote_expand_reference_container_1222_1(); } else { footnote_collapse_reference_container_1222_1(); } } function footnote_moveToReference_1222_1(p_str_TargetID) { footnote_expand_reference_container_1222_1(); var l_obj_Target = jQuery('#' + p_str_TargetID); if (l_obj_Target.length) { jQuery( 'html, body' ).delay( 0 ); jQuery('html, body').animate({ scrollTop: l_obj_Target.offset().top - window.innerHeight * 0.2 }, 380); } } function footnote_moveToAnchor_1222_1(p_str_TargetID) { footnote_expand_reference_container_1222_1(); var l_obj_Target = jQuery('#' + p_str_TargetID); if (l_obj_Target.length) { jQuery( 'html, body' ).delay( 0 ); jQuery('html, body').animate({ scrollTop: l_obj_Target.offset().top - window.innerHeight * 0.2 }, 380); } }<\/script>","protected":false},"excerpt":{"rendered":"<p>C\u00f3, h\u00e0ng x\u00f3m c\u1ee7a qu\u00fd v\u1ecb hay b\u1ea5t k\u1ef3 ng\u01b0\u1eddi n\u00e0o kh\u00e1c qu\u00fd v\u1ecb ch\u1ecdn, c\u00f3 th\u1ec3 tham gia qua \u0111i\u1ec7n tho\u1ea1i. H\u00e3y y\u00eau c\u1ea7u&hellip;<\/p>\n","protected":false},"author":1,"featured_media":0,"parent":1193,"menu_order":12,"comment_status":"closed","ping_status":"closed","template":"","meta":{"footnotes":""},"class_list":["post-1222","page","type-page","status-publish","hentry"],"_links":{"self":[{"href":"https:\/\/rula.disabilityrightsca.org\/vi\/wp-json\/wp\/v2\/pages\/1222","targetHints":{"allow":["GET"]}}],"collection":[{"href":"https:\/\/rula.disabilityrightsca.org\/vi\/wp-json\/wp\/v2\/pages"}],"about":[{"href":"https:\/\/rula.disabilityrightsca.org\/vi\/wp-json\/wp\/v2\/types\/page"}],"author":[{"embeddable":true,"href":"https:\/\/rula.disabilityrightsca.org\/vi\/wp-json\/wp\/v2\/users\/1"}],"replies":[{"embeddable":true,"href":"https:\/\/rula.disabilityrightsca.org\/vi\/wp-json\/wp\/v2\/comments?post=1222"}],"version-history":[{"count":8,"href":"https:\/\/rula.disabilityrightsca.org\/vi\/wp-json\/wp\/v2\/pages\/1222\/revisions"}],"predecessor-version":[{"id":3903,"href":"https:\/\/rula.disabilityrightsca.org\/vi\/wp-json\/wp\/v2\/pages\/1222\/revisions\/3903"}],"up":[{"embeddable":true,"href":"https:\/\/rula.disabilityrightsca.org\/vi\/wp-json\/wp\/v2\/pages\/1193"}],"wp:attachment":[{"href":"https:\/\/rula.disabilityrightsca.org\/vi\/wp-json\/wp\/v2\/media?parent=1222"}],"curies":[{"name":"wp","href":"https:\/\/api.w.org\/{rel}","templated":true}]}}