{"id":1220,"date":"2021-06-10T17:53:57","date_gmt":"2021-06-10T17:53:57","guid":{"rendered":"http:\/\/www.rula.disabilityrightsca.org\/vi\/?page_id=1220"},"modified":"2023-07-07T22:39:50","modified_gmt":"2023-07-07T22:39:50","slug":"sometimes-i-misplace-things-that-are-sent-to-me-will-the-regional-center-send-notices-to-someone-else-too","status":"publish","type":"page","link":"https:\/\/rula.disabilityrightsca.org\/vi\/rula-book\/chapter-4-individual-program-plans\/sometimes-i-misplace-things-that-are-sent-to-me-will-the-regional-center-send-notices-to-someone-else-too\/","title":{"rendered":"(4.10) Ai s\u1ebd x\u00e2y d\u1ef1ng IPP?"},"content":{"rendered":"\n<p>Nh\u00f3m l\u1eadp k\u1ebf ho\u1ea1ch s\u1ebd x\u00e2y d\u1ef1ng IPP cho qu\u00fd v\u1ecb. Nh\u00f3m l\u1eadp k\u1ebf ho\u1ea1ch g\u1ed3m c\u00f3:<\/p>\n\n\n\n<ul class=\"wp-block-list\"><li>Qu\u00fd v\u1ecb<\/li><li>Ph\u1ee5 huynh qu\u00fd v\u1ecb n\u1ebfu qu\u00fd v\u1ecb l\u00e0 tr\u1ebb v\u1ecb th\u00e0nh ni\u00ean<\/li><li>Ng\u01b0\u1eddi b\u1ea3o h\u1ed9 ho\u1eb7c ng\u01b0\u1eddi \u0111\u1ea1i di\u1ec7n \u0111\u01b0\u1ee3c \u1ee7y quy\u1ec1n, n\u1ebfu qu\u00fd v\u1ecb c\u00f3 v\u00e0 qu\u00fd v\u1ecb l\u00e0 ng\u01b0\u1eddi tr\u01b0\u1edfng th\u00e0nh<\/li><li>M\u1ed9t ho\u1eb7c nhi\u1ec1u ng\u01b0\u1eddi t\u1eeb trung t\u00e2m khu v\u1ef1c, bao g\u1ed3m \u0111i\u1ec1u ph\u1ed1i vi\u00ean d\u1ecbch v\u1ee5 c\u1ee7a qu\u00fd v\u1ecb<\/li><li>B\u1ea5t k\u1ef3 ng\u01b0\u1eddi n\u00e0o qu\u00fd v\u1ecb m\u1eddi, ch\u1eb3ng h\u1ea1n nh\u01b0 m\u1ed9t nh\u00e0 cung c\u1ea5p d\u1ecbch v\u1ee5.<span class=\"footnote_referrer\"><a role=\"button\" tabindex=\"0\" onclick=\"footnote_moveToReference_1220_1('footnote_plugin_reference_1220_1_1');\" onkeypress=\"footnote_moveToReference_1220_1('footnote_plugin_reference_1220_1_1');\" ><sup id=\"footnote_plugin_tooltip_1220_1_1\" class=\"footnote_plugin_tooltip_text\">[1]<\/sup><\/a><span id=\"footnote_plugin_tooltip_text_1220_1_1\" class=\"footnote_tooltip\">M\u1ee5c 4512(j). N\u1ebfu qu\u00fd v\u1ecb s\u1ed1ng \u1edf m\u1ed9t Trung T\u00e2m Ph\u00e1t Tri\u1ec3n (Development Center), nh\u00e2n vi\u00ean c\u1ee7a Trung T\u00e2m Ph\u00e1t Tri\u1ec3n \u0111\u00f3 c\u0169ng s\u1ebd tham d\u1ef1 cu\u1ed9c h\u1ecdp. M\u1ee5c 4418.3(c)<\/span><\/span><script type=\"text\/javascript\"> jQuery('#footnote_plugin_tooltip_1220_1_1').tooltip({ tip: '#footnote_plugin_tooltip_text_1220_1_1', tipClass: 'footnote_tooltip', effect: 'fade', predelay: 0, fadeInSpeed: 200, delay: 400, fadeOutSpeed: 200, position: 'top center', relative: true, offset: [-7, 0], });<\/script><\/li><\/ul>\n\n\n\n<p>Cu\u1ed9c h\u1ecdp IPP ph\u1ea3i mang t\u00ednh h\u1ee3p t\u00e1c. Nh\u00f3m c\u1ee7a qu\u00fd v\u1ecb c\u00f9ng nhau l\u00e0m vi\u1ec7c \u0111\u1ec3 t\u00ecm c\u00e1c c\u00e1ch gi\u00fap qu\u00fd v\u1ecb \u0111\u1ea1t \u0111\u01b0\u1ee3c m\u1ee5c \u0111\u00edch v\u00e0 m\u01a1 \u01b0\u1edbc. Qu\u00fd v\u1ecb ph\u1ea3i cho bi\u1ebft hy v\u1ecdng, m\u01a1 \u01b0\u1edbc v\u00e0 th\u00e1ch th\u1ee9c c\u1ee7a m\u00ecnh. V\u00e0 trung t\u00e2m khu v\u1ef1c mang \u0111\u1ebfn kinh nghi\u1ec7m v\u00e0 ki\u1ebfn th\u1ee9c c\u1ee7a h\u1ecd v\u1ec1 c\u00e1c d\u1ecbch v\u1ee5 v\u00e0 s\u1ef1 h\u1ed7 tr\u1ee3 s\u1eb5n c\u00f3 \u0111\u1ec3 tr\u1ee3 gi\u00fap qu\u00fd v\u1ecb.<\/p>\n<div class=\"speaker-mute footnotes_reference_container\"> <div class=\"footnote_container_prepare\"><p><span role=\"button\" tabindex=\"0\" class=\"footnote_reference_container_label pointer\" onclick=\"footnote_expand_collapse_reference_container_1220_1();\">&#x202F;<\/span><span role=\"button\" tabindex=\"0\" class=\"footnote_reference_container_collapse_button\" style=\"display: none;\" onclick=\"footnote_expand_collapse_reference_container_1220_1();\">[<a id=\"footnote_reference_container_collapse_button_1220_1\">+<\/a>]<\/span><\/p><\/div> <div id=\"footnote_references_container_1220_1\" style=\"\"><table class=\"footnotes_table footnote-reference-container\"><caption class=\"accessibility\">References<\/caption> <tbody> \r\n\r\n<tr class=\"footnotes_plugin_reference_row\"> <th scope=\"row\" class=\"footnote_plugin_index_combi pointer\"  onclick=\"footnote_moveToAnchor_1220_1('footnote_plugin_tooltip_1220_1_1');\"><a id=\"footnote_plugin_reference_1220_1_1\" class=\"footnote_backlink\"><span class=\"footnote_index_arrow\">&#8593;<\/span>1<\/a><\/th> <td class=\"footnote_plugin_text\">M\u1ee5c 4512(j). N\u1ebfu qu\u00fd v\u1ecb s\u1ed1ng \u1edf m\u1ed9t Trung T\u00e2m Ph\u00e1t Tri\u1ec3n (Development Center), nh\u00e2n vi\u00ean c\u1ee7a Trung T\u00e2m Ph\u00e1t Tri\u1ec3n \u0111\u00f3 c\u0169ng s\u1ebd tham d\u1ef1 cu\u1ed9c h\u1ecdp. M\u1ee5c 4418.3(c)<\/td><\/tr>\r\n\r\n <\/tbody> <\/table> <\/div><\/div><script type=\"text\/javascript\"> function footnote_expand_reference_container_1220_1() { jQuery('#footnote_references_container_1220_1').show(); jQuery('#footnote_reference_container_collapse_button_1220_1').text('\u2212'); } function footnote_collapse_reference_container_1220_1() { jQuery('#footnote_references_container_1220_1').hide(); jQuery('#footnote_reference_container_collapse_button_1220_1').text('+'); } function footnote_expand_collapse_reference_container_1220_1() { if (jQuery('#footnote_references_container_1220_1').is(':hidden')) { footnote_expand_reference_container_1220_1(); } else { footnote_collapse_reference_container_1220_1(); } } function footnote_moveToReference_1220_1(p_str_TargetID) { footnote_expand_reference_container_1220_1(); var l_obj_Target = jQuery('#' + p_str_TargetID); if (l_obj_Target.length) { jQuery( 'html, body' ).delay( 0 ); jQuery('html, body').animate({ scrollTop: l_obj_Target.offset().top - window.innerHeight * 0.2 }, 380); } } function footnote_moveToAnchor_1220_1(p_str_TargetID) { footnote_expand_reference_container_1220_1(); var l_obj_Target = jQuery('#' + p_str_TargetID); if (l_obj_Target.length) { jQuery( 'html, body' ).delay( 0 ); jQuery('html, body').animate({ scrollTop: l_obj_Target.offset().top - window.innerHeight * 0.2 }, 380); } }<\/script>","protected":false},"excerpt":{"rendered":"<p>Nh\u00f3m l\u1eadp k\u1ebf ho\u1ea1ch s\u1ebd x\u00e2y d\u1ef1ng IPP cho qu\u00fd v\u1ecb. Nh\u00f3m l\u1eadp k\u1ebf ho\u1ea1ch g\u1ed3m c\u00f3: Qu\u00fd v\u1ecb Ph\u1ee5 huynh qu\u00fd v\u1ecb n\u1ebfu qu\u00fd&hellip;<\/p>\n","protected":false},"author":1,"featured_media":0,"parent":1193,"menu_order":10,"comment_status":"closed","ping_status":"closed","template":"","meta":{"footnotes":""},"class_list":["post-1220","page","type-page","status-publish","hentry"],"_links":{"self":[{"href":"https:\/\/rula.disabilityrightsca.org\/vi\/wp-json\/wp\/v2\/pages\/1220","targetHints":{"allow":["GET"]}}],"collection":[{"href":"https:\/\/rula.disabilityrightsca.org\/vi\/wp-json\/wp\/v2\/pages"}],"about":[{"href":"https:\/\/rula.disabilityrightsca.org\/vi\/wp-json\/wp\/v2\/types\/page"}],"author":[{"embeddable":true,"href":"https:\/\/rula.disabilityrightsca.org\/vi\/wp-json\/wp\/v2\/users\/1"}],"replies":[{"embeddable":true,"href":"https:\/\/rula.disabilityrightsca.org\/vi\/wp-json\/wp\/v2\/comments?post=1220"}],"version-history":[{"count":3,"href":"https:\/\/rula.disabilityrightsca.org\/vi\/wp-json\/wp\/v2\/pages\/1220\/revisions"}],"predecessor-version":[{"id":3600,"href":"https:\/\/rula.disabilityrightsca.org\/vi\/wp-json\/wp\/v2\/pages\/1220\/revisions\/3600"}],"up":[{"embeddable":true,"href":"https:\/\/rula.disabilityrightsca.org\/vi\/wp-json\/wp\/v2\/pages\/1193"}],"wp:attachment":[{"href":"https:\/\/rula.disabilityrightsca.org\/vi\/wp-json\/wp\/v2\/media?parent=1220"}],"curies":[{"name":"wp","href":"https:\/\/api.w.org\/{rel}","templated":true}]}}