{"id":1218,"date":"2021-06-10T17:51:58","date_gmt":"2021-06-10T17:51:58","guid":{"rendered":"http:\/\/www.rula.disabilityrightsca.org\/vi\/?page_id=1218"},"modified":"2023-07-07T22:40:36","modified_gmt":"2023-07-07T22:40:36","slug":"where-will-the-ipp-meeting-be","status":"publish","type":"page","link":"https:\/\/rula.disabilityrightsca.org\/vi\/rula-book\/chapter-4-individual-program-plans\/where-will-the-ipp-meeting-be\/","title":{"rendered":"(4.11)  T\u00f4i c\u00f3 th\u1ec3 nh\u1edd ng\u01b0\u1eddi gi\u00fap m\u00ecnh trong cu\u1ed9c h\u1ecdp IPP kh\u00f4ng ho\u1eb7c ng\u01b0\u1eddi n\u00e0o \u0111\u00f3 c\u00f3 th\u1ec3 \u0111\u01b0\u1ee3c ch\u1ec9 \u0111\u1ecbnh gi\u00fap t\u00f4i kh\u00f4ng?"},"content":{"rendered":"\n<p>C\u00f3. N\u1ebfu qu\u00fd v\u1ecb l\u00e0 ng\u01b0\u1eddi tr\u01b0\u1edfng th\u00e0nh v\u00e0 kh\u00f4ng c\u00f3 ng\u01b0\u1eddi b\u1ea3o h\u1ed9 do t\u00f2a ch\u1ec9 \u0111\u1ecbnh, qu\u00fd v\u1ecb c\u00f3 th\u1ec3 b\u00e1o cho nh\u00f3m l\u1eadp k\u1ebf ho\u1ea1ch bi\u1ebft qu\u00fd v\u1ecb mu\u1ed1n ch\u1ec9 \u0111\u1ecbnh ng\u01b0\u1eddi s\u1ebd gi\u00fap qu\u00fd v\u1ecb t\u1ea1i cu\u1ed9c h\u1ecdp IPP v\u00e0 ph\u00e1t tri\u1ec3n IPP c\u1ee7a qu\u00fd v\u1ecb.<\/p>\n\n\n\n<p>\u0110\u00f4i khi, v\u0103n ph\u00f2ng khu v\u1ef1c c\u1ee7a H\u1ed9i \u0110\u1ed3ng Ti\u1ec3u Bang v\u1ec1 Khuy\u1ebft T\u1eadt Ph\u00e1t Tri\u1ec3n (t\u00ean c\u0169 l\u00e0 H\u1ed9i \u0110\u1ed3ng Khu V\u1ef1c) c\u00f3 th\u1ec3 ch\u1ec9 \u0111\u1ecbnh ng\u01b0\u1eddi \u0111\u1ea1i di\u1ec7n \u0111\u01b0\u1ee3c \u1ee7y quy\u1ec1n \u0111\u1ec3 thay qu\u00fd v\u1ecb ph\u00e1t ng\u00f4n. Ng\u01b0\u1eddi \u0111\u1ea1i di\u1ec7n \u0111\u01b0\u1ee3c \u1ee7y quy\u1ec1n n\u00e0y s\u1ebd gi\u00fap qu\u00fd v\u1ecb b\u00e0y t\u1ecf nhu c\u1ea7u v\u00e0 l\u1ef1a ch\u1ecdn c\u1ee7a qu\u00fd v\u1ecb c\u0169ng nh\u01b0 \u0111\u01b0a ra quy\u1ebft \u0111\u1ecbnh.<span class=\"footnote_referrer\"><a role=\"button\" tabindex=\"0\" onclick=\"footnote_moveToReference_1218_1('footnote_plugin_reference_1218_1_1');\" onkeypress=\"footnote_moveToReference_1218_1('footnote_plugin_reference_1218_1_1');\" ><sup id=\"footnote_plugin_tooltip_1218_1_1\" class=\"footnote_plugin_tooltip_text\">[1]<\/sup><\/a><span id=\"footnote_plugin_tooltip_text_1218_1_1\" class=\"footnote_tooltip\">M\u1ee5c 4541(a)(1).<\/span><\/span><script type=\"text\/javascript\"> jQuery('#footnote_plugin_tooltip_1218_1_1').tooltip({ tip: '#footnote_plugin_tooltip_text_1218_1_1', tipClass: 'footnote_tooltip', effect: 'fade', predelay: 0, fadeInSpeed: 200, delay: 400, fadeOutSpeed: 200, position: 'top center', relative: true, offset: [-7, 0], });<\/script> N\u1ebfu qu\u00fd v\u1ecb kh\u00f4ng th\u1ec3 t\u1ef1 y\u00eau c\u1ea7u, c\u00f3 ng\u01b0\u1eddi s\u1ebd y\u00eau c\u1ea7u cho qu\u00fd v\u1ecb. Qu\u00fd v\u1ecb c\u00f3 th\u1ec3 y\u00eau c\u1ea7u ch\u1ec9 \u0111\u1ecbnh m\u1ed9t ng\u01b0\u1eddi c\u1ee5 th\u1ec3, ch\u1eb3ng h\u1ea1n nh\u01b0 th\u00e0nh vi\u00ean gia \u0111\u00ecnh ho\u1eb7c m\u1ed9t ng\u01b0\u1eddi b\u1ea1n. Quy\u1ebft \u0111\u1ecbnh c\u1ee7a qu\u00fd v\u1ecb v\u1ec1 ng\u01b0\u1eddi s\u1ebd l\u00e0m ng\u01b0\u1eddi \u0111\u1ea1i di\u1ec7n cho qu\u00fd v\u1ecb v\u00e0 vi\u1ec7c qu\u00fd v\u1ecb c\u00f3 c\u1ea7n ng\u01b0\u1eddi \u0111\u1ea1i di\u1ec7n hay kh\u00f4ng ph\u1ea3i \u0111\u01b0\u1ee3c tu\u00e2n th\u1ee7.<span class=\"footnote_referrer\"><a role=\"button\" tabindex=\"0\" onclick=\"footnote_moveToReference_1218_1('footnote_plugin_reference_1218_1_2');\" onkeypress=\"footnote_moveToReference_1218_1('footnote_plugin_reference_1218_1_2');\" ><sup id=\"footnote_plugin_tooltip_1218_1_2\" class=\"footnote_plugin_tooltip_text\">[2]<\/sup><\/a><span id=\"footnote_plugin_tooltip_text_1218_1_2\" class=\"footnote_tooltip\">M\u1ee5c 4541(a)(2).<\/span><\/span><script type=\"text\/javascript\"> jQuery('#footnote_plugin_tooltip_1218_1_2').tooltip({ tip: '#footnote_plugin_tooltip_text_1218_1_2', tipClass: 'footnote_tooltip', effect: 'fade', predelay: 0, fadeInSpeed: 200, delay: 400, fadeOutSpeed: 200, position: 'top center', relative: true, offset: [-7, 0], });<\/script> N\u1ebfu qu\u00fd v\u1ecb kh\u00f4ng y\u00eau c\u1ea7u m\u1ed9t ng\u01b0\u1eddi c\u1ee5 th\u1ec3, H\u1ed9i \u0110\u1ed3ng Ti\u1ec3u Bang c\u00f3 th\u1ec3 ch\u1ec9 \u0111\u1ecbnh m\u1ed9t th\u00e0nh vi\u00ean gia \u0111\u00ecnh ho\u1eb7c m\u1ed9t t\u00ecnh nguy\u1ec7n vi\u00ean n\u1ebfu h\u1ecd c\u00f3 s\u1eb5n. H\u1ed9i \u0110\u1ed3ng Ti\u1ec3u Bang ph\u1ea3i cung c\u1ea5p ng\u01b0\u1eddi \u0111\u1ea1i di\u1ec7n cho qu\u00fd v\u1ecb n\u1ebfu qu\u00fd v\u1ecb s\u1ed1ng trong trung t\u00e2m ph\u00e1t tri\u1ec3n. <span class=\"footnote_referrer\"><a role=\"button\" tabindex=\"0\" onclick=\"footnote_moveToReference_1218_1('footnote_plugin_reference_1218_1_3');\" onkeypress=\"footnote_moveToReference_1218_1('footnote_plugin_reference_1218_1_3');\" ><sup id=\"footnote_plugin_tooltip_1218_1_3\" class=\"footnote_plugin_tooltip_text\">[3]<\/sup><\/a><span id=\"footnote_plugin_tooltip_text_1218_1_3\" class=\"footnote_tooltip\">M\u1ee5c 4541(a)(3)<\/span><\/span><script type=\"text\/javascript\"> jQuery('#footnote_plugin_tooltip_1218_1_3').tooltip({ tip: '#footnote_plugin_tooltip_text_1218_1_3', tipClass: 'footnote_tooltip', effect: 'fade', predelay: 0, fadeInSpeed: 200, delay: 400, fadeOutSpeed: 200, position: 'top center', relative: true, offset: [-7, 0], });<\/script> Xem <a href=\"https:\/\/rula.disabilityrightsca.org\/rula-book\/chapter-5-advocating-for-yourself\/\">Ch\u01b0\u01a1ng 5<\/a> \u0111\u1ec3 bi\u1ebft th\u00eam th\u00f4ng tin v\u1ec1 H\u1ed9i \u0110\u1ed3ng Ti\u1ec3u Bang v\u1ec1 Khuy\u1ebft T\u1eadt Ph\u00e1t Tri\u1ec3n<\/p>\n<div class=\"speaker-mute footnotes_reference_container\"> <div class=\"footnote_container_prepare\"><p><span role=\"button\" tabindex=\"0\" class=\"footnote_reference_container_label pointer\" onclick=\"footnote_expand_collapse_reference_container_1218_1();\">&#x202F;<\/span><span role=\"button\" tabindex=\"0\" class=\"footnote_reference_container_collapse_button\" style=\"display: none;\" onclick=\"footnote_expand_collapse_reference_container_1218_1();\">[<a id=\"footnote_reference_container_collapse_button_1218_1\">+<\/a>]<\/span><\/p><\/div> <div id=\"footnote_references_container_1218_1\" style=\"\"><table class=\"footnotes_table footnote-reference-container\"><caption class=\"accessibility\">References<\/caption> <tbody> \r\n\r\n<tr class=\"footnotes_plugin_reference_row\"> <th scope=\"row\" class=\"footnote_plugin_index_combi pointer\"  onclick=\"footnote_moveToAnchor_1218_1('footnote_plugin_tooltip_1218_1_1');\"><a id=\"footnote_plugin_reference_1218_1_1\" class=\"footnote_backlink\"><span class=\"footnote_index_arrow\">&#8593;<\/span>1<\/a><\/th> <td class=\"footnote_plugin_text\">M\u1ee5c 4541(a)(1).<\/td><\/tr>\r\n\r\n<tr class=\"footnotes_plugin_reference_row\"> <th scope=\"row\" class=\"footnote_plugin_index_combi pointer\"  onclick=\"footnote_moveToAnchor_1218_1('footnote_plugin_tooltip_1218_1_2');\"><a id=\"footnote_plugin_reference_1218_1_2\" class=\"footnote_backlink\"><span class=\"footnote_index_arrow\">&#8593;<\/span>2<\/a><\/th> <td class=\"footnote_plugin_text\">M\u1ee5c 4541(a)(2).<\/td><\/tr>\r\n\r\n<tr class=\"footnotes_plugin_reference_row\"> <th scope=\"row\" class=\"footnote_plugin_index_combi pointer\"  onclick=\"footnote_moveToAnchor_1218_1('footnote_plugin_tooltip_1218_1_3');\"><a id=\"footnote_plugin_reference_1218_1_3\" class=\"footnote_backlink\"><span class=\"footnote_index_arrow\">&#8593;<\/span>3<\/a><\/th> <td class=\"footnote_plugin_text\">M\u1ee5c 4541(a)(3)<\/td><\/tr>\r\n\r\n <\/tbody> <\/table> <\/div><\/div><script type=\"text\/javascript\"> function footnote_expand_reference_container_1218_1() { jQuery('#footnote_references_container_1218_1').show(); jQuery('#footnote_reference_container_collapse_button_1218_1').text('\u2212'); } function footnote_collapse_reference_container_1218_1() { jQuery('#footnote_references_container_1218_1').hide(); jQuery('#footnote_reference_container_collapse_button_1218_1').text('+'); } function footnote_expand_collapse_reference_container_1218_1() { if (jQuery('#footnote_references_container_1218_1').is(':hidden')) { footnote_expand_reference_container_1218_1(); } else { footnote_collapse_reference_container_1218_1(); } } function footnote_moveToReference_1218_1(p_str_TargetID) { footnote_expand_reference_container_1218_1(); var l_obj_Target = jQuery('#' + p_str_TargetID); if (l_obj_Target.length) { jQuery( 'html, body' ).delay( 0 ); jQuery('html, body').animate({ scrollTop: l_obj_Target.offset().top - window.innerHeight * 0.2 }, 380); } } function footnote_moveToAnchor_1218_1(p_str_TargetID) { footnote_expand_reference_container_1218_1(); var l_obj_Target = jQuery('#' + p_str_TargetID); if (l_obj_Target.length) { jQuery( 'html, body' ).delay( 0 ); jQuery('html, body').animate({ scrollTop: l_obj_Target.offset().top - window.innerHeight * 0.2 }, 380); } }<\/script>","protected":false},"excerpt":{"rendered":"<p>C\u00f3. N\u1ebfu qu\u00fd v\u1ecb l\u00e0 ng\u01b0\u1eddi tr\u01b0\u1edfng th\u00e0nh v\u00e0 kh\u00f4ng c\u00f3 ng\u01b0\u1eddi b\u1ea3o h\u1ed9 do t\u00f2a ch\u1ec9 \u0111\u1ecbnh, qu\u00fd v\u1ecb c\u00f3 th\u1ec3 b\u00e1o cho nh\u00f3m&hellip;<\/p>\n","protected":false},"author":1,"featured_media":0,"parent":1193,"menu_order":11,"comment_status":"closed","ping_status":"closed","template":"","meta":{"footnotes":""},"class_list":["post-1218","page","type-page","status-publish","hentry"],"_links":{"self":[{"href":"https:\/\/rula.disabilityrightsca.org\/vi\/wp-json\/wp\/v2\/pages\/1218","targetHints":{"allow":["GET"]}}],"collection":[{"href":"https:\/\/rula.disabilityrightsca.org\/vi\/wp-json\/wp\/v2\/pages"}],"about":[{"href":"https:\/\/rula.disabilityrightsca.org\/vi\/wp-json\/wp\/v2\/types\/page"}],"author":[{"embeddable":true,"href":"https:\/\/rula.disabilityrightsca.org\/vi\/wp-json\/wp\/v2\/users\/1"}],"replies":[{"embeddable":true,"href":"https:\/\/rula.disabilityrightsca.org\/vi\/wp-json\/wp\/v2\/comments?post=1218"}],"version-history":[{"count":7,"href":"https:\/\/rula.disabilityrightsca.org\/vi\/wp-json\/wp\/v2\/pages\/1218\/revisions"}],"predecessor-version":[{"id":3602,"href":"https:\/\/rula.disabilityrightsca.org\/vi\/wp-json\/wp\/v2\/pages\/1218\/revisions\/3602"}],"up":[{"embeddable":true,"href":"https:\/\/rula.disabilityrightsca.org\/vi\/wp-json\/wp\/v2\/pages\/1193"}],"wp:attachment":[{"href":"https:\/\/rula.disabilityrightsca.org\/vi\/wp-json\/wp\/v2\/media?parent=1218"}],"curies":[{"name":"wp","href":"https:\/\/api.w.org\/{rel}","templated":true}]}}