{"id":1216,"date":"2021-06-10T17:49:32","date_gmt":"2021-06-10T17:49:32","guid":{"rendered":"http:\/\/www.rula.disabilityrightsca.org\/vi\/?page_id=1216"},"modified":"2023-07-07T22:39:30","modified_gmt":"2023-07-07T22:39:30","slug":"what-does-it-mean-to-identify-and-build-circles-of-support","status":"publish","type":"page","link":"https:\/\/rula.disabilityrightsca.org\/vi\/rula-book\/chapter-4-individual-program-plans\/what-does-it-mean-to-identify-and-build-circles-of-support\/","title":{"rendered":"(4.9)\tT\u1ea1i sao IPP l\u1ea1i quan tr\u1ecdng \u0111\u1ebfn v\u1eady?"},"content":{"rendered":"\n<p>IPP quan tr\u1ecdng l\u00e0 v\u00ec k\u1ebf ho\u1ea1ch n\u00e0y cho ph\u00e9p c\u00e1c d\u1ecbch v\u1ee5 v\u00e0 s\u1ef1 h\u1ed7 tr\u1ee3 d\u00e0nh cho qu\u00fd v\u1ecb. IPP gi\u1ed1ng nh\u01b0 h\u1ee3p \u0111\u1ed3ng gi\u1eefa qu\u00fd v\u1ecb v\u00e0 trung t\u00e2m khu v\u1ef1c. \u0110\u00e2y l\u00e0 m\u1ed9t th\u1ecfa thu\u1eadn cung c\u1ea5p c\u00e1c d\u1ecbch v\u1ee5 v\u00e0 s\u1ef1 h\u1ed7 tr\u1ee3.<span class=\"footnote_referrer\"><a role=\"button\" tabindex=\"0\" onclick=\"footnote_moveToReference_1216_1('footnote_plugin_reference_1216_1_1');\" onkeypress=\"footnote_moveToReference_1216_1('footnote_plugin_reference_1216_1_1');\" ><sup id=\"footnote_plugin_tooltip_1216_1_1\" class=\"footnote_plugin_tooltip_text\">[1]<\/sup><\/a><span id=\"footnote_plugin_tooltip_text_1216_1_1\" class=\"footnote_tooltip\">\u201cQuy\u1ec1n c\u1ee7a ng\u01b0\u1eddi khuy\u1ebft t\u1eadt v\u1ec1 ph\u00e1t tri\u1ec3n v\u00e0 ngh\u0129a v\u1ee5 c\u1ee7a ti\u1ec3u bang \u0111\u1ed1i v\u1edbi h\u1ecd \u0111\u01b0\u1ee3c th\u1ef1c hi\u1ec7n qua c\u00e1c k\u1ebf ho\u1ea1ch ch\u01b0\u01a1ng tr\u00ecnh c\u00e1 nh\u00e2n (individual&nbsp;&#x2026; <span class=\"footnote_tooltip_continue\"  onclick=\"footnote_moveToReference_1216_1('footnote_plugin_reference_1216_1_1');\">Continue reading<\/span><\/span><\/span><script type=\"text\/javascript\"> jQuery('#footnote_plugin_tooltip_1216_1_1').tooltip({ tip: '#footnote_plugin_tooltip_text_1216_1_1', tipClass: 'footnote_tooltip', effect: 'fade', predelay: 0, fadeInSpeed: 200, delay: 400, fadeOutSpeed: 200, position: 'top center', relative: true, offset: [-7, 0], });<\/script> N\u1ebfu c\u00f3 m\u1ed9t d\u1ecbch v\u1ee5 ho\u1eb7c s\u1ef1 h\u1ed7 tr\u1ee3 qu\u00fd v\u1ecb c\u1ea7n v\u00e0 mu\u1ed1n c\u00f3, k\u1ec3 c\u1ea3 d\u1ecbch v\u1ee5 t\u1eeb m\u1ed9t c\u01a1 quan kh\u00e1c, qu\u00fd v\u1ecb <em>ph\u1ea3i <\/em>y\u00eau c\u1ea7u ghi d\u1ecbch v\u1ee5 ho\u1eb7c s\u1ef1 h\u1ed7 tr\u1ee3 \u0111\u00f3 v\u00e0o IPP.<\/p>\n\n\n\n<p>B\u1ea5t k\u1ef3 khi n\u00e0o qu\u00fd v\u1ecb c\u1ea7n c\u00e1c d\u1ecbch v\u1ee5 v\u00e0 s\u1ef1 h\u1ed7 tr\u1ee3, h\u00e3y y\u00eau c\u1ea7u trung t\u00e2m khu v\u1ef1c t\u1ed5 ch\u1ee9c m\u1ed9t cu\u1ed9c h\u1ecdp IPP. <em>M\u1ecdi <\/em>&nbsp;d\u1ecbch v\u1ee5 ho\u1eb7c s\u1ef1 h\u1ed7 tr\u1ee3 ph\u1ea3i \u0111\u01b0\u1ee3c li\u1ec7t k\u00ea, bao g\u1ed3m c\u00e1c d\u1ecbch v\u1ee5 t\u1eeb m\u1ed9t \u201cc\u01a1 quan chung\u201d. <span class=\"footnote_referrer\"><a role=\"button\" tabindex=\"0\" onclick=\"footnote_moveToReference_1216_1('footnote_plugin_reference_1216_1_2');\" onkeypress=\"footnote_moveToReference_1216_1('footnote_plugin_reference_1216_1_2');\" ><sup id=\"footnote_plugin_tooltip_1216_1_2\" class=\"footnote_plugin_tooltip_text\">[2]<\/sup><\/a><span id=\"footnote_plugin_tooltip_text_1216_1_2\" class=\"footnote_tooltip\">M\u1ee5c 4646.5(a)(5). C\u01a1 quan chung cung c\u1ea5p d\u1ecbch v\u1ee5 v\u00e0 ph\u00fac l\u1ee3i cho m\u1ecdi ng\u01b0\u1eddi n\u00f3i chung, cho d\u00f9 h\u1ecd c\u00f3 l\u00e0 kh\u00e1ch h\u00e0ng c\u1ee7a trung t\u00e2m khu v\u1ef1c hay kh\u00f4ng. M\u1ee5c 4644(b). V\u00ed&nbsp;&#x2026; <span class=\"footnote_tooltip_continue\"  onclick=\"footnote_moveToReference_1216_1('footnote_plugin_reference_1216_1_2');\">Continue reading<\/span><\/span><\/span><script type=\"text\/javascript\"> jQuery('#footnote_plugin_tooltip_1216_1_2').tooltip({ tip: '#footnote_plugin_tooltip_text_1216_1_2', tipClass: 'footnote_tooltip', effect: 'fade', predelay: 0, fadeInSpeed: 200, delay: 400, fadeOutSpeed: 200, position: 'top center', relative: true, offset: [-7, 0], });<\/script><\/p>\n\n\n\n<p>khuy\u1ebft t\u1eadt th\u1ec3 ch\u1ea5t, h\u1ecdc khu cho c\u00e1c d\u1ecbch v\u1ee5 \u0111\u01b0\u1ee3c cung c\u1ea5p th\u00f4ng qua m\u1ed9t ch\u01b0\u01a1ng tr\u00ecnh gi\u00e1o d\u1ee5c \u0111\u1eb7c bi\u1ec7t, S\u1edf An Sinh X\u00e3 H\u1ed9i cho c\u00e1c ph\u00fac l\u1ee3i SSI hay Khuy\u1ebft T\u1eadt An Sinh X\u00e3 H\u1ed9i.]]<\/p>\n\n\n\n<p><strong><em>H\u00e3y nh\u1edb r\u1eb1ng!<\/em><\/strong><\/p>\n\n\n\n<ul class=\"wp-block-list\"><li>N\u1ebfu m\u1ed9t d\u1ecbch v\u1ee5 <strong>\u0111\u01b0\u1ee3c li\u1ec7t k\u00ea <\/strong>trong IPP c\u1ee7a qu\u00fd v\u1ecb, trung t\u00e2m khu v\u1ef1c <strong>ph\u1ea3i <\/strong>cung c\u1ea5p d\u1ecbch v\u1ee5 \u0111\u00f3 ho\u1eb7c tr\u1ee3 gi\u00fap qu\u00fd v\u1ecb nh\u1eadn (ho\u1eb7c ti\u1ebfp t\u1ee5c nh\u1eadn) d\u1ecbch v\u1ee5 \u0111\u00f3 \u1edf n\u01a1i kh\u00e1c. <span class=\"footnote_referrer\"><a role=\"button\" tabindex=\"0\" onclick=\"footnote_moveToReference_1216_1('footnote_plugin_reference_1216_1_3');\" onkeypress=\"footnote_moveToReference_1216_1('footnote_plugin_reference_1216_1_3');\" ><sup id=\"footnote_plugin_tooltip_1216_1_3\" class=\"footnote_plugin_tooltip_text\">[3]<\/sup><\/a><span id=\"footnote_plugin_tooltip_text_1216_1_3\" class=\"footnote_tooltip\">M\u1ee5c 4648.<\/span><\/span><script type=\"text\/javascript\"> jQuery('#footnote_plugin_tooltip_1216_1_3').tooltip({ tip: '#footnote_plugin_tooltip_text_1216_1_3', tipClass: 'footnote_tooltip', effect: 'fade', predelay: 0, fadeInSpeed: 200, delay: 400, fadeOutSpeed: 200, position: 'top center', relative: true, offset: [-7, 0], });<\/script><\/li><li>N\u1ebfu m\u1ed9t d\u1ecbch v\u1ee5 <strong>KH\u00d4NG C\u00d3 <\/strong>trong IPP c\u1ee7a qu\u00fd v\u1ecb, trung t\u00e2m khu v\u1ef1c kh\u00f4ng ph\u1ea3i cung c\u1ea5p d\u1ecbch v\u1ee5 \u0111\u00f3 cho qu\u00fd v\u1ecb ho\u1eb7c tr\u1ee3 gi\u00fap qu\u00fd v\u1ecb nh\u1eadn d\u1ecbch v\u1ee5 \u0111\u00f3 t\u1eeb m\u1ed9t c\u01a1 quan kh\u00e1c.<\/li><\/ul>\n<div class=\"speaker-mute footnotes_reference_container\"> <div class=\"footnote_container_prepare\"><p><span role=\"button\" tabindex=\"0\" class=\"footnote_reference_container_label pointer\" onclick=\"footnote_expand_collapse_reference_container_1216_1();\">&#x202F;<\/span><span role=\"button\" tabindex=\"0\" class=\"footnote_reference_container_collapse_button\" style=\"display: none;\" onclick=\"footnote_expand_collapse_reference_container_1216_1();\">[<a id=\"footnote_reference_container_collapse_button_1216_1\">+<\/a>]<\/span><\/p><\/div> <div id=\"footnote_references_container_1216_1\" style=\"\"><table class=\"footnotes_table footnote-reference-container\"><caption class=\"accessibility\">References<\/caption> <tbody> \r\n\r\n<tr class=\"footnotes_plugin_reference_row\"> <th scope=\"row\" class=\"footnote_plugin_index_combi pointer\"  onclick=\"footnote_moveToAnchor_1216_1('footnote_plugin_tooltip_1216_1_1');\"><a id=\"footnote_plugin_reference_1216_1_1\" class=\"footnote_backlink\"><span class=\"footnote_index_arrow\">&#8593;<\/span>1<\/a><\/th> <td class=\"footnote_plugin_text\">\u201cQuy\u1ec1n c\u1ee7a ng\u01b0\u1eddi khuy\u1ebft t\u1eadt v\u1ec1 ph\u00e1t tri\u1ec3n v\u00e0 ngh\u0129a v\u1ee5 c\u1ee7a ti\u1ec3u bang \u0111\u1ed1i v\u1edbi h\u1ecd \u0111\u01b0\u1ee3c th\u1ef1c hi\u1ec7n qua c\u00e1c k\u1ebf ho\u1ea1ch ch\u01b0\u01a1ng tr\u00ecnh c\u00e1 nh\u00e2n (individual program plans, IPP) m\u00e0 trung t\u00e2m khu v\u1ef1c ph\u1ea3i ph\u00e1t tri\u1ec3n cho m\u1ed7i kh\u00e1ch h\u00e0ng.\u201d <em>Clemente ki\u1ec7n Amundson<\/em>, 60 B\u00e1o C\u00e1o Ph\u00fac Th\u1ea9m C\u1ee7a California s\u1ed1 4 1094 (1998).<\/td><\/tr>\r\n\r\n<tr class=\"footnotes_plugin_reference_row\"> <th scope=\"row\" class=\"footnote_plugin_index_combi pointer\"  onclick=\"footnote_moveToAnchor_1216_1('footnote_plugin_tooltip_1216_1_2');\"><a id=\"footnote_plugin_reference_1216_1_2\" class=\"footnote_backlink\"><span class=\"footnote_index_arrow\">&#8593;<\/span>2<\/a><\/th> <td class=\"footnote_plugin_text\">M\u1ee5c 4646.5(a)(5). C\u01a1 quan chung cung c\u1ea5p d\u1ecbch v\u1ee5 v\u00e0 ph\u00fac l\u1ee3i cho m\u1ecdi ng\u01b0\u1eddi n\u00f3i chung, cho d\u00f9 h\u1ecd c\u00f3 l\u00e0 kh\u00e1ch h\u00e0ng c\u1ee7a trung t\u00e2m khu v\u1ef1c hay kh\u00f4ng. M\u1ee5c 4644(b). V\u00ed d\u1ee5 v\u1ec1 c\u00e1c c\u01a1 quan v\u00e0 d\u1ecbch v\u1ee5 chung g\u1ed3m c\u00f3 c\u00e1c ch\u01b0\u01a1ng tr\u00ecnh c\u1ee7a Medi-Cal ho\u1eb7c Medicare cho ch\u0103m s\u00f3c s\u1ee9c kh\u1ecfe, D\u1ecbch V\u1ee5 Tr\u1ebb Em California (California Children\u2019s Services, CCS) cho ch\u0103m s\u00f3c s\u1ee9c kh\u1ecfe li\u00ean quan \u0111\u1ebfn khuy\u1ebft t\u1eadt th\u1ec3 ch\u1ea5t, h\u1ecdc khu cho c\u00e1c d\u1ecbch v\u1ee5 \u0111\u01b0\u1ee3c cung c\u1ea5p th\u00f4ng qua m\u1ed9t ch\u01b0\u01a1ng tr\u00ecnh gi\u00e1o d\u1ee5c \u0111\u1eb7c bi\u1ec7t, S\u1edf An Sinh X\u00e3 H\u1ed9i cho c\u00e1c ph\u00fac l\u1ee3i SSI hay Khuy\u1ebft T\u1eadt An Sinh X\u00e3 H\u1ed9i.<\/td><\/tr>\r\n\r\n<tr class=\"footnotes_plugin_reference_row\"> <th scope=\"row\" class=\"footnote_plugin_index_combi pointer\"  onclick=\"footnote_moveToAnchor_1216_1('footnote_plugin_tooltip_1216_1_3');\"><a id=\"footnote_plugin_reference_1216_1_3\" class=\"footnote_backlink\"><span class=\"footnote_index_arrow\">&#8593;<\/span>3<\/a><\/th> <td class=\"footnote_plugin_text\">M\u1ee5c 4648.<\/td><\/tr>\r\n\r\n <\/tbody> <\/table> <\/div><\/div><script type=\"text\/javascript\"> function footnote_expand_reference_container_1216_1() { jQuery('#footnote_references_container_1216_1').show(); jQuery('#footnote_reference_container_collapse_button_1216_1').text('\u2212'); } function footnote_collapse_reference_container_1216_1() { jQuery('#footnote_references_container_1216_1').hide(); jQuery('#footnote_reference_container_collapse_button_1216_1').text('+'); } function footnote_expand_collapse_reference_container_1216_1() { if (jQuery('#footnote_references_container_1216_1').is(':hidden')) { footnote_expand_reference_container_1216_1(); } else { footnote_collapse_reference_container_1216_1(); } } function footnote_moveToReference_1216_1(p_str_TargetID) { footnote_expand_reference_container_1216_1(); var l_obj_Target = jQuery('#' + p_str_TargetID); if (l_obj_Target.length) { jQuery( 'html, body' ).delay( 0 ); jQuery('html, body').animate({ scrollTop: l_obj_Target.offset().top - window.innerHeight * 0.2 }, 380); } } function footnote_moveToAnchor_1216_1(p_str_TargetID) { footnote_expand_reference_container_1216_1(); var l_obj_Target = jQuery('#' + p_str_TargetID); if (l_obj_Target.length) { jQuery( 'html, body' ).delay( 0 ); jQuery('html, body').animate({ scrollTop: l_obj_Target.offset().top - window.innerHeight * 0.2 }, 380); } }<\/script>","protected":false},"excerpt":{"rendered":"<p>IPP quan tr\u1ecdng l\u00e0 v\u00ec k\u1ebf ho\u1ea1ch n\u00e0y cho ph\u00e9p c\u00e1c d\u1ecbch v\u1ee5 v\u00e0 s\u1ef1 h\u1ed7 tr\u1ee3 d\u00e0nh cho qu\u00fd v\u1ecb. IPP gi\u1ed1ng nh\u01b0 h\u1ee3p&hellip;<\/p>\n","protected":false},"author":1,"featured_media":0,"parent":1193,"menu_order":9,"comment_status":"closed","ping_status":"closed","template":"","meta":{"footnotes":""},"class_list":["post-1216","page","type-page","status-publish","hentry"],"_links":{"self":[{"href":"https:\/\/rula.disabilityrightsca.org\/vi\/wp-json\/wp\/v2\/pages\/1216","targetHints":{"allow":["GET"]}}],"collection":[{"href":"https:\/\/rula.disabilityrightsca.org\/vi\/wp-json\/wp\/v2\/pages"}],"about":[{"href":"https:\/\/rula.disabilityrightsca.org\/vi\/wp-json\/wp\/v2\/types\/page"}],"author":[{"embeddable":true,"href":"https:\/\/rula.disabilityrightsca.org\/vi\/wp-json\/wp\/v2\/users\/1"}],"replies":[{"embeddable":true,"href":"https:\/\/rula.disabilityrightsca.org\/vi\/wp-json\/wp\/v2\/comments?post=1216"}],"version-history":[{"count":5,"href":"https:\/\/rula.disabilityrightsca.org\/vi\/wp-json\/wp\/v2\/pages\/1216\/revisions"}],"predecessor-version":[{"id":3599,"href":"https:\/\/rula.disabilityrightsca.org\/vi\/wp-json\/wp\/v2\/pages\/1216\/revisions\/3599"}],"up":[{"embeddable":true,"href":"https:\/\/rula.disabilityrightsca.org\/vi\/wp-json\/wp\/v2\/pages\/1193"}],"wp:attachment":[{"href":"https:\/\/rula.disabilityrightsca.org\/vi\/wp-json\/wp\/v2\/media?parent=1216"}],"curies":[{"name":"wp","href":"https:\/\/api.w.org\/{rel}","templated":true}]}}