{"id":1212,"date":"2021-06-10T17:46:06","date_gmt":"2021-06-10T17:46:06","guid":{"rendered":"http:\/\/www.rula.disabilityrightsca.org\/vi\/?page_id=1212"},"modified":"2023-07-07T22:37:54","modified_gmt":"2023-07-07T22:37:54","slug":"who-makes-the-ipp","status":"publish","type":"page","link":"https:\/\/rula.disabilityrightsca.org\/vi\/rula-book\/chapter-4-individual-program-plans\/who-makes-the-ipp\/","title":{"rendered":"(4.6) Trung t\u00e2m khu v\u1ef1c c\u00f3 ph\u1ea3i ho\u1ea1ch \u0111\u1ecbnh v\u00e0 ph\u00e1t tri\u1ec3n K\u1ebf Ho\u1ea1ch IPP b\u1eb1ng ng\u00f4n ng\u1eef b\u1ea3n \u0111\u1ecba c\u1ee7a t\u00f4i kh\u00f4ng?"},"content":{"rendered":"\n<p>C\u00f3. Trung t\u00e2m khu v\u1ef1c ph\u1ea3i trao \u0111\u1ed5i v\u1edbi qu\u00fd v\u1ecb (ho\u1eb7c gia \u0111\u00ecnh c\u1ee7a qu\u00fd v\u1ecb, n\u1ebfu th\u00edch h\u1ee3p) b\u1eb1ng ng\u00f4n ng\u1eef b\u1ea3n \u0111\u1ecba ho\u1eb7c ng\u00f4n ng\u1eef \u01b0u ti\u00ean c\u1ee7a qu\u00fd trong qu\u00e1 tr\u00ecnh ho\u1ea1ch \u0111\u1ecbnh v\u00e0 ph\u00e1t tri\u1ec3n IPP v\u00e0 t\u1ea1i cu\u1ed9c h\u1ecdp IPP. <span class=\"footnote_referrer\"><a role=\"button\" tabindex=\"0\" onclick=\"footnote_moveToReference_1212_1('footnote_plugin_reference_1212_1_1');\" onkeypress=\"footnote_moveToReference_1212_1('footnote_plugin_reference_1212_1_1');\" ><sup id=\"footnote_plugin_tooltip_1212_1_1\" class=\"footnote_plugin_tooltip_text\">[1]<\/sup><\/a><span id=\"footnote_plugin_tooltip_text_1212_1_1\" class=\"footnote_tooltip\">M\u1ee5c 4646(j).<\/span><\/span><script type=\"text\/javascript\"> jQuery('#footnote_plugin_tooltip_1212_1_1').tooltip({ tip: '#footnote_plugin_tooltip_text_1212_1_1', tipClass: 'footnote_tooltip', effect: 'fade', predelay: 0, fadeInSpeed: 200, delay: 400, fadeOutSpeed: 200, position: 'top center', relative: true, offset: [-7, 0], });<\/script> Trung t\u00e2m khu v\u1ef1c c\u00f3 th\u1ec3 tr\u00e1nh l\u00e0m vi\u1ec7c n\u00e0y n\u1ebfu DDS x\u00e1c \u0111\u1ecbnh r\u1eb1ng vi\u1ec7c trao \u0111\u1ed5i v\u1edbi qu\u00fd v\u1ecb b\u1eb1ng ng\u00f4n ng\u1eef b\u1ea3n \u0111\u1ecba c\u1ee7a qu\u00fd v\u1ecb l\u00e0 \u0111i\u1ec1u kh\u00f3 kh\u0103n qu\u00e1 m\u1ee9c. V\u00ed d\u1ee5: n\u1ebfu qu\u00fd v\u1ecb th\u01b0\u1eddng n\u00f3i ho\u1eb7c \u01b0u ti\u00ean n\u00f3i ti\u1ebfng Vi\u1ec7t, trung t\u00e2m khu v\u1ef1c ph\u1ea3i trao \u0111\u1ed5i v\u1edbi qu\u00fd v\u1ecb b\u1eb1ng ti\u1ebfng Vi\u1ec7t \u0111\u1ec3 ho\u1ea1ch \u0111\u1ecbnh v\u00e0 ph\u00e1t tri\u1ec3n IPP c\u1ee7a qu\u00fd v\u1ecb v\u00e0 trong qu\u00e1 tr\u00ecnh di\u1ec5n ra cu\u1ed9c h\u1ecdp IPP. <span class=\"footnote_referrer\"><a role=\"button\" tabindex=\"0\" onclick=\"footnote_moveToReference_1212_1('footnote_plugin_reference_1212_1_2');\" onkeypress=\"footnote_moveToReference_1212_1('footnote_plugin_reference_1212_1_2');\" ><sup id=\"footnote_plugin_tooltip_1212_1_2\" class=\"footnote_plugin_tooltip_text\">[2]<\/sup><\/a><span id=\"footnote_plugin_tooltip_text_1212_1_2\" class=\"footnote_tooltip\">M\u1ee5c 4646(j)(1)<\/span><\/span><script type=\"text\/javascript\"> jQuery('#footnote_plugin_tooltip_1212_1_2').tooltip({ tip: '#footnote_plugin_tooltip_text_1212_1_2', tipClass: 'footnote_tooltip', effect: 'fade', predelay: 0, fadeInSpeed: 200, delay: 400, fadeOutSpeed: 200, position: 'top center', relative: true, offset: [-7, 0], });<\/script>].&nbsp; \u0110\u1ec3 l\u00e0m \u0111\u01b0\u1ee3c \u0111i\u1ec1u \u0111\u00f3, trung t\u00e2m khu v\u1ef1c c\u00f3 th\u1ec3 s\u1eed d\u1ee5ng c\u00e1c c\u00e1ch bao g\u1ed3m s\u1eed d\u1ee5ng nh\u00e2n vi\u00ean trung t\u00e2m khu v\u1ef1c c\u00f3 th\u1ec3 n\u00f3i ng\u00f4n ng\u1eef c\u1ee7a qu\u00fd v\u1ecb ho\u1eb7c th\u00f4ng d\u1ecbch vi\u00ean, cung c\u1ea5p cho qu\u00fd v\u1ecb gi\u1ea5y t\u1edd t\u00e0i li\u1ec7u b\u1eb1ng ng\u00f4n ng\u1eef b\u1ea3n \u0111\u1ecba c\u1ee7a qu\u00fd v\u1ecb v\u00e0 cung c\u1ea5p d\u1ecbch v\u1ee5 giao ti\u1ebfp thay th\u1ebf.&nbsp; <span class=\"footnote_referrer\"><a role=\"button\" tabindex=\"0\" onclick=\"footnote_moveToReference_1212_1('footnote_plugin_reference_1212_1_3');\" onkeypress=\"footnote_moveToReference_1212_1('footnote_plugin_reference_1212_1_3');\" ><sup id=\"footnote_plugin_tooltip_1212_1_3\" class=\"footnote_plugin_tooltip_text\">[3]<\/sup><\/a><span id=\"footnote_plugin_tooltip_text_1212_1_3\" class=\"footnote_tooltip\">M\u1ee5c 4646(j)(1-2)<\/span><\/span><script type=\"text\/javascript\"> jQuery('#footnote_plugin_tooltip_1212_1_3').tooltip({ tip: '#footnote_plugin_tooltip_text_1212_1_3', tipClass: 'footnote_tooltip', effect: 'fade', predelay: 0, fadeInSpeed: 200, delay: 400, fadeOutSpeed: 200, position: 'top center', relative: true, offset: [-7, 0], });<\/script>.<\/p>\n<div class=\"speaker-mute footnotes_reference_container\"> <div class=\"footnote_container_prepare\"><p><span role=\"button\" tabindex=\"0\" class=\"footnote_reference_container_label pointer\" onclick=\"footnote_expand_collapse_reference_container_1212_1();\">&#x202F;<\/span><span role=\"button\" tabindex=\"0\" class=\"footnote_reference_container_collapse_button\" style=\"display: none;\" onclick=\"footnote_expand_collapse_reference_container_1212_1();\">[<a id=\"footnote_reference_container_collapse_button_1212_1\">+<\/a>]<\/span><\/p><\/div> <div id=\"footnote_references_container_1212_1\" style=\"\"><table class=\"footnotes_table footnote-reference-container\"><caption class=\"accessibility\">References<\/caption> <tbody> \r\n\r\n<tr class=\"footnotes_plugin_reference_row\"> <th scope=\"row\" class=\"footnote_plugin_index_combi pointer\"  onclick=\"footnote_moveToAnchor_1212_1('footnote_plugin_tooltip_1212_1_1');\"><a id=\"footnote_plugin_reference_1212_1_1\" class=\"footnote_backlink\"><span class=\"footnote_index_arrow\">&#8593;<\/span>1<\/a><\/th> <td class=\"footnote_plugin_text\">M\u1ee5c 4646(j).<\/td><\/tr>\r\n\r\n<tr class=\"footnotes_plugin_reference_row\"> <th scope=\"row\" class=\"footnote_plugin_index_combi pointer\"  onclick=\"footnote_moveToAnchor_1212_1('footnote_plugin_tooltip_1212_1_2');\"><a id=\"footnote_plugin_reference_1212_1_2\" class=\"footnote_backlink\"><span class=\"footnote_index_arrow\">&#8593;<\/span>2<\/a><\/th> <td class=\"footnote_plugin_text\">M\u1ee5c 4646(j)(1)<\/td><\/tr>\r\n\r\n<tr class=\"footnotes_plugin_reference_row\"> <th scope=\"row\" class=\"footnote_plugin_index_combi pointer\"  onclick=\"footnote_moveToAnchor_1212_1('footnote_plugin_tooltip_1212_1_3');\"><a id=\"footnote_plugin_reference_1212_1_3\" class=\"footnote_backlink\"><span class=\"footnote_index_arrow\">&#8593;<\/span>3<\/a><\/th> <td class=\"footnote_plugin_text\">M\u1ee5c 4646(j)(1-2)<\/td><\/tr>\r\n\r\n <\/tbody> <\/table> <\/div><\/div><script type=\"text\/javascript\"> function footnote_expand_reference_container_1212_1() { jQuery('#footnote_references_container_1212_1').show(); jQuery('#footnote_reference_container_collapse_button_1212_1').text('\u2212'); } function footnote_collapse_reference_container_1212_1() { jQuery('#footnote_references_container_1212_1').hide(); jQuery('#footnote_reference_container_collapse_button_1212_1').text('+'); } function footnote_expand_collapse_reference_container_1212_1() { if (jQuery('#footnote_references_container_1212_1').is(':hidden')) { footnote_expand_reference_container_1212_1(); } else { footnote_collapse_reference_container_1212_1(); } } function footnote_moveToReference_1212_1(p_str_TargetID) { footnote_expand_reference_container_1212_1(); var l_obj_Target = jQuery('#' + p_str_TargetID); if (l_obj_Target.length) { jQuery( 'html, body' ).delay( 0 ); jQuery('html, body').animate({ scrollTop: l_obj_Target.offset().top - window.innerHeight * 0.2 }, 380); } } function footnote_moveToAnchor_1212_1(p_str_TargetID) { footnote_expand_reference_container_1212_1(); var l_obj_Target = jQuery('#' + p_str_TargetID); if (l_obj_Target.length) { jQuery( 'html, body' ).delay( 0 ); jQuery('html, body').animate({ scrollTop: l_obj_Target.offset().top - window.innerHeight * 0.2 }, 380); } }<\/script>","protected":false},"excerpt":{"rendered":"<p>C\u00f3. Trung t\u00e2m khu v\u1ef1c ph\u1ea3i trao \u0111\u1ed5i v\u1edbi qu\u00fd v\u1ecb (ho\u1eb7c gia \u0111\u00ecnh c\u1ee7a qu\u00fd v\u1ecb, n\u1ebfu th\u00edch h\u1ee3p) b\u1eb1ng ng\u00f4n ng\u1eef b\u1ea3n \u0111\u1ecba&hellip;<\/p>\n","protected":false},"author":1,"featured_media":0,"parent":1193,"menu_order":6,"comment_status":"closed","ping_status":"closed","template":"","meta":{"footnotes":""},"class_list":["post-1212","page","type-page","status-publish","hentry"],"_links":{"self":[{"href":"https:\/\/rula.disabilityrightsca.org\/vi\/wp-json\/wp\/v2\/pages\/1212","targetHints":{"allow":["GET"]}}],"collection":[{"href":"https:\/\/rula.disabilityrightsca.org\/vi\/wp-json\/wp\/v2\/pages"}],"about":[{"href":"https:\/\/rula.disabilityrightsca.org\/vi\/wp-json\/wp\/v2\/types\/page"}],"author":[{"embeddable":true,"href":"https:\/\/rula.disabilityrightsca.org\/vi\/wp-json\/wp\/v2\/users\/1"}],"replies":[{"embeddable":true,"href":"https:\/\/rula.disabilityrightsca.org\/vi\/wp-json\/wp\/v2\/comments?post=1212"}],"version-history":[{"count":4,"href":"https:\/\/rula.disabilityrightsca.org\/vi\/wp-json\/wp\/v2\/pages\/1212\/revisions"}],"predecessor-version":[{"id":3596,"href":"https:\/\/rula.disabilityrightsca.org\/vi\/wp-json\/wp\/v2\/pages\/1212\/revisions\/3596"}],"up":[{"embeddable":true,"href":"https:\/\/rula.disabilityrightsca.org\/vi\/wp-json\/wp\/v2\/pages\/1193"}],"wp:attachment":[{"href":"https:\/\/rula.disabilityrightsca.org\/vi\/wp-json\/wp\/v2\/media?parent=1212"}],"curies":[{"name":"wp","href":"https:\/\/api.w.org\/{rel}","templated":true}]}}