{"id":1210,"date":"2021-06-10T17:43:46","date_gmt":"2021-06-10T17:43:46","guid":{"rendered":"http:\/\/www.rula.disabilityrightsca.org\/vi\/?page_id=1210"},"modified":"2023-07-07T22:37:18","modified_gmt":"2023-07-07T22:37:18","slug":"why-is-the-ipp-so-important","status":"publish","type":"page","link":"https:\/\/rula.disabilityrightsca.org\/vi\/rula-book\/chapter-4-individual-program-plans\/why-is-the-ipp-so-important\/","title":{"rendered":"(4.5) Nh\u1eadn th\u00f4ng tin b\u1eb1ng \u201cng\u00f4n ng\u1eef b\u1ea3n \u0111\u1ecba\u201d c\u1ee7a t\u00f4i ngh\u0129a l\u00e0 g\u00ec?"},"content":{"rendered":"\n<p>\u0110\u1ea1o Lu\u1eadt Lanterman x\u00e1c \u0111\u1ecbnh \u201cng\u00f4n ng\u1eef b\u1ea3n \u0111\u1ecba\u201d l\u00e0 ng\u00f4n ng\u1eef qu\u00fd v\u1ecb th\u01b0\u1eddng s\u1eed d\u1ee5ng ho\u1eb7c \u01b0u ti\u00ean s\u1eed d\u1ee5ng.&nbsp; \u201cNg\u00f4n ng\u1eef b\u1ea3n \u0111\u1ecba\u201d c\u00f2n bao g\u1ed3m ng\u00f4n ng\u1eef m\u00e0 ph\u1ee5 huynh, ng\u01b0\u1eddi gi\u00e1m h\u1ed9 h\u1ee3p ph\u00e1p, ng\u01b0\u1eddi b\u1ea3o h\u1ed9 ho\u1eb7c ng\u01b0\u1eddi \u0111\u1ea1i di\u1ec7n \u0111\u01b0\u1ee3c \u1ee7y quy\u1ec1n c\u1ee7a qu\u00fd v\u1ecb s\u1eed d\u1ee5ng ho\u1eb7c \u01b0u ti\u00ean s\u1eed d\u1ee5ng.&nbsp; V\u00ed d\u1ee5: n\u1ebfu qu\u00fd v\u1ecb kh\u00f4ng n\u00f3i t\u1ed1t ti\u1ebfng Anh v\u00e0 qu\u00fd v\u1ecb th\u01b0\u1eddng xuy\u00ean n\u00f3i ti\u1ebfng T\u00e2y Ban Nha th\u00ec ng\u00f4n ng\u1eef b\u1ea3n \u0111\u1ecba c\u1ee7a qu\u00fd v\u1ecb l\u00e0 ti\u1ebfng T\u00e2y Ban Nha. <span class=\"footnote_referrer\"><a role=\"button\" tabindex=\"0\" onclick=\"footnote_moveToReference_1210_1('footnote_plugin_reference_1210_1_1');\" onkeypress=\"footnote_moveToReference_1210_1('footnote_plugin_reference_1210_1_1');\" ><sup id=\"footnote_plugin_tooltip_1210_1_1\" class=\"footnote_plugin_tooltip_text\">[1]<\/sup><\/a><span id=\"footnote_plugin_tooltip_text_1210_1_1\" class=\"footnote_tooltip\">B\u1ed9 Lu\u1eadt Ph\u00fac L\u1ee3i v\u00e0 \u0110\u1ecbnh Ch\u1ebf m\u1ee5c 4512 (m).<\/span><\/span><script type=\"text\/javascript\"> jQuery('#footnote_plugin_tooltip_1210_1_1').tooltip({ tip: '#footnote_plugin_tooltip_text_1210_1_1', tipClass: 'footnote_tooltip', effect: 'fade', predelay: 0, fadeInSpeed: 200, delay: 400, fadeOutSpeed: 200, position: 'top center', relative: true, offset: [-7, 0], });<\/script><\/p>\n\n\n\n<p>V\u00ed d\u1ee5 kh\u00e1c: Con qu\u00fd v\u1ecb l\u00e0 kh\u00e1ch h\u00e0ng c\u1ee7a trung t\u00e2m khu v\u1ef1c nh\u01b0ng l\u00e0 tr\u1ebb v\u1ecb th\u00e0nh ni\u00ean ho\u1eb7c ng\u01b0\u1eddi tr\u01b0\u1edfng th\u00e0nh do qu\u00fd v\u1ecb b\u1ea3o h\u1ed9 v\u00e0 qu\u00fd v\u1ecb c\u1ea7n th\u00f4ng tin b\u1eb1ng ti\u1ebfng T\u00e2y Ban Nha.&nbsp; Trung t\u00e2m khu v\u1ef1c ph\u1ea3i n\u00eau r\u00f5 ng\u00f4n ng\u1eef b\u1ea3n \u0111\u1ecba c\u1ee7a qu\u00fd v\u1ecb l\u00e0 (ti\u1ebfng T\u00e2y Ban Nha) trong K\u1ebf Ho\u1ea1ch IPP. <span class=\"footnote_referrer\"><a role=\"button\" tabindex=\"0\" onclick=\"footnote_moveToReference_1210_1('footnote_plugin_reference_1210_1_2');\" onkeypress=\"footnote_moveToReference_1210_1('footnote_plugin_reference_1210_1_2');\" ><sup id=\"footnote_plugin_tooltip_1210_1_2\" class=\"footnote_plugin_tooltip_text\">[2]<\/sup><\/a><span id=\"footnote_plugin_tooltip_text_1210_1_2\" class=\"footnote_tooltip\">B\u1ed9 Lu\u1eadt Ph\u00fac L\u1ee3i v\u00e0 \u0110\u1ecbnh Ch\u1ebf m\u1ee5c 4646(j)(3).<\/span><\/span><script type=\"text\/javascript\"> jQuery('#footnote_plugin_tooltip_1210_1_2').tooltip({ tip: '#footnote_plugin_tooltip_text_1210_1_2', tipClass: 'footnote_tooltip', effect: 'fade', predelay: 0, fadeInSpeed: 200, delay: 400, fadeOutSpeed: 200, position: 'top center', relative: true, offset: [-7, 0], });<\/script><\/p>\n\n\n\n<p><\/p>\n<div class=\"speaker-mute footnotes_reference_container\"> <div class=\"footnote_container_prepare\"><p><span role=\"button\" tabindex=\"0\" class=\"footnote_reference_container_label pointer\" onclick=\"footnote_expand_collapse_reference_container_1210_1();\">&#x202F;<\/span><span role=\"button\" tabindex=\"0\" class=\"footnote_reference_container_collapse_button\" style=\"display: none;\" onclick=\"footnote_expand_collapse_reference_container_1210_1();\">[<a id=\"footnote_reference_container_collapse_button_1210_1\">+<\/a>]<\/span><\/p><\/div> <div id=\"footnote_references_container_1210_1\" style=\"\"><table class=\"footnotes_table footnote-reference-container\"><caption class=\"accessibility\">References<\/caption> <tbody> \r\n\r\n<tr class=\"footnotes_plugin_reference_row\"> <th scope=\"row\" class=\"footnote_plugin_index_combi pointer\"  onclick=\"footnote_moveToAnchor_1210_1('footnote_plugin_tooltip_1210_1_1');\"><a id=\"footnote_plugin_reference_1210_1_1\" class=\"footnote_backlink\"><span class=\"footnote_index_arrow\">&#8593;<\/span>1<\/a><\/th> <td class=\"footnote_plugin_text\">B\u1ed9 Lu\u1eadt Ph\u00fac L\u1ee3i v\u00e0 \u0110\u1ecbnh Ch\u1ebf m\u1ee5c 4512 (m).<\/td><\/tr>\r\n\r\n<tr class=\"footnotes_plugin_reference_row\"> <th scope=\"row\" class=\"footnote_plugin_index_combi pointer\"  onclick=\"footnote_moveToAnchor_1210_1('footnote_plugin_tooltip_1210_1_2');\"><a id=\"footnote_plugin_reference_1210_1_2\" class=\"footnote_backlink\"><span class=\"footnote_index_arrow\">&#8593;<\/span>2<\/a><\/th> <td class=\"footnote_plugin_text\">B\u1ed9 Lu\u1eadt Ph\u00fac L\u1ee3i v\u00e0 \u0110\u1ecbnh Ch\u1ebf m\u1ee5c 4646(j)(3).<\/td><\/tr>\r\n\r\n <\/tbody> <\/table> <\/div><\/div><script type=\"text\/javascript\"> function footnote_expand_reference_container_1210_1() { jQuery('#footnote_references_container_1210_1').show(); jQuery('#footnote_reference_container_collapse_button_1210_1').text('\u2212'); } function footnote_collapse_reference_container_1210_1() { jQuery('#footnote_references_container_1210_1').hide(); jQuery('#footnote_reference_container_collapse_button_1210_1').text('+'); } function footnote_expand_collapse_reference_container_1210_1() { if (jQuery('#footnote_references_container_1210_1').is(':hidden')) { footnote_expand_reference_container_1210_1(); } else { footnote_collapse_reference_container_1210_1(); } } function footnote_moveToReference_1210_1(p_str_TargetID) { footnote_expand_reference_container_1210_1(); var l_obj_Target = jQuery('#' + p_str_TargetID); if (l_obj_Target.length) { jQuery( 'html, body' ).delay( 0 ); jQuery('html, body').animate({ scrollTop: l_obj_Target.offset().top - window.innerHeight * 0.2 }, 380); } } function footnote_moveToAnchor_1210_1(p_str_TargetID) { footnote_expand_reference_container_1210_1(); var l_obj_Target = jQuery('#' + p_str_TargetID); if (l_obj_Target.length) { jQuery( 'html, body' ).delay( 0 ); jQuery('html, body').animate({ scrollTop: l_obj_Target.offset().top - window.innerHeight * 0.2 }, 380); } }<\/script>","protected":false},"excerpt":{"rendered":"<p>\u0110\u1ea1o Lu\u1eadt Lanterman x\u00e1c \u0111\u1ecbnh \u201cng\u00f4n ng\u1eef b\u1ea3n \u0111\u1ecba\u201d l\u00e0 ng\u00f4n ng\u1eef qu\u00fd v\u1ecb th\u01b0\u1eddng s\u1eed d\u1ee5ng ho\u1eb7c \u01b0u ti\u00ean s\u1eed d\u1ee5ng.&nbsp; \u201cNg\u00f4n ng\u1eef b\u1ea3n&hellip;<\/p>\n","protected":false},"author":1,"featured_media":0,"parent":1193,"menu_order":5,"comment_status":"closed","ping_status":"closed","template":"","meta":{"footnotes":""},"class_list":["post-1210","page","type-page","status-publish","hentry"],"_links":{"self":[{"href":"https:\/\/rula.disabilityrightsca.org\/vi\/wp-json\/wp\/v2\/pages\/1210","targetHints":{"allow":["GET"]}}],"collection":[{"href":"https:\/\/rula.disabilityrightsca.org\/vi\/wp-json\/wp\/v2\/pages"}],"about":[{"href":"https:\/\/rula.disabilityrightsca.org\/vi\/wp-json\/wp\/v2\/types\/page"}],"author":[{"embeddable":true,"href":"https:\/\/rula.disabilityrightsca.org\/vi\/wp-json\/wp\/v2\/users\/1"}],"replies":[{"embeddable":true,"href":"https:\/\/rula.disabilityrightsca.org\/vi\/wp-json\/wp\/v2\/comments?post=1210"}],"version-history":[{"count":6,"href":"https:\/\/rula.disabilityrightsca.org\/vi\/wp-json\/wp\/v2\/pages\/1210\/revisions"}],"predecessor-version":[{"id":3595,"href":"https:\/\/rula.disabilityrightsca.org\/vi\/wp-json\/wp\/v2\/pages\/1210\/revisions\/3595"}],"up":[{"embeddable":true,"href":"https:\/\/rula.disabilityrightsca.org\/vi\/wp-json\/wp\/v2\/pages\/1193"}],"wp:attachment":[{"href":"https:\/\/rula.disabilityrightsca.org\/vi\/wp-json\/wp\/v2\/media?parent=1210"}],"curies":[{"name":"wp","href":"https:\/\/api.w.org\/{rel}","templated":true}]}}