{"id":1208,"date":"2021-06-10T17:40:06","date_gmt":"2021-06-10T17:40:06","guid":{"rendered":"http:\/\/www.rula.disabilityrightsca.org\/vi\/?page_id=1208"},"modified":"2023-07-07T22:36:54","modified_gmt":"2023-07-07T22:36:54","slug":"where-can-i-learn-more-about-how-to-get-ready-for-my-ipp-meeting","status":"publish","type":"page","link":"https:\/\/rula.disabilityrightsca.org\/vi\/rula-book\/chapter-4-individual-program-plans\/where-can-i-learn-more-about-how-to-get-ready-for-my-ipp-meeting\/","title":{"rendered":"(4.4) N\u1ebfu t\u00f4i kh\u00f4ng n\u00f3i \u0111\u01b0\u1ee3c ti\u1ebfng Anh th\u00ec sao? (tr\u01b0\u1edbc \u0111\u00e2y l\u00e0 4.24)"},"content":{"rendered":"\n<p>Vi\u1ec7c giao ti\u1ebfp r\u00f5 r\u00e0ng l\u00e0 r\u1ea5t quan tr\u1ecdng. N\u1ebfu qu\u00fd v\u1ecb kh\u00f4ng n\u00f3i ti\u1ebfng Anh, g\u1eb7p kh\u00f3 kh\u0103n trong vi\u1ec7c hi\u1ec3u ti\u1ebfng Anh ho\u1eb7c c\u1ea3m th\u1ea5y tho\u1ea3i m\u00e1i h\u01a1n khi n\u00f3i b\u1eb1ng ng\u00f4n ng\u1eef kh\u00e1c, h\u00e3y b\u00e1o cho trung t\u00e2m khu v\u1ef1c s\u1edbm nh\u1ea5t c\u00f3 th\u1ec3. H\u1ecd ph\u1ea3i cung c\u1ea5p th\u00f4ng d\u1ecbch vi\u00ean. Qu\u00fd v\u1ecb c\u00f3 th\u1ec3 c\u00f3 th\u00f4ng d\u1ecbch vi\u00ean t\u1ea1i m\u1ed7i cu\u1ed9c h\u1ecdp, n\u1ebfu c\u1ea7n. Qu\u00fd v\u1ecb c\u0169ng c\u00f3 th\u1ec3 \u0111\u01b0a m\u1ed9t ng\u01b0\u1eddi b\u1ea1n ho\u1eb7c th\u00e0nh vi\u00ean gia \u0111\u00ecnh n\u00f3i ti\u1ebfng Anh \u0111\u1ec3 tr\u1ee3 gi\u00fap. Tuy nhi\u00ean, trung t\u00e2m khu v\u1ef1c kh\u00f4ng th\u1ec3 bu\u1ed9c qu\u00fd v\u1ecb \u0111\u01b0a m\u1ed9t ng\u01b0\u1eddi b\u1ea1n \u0111\u1ebfn l\u00e0m th\u00f4ng d\u1ecbch vi\u00ean cho qu\u00fd v\u1ecb.<\/p>\n\n\n\n<p>Lu\u1eadt trao cho qu\u00fd v\u1ecb quy\u1ec1n \u0111\u01b0\u1ee3c:<\/p>\n\n\n\n<ul class=\"wp-block-list\"><li>Nh\u1eadn b\u1ea3n d\u1ecbch c\u1ee7a IPP v\u00e0 c\u00e1c t\u00e0i li\u1ec7u kh\u00e1c c\u1ee7a qu\u00fd v\u1ecb v\u00e0<\/li><li>C\u00f3 th\u00f4ng d\u1ecbch vi\u00ean cho cu\u1ed9c h\u1ecdp ho\u1eb7c c\u00e1c cu\u1ed9c n\u00f3i chuy\u1ec7n qua \u0111i\u1ec7n tho\u1ea1i.<span class=\"footnote_referrer\"><a role=\"button\" tabindex=\"0\" onclick=\"footnote_moveToReference_1208_1('footnote_plugin_reference_1208_1_1');\" onkeypress=\"footnote_moveToReference_1208_1('footnote_plugin_reference_1208_1_1');\" ><sup id=\"footnote_plugin_tooltip_1208_1_1\" class=\"footnote_plugin_tooltip_text\">[1]<\/sup><\/a><span id=\"footnote_plugin_tooltip_text_1208_1_1\" class=\"footnote_tooltip\">C\u00e1c M\u1ee5c 4502.1 v\u00e0 4646(g)&amp;(j).<\/span><\/span><script type=\"text\/javascript\"> jQuery('#footnote_plugin_tooltip_1208_1_1').tooltip({ tip: '#footnote_plugin_tooltip_text_1208_1_1', tipClass: 'footnote_tooltip', effect: 'fade', predelay: 0, fadeInSpeed: 200, delay: 400, fadeOutSpeed: 200, position: 'top center', relative: true, offset: [-7, 0], });<\/script><\/li><\/ul>\n\n\n\n<p>N\u1ebfu trung t\u00e2m khu v\u1ef1c c\u1ee7a qu\u00fd v\u1ecb t\u1eeb ch\u1ed1i bi\u00ean d\u1ecbch t\u00e0i li\u1ec7u ho\u1eb7c cung c\u1ea5p th\u00f4ng d\u1ecbch vi\u00ean, h\u00e3y g\u1ecdi \u0111\u1ebfn Disability Rights California ho\u1eb7c OCRA \u0111\u1ec3 \u0111\u01b0\u1ee3c tr\u1ee3 gi\u00fap.<\/p>\n<div class=\"speaker-mute footnotes_reference_container\"> <div class=\"footnote_container_prepare\"><p><span role=\"button\" tabindex=\"0\" class=\"footnote_reference_container_label pointer\" onclick=\"footnote_expand_collapse_reference_container_1208_1();\">&#x202F;<\/span><span role=\"button\" tabindex=\"0\" class=\"footnote_reference_container_collapse_button\" style=\"display: none;\" onclick=\"footnote_expand_collapse_reference_container_1208_1();\">[<a id=\"footnote_reference_container_collapse_button_1208_1\">+<\/a>]<\/span><\/p><\/div> <div id=\"footnote_references_container_1208_1\" style=\"\"><table class=\"footnotes_table footnote-reference-container\"><caption class=\"accessibility\">References<\/caption> <tbody> \r\n\r\n<tr class=\"footnotes_plugin_reference_row\"> <th scope=\"row\" class=\"footnote_plugin_index_combi pointer\"  onclick=\"footnote_moveToAnchor_1208_1('footnote_plugin_tooltip_1208_1_1');\"><a id=\"footnote_plugin_reference_1208_1_1\" class=\"footnote_backlink\"><span class=\"footnote_index_arrow\">&#8593;<\/span>1<\/a><\/th> <td class=\"footnote_plugin_text\">C\u00e1c M\u1ee5c 4502.1 v\u00e0 4646(g)&amp;(j).<\/td><\/tr>\r\n\r\n <\/tbody> <\/table> <\/div><\/div><script type=\"text\/javascript\"> function footnote_expand_reference_container_1208_1() { jQuery('#footnote_references_container_1208_1').show(); jQuery('#footnote_reference_container_collapse_button_1208_1').text('\u2212'); } function footnote_collapse_reference_container_1208_1() { jQuery('#footnote_references_container_1208_1').hide(); jQuery('#footnote_reference_container_collapse_button_1208_1').text('+'); } function footnote_expand_collapse_reference_container_1208_1() { if (jQuery('#footnote_references_container_1208_1').is(':hidden')) { footnote_expand_reference_container_1208_1(); } else { footnote_collapse_reference_container_1208_1(); } } function footnote_moveToReference_1208_1(p_str_TargetID) { footnote_expand_reference_container_1208_1(); var l_obj_Target = jQuery('#' + p_str_TargetID); if (l_obj_Target.length) { jQuery( 'html, body' ).delay( 0 ); jQuery('html, body').animate({ scrollTop: l_obj_Target.offset().top - window.innerHeight * 0.2 }, 380); } } function footnote_moveToAnchor_1208_1(p_str_TargetID) { footnote_expand_reference_container_1208_1(); var l_obj_Target = jQuery('#' + p_str_TargetID); if (l_obj_Target.length) { jQuery( 'html, body' ).delay( 0 ); jQuery('html, body').animate({ scrollTop: l_obj_Target.offset().top - window.innerHeight * 0.2 }, 380); } }<\/script>","protected":false},"excerpt":{"rendered":"<p>Vi\u1ec7c giao ti\u1ebfp r\u00f5 r\u00e0ng l\u00e0 r\u1ea5t quan tr\u1ecdng. N\u1ebfu qu\u00fd v\u1ecb kh\u00f4ng n\u00f3i ti\u1ebfng Anh, g\u1eb7p kh\u00f3 kh\u0103n trong vi\u1ec7c hi\u1ec3u ti\u1ebfng Anh ho\u1eb7c&hellip;<\/p>\n","protected":false},"author":1,"featured_media":0,"parent":1193,"menu_order":4,"comment_status":"closed","ping_status":"closed","template":"","meta":{"footnotes":""},"class_list":["post-1208","page","type-page","status-publish","hentry"],"_links":{"self":[{"href":"https:\/\/rula.disabilityrightsca.org\/vi\/wp-json\/wp\/v2\/pages\/1208","targetHints":{"allow":["GET"]}}],"collection":[{"href":"https:\/\/rula.disabilityrightsca.org\/vi\/wp-json\/wp\/v2\/pages"}],"about":[{"href":"https:\/\/rula.disabilityrightsca.org\/vi\/wp-json\/wp\/v2\/types\/page"}],"author":[{"embeddable":true,"href":"https:\/\/rula.disabilityrightsca.org\/vi\/wp-json\/wp\/v2\/users\/1"}],"replies":[{"embeddable":true,"href":"https:\/\/rula.disabilityrightsca.org\/vi\/wp-json\/wp\/v2\/comments?post=1208"}],"version-history":[{"count":5,"href":"https:\/\/rula.disabilityrightsca.org\/vi\/wp-json\/wp\/v2\/pages\/1208\/revisions"}],"predecessor-version":[{"id":3594,"href":"https:\/\/rula.disabilityrightsca.org\/vi\/wp-json\/wp\/v2\/pages\/1208\/revisions\/3594"}],"up":[{"embeddable":true,"href":"https:\/\/rula.disabilityrightsca.org\/vi\/wp-json\/wp\/v2\/pages\/1193"}],"wp:attachment":[{"href":"https:\/\/rula.disabilityrightsca.org\/vi\/wp-json\/wp\/v2\/media?parent=1208"}],"curies":[{"name":"wp","href":"https:\/\/api.w.org\/{rel}","templated":true}]}}