{"id":1206,"date":"2021-06-09T23:45:18","date_gmt":"2021-06-09T23:45:18","guid":{"rendered":"http:\/\/www.rula.disabilityrightsca.org\/vi\/?page_id=1206"},"modified":"2023-07-07T22:36:29","modified_gmt":"2023-07-07T22:36:29","slug":"what-if-i-do-not-understand-what-people-are-saying-at-my-ipp-meeting","status":"publish","type":"page","link":"https:\/\/rula.disabilityrightsca.org\/vi\/rula-book\/chapter-4-individual-program-plans\/what-if-i-do-not-understand-what-people-are-saying-at-my-ipp-meeting\/","title":{"rendered":"(4.3) N\u1ebfu t\u00f4i kh\u00f4ng hi\u1ec3u nh\u1eefng \u0111i\u1ec1u m\u1ecdi ng\u01b0\u1eddi n\u00f3i t\u1ea1i cu\u1ed9c h\u1ecdp IPP c\u1ee7a m\u00ecnh th\u00ec sao?"},"content":{"rendered":"\n<p>M\u1ecdi ng\u01b0\u1eddi t\u1ea1i cu\u1ed9c h\u1ecdp ph\u1ea3i n\u00f3i theo c\u00e1ch qu\u00fd v\u1ecb hi\u1ec3u \u0111\u01b0\u1ee3c. N\u1ebfu c\u00f3 ng\u01b0\u1eddi s\u1eed d\u1ee5ng m\u1ed9t t\u1eeb ho\u1eb7c c\u1ee5m t\u1eeb qu\u00fd v\u1ecb kh\u00f4ng hi\u1ec3u, h\u00e3y y\u00eau c\u1ea7u h\u1ecd gi\u1ea3i th\u00edch. N\u1ebfu qu\u00fd v\u1ecb ho\u1eb7c gia \u0111\u00ecnh qu\u00fd v\u1ecb kh\u00f4ng n\u00f3i t\u1ed1t ti\u1ebfng Anh, h\u00e3y y\u00eau c\u1ea7u c\u00f3 th\u00f4ng d\u1ecbch vi\u00ean. Qu\u00fd v\u1ecb c\u0169ng c\u00f3 th\u1ec3 y\u00eau c\u1ea7u bi\u00ean d\u1ecbch IPP sang ng\u00f4n ng\u1eef b\u1ea3n \u0111\u1ecba c\u1ee7a qu\u00fd v\u1ecb.<span class=\"footnote_referrer\"><a role=\"button\" tabindex=\"0\" onclick=\"footnote_moveToReference_1206_1('footnote_plugin_reference_1206_1_1');\" onkeypress=\"footnote_moveToReference_1206_1('footnote_plugin_reference_1206_1_1');\" ><sup id=\"footnote_plugin_tooltip_1206_1_1\" class=\"footnote_plugin_tooltip_text\">[1]<\/sup><\/a><span id=\"footnote_plugin_tooltip_text_1206_1_1\" class=\"footnote_tooltip\">M\u1ee5c 4646(j).<\/span><\/span><script type=\"text\/javascript\"> jQuery('#footnote_plugin_tooltip_1206_1_1').tooltip({ tip: '#footnote_plugin_tooltip_text_1206_1_1', tipClass: 'footnote_tooltip', effect: 'fade', predelay: 0, fadeInSpeed: 200, delay: 400, fadeOutSpeed: 200, position: 'top center', relative: true, offset: [-7, 0], });<\/script><\/p>\n\n\n\n<p>Cu\u1ed9c h\u1ecdp IPP l\u00e0 c\u01a1 h\u1ed9i \u0111\u1ec3 qu\u00fd v\u1ecb trao \u0111\u1ed5i v\u1ec1 nh\u1eefng \u0111i\u1ec1u quan tr\u1ecdng \u0111\u1ed1i v\u1edbi b\u1ea3n th\u00e2n. Qu\u00fd v\u1ecb c\u1ea7n ph\u1ea3i truy\u1ec1n \u0111\u1ea1t nh\u1eefng \u0111i\u1ec1u qu\u00fd v\u1ecb c\u1ea7n c\u00f3 t\u1eeb trung t\u00e2m khu v\u1ef1c v\u00e0 c\u00e1c c\u01a1 quan kh\u00e1c, ch\u1eb3ng h\u1ea1n nh\u01b0 Medi-Cal v\u00e0 IHSS v\u00e0 t\u1eeb gia \u0111\u00ecnh, b\u1ea1n b\u00e8 v\u00e0 nh\u00e0 cung c\u1ea5p d\u1ecbch v\u1ee5 c\u1ee7a qu\u00fd v\u1ecb.<\/p>\n<div class=\"speaker-mute footnotes_reference_container\"> <div class=\"footnote_container_prepare\"><p><span role=\"button\" tabindex=\"0\" class=\"footnote_reference_container_label pointer\" onclick=\"footnote_expand_collapse_reference_container_1206_1();\">&#x202F;<\/span><span role=\"button\" tabindex=\"0\" class=\"footnote_reference_container_collapse_button\" style=\"display: none;\" onclick=\"footnote_expand_collapse_reference_container_1206_1();\">[<a id=\"footnote_reference_container_collapse_button_1206_1\">+<\/a>]<\/span><\/p><\/div> <div id=\"footnote_references_container_1206_1\" style=\"\"><table class=\"footnotes_table footnote-reference-container\"><caption class=\"accessibility\">References<\/caption> <tbody> \r\n\r\n<tr class=\"footnotes_plugin_reference_row\"> <th scope=\"row\" class=\"footnote_plugin_index_combi pointer\"  onclick=\"footnote_moveToAnchor_1206_1('footnote_plugin_tooltip_1206_1_1');\"><a id=\"footnote_plugin_reference_1206_1_1\" class=\"footnote_backlink\"><span class=\"footnote_index_arrow\">&#8593;<\/span>1<\/a><\/th> <td class=\"footnote_plugin_text\">M\u1ee5c 4646(j).<\/td><\/tr>\r\n\r\n <\/tbody> <\/table> <\/div><\/div><script type=\"text\/javascript\"> function footnote_expand_reference_container_1206_1() { jQuery('#footnote_references_container_1206_1').show(); jQuery('#footnote_reference_container_collapse_button_1206_1').text('\u2212'); } function footnote_collapse_reference_container_1206_1() { jQuery('#footnote_references_container_1206_1').hide(); jQuery('#footnote_reference_container_collapse_button_1206_1').text('+'); } function footnote_expand_collapse_reference_container_1206_1() { if (jQuery('#footnote_references_container_1206_1').is(':hidden')) { footnote_expand_reference_container_1206_1(); } else { footnote_collapse_reference_container_1206_1(); } } function footnote_moveToReference_1206_1(p_str_TargetID) { footnote_expand_reference_container_1206_1(); var l_obj_Target = jQuery('#' + p_str_TargetID); if (l_obj_Target.length) { jQuery( 'html, body' ).delay( 0 ); jQuery('html, body').animate({ scrollTop: l_obj_Target.offset().top - window.innerHeight * 0.2 }, 380); } } function footnote_moveToAnchor_1206_1(p_str_TargetID) { footnote_expand_reference_container_1206_1(); var l_obj_Target = jQuery('#' + p_str_TargetID); if (l_obj_Target.length) { jQuery( 'html, body' ).delay( 0 ); jQuery('html, body').animate({ scrollTop: l_obj_Target.offset().top - window.innerHeight * 0.2 }, 380); } }<\/script>","protected":false},"excerpt":{"rendered":"<p>M\u1ecdi ng\u01b0\u1eddi t\u1ea1i cu\u1ed9c h\u1ecdp ph\u1ea3i n\u00f3i theo c\u00e1ch qu\u00fd v\u1ecb hi\u1ec3u \u0111\u01b0\u1ee3c. N\u1ebfu c\u00f3 ng\u01b0\u1eddi s\u1eed d\u1ee5ng m\u1ed9t t\u1eeb ho\u1eb7c c\u1ee5m t\u1eeb qu\u00fd v\u1ecb&hellip;<\/p>\n","protected":false},"author":1,"featured_media":0,"parent":1193,"menu_order":3,"comment_status":"closed","ping_status":"closed","template":"","meta":{"footnotes":""},"class_list":["post-1206","page","type-page","status-publish","hentry"],"_links":{"self":[{"href":"https:\/\/rula.disabilityrightsca.org\/vi\/wp-json\/wp\/v2\/pages\/1206","targetHints":{"allow":["GET"]}}],"collection":[{"href":"https:\/\/rula.disabilityrightsca.org\/vi\/wp-json\/wp\/v2\/pages"}],"about":[{"href":"https:\/\/rula.disabilityrightsca.org\/vi\/wp-json\/wp\/v2\/types\/page"}],"author":[{"embeddable":true,"href":"https:\/\/rula.disabilityrightsca.org\/vi\/wp-json\/wp\/v2\/users\/1"}],"replies":[{"embeddable":true,"href":"https:\/\/rula.disabilityrightsca.org\/vi\/wp-json\/wp\/v2\/comments?post=1206"}],"version-history":[{"count":7,"href":"https:\/\/rula.disabilityrightsca.org\/vi\/wp-json\/wp\/v2\/pages\/1206\/revisions"}],"predecessor-version":[{"id":3593,"href":"https:\/\/rula.disabilityrightsca.org\/vi\/wp-json\/wp\/v2\/pages\/1206\/revisions\/3593"}],"up":[{"embeddable":true,"href":"https:\/\/rula.disabilityrightsca.org\/vi\/wp-json\/wp\/v2\/pages\/1193"}],"wp:attachment":[{"href":"https:\/\/rula.disabilityrightsca.org\/vi\/wp-json\/wp\/v2\/media?parent=1206"}],"curies":[{"name":"wp","href":"https:\/\/api.w.org\/{rel}","templated":true}]}}