{"id":1197,"date":"2021-06-09T23:27:57","date_gmt":"2021-06-09T23:27:57","guid":{"rendered":"http:\/\/www.rula.disabilityrightsca.org\/vi\/?page_id=1197"},"modified":"2023-07-07T22:35:35","modified_gmt":"2023-07-07T22:35:35","slug":"what-is-an-individual-program-plan-ipp","status":"publish","type":"page","link":"https:\/\/rula.disabilityrightsca.org\/vi\/rula-book\/chapter-4-individual-program-plans\/what-is-an-individual-program-plan-ipp\/","title":{"rendered":"(4.1) K\u1ebf Ho\u1ea1ch Ch\u01b0\u01a1ng Tr\u00ecnh C\u00e1 Nh\u00e2n (IPP) l\u00e0 g\u00ec?"},"content":{"rendered":"\n<p>IPP l\u00e0 m\u1ed9t t\u00e0i li\u1ec7u n\u00eau c\u00e1c d\u1ecbch v\u1ee5 v\u00e0 s\u1ef1 h\u1ed7 tr\u1ee3 m\u00e0 qu\u00fd v\u1ecb c\u1ea7n v\u00e0 mu\u1ed1n \u0111\u1ec3 \u0111\u1ea1t \u0111\u01b0\u1ee3c m\u1ee5c \u0111\u00edch trong cu\u1ed9c s\u1ed1ng. T\u00e0i li\u1ec7u n\u00e0y cho bi\u1ebft ng\u01b0\u1eddi s\u1ebd cung c\u1ea5p c\u00e1c d\u1ecbch v\u1ee5 v\u00e0 s\u1ef1 h\u1ed7 tr\u1ee3. IPP l\u00e0 m\u1ed9t h\u1ee3p \u0111\u1ed3ng: sau khi qu\u00fd v\u1ecb v\u00e0 trung t\u00e2m khu v\u1ef1c nh\u1ea5t tr\u00ed v\u1ec1 n\u1ed9i dung c\u1ee7a IPP, trung t\u00e2m khu v\u1ef1c ph\u1ea3i th\u1ef1c hi\u1ec7n theo k\u1ebf ho\u1ea1ch n\u00e0y.<span class=\"footnote_referrer\"><a role=\"button\" tabindex=\"0\" onclick=\"footnote_moveToReference_1197_1('footnote_plugin_reference_1197_1_1');\" onkeypress=\"footnote_moveToReference_1197_1('footnote_plugin_reference_1197_1_1');\" ><sup id=\"footnote_plugin_tooltip_1197_1_1\" class=\"footnote_plugin_tooltip_text\">[1]<\/sup><\/a><span id=\"footnote_plugin_tooltip_text_1197_1_1\" class=\"footnote_tooltip\">\u201cM\u1eb7c d\u00f9 \u0111\u00fang l\u00e0 trung t\u00e2m khu v\u1ef1c c\u00f3 \u2018quy\u1ec1n t\u1ef1 quy\u1ebft r\u1ed9ng r\u00e3i trong vi\u1ec7c x\u00e1c \u0111\u1ecbnh c\u00e1ch tri\u1ec3n khai IPP, nh\u01b0ng h\u1ecd ho\u00e0n to\u00e0n kh\u00f4ng c\u00f3 quy\u1ec1n t\u1ef1 quy\u1ebft trong&nbsp;&#x2026; <span class=\"footnote_tooltip_continue\"  onclick=\"footnote_moveToReference_1197_1('footnote_plugin_reference_1197_1_1');\">Continue reading<\/span><\/span><\/span><script type=\"text\/javascript\"> jQuery('#footnote_plugin_tooltip_1197_1_1').tooltip({ tip: '#footnote_plugin_tooltip_text_1197_1_1', tipClass: 'footnote_tooltip', effect: 'fade', predelay: 0, fadeInSpeed: 200, delay: 400, fadeOutSpeed: 200, position: 'top center', relative: true, offset: [-7, 0], });<\/script> C\u1ea3 qu\u00fd v\u1ecb (ho\u1eb7c cha\/m\u1eb9 hay ng\u01b0\u1eddi \u0111\u1ea1i di\u1ec7n) v\u00e0 trung t\u00e2m khu v\u1ef1c ph\u1ea3i k\u00fd v\u00e0o IPP tr\u01b0\u1edbc khi c\u00e1c d\u1ecbch v\u1ee5 qu\u00fd v\u1ecb \u0111\u00e3 nh\u1ea5t tr\u00ed c\u00f3 th\u1ec3 b\u1eaft \u0111\u1ea7u.<span class=\"footnote_referrer\"><a role=\"button\" tabindex=\"0\" onclick=\"footnote_moveToReference_1197_1('footnote_plugin_reference_1197_1_2');\" onkeypress=\"footnote_moveToReference_1197_1('footnote_plugin_reference_1197_1_2');\" ><sup id=\"footnote_plugin_tooltip_1197_1_2\" class=\"footnote_plugin_tooltip_text\">[2]<\/sup><\/a><span id=\"footnote_plugin_tooltip_text_1197_1_2\" class=\"footnote_tooltip\">M\u1ee5c 4646(i).<\/span><\/span><script type=\"text\/javascript\"> jQuery('#footnote_plugin_tooltip_1197_1_2').tooltip({ tip: '#footnote_plugin_tooltip_text_1197_1_2', tipClass: 'footnote_tooltip', effect: 'fade', predelay: 0, fadeInSpeed: 200, delay: 400, fadeOutSpeed: 200, position: 'top center', relative: true, offset: [-7, 0], });<\/script> Qu\u00fd v\u1ecb ch\u1ec9 c\u00f3 th\u1ec3 nh\u1eadn c\u00e1c d\u1ecbch v\u1ee5 trong IPP c\u1ee7a m\u00ecnh. \u0110\u1ec3 nh\u1eadn m\u1ed9t d\u1ecbch v\u1ee5 m\u1edbi ho\u1eb7c d\u1ecbch v\u1ee5 kh\u00e1c, qu\u00fd v\u1ecb ph\u1ea3i thay \u0111\u1ed5i IPP, th\u01b0\u1eddng l\u00e0 th\u00f4ng qua m\u1ed9t cu\u1ed9c h\u1ecdp IPP kh\u00e1c. IPP cho bi\u1ebft nhu c\u1ea7u, s\u1edf th\u00edch, l\u1ef1a ch\u1ecdn, m\u1ee5c \u0111\u00edch v\u00e0 m\u1ee5c ti\u00eau c\u00f9ng c\u00e1c d\u1ecbch v\u1ee5 v\u00e0 s\u1ef1 h\u1ed7 tr\u1ee3 qu\u00fd v\u1ecb c\u1ea7n \u0111\u1ec3 \u0111\u1ea1t \u0111\u01b0\u1ee3c nh\u1eefng \u0111i\u1ec1u \u0111\u00f3. IPP t\u1eadp trung v\u00e0o qu\u00fd v\u1ecb v\u00e0 gia \u0111\u00ecnh qu\u00fd v\u1ecb, n\u1ebfu th\u00edch h\u1ee3p. IPP s\u1ebd gi\u00fap qu\u00fd v\u1ecb sinh s\u1ed1ng trong c\u1ed9ng \u0111\u1ed3ng v\u00e0 t\u1eadn h\u01b0\u1edfng cu\u1ed9c s\u1ed1ng \u0111\u1ed9c l\u1eadp, c\u00f3 \u00edch v\u00e0 b\u00ecnh th\u01b0\u1eddng nh\u1ea5t c\u00f3 th\u1ec3.<span class=\"footnote_referrer\"><a role=\"button\" tabindex=\"0\" onclick=\"footnote_moveToReference_1197_1('footnote_plugin_reference_1197_1_3');\" onkeypress=\"footnote_moveToReference_1197_1('footnote_plugin_reference_1197_1_3');\" ><sup id=\"footnote_plugin_tooltip_1197_1_3\" class=\"footnote_plugin_tooltip_text\">[3]<\/sup><\/a><span id=\"footnote_plugin_tooltip_text_1197_1_3\" class=\"footnote_tooltip\">M\u1ee5c 4646.<\/span><\/span><script type=\"text\/javascript\"> jQuery('#footnote_plugin_tooltip_1197_1_3').tooltip({ tip: '#footnote_plugin_tooltip_text_1197_1_3', tipClass: 'footnote_tooltip', effect: 'fade', predelay: 0, fadeInSpeed: 200, delay: 400, fadeOutSpeed: 200, position: 'top center', relative: true, offset: [-7, 0], });<\/script><\/p>\n\n\n\n<p>IPP c\u1ee7a qu\u00fd v\u1ecb c\u1ea7n bao g\u1ed3m:<\/p>\n\n\n\n<ul class=\"wp-block-list\"><li>Th\u00f4ng tin v\u1ec1 c\u00e1c th\u1ebf m\u1ea1nh, l\u1ef1a ch\u1ecdn v\u00e0 nhu c\u1ea7u c\u1ee7a qu\u00fd v\u1ecb.<span class=\"footnote_referrer\"><a role=\"button\" tabindex=\"0\" onclick=\"footnote_moveToReference_1197_1('footnote_plugin_reference_1197_1_4');\" onkeypress=\"footnote_moveToReference_1197_1('footnote_plugin_reference_1197_1_4');\" ><sup id=\"footnote_plugin_tooltip_1197_1_4\" class=\"footnote_plugin_tooltip_text\">[4]<\/sup><\/a><span id=\"footnote_plugin_tooltip_text_1197_1_4\" class=\"footnote_tooltip\">M\u1ee5c 4646.5(a)(1).<\/span><\/span><script type=\"text\/javascript\"> jQuery('#footnote_plugin_tooltip_1197_1_4').tooltip({ tip: '#footnote_plugin_tooltip_text_1197_1_4', tipClass: 'footnote_tooltip', effect: 'fade', predelay: 0, fadeInSpeed: 200, delay: 400, fadeOutSpeed: 200, position: 'top center', relative: true, offset: [-7, 0], });<\/script><\/li><li>C\u00e1c d\u1ecbch v\u1ee5 v\u00e0 s\u1ef1 h\u1ed7 tr\u1ee3 c\u1ee5 th\u1ec3 qu\u00fd v\u1ecb c\u1ea7n v\u00e0 ch\u1ecdn \u0111\u1ec3 s\u1ed1ng m\u1ed9t cu\u1ed9c s\u1ed1ng \u0111\u1ed9c l\u1eadp v\u00e0 c\u00f3 \u00edch h\u01a1n.<span class=\"footnote_referrer\"><a role=\"button\" tabindex=\"0\" onclick=\"footnote_moveToReference_1197_1('footnote_plugin_reference_1197_1_5');\" onkeypress=\"footnote_moveToReference_1197_1('footnote_plugin_reference_1197_1_5');\" ><sup id=\"footnote_plugin_tooltip_1197_1_5\" class=\"footnote_plugin_tooltip_text\">[5]<\/sup><\/a><span id=\"footnote_plugin_tooltip_text_1197_1_5\" class=\"footnote_tooltip\">C\u00e1c M\u1ee5c 4501 v\u00e0 4502(a).<\/span><\/span><script type=\"text\/javascript\"> jQuery('#footnote_plugin_tooltip_1197_1_5').tooltip({ tip: '#footnote_plugin_tooltip_text_1197_1_5', tipClass: 'footnote_tooltip', effect: 'fade', predelay: 0, fadeInSpeed: 200, delay: 400, fadeOutSpeed: 200, position: 'top center', relative: true, offset: [-7, 0], });<\/script><\/li><li>C\u00e1c d\u1ecbch v\u1ee5 c\u1ee5 th\u1ec3 qu\u00fd v\u1ecb c\u1ea7n \u0111\u1ec3 \u0111\u00e1p \u1ee9ng c\u00e1c nhu c\u1ea7u c\u00e1 nh\u00e2n.<span class=\"footnote_referrer\"><a role=\"button\" tabindex=\"0\" onclick=\"footnote_moveToReference_1197_1('footnote_plugin_reference_1197_1_6');\" onkeypress=\"footnote_moveToReference_1197_1('footnote_plugin_reference_1197_1_6');\" ><sup id=\"footnote_plugin_tooltip_1197_1_6\" class=\"footnote_plugin_tooltip_text\">[6]<\/sup><\/a><span id=\"footnote_plugin_tooltip_text_1197_1_6\" class=\"footnote_tooltip\">\u201c\u0110\u1ea1o Lu\u1eadt [Lanterman] d\u1ef1 t\u00ednh r\u00f5 r\u00e0ng r\u1eb1ng c\u00e1c d\u1ecbch v\u1ee5 c\u1ea7n \u0111\u01b0\u1ee3c cung c\u1ea5p cho m\u1ed7i kh\u00e1ch h\u00e0ng s\u1ebd \u0111\u01b0\u1ee3c ch\u1ecdn \u2018tr\u00ean c\u01a1 s\u1edf c\u00e1 nh\u00e2n\u2019.\u201d&nbsp; Williams&nbsp;&#x2026; <span class=\"footnote_tooltip_continue\"  onclick=\"footnote_moveToReference_1197_1('footnote_plugin_reference_1197_1_6');\">Continue reading<\/span><\/span><\/span><script type=\"text\/javascript\"> jQuery('#footnote_plugin_tooltip_1197_1_6').tooltip({ tip: '#footnote_plugin_tooltip_text_1197_1_6', tipClass: 'footnote_tooltip', effect: 'fade', predelay: 0, fadeInSpeed: 200, delay: 400, fadeOutSpeed: 200, position: 'top center', relative: true, offset: [-7, 0], });<\/script><\/li><li>M\u1ed9t danh s\u00e1ch c\u00e1c d\u1ecbch v\u1ee5 v\u00e0 s\u1ef1 h\u1ed7 tr\u1ee3 qu\u00fd v\u1ecb c\u1ea7n, ng\u01b0\u1eddi cung c\u1ea5p v\u00e0 th\u1eddi gian b\u1eaft \u0111\u1ea7u.<span class=\"footnote_referrer\"><a role=\"button\" tabindex=\"0\" onclick=\"footnote_moveToReference_1197_1('footnote_plugin_reference_1197_1_7');\" onkeypress=\"footnote_moveToReference_1197_1('footnote_plugin_reference_1197_1_7');\" ><sup id=\"footnote_plugin_tooltip_1197_1_7\" class=\"footnote_plugin_tooltip_text\">[7]<\/sup><\/a><span id=\"footnote_plugin_tooltip_text_1197_1_7\" class=\"footnote_tooltip\">M\u1ee5c 4646.5(a)(5).<\/span><\/span><script type=\"text\/javascript\"> jQuery('#footnote_plugin_tooltip_1197_1_7').tooltip({ tip: '#footnote_plugin_tooltip_text_1197_1_7', tipClass: 'footnote_tooltip', effect: 'fade', predelay: 0, fadeInSpeed: 200, delay: 400, fadeOutSpeed: 200, position: 'top center', relative: true, offset: [-7, 0], });<\/script><\/li><\/ul>\n\n\n\n<p>IPP c\u1ee7a qu\u00fd v\u1ecb ph\u1ea3i cho bi\u1ebft trung t\u00e2m khu v\u1ef1c c\u00f3 cung c\u1ea5p, gi\u00e1m s\u00e1t ho\u1eb7c thanh to\u00e1n cho c\u00e1c d\u1ecbch v\u1ee5 c\u1ee7a qu\u00fd v\u1ecb kh\u00f4ng, hay m\u1ed9t c\u01a1 quan kh\u00e1c s\u1ebd l\u00e0m nh\u1eefng vi\u1ec7c n\u00e0y. IPP c\u1ee7a qu\u00fd v\u1ecb ph\u1ea3i n\u00eau r\u00f5 ng\u01b0\u1eddi ch\u1ecbu tr\u00e1ch nhi\u1ec7m cung c\u1ea5p ho\u1eb7c thanh to\u00e1n cho t\u1eebng d\u1ecbch v\u1ee5.<span class=\"footnote_referrer\"><a role=\"button\" tabindex=\"0\" onclick=\"footnote_moveToReference_1197_1('footnote_plugin_reference_1197_1_8');\" onkeypress=\"footnote_moveToReference_1197_1('footnote_plugin_reference_1197_1_8');\" ><sup id=\"footnote_plugin_tooltip_1197_1_8\" class=\"footnote_plugin_tooltip_text\">[8]<\/sup><\/a><span id=\"footnote_plugin_tooltip_text_1197_1_8\" class=\"footnote_tooltip\">\u201cC\u00e1c d\u1ecbch v\u1ee5 v\u00e0 s\u1ef1 h\u1ed7 tr\u1ee3 m\u00e0 trung t\u00e2m khu v\u1ef1c \u0111\u1ed3ng \u00fd cung c\u1ea5p cho kh\u00e1ch h\u00e0ng ph\u1ea3i \u0111\u01b0\u1ee3c n\u00eau b\u1eb1ng ng\u00f4n t\u1eeb r\u00f5 r\u00e0ng. [Vi\u1ec7c ch\u1ec9 n\u00f3i] r\u1eb1ng trung t\u00e2m khu&nbsp;&#x2026; <span class=\"footnote_tooltip_continue\"  onclick=\"footnote_moveToReference_1197_1('footnote_plugin_reference_1197_1_8');\">Continue reading<\/span><\/span><\/span><script type=\"text\/javascript\"> jQuery('#footnote_plugin_tooltip_1197_1_8').tooltip({ tip: '#footnote_plugin_tooltip_text_1197_1_8', tipClass: 'footnote_tooltip', effect: 'fade', predelay: 0, fadeInSpeed: 200, delay: 400, fadeOutSpeed: 200, position: 'top center', relative: true, offset: [-7, 0], });<\/script><\/p>\n\n\n\n<p>C\u00e1c Ph\u1ee5 L\u1ee5c c\u1ee7a ch\u00fang t\u00f4i c\u00f3 th\u1ec3 gi\u00fap qu\u00fd v\u1ecb l\u1eadp k\u1ebf ho\u1ea1ch cho IPP. <a href=\"https:\/\/rula.disabilityrightsca.org\/supplements\/supplement-i-ipp-meeting-planner\/\">Ph\u1ee5 L\u1ee5c I<\/a> (Th\u00f4ng Tin Tr\u1ee3 Gi\u00fap L\u1eadp K\u1ebf Ho\u1ea1ch IPP);<a href=\"https:\/\/rula.disabilityrightsca.org\/supplements\/supplement-j-use-your-ipp-to-plan-for-community-activities\/\"> Ph\u1ee5 L\u1ee5c J<\/a> (S\u1eed D\u1ee5ng IPP \u0111\u1ec3 L\u1eadp K\u1ebf Ho\u1ea1ch cho Ho\u1ea1t \u0110\u1ed9ng C\u1ed9ng \u0110\u1ed3ng); v\u00e0 <a href=\"https:\/\/rula.disabilityrightsca.org\/supplements\/supplement-k-get-ready-for-your-childs-ipp-or-ifsp-meeting\/\">Ph\u1ee5 L\u1ee5c K<\/a> (Chu\u1ea9n B\u1ecb cho Cu\u1ed9c H\u1ecdp IPP ho\u1eb7c IFSP c\u1ee7a Con Qu\u00fd V\u1ecb).<\/p>\n<div class=\"speaker-mute footnotes_reference_container\"> <div class=\"footnote_container_prepare\"><p><span role=\"button\" tabindex=\"0\" class=\"footnote_reference_container_label pointer\" onclick=\"footnote_expand_collapse_reference_container_1197_1();\">&#x202F;<\/span><span role=\"button\" tabindex=\"0\" class=\"footnote_reference_container_collapse_button\" style=\"display: none;\" onclick=\"footnote_expand_collapse_reference_container_1197_1();\">[<a id=\"footnote_reference_container_collapse_button_1197_1\">+<\/a>]<\/span><\/p><\/div> <div id=\"footnote_references_container_1197_1\" style=\"\"><table class=\"footnotes_table footnote-reference-container\"><caption class=\"accessibility\">References<\/caption> <tbody> \r\n\r\n<tr class=\"footnotes_plugin_reference_row\"> <th scope=\"row\" class=\"footnote_plugin_index_combi pointer\"  onclick=\"footnote_moveToAnchor_1197_1('footnote_plugin_tooltip_1197_1_1');\"><a id=\"footnote_plugin_reference_1197_1_1\" class=\"footnote_backlink\"><span class=\"footnote_index_arrow\">&#8593;<\/span>1<\/a><\/th> <td class=\"footnote_plugin_text\">\u201cM\u1eb7c d\u00f9 \u0111\u00fang l\u00e0 trung t\u00e2m khu v\u1ef1c c\u00f3 \u2018quy\u1ec1n t\u1ef1 quy\u1ebft r\u1ed9ng r\u00e3i trong vi\u1ec7c x\u00e1c \u0111\u1ecbnh <em>c\u00e1ch <\/em>tri\u1ec3n khai IPP, nh\u01b0ng h\u1ecd ho\u00e0n to\u00e0n kh\u00f4ng c\u00f3 quy\u1ec1n t\u1ef1 quy\u1ebft trong vi\u1ec7c x\u00e1c \u0111\u1ecbnh <em>c\u00f3 hay kh\u00f4ng <\/em>th\u1ef1c hi\u1ec7n IPP; h\u1ecd ph\u1ea3i<\/p>\n\n\n\n<p>th\u1ef1c hi\u1ec7n IPP [tham kh\u1ea3o M\u1ee5c 4648].\u201d <em>Hi\u1ec7p H\u1ed9i D\u00e0nh Cho C\u00f4ng D\u00e2n Ch\u1eadm Ph\u00e1t Tri\u1ec3n California ki\u1ec7n S\u1edf D\u1ecbch V\u1ee5 Ph\u00e1t Tri\u1ec3n <\/em>(1985) 38 B\u00e1o C\u00e1o C\u1ee7a California s\u1ed1 3 384, 390.<\/td><\/tr>\r\n\r\n<tr class=\"footnotes_plugin_reference_row\"> <th scope=\"row\" class=\"footnote_plugin_index_combi pointer\"  onclick=\"footnote_moveToAnchor_1197_1('footnote_plugin_tooltip_1197_1_2');\"><a id=\"footnote_plugin_reference_1197_1_2\" class=\"footnote_backlink\"><span class=\"footnote_index_arrow\">&#8593;<\/span>2<\/a><\/th> <td class=\"footnote_plugin_text\">M\u1ee5c 4646(i).<\/td><\/tr>\r\n\r\n<tr class=\"footnotes_plugin_reference_row\"> <th scope=\"row\" class=\"footnote_plugin_index_combi pointer\"  onclick=\"footnote_moveToAnchor_1197_1('footnote_plugin_tooltip_1197_1_3');\"><a id=\"footnote_plugin_reference_1197_1_3\" class=\"footnote_backlink\"><span class=\"footnote_index_arrow\">&#8593;<\/span>3<\/a><\/th> <td class=\"footnote_plugin_text\">M\u1ee5c 4646.<\/td><\/tr>\r\n\r\n<tr class=\"footnotes_plugin_reference_row\"> <th scope=\"row\" class=\"footnote_plugin_index_combi pointer\"  onclick=\"footnote_moveToAnchor_1197_1('footnote_plugin_tooltip_1197_1_4');\"><a id=\"footnote_plugin_reference_1197_1_4\" class=\"footnote_backlink\"><span class=\"footnote_index_arrow\">&#8593;<\/span>4<\/a><\/th> <td class=\"footnote_plugin_text\">M\u1ee5c 4646.5(a)(1).<\/td><\/tr>\r\n\r\n<tr class=\"footnotes_plugin_reference_row\"> <th scope=\"row\" class=\"footnote_plugin_index_combi pointer\"  onclick=\"footnote_moveToAnchor_1197_1('footnote_plugin_tooltip_1197_1_5');\"><a id=\"footnote_plugin_reference_1197_1_5\" class=\"footnote_backlink\"><span class=\"footnote_index_arrow\">&#8593;<\/span>5<\/a><\/th> <td class=\"footnote_plugin_text\">C\u00e1c M\u1ee5c 4501 v\u00e0 4502(a).<\/td><\/tr>\r\n\r\n<tr class=\"footnotes_plugin_reference_row\"> <th scope=\"row\" class=\"footnote_plugin_index_combi pointer\"  onclick=\"footnote_moveToAnchor_1197_1('footnote_plugin_tooltip_1197_1_6');\"><a id=\"footnote_plugin_reference_1197_1_6\" class=\"footnote_backlink\"><span class=\"footnote_index_arrow\">&#8593;<\/span>6<\/a><\/th> <td class=\"footnote_plugin_text\">\u201c\u0110\u1ea1o Lu\u1eadt [Lanterman] d\u1ef1 t\u00ednh r\u00f5 r\u00e0ng r\u1eb1ng c\u00e1c d\u1ecbch v\u1ee5 c\u1ea7n \u0111\u01b0\u1ee3c cung c\u1ea5p cho m\u1ed7i kh\u00e1ch h\u00e0ng s\u1ebd \u0111\u01b0\u1ee3c ch\u1ecdn \u2018tr\u00ean c\u01a1 s\u1edf c\u00e1 nh\u00e2n\u2019.\u201d&nbsp; <em>Williams ki\u1ec7n Macomber <\/em>(1991) 226 B\u00e1o C\u00e1o Ph\u00fac Th\u1ea9m C\u1ee7a California s\u1ed1 3 225, 232.<\/td><\/tr>\r\n\r\n<tr class=\"footnotes_plugin_reference_row\"> <th scope=\"row\" class=\"footnote_plugin_index_combi pointer\"  onclick=\"footnote_moveToAnchor_1197_1('footnote_plugin_tooltip_1197_1_7');\"><a id=\"footnote_plugin_reference_1197_1_7\" class=\"footnote_backlink\"><span class=\"footnote_index_arrow\">&#8593;<\/span>7<\/a><\/th> <td class=\"footnote_plugin_text\">M\u1ee5c 4646.5(a)(5).<\/td><\/tr>\r\n\r\n<tr class=\"footnotes_plugin_reference_row\"> <th scope=\"row\" class=\"footnote_plugin_index_combi pointer\"  onclick=\"footnote_moveToAnchor_1197_1('footnote_plugin_tooltip_1197_1_8');\"><a id=\"footnote_plugin_reference_1197_1_8\" class=\"footnote_backlink\"><span class=\"footnote_index_arrow\">&#8593;<\/span>8<\/a><\/th> <td class=\"footnote_plugin_text\">\u201cC\u00e1c d\u1ecbch v\u1ee5 v\u00e0 s\u1ef1 h\u1ed7 tr\u1ee3 m\u00e0 trung t\u00e2m khu v\u1ef1c \u0111\u1ed3ng \u00fd cung c\u1ea5p cho kh\u00e1ch h\u00e0ng ph\u1ea3i \u0111\u01b0\u1ee3c n\u00eau b\u1eb1ng ng\u00f4n t\u1eeb r\u00f5 r\u00e0ng. [Vi\u1ec7c ch\u1ec9 n\u00f3i] r\u1eb1ng trung t\u00e2m khu v\u1ef1c s\u1ebd \u2018y\u00eau c\u1ea7u\u2019 t\u00e0i tr\u1ee3 l\u00e0 m\u01a1 h\u1ed3 v\u00ec kh\u00f4ng r\u00f5 c\u01a1 quan n\u00e0y \u0111ang \u0111\u1ed3ng \u00fd cung c\u1ea5p d\u1ecbch v\u1ee5 \u2026 hay ch\u1ec9 \u0111ang \u0111\u1ed3ng \u00fd y\u00eau c\u1ea7u d\u1ecbch v\u1ee5.\u201d <em>V\u1ec1 v\u1ee5 T.S. ki\u1ec7n Trung T\u00e2m Khu V\u1ef1c Golden Gate<\/em>,V\u0103n Ph\u00f2ng \u0110i\u1ec1u Tr\u1ea7n H\u00e0nh Ch\u00ednh (OAH) V\u1ee5 Ki\u1ec7n S\u1ed1 2003020153 v\u00e0 N2003010267.<\/td><\/tr>\r\n\r\n <\/tbody> <\/table> <\/div><\/div><script type=\"text\/javascript\"> function footnote_expand_reference_container_1197_1() { jQuery('#footnote_references_container_1197_1').show(); jQuery('#footnote_reference_container_collapse_button_1197_1').text('\u2212'); } function footnote_collapse_reference_container_1197_1() { jQuery('#footnote_references_container_1197_1').hide(); jQuery('#footnote_reference_container_collapse_button_1197_1').text('+'); } function footnote_expand_collapse_reference_container_1197_1() { if (jQuery('#footnote_references_container_1197_1').is(':hidden')) { footnote_expand_reference_container_1197_1(); } else { footnote_collapse_reference_container_1197_1(); } } function footnote_moveToReference_1197_1(p_str_TargetID) { footnote_expand_reference_container_1197_1(); var l_obj_Target = jQuery('#' + p_str_TargetID); if (l_obj_Target.length) { jQuery( 'html, body' ).delay( 0 ); jQuery('html, body').animate({ scrollTop: l_obj_Target.offset().top - window.innerHeight * 0.2 }, 380); } } function footnote_moveToAnchor_1197_1(p_str_TargetID) { footnote_expand_reference_container_1197_1(); var l_obj_Target = jQuery('#' + p_str_TargetID); if (l_obj_Target.length) { jQuery( 'html, body' ).delay( 0 ); jQuery('html, body').animate({ scrollTop: l_obj_Target.offset().top - window.innerHeight * 0.2 }, 380); } }<\/script>","protected":false},"excerpt":{"rendered":"<p>IPP l\u00e0 m\u1ed9t t\u00e0i li\u1ec7u n\u00eau c\u00e1c d\u1ecbch v\u1ee5 v\u00e0 s\u1ef1 h\u1ed7 tr\u1ee3 m\u00e0 qu\u00fd v\u1ecb c\u1ea7n v\u00e0 mu\u1ed1n \u0111\u1ec3 \u0111\u1ea1t \u0111\u01b0\u1ee3c m\u1ee5c \u0111\u00edch trong&hellip;<\/p>\n","protected":false},"author":1,"featured_media":0,"parent":1193,"menu_order":1,"comment_status":"closed","ping_status":"closed","template":"","meta":{"footnotes":""},"class_list":["post-1197","page","type-page","status-publish","hentry"],"_links":{"self":[{"href":"https:\/\/rula.disabilityrightsca.org\/vi\/wp-json\/wp\/v2\/pages\/1197","targetHints":{"allow":["GET"]}}],"collection":[{"href":"https:\/\/rula.disabilityrightsca.org\/vi\/wp-json\/wp\/v2\/pages"}],"about":[{"href":"https:\/\/rula.disabilityrightsca.org\/vi\/wp-json\/wp\/v2\/types\/page"}],"author":[{"embeddable":true,"href":"https:\/\/rula.disabilityrightsca.org\/vi\/wp-json\/wp\/v2\/users\/1"}],"replies":[{"embeddable":true,"href":"https:\/\/rula.disabilityrightsca.org\/vi\/wp-json\/wp\/v2\/comments?post=1197"}],"version-history":[{"count":9,"href":"https:\/\/rula.disabilityrightsca.org\/vi\/wp-json\/wp\/v2\/pages\/1197\/revisions"}],"predecessor-version":[{"id":3591,"href":"https:\/\/rula.disabilityrightsca.org\/vi\/wp-json\/wp\/v2\/pages\/1197\/revisions\/3591"}],"up":[{"embeddable":true,"href":"https:\/\/rula.disabilityrightsca.org\/vi\/wp-json\/wp\/v2\/pages\/1193"}],"wp:attachment":[{"href":"https:\/\/rula.disabilityrightsca.org\/vi\/wp-json\/wp\/v2\/media?parent=1197"}],"curies":[{"name":"wp","href":"https:\/\/api.w.org\/{rel}","templated":true}]}}