{"id":1146,"date":"2021-05-13T20:57:40","date_gmt":"2021-05-13T20:57:40","guid":{"rendered":"http:\/\/www.rula.disabilityrightsca.org\/vi\/?page_id=1146"},"modified":"2023-07-21T21:10:16","modified_gmt":"2023-07-21T21:10:16","slug":"how-do-the-adoption-assistance-program-aap-and-the-regional-center-serve-children-with-developmental-disabilities","status":"publish","type":"page","link":"https:\/\/rula.disabilityrightsca.org\/vi\/rula-book\/chapter-6-keeping-the-family-together-services-and-supports-for-children\/how-do-the-adoption-assistance-program-aap-and-the-regional-center-serve-children-with-developmental-disabilities\/","title":{"rendered":"(6.35) C\u00e1c nh\u00e0 cung c\u1ea5p d\u1ecbch v\u1ee5 ch\u0103m s\u00f3c ban ng\u00e0y c\u00f3 ph\u1ea3i th\u1ef1c hi\u1ec7n c\u00e1c \u0111i\u1ec1u ch\u1ec9nh h\u1ee3p l\u00fd \u0111\u1ec3 cung c\u1ea5p d\u1ecbch v\u1ee5 ch\u0103m s\u00f3c cho tr\u1ebb b\u1ecb khuy\u1ebft t\u1eadt v\u1ec1 ph\u00e1t tri\u1ec3n kh\u00f4ng?"},"content":{"rendered":"\n<p>Tr\u1ebb em ph\u1ea3i \u0111\u01b0\u1ee3c bao g\u1ed3m trong c\u00e1c ch\u01b0\u01a1ng tr\u00ecnh ch\u0103m s\u00f3c ban ng\u00e0y c\u1ee7a c\u1ed9ng \u0111\u1ed3ng b\u1ea5t c\u1ee9 l\u00fac n\u00e0o c\u00f3 th\u1ec3. \u0110\u1ea1o Lu\u1eadt Ng\u01b0\u1eddi M\u1ef9 Khuy\u1ebft T\u1eadt (Americans with Disabilities Act, ADA) quy \u0111\u1ecbnh c\u00e1c nh\u00e0 cung c\u1ea5p d\u1ecbch v\u1ee5 ch\u0103m s\u00f3c ban ng\u00e0y kh\u00f4ng \u0111\u01b0\u1ee3c ph\u00e2n bi\u1ec7t \u0111\u1ed1i x\u1eed v\u1edbi tr\u1ebb khuy\u1ebft t\u1eadt. H\u1ecd ph\u1ea3i th\u1ef1c hi\u1ec7n \u201cc\u00e1c \u0111i\u1ec1u ch\u1ec9nh h\u1ee3p l\u00fd\u201d (c\u00e1c thay \u0111\u1ed5i) \u0111\u1ed1i v\u1edbi ch\u01b0\u01a1ng tr\u00ecnh, ch\u1eb3ng h\u1ea1n nh\u01b0 c\u00e1c h\u1ed7 tr\u1ee3 v\u00e0 d\u1ecbch v\u1ee5 b\u1ed5 sung, \u0111\u1ec3 tr\u1ebb khuy\u1ebft t\u1eadt c\u00f3 th\u1ec3 tham gia. Tuy nhi\u00ean, n\u1ebfu nh\u1eefng thay \u0111\u1ed5i hay d\u1ecbch v\u1ee5 b\u1ed5 sung m\u00e0 qu\u00fd v\u1ecb c\u1ea7n l\u1ea1i t\u1ea1o ra \u201cs\u1ef1 kh\u00f3 kh\u0103n qu\u00e1 m\u1ee9c\u201d ho\u1eb7c d\u1eabn \u0111\u1ebfn \u201cthay \u0111\u1ed5i c\u0103n b\u1ea3n trong ch\u01b0\u01a1ng tr\u00ecnh\u201d, ch\u01b0\u01a1ng tr\u00ecnh kh\u00f4ng ph\u1ea3i cung c\u1ea5p c\u00e1c d\u1ecbch v\u1ee5 b\u1ed5 sung n\u00e0y.<span class=\"footnote_referrer\"><a role=\"button\" tabindex=\"0\" onclick=\"footnote_moveToReference_1146_1('footnote_plugin_reference_1146_1_1');\" onkeypress=\"footnote_moveToReference_1146_1('footnote_plugin_reference_1146_1_1');\" ><sup id=\"footnote_plugin_tooltip_1146_1_1\" class=\"footnote_plugin_tooltip_text\">[1]<\/sup><\/a><span id=\"footnote_plugin_tooltip_text_1146_1_1\" class=\"footnote_tooltip\">Ti\u00eau \u0110\u1ec1 42 B\u1ed9 Lu\u1eadt Hoa K\u1ef3 m\u1ee5c 12182(b)(2)(A)(ii) v\u00e0 (iii).<\/span><\/span><script type=\"text\/javascript\"> jQuery('#footnote_plugin_tooltip_1146_1_1').tooltip({ tip: '#footnote_plugin_tooltip_text_1146_1_1', tipClass: 'footnote_tooltip', effect: 'fade', predelay: 0, fadeInSpeed: 200, delay: 400, fadeOutSpeed: 200, position: 'top center', relative: true, offset: [-7, 0], });<\/script><\/p>\n\n\n\n<p>Trong tr\u01b0\u1eddng h\u1ee3p \u0111\u00f3, qu\u00fd v\u1ecb c\u00f3 th\u1ec3 nh\u1eadn s\u1ef1 h\u1ed7 tr\u1ee3 b\u1ed5 sung m\u00e0 qu\u00fd v\u1ecb c\u1ea7n t\u1eeb trung t\u00e2m khu v\u1ef1c. V\u00ed d\u1ee5: N\u1ebfu ch\u01b0\u01a1ng tr\u00ecnh ch\u0103m s\u00f3c ban ng\u00e0y cho bi\u1ebft con qu\u00fd v\u1ecb ph\u1ea3i c\u00f3 nh\u00e2n vi\u00ean h\u1ed7 tr\u1ee3 1:1 v\u00e0 \u0111i\u1ec1u \u0111\u00f3 s\u1ebd thay \u0111\u1ed5i c\u0103n b\u1ea3n ch\u01b0\u01a1ng tr\u00ecnh, trung t\u00e2m khu v\u1ef1c ph\u1ea3i thanh to\u00e1n cho nh\u00e2n vi\u00ean h\u1ed7 tr\u1ee3 n\u00e0y. Trung t\u00e2m khu v\u1ef1c c\u0169ng c\u00f3 th\u1ec3 t\u01b0 v\u1ea5n v\u00e0 \u0111\u00e0o t\u1ea1o cho nh\u00e2n vi\u00ean ch\u0103m s\u00f3c ban ng\u00e0y.<\/p>\n\n\n\n<p>Nh\u1eadn th\u01b0 t\u1eeb ch\u01b0\u01a1ng tr\u00ecnh gi\u1ea3i th\u00edch s\u1ef1 h\u1ed7 tr\u1ee3 m\u00e0 con qu\u00fd v\u1ecb c\u1ea7n \u1edf d\u1ecbch v\u1ee5 ch\u0103m s\u00f3c ban ng\u00e0y. Ho\u1eb7c y\u00eau c\u1ea7u th\u00e0nh vi\u00ean c\u1ee7a \u0111\u1ed9i ng\u0169 ch\u0103m s\u00f3c ban ng\u00e0y \u0111i c\u00f9ng qu\u00fd v\u1ecb \u0111\u1ebfn cu\u1ed9c h\u1ecdp IPP. B\u1eb1ng c\u00e1ch n\u00e0y, IPP c\u00f3 th\u1ec3 \u0111\u01b0\u1ee3c vi\u1ebft \u0111\u1ec3 bao g\u1ed3m nhu c\u1ea7u h\u1ed7 tr\u1ee3 b\u1ed5 sung c\u1ee7a tr\u1ebb trong d\u1ecbch v\u1ee5 ch\u0103m s\u00f3c ban ng\u00e0y v\u00e0 vai tr\u00f2 c\u1ee7a trung t\u00e2m khu v\u1ef1c. N\u1ebfu qu\u00fd v\u1ecb g\u1eb7p kh\u00f3 kh\u0103n trong vi\u1ec7c nh\u1eadn s\u1ef1 h\u1ed7 tr\u1ee3 m\u00e0 qu\u00fd v\u1ecb c\u1ea7n, h\u00e3y g\u1ecdi \u0111\u1ebfn Disability Rights California. Qu\u00fd v\u1ecb c\u0169ng c\u00f3 th\u1ec3 g\u1ecdi \u0111\u1ebfn Trung T\u00e2m Lu\u1eadt Ch\u0103m S\u00f3c Tr\u1ebb Em (Child Care Law Center) theo s\u1ed1 (415) 558-8005.<\/p>\n<div class=\"speaker-mute footnotes_reference_container\"> <div class=\"footnote_container_prepare\"><p><span role=\"button\" tabindex=\"0\" class=\"footnote_reference_container_label pointer\" onclick=\"footnote_expand_collapse_reference_container_1146_1();\">&#x202F;<\/span><span role=\"button\" tabindex=\"0\" class=\"footnote_reference_container_collapse_button\" style=\"display: none;\" onclick=\"footnote_expand_collapse_reference_container_1146_1();\">[<a id=\"footnote_reference_container_collapse_button_1146_1\">+<\/a>]<\/span><\/p><\/div> <div id=\"footnote_references_container_1146_1\" style=\"\"><table class=\"footnotes_table footnote-reference-container\"><caption class=\"accessibility\">References<\/caption> <tbody> \r\n\r\n<tr class=\"footnotes_plugin_reference_row\"> <th scope=\"row\" class=\"footnote_plugin_index_combi pointer\"  onclick=\"footnote_moveToAnchor_1146_1('footnote_plugin_tooltip_1146_1_1');\"><a id=\"footnote_plugin_reference_1146_1_1\" class=\"footnote_backlink\"><span class=\"footnote_index_arrow\">&#8593;<\/span>1<\/a><\/th> <td class=\"footnote_plugin_text\">Ti\u00eau \u0110\u1ec1 42 B\u1ed9 Lu\u1eadt Hoa K\u1ef3 m\u1ee5c 12182(b)(2)(A)(ii) v\u00e0 (iii).<\/td><\/tr>\r\n\r\n <\/tbody> <\/table> <\/div><\/div><script type=\"text\/javascript\"> function footnote_expand_reference_container_1146_1() { jQuery('#footnote_references_container_1146_1').show(); jQuery('#footnote_reference_container_collapse_button_1146_1').text('\u2212'); } function footnote_collapse_reference_container_1146_1() { jQuery('#footnote_references_container_1146_1').hide(); jQuery('#footnote_reference_container_collapse_button_1146_1').text('+'); } function footnote_expand_collapse_reference_container_1146_1() { if (jQuery('#footnote_references_container_1146_1').is(':hidden')) { footnote_expand_reference_container_1146_1(); } else { footnote_collapse_reference_container_1146_1(); } } function footnote_moveToReference_1146_1(p_str_TargetID) { footnote_expand_reference_container_1146_1(); var l_obj_Target = jQuery('#' + p_str_TargetID); if (l_obj_Target.length) { jQuery( 'html, body' ).delay( 0 ); jQuery('html, body').animate({ scrollTop: l_obj_Target.offset().top - window.innerHeight * 0.2 }, 380); } } function footnote_moveToAnchor_1146_1(p_str_TargetID) { footnote_expand_reference_container_1146_1(); var l_obj_Target = jQuery('#' + p_str_TargetID); if (l_obj_Target.length) { jQuery( 'html, body' ).delay( 0 ); jQuery('html, body').animate({ scrollTop: l_obj_Target.offset().top - window.innerHeight * 0.2 }, 380); } }<\/script>","protected":false},"excerpt":{"rendered":"<p>Tr\u1ebb em ph\u1ea3i \u0111\u01b0\u1ee3c bao g\u1ed3m trong c\u00e1c ch\u01b0\u01a1ng tr\u00ecnh ch\u0103m s\u00f3c ban ng\u00e0y c\u1ee7a c\u1ed9ng \u0111\u1ed3ng b\u1ea5t c\u1ee9 l\u00fac n\u00e0o c\u00f3 th\u1ec3. \u0110\u1ea1o Lu\u1eadt&hellip;<\/p>\n","protected":false},"author":1,"featured_media":0,"parent":219,"menu_order":35,"comment_status":"closed","ping_status":"closed","template":"","meta":{"footnotes":""},"class_list":["post-1146","page","type-page","status-publish","hentry"],"_links":{"self":[{"href":"https:\/\/rula.disabilityrightsca.org\/vi\/wp-json\/wp\/v2\/pages\/1146","targetHints":{"allow":["GET"]}}],"collection":[{"href":"https:\/\/rula.disabilityrightsca.org\/vi\/wp-json\/wp\/v2\/pages"}],"about":[{"href":"https:\/\/rula.disabilityrightsca.org\/vi\/wp-json\/wp\/v2\/types\/page"}],"author":[{"embeddable":true,"href":"https:\/\/rula.disabilityrightsca.org\/vi\/wp-json\/wp\/v2\/users\/1"}],"replies":[{"embeddable":true,"href":"https:\/\/rula.disabilityrightsca.org\/vi\/wp-json\/wp\/v2\/comments?post=1146"}],"version-history":[{"count":8,"href":"https:\/\/rula.disabilityrightsca.org\/vi\/wp-json\/wp\/v2\/pages\/1146\/revisions"}],"predecessor-version":[{"id":3762,"href":"https:\/\/rula.disabilityrightsca.org\/vi\/wp-json\/wp\/v2\/pages\/1146\/revisions\/3762"}],"up":[{"embeddable":true,"href":"https:\/\/rula.disabilityrightsca.org\/vi\/wp-json\/wp\/v2\/pages\/219"}],"wp:attachment":[{"href":"https:\/\/rula.disabilityrightsca.org\/vi\/wp-json\/wp\/v2\/media?parent=1146"}],"curies":[{"name":"wp","href":"https:\/\/api.w.org\/{rel}","templated":true}]}}