{"id":1144,"date":"2021-05-13T20:54:20","date_gmt":"2021-05-13T20:54:20","guid":{"rendered":"http:\/\/www.rula.disabilityrightsca.org\/vi\/?page_id=1144"},"modified":"2023-07-21T21:09:12","modified_gmt":"2023-07-21T21:09:12","slug":"can-regional-centers-provide-nursing-care","status":"publish","type":"page","link":"https:\/\/rula.disabilityrightsca.org\/vi\/rula-book\/chapter-6-keeping-the-family-together-services-and-supports-for-children\/can-regional-centers-provide-nursing-care\/","title":{"rendered":"(6.34) Trung t\u00e2m khu v\u1ef1c ho\u1eb7c m\u1ed9t c\u01a1 quan kh\u00e1c c\u00f3 th\u1ec3 gi\u00fap thanh to\u00e1n chi ph\u00ed ch\u0103m s\u00f3c ban ng\u00e0y cho tr\u1ebb b\u1ecb khuy\u1ebft t\u1eadt v\u1ec1 ph\u00e1t tri\u1ec3n kh\u00f4ng?"},"content":{"rendered":"\n<p>N\u1ebfu d\u1ecbch v\u1ee5 ch\u0103m s\u00f3c ban ng\u00e0y cho ng\u01b0\u1eddi con khuy\u1ebft t\u1eadt c\u1ee7a qu\u00fd v\u1ecb t\u1ed1n nhi\u1ec1u chi ph\u00ed h\u01a1n d\u1ecbch v\u1ee5 ch\u0103m s\u00f3c ban ng\u00e0y cho tr\u1ebb kh\u00f4ng b\u1ecb khuy\u1ebft t\u1eadt, trung t\u00e2m khu v\u1ef1c c\u00f3 th\u1ec3 thanh to\u00e1n kho\u1ea3n chi ph\u00ed ch\u00eanh l\u1ec7ch. <span class=\"footnote_referrer\"><a role=\"button\" tabindex=\"0\" onclick=\"footnote_moveToReference_1144_1('footnote_plugin_reference_1144_1_1');\" onkeypress=\"footnote_moveToReference_1144_1('footnote_plugin_reference_1144_1_1');\" ><sup id=\"footnote_plugin_tooltip_1144_1_1\" class=\"footnote_plugin_tooltip_text\">[1]<\/sup><\/a><span id=\"footnote_plugin_tooltip_text_1144_1_1\" class=\"footnote_tooltip\">M\u1ee5c 4685(c)(6).<\/span><\/span><script type=\"text\/javascript\"> jQuery('#footnote_plugin_tooltip_1144_1_1').tooltip({ tip: '#footnote_plugin_tooltip_text_1144_1_1', tipClass: 'footnote_tooltip', effect: 'fade', predelay: 0, fadeInSpeed: 200, delay: 400, fadeOutSpeed: 200, position: 'top center', relative: true, offset: [-7, 0], });<\/script><\/p>\n\n\n\n<p>K\u1ec3 c\u1ea3 khi qu\u00fd v\u1ecb kh\u00f4ng h\u1ed9i \u0111\u1ee7 \u0111i\u1ec1u ki\u1ec7n nh\u1eadn d\u1ecbch v\u1ee5 ch\u0103m s\u00f3c ban ng\u00e0y t\u1eeb trung t\u00e2m khu v\u1ef1c, c\u00f3 c\u00e1c tr\u1ee3 c\u1ea5p d\u1ecbch v\u1ee5 ch\u0103m s\u00f3c ban ng\u00e0y h\u1eefu \u00edch. H\u00e3y y\u00eau c\u1ea7u ngu\u1ed3n l\u1ef1c ch\u0103m s\u00f3c tr\u1ebb em v\u00e0 c\u01a1 quan gi\u1edbi thi\u1ec7u t\u1ea1i \u0111\u1ecba ph\u01b0\u01a1ng c\u1ee7a qu\u00fd v\u1ecb tr\u1ee3 gi\u00fap. \u0110\u1ec3 t\u00ecm c\u01a1 quan tr\u1ee3 gi\u00fap m\u1ecdi ng\u01b0\u1eddi trong h\u1ea1t c\u1ee7a qu\u00fd v\u1ecb, h\u00e3y li\u00ean h\u1ec7 v\u1edbi M\u1ea1ng L\u01b0\u1edbi Ngu\u1ed3n L\u1ef1c Ch\u0103m S\u00f3c Tr\u1ebb Em California (California Child Care Resource Network) t\u1ea1i <a href=\"http:\/\/www.rrnetwork.org\">www.rrnetwork.org<\/a> ho\u1eb7c g\u1ecdi \u0111\u1ebfn s\u1ed1 (800) 543-7793.<\/p>\n\n\n\n<p>N\u1ebfu con qu\u00fd v\u1ecb d\u01b0\u1edbi 18 tu\u1ed5i v\u00e0 kh\u00f4ng nh\u1eadn Medi-Cal to\u00e0n di\u1ec7n, qu\u00fd v\u1ecb c\u00f3 th\u1ec3 ph\u1ea3i thanh to\u00e1n m\u1ed9t ph\u1ea7n chi ph\u00ed cho d\u1ecbch v\u1ee5 ch\u0103m s\u00f3c ban ng\u00e0y theo Ch\u01b0\u01a1ng Tr\u00ecnh Chia S\u1ebb Chi Ph\u00ed Gia \u0110\u00ecnh. \u0110\u1ec3 bi\u1ebft th\u00eam th\u00f4ng tin v\u1ec1 \u0111i\u1ec1u n\u00e0y, h\u00e3y xem c\u00e2u h\u1ecfi 36.<\/p>\n<div class=\"speaker-mute footnotes_reference_container\"> <div class=\"footnote_container_prepare\"><p><span role=\"button\" tabindex=\"0\" class=\"footnote_reference_container_label pointer\" onclick=\"footnote_expand_collapse_reference_container_1144_1();\">&#x202F;<\/span><span role=\"button\" tabindex=\"0\" class=\"footnote_reference_container_collapse_button\" style=\"display: none;\" onclick=\"footnote_expand_collapse_reference_container_1144_1();\">[<a id=\"footnote_reference_container_collapse_button_1144_1\">+<\/a>]<\/span><\/p><\/div> <div id=\"footnote_references_container_1144_1\" style=\"\"><table class=\"footnotes_table footnote-reference-container\"><caption class=\"accessibility\">References<\/caption> <tbody> \r\n\r\n<tr class=\"footnotes_plugin_reference_row\"> <th scope=\"row\" class=\"footnote_plugin_index_combi pointer\"  onclick=\"footnote_moveToAnchor_1144_1('footnote_plugin_tooltip_1144_1_1');\"><a id=\"footnote_plugin_reference_1144_1_1\" class=\"footnote_backlink\"><span class=\"footnote_index_arrow\">&#8593;<\/span>1<\/a><\/th> <td class=\"footnote_plugin_text\">M\u1ee5c 4685(c)(6).<\/td><\/tr>\r\n\r\n <\/tbody> <\/table> <\/div><\/div><script type=\"text\/javascript\"> function footnote_expand_reference_container_1144_1() { jQuery('#footnote_references_container_1144_1').show(); jQuery('#footnote_reference_container_collapse_button_1144_1').text('\u2212'); } function footnote_collapse_reference_container_1144_1() { jQuery('#footnote_references_container_1144_1').hide(); jQuery('#footnote_reference_container_collapse_button_1144_1').text('+'); } function footnote_expand_collapse_reference_container_1144_1() { if (jQuery('#footnote_references_container_1144_1').is(':hidden')) { footnote_expand_reference_container_1144_1(); } else { footnote_collapse_reference_container_1144_1(); } } function footnote_moveToReference_1144_1(p_str_TargetID) { footnote_expand_reference_container_1144_1(); var l_obj_Target = jQuery('#' + p_str_TargetID); if (l_obj_Target.length) { jQuery( 'html, body' ).delay( 0 ); jQuery('html, body').animate({ scrollTop: l_obj_Target.offset().top - window.innerHeight * 0.2 }, 380); } } function footnote_moveToAnchor_1144_1(p_str_TargetID) { footnote_expand_reference_container_1144_1(); var l_obj_Target = jQuery('#' + p_str_TargetID); if (l_obj_Target.length) { jQuery( 'html, body' ).delay( 0 ); jQuery('html, body').animate({ scrollTop: l_obj_Target.offset().top - window.innerHeight * 0.2 }, 380); } }<\/script>","protected":false},"excerpt":{"rendered":"<p>N\u1ebfu d\u1ecbch v\u1ee5 ch\u0103m s\u00f3c ban ng\u00e0y cho ng\u01b0\u1eddi con khuy\u1ebft t\u1eadt c\u1ee7a qu\u00fd v\u1ecb t\u1ed1n nhi\u1ec1u chi ph\u00ed h\u01a1n d\u1ecbch v\u1ee5 ch\u0103m s\u00f3c ban&hellip;<\/p>\n","protected":false},"author":1,"featured_media":0,"parent":219,"menu_order":34,"comment_status":"closed","ping_status":"closed","template":"","meta":{"footnotes":""},"class_list":["post-1144","page","type-page","status-publish","hentry"],"_links":{"self":[{"href":"https:\/\/rula.disabilityrightsca.org\/vi\/wp-json\/wp\/v2\/pages\/1144","targetHints":{"allow":["GET"]}}],"collection":[{"href":"https:\/\/rula.disabilityrightsca.org\/vi\/wp-json\/wp\/v2\/pages"}],"about":[{"href":"https:\/\/rula.disabilityrightsca.org\/vi\/wp-json\/wp\/v2\/types\/page"}],"author":[{"embeddable":true,"href":"https:\/\/rula.disabilityrightsca.org\/vi\/wp-json\/wp\/v2\/users\/1"}],"replies":[{"embeddable":true,"href":"https:\/\/rula.disabilityrightsca.org\/vi\/wp-json\/wp\/v2\/comments?post=1144"}],"version-history":[{"count":3,"href":"https:\/\/rula.disabilityrightsca.org\/vi\/wp-json\/wp\/v2\/pages\/1144\/revisions"}],"predecessor-version":[{"id":3761,"href":"https:\/\/rula.disabilityrightsca.org\/vi\/wp-json\/wp\/v2\/pages\/1144\/revisions\/3761"}],"up":[{"embeddable":true,"href":"https:\/\/rula.disabilityrightsca.org\/vi\/wp-json\/wp\/v2\/pages\/219"}],"wp:attachment":[{"href":"https:\/\/rula.disabilityrightsca.org\/vi\/wp-json\/wp\/v2\/media?parent=1144"}],"curies":[{"name":"wp","href":"https:\/\/api.w.org\/{rel}","templated":true}]}}