{"id":1142,"date":"2021-05-13T20:52:40","date_gmt":"2021-05-13T20:52:40","guid":{"rendered":"http:\/\/www.rula.disabilityrightsca.org\/vi\/?page_id=1142"},"modified":"2023-07-21T21:08:31","modified_gmt":"2023-07-21T21:08:31","slug":"can-regional-centers-provide-emergency-or-crisis-intervention-services","status":"publish","type":"page","link":"https:\/\/rula.disabilityrightsca.org\/vi\/rula-book\/chapter-6-keeping-the-family-together-services-and-supports-for-children\/can-regional-centers-provide-emergency-or-crisis-intervention-services\/","title":{"rendered":"(6.33) Ch\u0103m s\u00f3c t\u1ea1m th\u1eddi v\u00e0 ch\u0103m s\u00f3c ban ng\u00e0y c\u00f3 ph\u1ea3i l\u00e0 c\u00f9ng m\u1ed9t d\u1ecbch v\u1ee5 kh\u00f4ng?"},"content":{"rendered":"\n<p>Ch\u0103m s\u00f3c t\u1ea1m th\u1eddi v\u00e0 ch\u0103m s\u00f3c ban ng\u00e0y l\u00e0 c\u00e1c d\u1ecbch v\u1ee5 ri\u00eang bi\u1ec7t. Ch\u0103m s\u00f3c ban ng\u00e0y ch\u1ec9 nh\u1eb1m tr\u1ee3 gi\u00fap qu\u00fd v\u1ecb \u0111i l\u00e0m, \u0111i h\u1ecdc ho\u1eb7c tham gia \u0111\u00e0o t\u1ea1o. Ch\u0103m s\u00f3c t\u1ea1m th\u1eddi ph\u1ea3i cho ph\u00e9p qu\u00fd v\u1ecb t\u1ea1m ngh\u1ec9 ch\u0103m s\u00f3c con qu\u00fd v\u1ecb. \u0110i\u1ec1u n\u00e0y cho ph\u00e9p qu\u00fd v\u1ecb c\u00f3 th\u1eddi gian d\u00e0nh cho nh\u1eefng vi\u1ec7c kh\u00e1c nh\u01b0 l\u00e0m c\u00e1c c\u00f4ng vi\u1ec7c nh\u00e0, ch\u0103m s\u00f3c nh\u1eefng ng\u01b0\u1eddi con kh\u00e1c, g\u1eb7p g\u1ee1 b\u1ea1n b\u00e8 ho\u1eb7c gia \u0111\u00ecnh, th\u1ef1c hi\u1ec7n c\u00e1c ho\u1ea1t \u0111\u1ed9ng l\u00fac r\u1ea3nh r\u1ed7i ho\u1eb7c ngh\u1ec9 ng\u01a1i. Ch\u0103m s\u00f3c t\u1ea1m th\u1eddi gi\u00fap qu\u00fd v\u1ecb t\u1ea1m d\u1eebng tr\u00e1ch nhi\u1ec7m ch\u0103m s\u00f3c khi l\u00e0m nh\u1eefng ho\u1ea1t \u0111\u1ed9ng kh\u00e1c ngo\u00e0i \u0111i l\u00e0m hay \u0111i h\u1ecdc.<\/p>\n\n\n\n<p>Qu\u00fd v\u1ecb c\u00f3 th\u1ec3 y\u00eau c\u1ea7u c\u1ea3 ch\u0103m s\u00f3c t\u1ea1m th\u1eddi v\u00e0 ch\u0103m s\u00f3c ban ng\u00e0y n\u1ebfu qu\u00fd v\u1ecb c\u1ea7n c\u00e1c d\u1ecbch v\u1ee5 n\u00e0y \u0111\u1ec3 ch\u0103m s\u00f3c cho con qu\u00fd v\u1ecb t\u1ea1i nh\u00e0. D\u1ecbch v\u1ee5 ch\u0103m s\u00f3c ban ng\u00e0y s\u1ebd ch\u0103m lo cho con qu\u00fd v\u1ecb trong khi qu\u00fd v\u1ecb \u0111i l\u00e0m, \u0111i h\u1ecdc ho\u1eb7c tham gia \u0111\u00e0o t\u1ea1o. D\u1ecbch v\u1ee5 ch\u0103m s\u00f3c t\u1ea1m th\u1eddi s\u1ebd cho qu\u00fd v\u1ecb t\u1ea1m ngh\u1ec9 ch\u0103m s\u00f3c con qu\u00fd v\u1ecb \u0111\u1ec3 qu\u00fd v\u1ecb c\u00f3 th\u1ec3 th\u01b0 gi\u00e3n, th\u0103m b\u1ea1n b\u00e8 ho\u1eb7c t\u1eadn h\u01b0\u1edfng k\u1ef3 ngh\u1ec9.<\/p>\n\n\n\n<p>Tr\u00ean th\u1ef1c t\u1ebf, qu\u00fd v\u1ecb c\u00f3 th\u1ec3 s\u1ebd c\u1ea7n d\u1ecbch v\u1ee5 ch\u0103m s\u00f3c t\u1ea1m th\u1eddi h\u01a1n n\u1ebfu qu\u00fd v\u1ecb tr\u1ea3i qua qu\u00e1 tr\u00ecnh li\u00ean ti\u1ebfp t\u1eeb \u0111i l\u00e0m \u0111\u1ebfn ch\u0103m s\u00f3c cho con qu\u00fd v\u1ecb r\u1ed3i l\u1ea1i \u0111i l\u00e0m.<\/p>\n\n\n\n<p>H\u00e3y gi\u1ea3i th\u00edch v\u1edbi trung t\u00e2m khu v\u1ef1c l\u00fd do v\u00e0 th\u1eddi \u0111i\u1ec3m qu\u00fd v\u1ecb c\u1ea7n c\u1ea3 d\u1ecbch v\u1ee5 ch\u0103m s\u00f3c ban ng\u00e0y v\u00e0 ch\u0103m s\u00f3c t\u1ea1m th\u1eddi. C\u1ea3 hai d\u1ecbch v\u1ee5 c\u00f3 th\u1ec3 gi\u00fap qu\u00fd v\u1ecb \u0111\u00e1p \u1ee9ng c\u00e1c m\u1ee5c \u0111\u00edch chung trong IPP l\u00e0 \u0111\u1ec3 con qu\u00fd v\u1ecb s\u1ed1ng t\u1ea1i nh\u00e0. D\u1ecbch v\u1ee5 ch\u0103m s\u00f3c ban ng\u00e0y cho ph\u00e9p qu\u00fd v\u1ecb \u0111i l\u00e0m ho\u1eb7c \u0111i h\u1ecdc trong khi d\u1ecbch v\u1ee5 ch\u0103m s\u00f3c t\u1ea1m th\u1eddi cho ph\u00e9p qu\u00fd v\u1ecb t\u1ea1m d\u1eebng tr\u00e1ch nhi\u1ec7m ch\u0103m s\u00f3c v\u00e0 gi\u00e1m s\u00e1t li\u00ean t\u1ee5c. Trong c\u1ea3 hai tr\u01b0\u1eddng h\u1ee3p, trung t\u00e2m khu v\u1ef1c ph\u1ea3i gi\u00fap qu\u00fd v\u1ecb t\u00ecm nh\u00e0 cung c\u1ea5p c\u00f3 th\u1ec3 ch\u0103m s\u00f3c cho con qu\u00fd v\u1ecb \u0111\u1ea7y \u0111\u1ee7.<\/p>\n","protected":false},"excerpt":{"rendered":"<p>Ch\u0103m s\u00f3c t\u1ea1m th\u1eddi v\u00e0 ch\u0103m s\u00f3c ban ng\u00e0y l\u00e0 c\u00e1c d\u1ecbch v\u1ee5 ri\u00eang bi\u1ec7t. Ch\u0103m s\u00f3c ban ng\u00e0y ch\u1ec9 nh\u1eb1m tr\u1ee3 gi\u00fap qu\u00fd v\u1ecb&hellip;<\/p>\n","protected":false},"author":1,"featured_media":0,"parent":219,"menu_order":33,"comment_status":"closed","ping_status":"closed","template":"","meta":{"footnotes":""},"class_list":["post-1142","page","type-page","status-publish","hentry"],"_links":{"self":[{"href":"https:\/\/rula.disabilityrightsca.org\/vi\/wp-json\/wp\/v2\/pages\/1142","targetHints":{"allow":["GET"]}}],"collection":[{"href":"https:\/\/rula.disabilityrightsca.org\/vi\/wp-json\/wp\/v2\/pages"}],"about":[{"href":"https:\/\/rula.disabilityrightsca.org\/vi\/wp-json\/wp\/v2\/types\/page"}],"author":[{"embeddable":true,"href":"https:\/\/rula.disabilityrightsca.org\/vi\/wp-json\/wp\/v2\/users\/1"}],"replies":[{"embeddable":true,"href":"https:\/\/rula.disabilityrightsca.org\/vi\/wp-json\/wp\/v2\/comments?post=1142"}],"version-history":[{"count":6,"href":"https:\/\/rula.disabilityrightsca.org\/vi\/wp-json\/wp\/v2\/pages\/1142\/revisions"}],"predecessor-version":[{"id":3760,"href":"https:\/\/rula.disabilityrightsca.org\/vi\/wp-json\/wp\/v2\/pages\/1142\/revisions\/3760"}],"up":[{"embeddable":true,"href":"https:\/\/rula.disabilityrightsca.org\/vi\/wp-json\/wp\/v2\/pages\/219"}],"wp:attachment":[{"href":"https:\/\/rula.disabilityrightsca.org\/vi\/wp-json\/wp\/v2\/media?parent=1142"}],"curies":[{"name":"wp","href":"https:\/\/api.w.org\/{rel}","templated":true}]}}