{"id":1140,"date":"2021-05-13T20:51:28","date_gmt":"2021-05-13T20:51:28","guid":{"rendered":"http:\/\/www.rula.disabilityrightsca.org\/vi\/?page_id=1140"},"modified":"2023-07-21T21:08:08","modified_gmt":"2023-07-21T21:08:08","slug":"is-the-regional-center-involved-in-the-transition-of-special-education-students-from-school-to-post-school-life","status":"publish","type":"page","link":"https:\/\/rula.disabilityrightsca.org\/vi\/rula-book\/chapter-6-keeping-the-family-together-services-and-supports-for-children\/is-the-regional-center-involved-in-the-transition-of-special-education-students-from-school-to-post-school-life\/","title":{"rendered":"(6.32) Trung t\u00e2m khu v\u1ef1c c\u00f3 th\u1ec3 y\u00eau c\u1ea7u c\u00e1c gia \u0111\u00ecnh \u0111\u1ed5i d\u1ecbch v\u1ee5 ch\u0103m s\u00f3c t\u1ea1m th\u1eddi th\u00e0nh c\u00e1c d\u1ecbch v\u1ee5 kh\u00e1c c\u1ee7a trung t\u00e2m khu v\u1ef1c m\u00e0 c\u0169ng cho ph\u00e9p gia \u0111\u00ecnh t\u1ea1m d\u1eebng tr\u00e1ch nhi\u1ec7m ch\u0103m s\u00f3c kh\u00f4ng?"},"content":{"rendered":"\n<p>M\u1ed9t s\u1ed1 trung t\u00e2m khu v\u1ef1c y\u00eau c\u1ea7u cha m\u1eb9 ho\u1eb7c ng\u01b0\u1eddi gi\u00e1m h\u1ed9 c\u1ee7a tr\u1ebb khuy\u1ebft t\u1eadt \u201c\u0111\u1ed5i\u201d s\u1ed1 gi\u1edd ch\u0103m s\u00f3c t\u1ea1m th\u1eddi th\u00e0nh c\u00e1c d\u1ecbch v\u1ee5 kh\u00e1c, ch\u1eb3ng h\u1ea1n nh\u01b0 \u0111\u00e0o t\u1ea1o h\u00f2a nh\u1eadp x\u00e3 h\u1ed9i ho\u1eb7c c\u00e1c nh\u00f3m giao l\u01b0u. Tuy nhi\u00ean, \u0111i\u1ec1u n\u00e0y s\u1ebd gi\u1edbi h\u1ea1n c\u00e1c d\u1ecbch v\u1ee5 m\u00e0 con qu\u00fd v\u1ecb nh\u1eadn \u0111\u01b0\u1ee3c. S\u1ed1 gi\u1edd ch\u0103m s\u00f3c t\u1ea1m th\u1eddi cho ph\u00e9p qu\u00fd v\u1ecb v\u00e0 c\u00e1c th\u00e0nh vi\u00ean kh\u00e1c trong gia \u0111\u00ecnh t\u1ea1m ngh\u1ec9 ch\u0103m s\u00f3c con qu\u00fd v\u1ecb. Nhu c\u1ea7u h\u00f2a nh\u1eadp x\u00e3 h\u1ed9i c\u1ee7a tr\u1ebb kh\u00f4ng li\u00ean quan \u0111\u1ebfn nhu c\u1ea7u t\u1ea1m d\u1eebng tr\u00e1ch nhi\u1ec7m ch\u0103m s\u00f3c v\u00e0 gi\u00e1m s\u00e1t c\u1ee7a gia \u0111\u00ecnh. Trung t\u00e2m khu v\u1ef1c ph\u1ea3i c\u00e2n nh\u1eafc m\u1ed7i nhu c\u1ea7u \u0111\u1ed9c l\u1eadp v\u00e0 ri\u00eang l\u1ebb.<\/p>\n","protected":false},"excerpt":{"rendered":"<p>M\u1ed9t s\u1ed1 trung t\u00e2m khu v\u1ef1c y\u00eau c\u1ea7u cha m\u1eb9 ho\u1eb7c ng\u01b0\u1eddi gi\u00e1m h\u1ed9 c\u1ee7a tr\u1ebb khuy\u1ebft t\u1eadt \u201c\u0111\u1ed5i\u201d s\u1ed1 gi\u1edd ch\u0103m s\u00f3c t\u1ea1m th\u1eddi&hellip;<\/p>\n","protected":false},"author":1,"featured_media":0,"parent":219,"menu_order":32,"comment_status":"closed","ping_status":"closed","template":"","meta":{"footnotes":""},"class_list":["post-1140","page","type-page","status-publish","hentry"],"_links":{"self":[{"href":"https:\/\/rula.disabilityrightsca.org\/vi\/wp-json\/wp\/v2\/pages\/1140","targetHints":{"allow":["GET"]}}],"collection":[{"href":"https:\/\/rula.disabilityrightsca.org\/vi\/wp-json\/wp\/v2\/pages"}],"about":[{"href":"https:\/\/rula.disabilityrightsca.org\/vi\/wp-json\/wp\/v2\/types\/page"}],"author":[{"embeddable":true,"href":"https:\/\/rula.disabilityrightsca.org\/vi\/wp-json\/wp\/v2\/users\/1"}],"replies":[{"embeddable":true,"href":"https:\/\/rula.disabilityrightsca.org\/vi\/wp-json\/wp\/v2\/comments?post=1140"}],"version-history":[{"count":6,"href":"https:\/\/rula.disabilityrightsca.org\/vi\/wp-json\/wp\/v2\/pages\/1140\/revisions"}],"predecessor-version":[{"id":3755,"href":"https:\/\/rula.disabilityrightsca.org\/vi\/wp-json\/wp\/v2\/pages\/1140\/revisions\/3755"}],"up":[{"embeddable":true,"href":"https:\/\/rula.disabilityrightsca.org\/vi\/wp-json\/wp\/v2\/pages\/219"}],"wp:attachment":[{"href":"https:\/\/rula.disabilityrightsca.org\/vi\/wp-json\/wp\/v2\/media?parent=1140"}],"curies":[{"name":"wp","href":"https:\/\/api.w.org\/{rel}","templated":true}]}}