{"id":1138,"date":"2021-05-13T20:49:33","date_gmt":"2021-05-13T20:49:33","guid":{"rendered":"http:\/\/www.rula.disabilityrightsca.org\/vi\/?page_id=1138"},"modified":"2023-07-21T20:59:14","modified_gmt":"2023-07-21T20:59:14","slug":"how-does-my-childs-special-education-program-and-the-regional-center-work-together","status":"publish","type":"page","link":"https:\/\/rula.disabilityrightsca.org\/vi\/rula-book\/chapter-6-keeping-the-family-together-services-and-supports-for-children\/how-does-my-childs-special-education-program-and-the-regional-center-work-together\/","title":{"rendered":"(6.31) D\u1ecbch v\u1ee5 ch\u0103m s\u00f3c t\u1ea1m th\u1eddi ph\u1ed1i h\u1ee3p v\u1edbi D\u1ecbch V\u1ee5 H\u1ed7 Tr\u1ee3 T\u1ea1i Nh\u00e0 do h\u1ea1t cung c\u1ea5p nh\u01b0 th\u1ebf n\u00e0o?"},"content":{"rendered":"\n<p>D\u1ecbch V\u1ee5 H\u1ed7 Tr\u1ee3 T\u1ea1i Nh\u00e0 (In Home Supportive Services, IHSS) l\u00e0 m\u1ed9t d\u1ecbch v\u1ee5 chung.<span class=\"footnote_referrer\"><a role=\"button\" tabindex=\"0\" onclick=\"footnote_moveToReference_1138_1('footnote_plugin_reference_1138_1_1');\" onkeypress=\"footnote_moveToReference_1138_1('footnote_plugin_reference_1138_1_1');\" ><sup id=\"footnote_plugin_tooltip_1138_1_1\" class=\"footnote_plugin_tooltip_text\">[1]<\/sup><\/a><span id=\"footnote_plugin_tooltip_text_1138_1_1\" class=\"footnote_tooltip\">M\u1ee5c 4648(a)(8).<\/span><\/span><script type=\"text\/javascript\"> jQuery('#footnote_plugin_tooltip_1138_1_1').tooltip({ tip: '#footnote_plugin_tooltip_text_1138_1_1', tipClass: 'footnote_tooltip', effect: 'fade', predelay: 0, fadeInSpeed: 200, delay: 400, fadeOutSpeed: 200, position: 'top center', relative: true, offset: [-7, 0], });<\/script> C\u00e1c nh\u00e0 cung c\u1ea5p IHSS v\u00e0 nh\u00e0 cung c\u1ea5p d\u1ecbch v\u1ee5 ch\u0103m s\u00f3c t\u1ea1m th\u1eddi cung c\u1ea5p c\u00e1c d\u1ecbch v\u1ee5 kh\u00e1c nhau. V\u00ed d\u1ee5:<\/p>\n\n\n\n<p><strong>IHSS:<\/strong> H\u1ea1t thanh to\u00e1n cho ng\u01b0\u1eddi ch\u0103m lo \u0111\u00e1p \u1ee9ng nhu c\u1ea7u c\u1ee7a con qu\u00fd v\u1ecb, ch\u1eb3ng h\u1ea1n nh\u01b0 t\u1eafm, cho \u0103n v\u00e0 gi\u00e1m s\u00e1t \u0111\u1ec3 b\u1ea3o v\u1ec7.<span class=\"footnote_referrer\"><a role=\"button\" tabindex=\"0\" onclick=\"footnote_moveToReference_1138_1('footnote_plugin_reference_1138_1_2');\" onkeypress=\"footnote_moveToReference_1138_1('footnote_plugin_reference_1138_1_2');\" ><sup id=\"footnote_plugin_tooltip_1138_1_2\" class=\"footnote_plugin_tooltip_text\">[2]<\/sup><\/a><span id=\"footnote_plugin_tooltip_text_1138_1_2\" class=\"footnote_tooltip\">B\u1ed9 Lu\u1eadt Ph\u00fac L\u1ee3i v\u00e0 \u0110\u1ecbnh Ch\u1ebf m\u1ee5c 12300 v\u00e0 c\u00e1c m\u1ee5c sau.<\/span><\/span><script type=\"text\/javascript\"> jQuery('#footnote_plugin_tooltip_1138_1_2').tooltip({ tip: '#footnote_plugin_tooltip_text_1138_1_2', tipClass: 'footnote_tooltip', effect: 'fade', predelay: 0, fadeInSpeed: 200, delay: 400, fadeOutSpeed: 200, position: 'top center', relative: true, offset: [-7, 0], });<\/script> C\u00e1c nh\u00e2n vi\u00ean IHSS ch\u1ec9 l\u00e0m nh\u1eefng c\u00f4ng vi\u1ec7c \u0111\u01b0\u1ee3c li\u1ec7t k\u00ea trong b\u1ea3ng c\u00f4ng vi\u1ec7c IHSS. Qu\u00fd v\u1ecb ph\u1ea3i \u0111\u0103ng k\u00fd nh\u1eadn IHSS cho con qu\u00fd v\u1ecb. Con qu\u00fd v\u1ecb ph\u1ea3i \u0111\u00e1p \u1ee9ng m\u1ed9t s\u1ed1 y\u00eau c\u1ea7u \u0111\u1ec3 h\u1ed9i \u0111\u1ee7 \u0111i\u1ec1u ki\u1ec7n. V\u1edbi tr\u1ebb nh\u1eadn IHSS, h\u1ea1t th\u01b0\u1eddng x\u00e1c \u0111\u1ecbnh cha\/m\u1eb9 l\u00e0 nh\u00e0 cung c\u1ea5p IHSS th\u00edch h\u1ee3p nh\u1ea5t.<\/p>\n\n\n\n<p>Ch\u0103m S\u00f3c Gi\u00fap Ngh\u1ec9 Ng\u01a1i: Trung t\u00e2m khu v\u1ef1c thanh to\u00e1n cho d\u1ecbch v\u1ee5 ch\u0103m s\u00f3c t\u1ea1m th\u1eddi. D\u1ecbch v\u1ee5 n\u00e0y cho qu\u00fd v\u1ecb v\u00e0 c\u00e1c th\u00e0nh vi\u00ean kh\u00e1c trong gia \u0111\u00ecnh \u0111\u01b0\u1ee3c t\u1ea1m ngh\u1ec9 ch\u0103m s\u00f3c con qu\u00fd v\u1ecb. Qu\u00fd v\u1ecb g\u1eedi g\u1eafm con m\u00ecnh cho nh\u00e2n vi\u00ean ch\u0103m s\u00f3c t\u1ea1m th\u1eddi c\u00f3 tr\u00e1ch nhi\u1ec7m \u0111\u00e1p \u1ee9ng t\u1ea5t c\u1ea3 nhu c\u1ea7u c\u1ee7a con qu\u00fd v\u1ecb, kh\u00f4ng ch\u1ec9 \u1edf nh\u1eefng c\u00f4ng vi\u1ec7c \u0111\u01b0\u1ee3c li\u1ec7t k\u00ea trong b\u1ea3ng c\u00f4ng vi\u1ec7c.<\/p>\n\n\n\n<p>\u0110\u00f4i khi nh\u00e2n vi\u00ean ch\u0103m s\u00f3c t\u1ea1m th\u1eddi v\u00e0 nh\u00e2n vi\u00ean IHSS th\u1ef1c hi\u1ec7n nh\u1eefng c\u00f4ng vi\u1ec7c gi\u1ed1ng nhau. Trung t\u00e2m khu v\u1ef1c kh\u00f4ng th\u1ec3 thanh to\u00e1n cho c\u00e1c d\u1ecbch v\u1ee5 tr\u00f9ng l\u1eb7p v\u1edbi c\u00e1c d\u1ecbch v\u1ee5 do IHSS cung c\u1ea5p. Tuy nhi\u00ean, n\u1ebfu nhu c\u1ea7u c\u1ee7a tr\u1ebb \u0111\u1ed1i v\u1edbi m\u1ed9t d\u1ecbch v\u1ee5 c\u1ee7a IHSS cao h\u01a1n s\u1ed1 gi\u1edd IHSS cung c\u1ea5p d\u1ecbch v\u1ee5 \u0111\u00f3, trung t\u00e2m khu v\u1ef1c c\u00f3 th\u1ec3 thanh to\u00e1n cho c\u00e1c d\u1ecbch v\u1ee5 t\u0103ng th\u00eam.<span class=\"footnote_referrer\"><a role=\"button\" tabindex=\"0\" onclick=\"footnote_moveToReference_1138_1('footnote_plugin_reference_1138_1_3');\" onkeypress=\"footnote_moveToReference_1138_1('footnote_plugin_reference_1138_1_3');\" ><sup id=\"footnote_plugin_tooltip_1138_1_3\" class=\"footnote_plugin_tooltip_text\">[3]<\/sup><\/a><span id=\"footnote_plugin_tooltip_text_1138_1_3\" class=\"footnote_tooltip\">Timothy S. ki\u1ec7n Trung T\u00e2m Khu V\u1ef1c Frank D. Lanterma, OAH V\u1ee5 ki\u1ec7n s\u1ed1 2012050727, trang 49.<\/span><\/span><script type=\"text\/javascript\"> jQuery('#footnote_plugin_tooltip_1138_1_3').tooltip({ tip: '#footnote_plugin_tooltip_text_1138_1_3', tipClass: 'footnote_tooltip', effect: 'fade', predelay: 0, fadeInSpeed: 200, delay: 400, fadeOutSpeed: 200, position: 'top center', relative: true, offset: [-7, 0], });<\/script> V\u1edbi IHSS, ti\u1ec3u bang quy \u0111\u1ecbnh c\u00e1c d\u1ecbch v\u1ee5 c\u1ee7a trung t\u00e2m khu v\u1ef1c kh\u00f4ng th\u1ec3 \u0111\u01b0\u1ee3c ch\u01b0\u01a1ng tr\u00ecnh IHSS t\u00ednh l\u00e0 ngu\u1ed3n l\u1ef1c thay th\u1ebf cho m\u1ee5c \u0111\u00edch h\u1ed9i \u0111\u1ee7 \u0111i\u1ec1u ki\u1ec7n nh\u1eadn d\u1ecbch v\u1ee5 IHSS.<span class=\"footnote_referrer\"><a role=\"button\" tabindex=\"0\" onclick=\"footnote_moveToReference_1138_1('footnote_plugin_reference_1138_1_4');\" onkeypress=\"footnote_moveToReference_1138_1('footnote_plugin_reference_1138_1_4');\" ><sup id=\"footnote_plugin_tooltip_1138_1_4\" class=\"footnote_plugin_tooltip_text\">[4]<\/sup><\/a><span id=\"footnote_plugin_tooltip_text_1138_1_4\" class=\"footnote_tooltip\">Ch\u01b0\u01a1ng tr\u00ecnh IHSS kh\u00f4ng th\u1ec3 t\u00ednh c\u00e1c d\u1ecbch v\u1ee5 c\u1ee7a trung t\u00e2m khu v\u1ef1c l\u00e0 ngu\u1ed3n l\u1ef1c thay th\u1ebf. Xem C\u00f4ng V\u0103n To\u00e0n H\u1ea1t S\u1ed1 98-53 c\u1ee7a DSS.<\/span><\/span><script type=\"text\/javascript\"> jQuery('#footnote_plugin_tooltip_1138_1_4').tooltip({ tip: '#footnote_plugin_tooltip_text_1138_1_4', tipClass: 'footnote_tooltip', effect: 'fade', predelay: 0, fadeInSpeed: 200, delay: 400, fadeOutSpeed: 200, position: 'top center', relative: true, offset: [-7, 0], });<\/script><\/p>\n\n\n\n<p>N\u1ebfu trung t\u00e2m khu v\u1ef1c c\u1ee7a qu\u00fd v\u1ecb kh\u00f4ng cung c\u1ea5p d\u1ecbch v\u1ee5 ch\u0103m s\u00f3c t\u1ea1m th\u1eddi cho \u0111\u1ebfn khi con qu\u00fd v\u1ecb nh\u1eadn IHSS, h\u00e3y g\u1ecdi \u0111\u1ebfn Disability Rights California.<\/p>\n<div class=\"speaker-mute footnotes_reference_container\"> <div class=\"footnote_container_prepare\"><p><span role=\"button\" tabindex=\"0\" class=\"footnote_reference_container_label pointer\" onclick=\"footnote_expand_collapse_reference_container_1138_1();\">&#x202F;<\/span><span role=\"button\" tabindex=\"0\" class=\"footnote_reference_container_collapse_button\" style=\"display: none;\" onclick=\"footnote_expand_collapse_reference_container_1138_1();\">[<a id=\"footnote_reference_container_collapse_button_1138_1\">+<\/a>]<\/span><\/p><\/div> <div id=\"footnote_references_container_1138_1\" style=\"\"><table class=\"footnotes_table footnote-reference-container\"><caption class=\"accessibility\">References<\/caption> <tbody> \r\n\r\n<tr class=\"footnotes_plugin_reference_row\"> <th scope=\"row\" class=\"footnote_plugin_index_combi pointer\"  onclick=\"footnote_moveToAnchor_1138_1('footnote_plugin_tooltip_1138_1_1');\"><a id=\"footnote_plugin_reference_1138_1_1\" class=\"footnote_backlink\"><span class=\"footnote_index_arrow\">&#8593;<\/span>1<\/a><\/th> <td class=\"footnote_plugin_text\">M\u1ee5c 4648(a)(8).<\/td><\/tr>\r\n\r\n<tr class=\"footnotes_plugin_reference_row\"> <th scope=\"row\" class=\"footnote_plugin_index_combi pointer\"  onclick=\"footnote_moveToAnchor_1138_1('footnote_plugin_tooltip_1138_1_2');\"><a id=\"footnote_plugin_reference_1138_1_2\" class=\"footnote_backlink\"><span class=\"footnote_index_arrow\">&#8593;<\/span>2<\/a><\/th> <td class=\"footnote_plugin_text\">B\u1ed9 Lu\u1eadt Ph\u00fac L\u1ee3i v\u00e0 \u0110\u1ecbnh Ch\u1ebf m\u1ee5c 12300 v\u00e0 c\u00e1c m\u1ee5c sau.<\/td><\/tr>\r\n\r\n<tr class=\"footnotes_plugin_reference_row\"> <th scope=\"row\" class=\"footnote_plugin_index_combi pointer\"  onclick=\"footnote_moveToAnchor_1138_1('footnote_plugin_tooltip_1138_1_3');\"><a id=\"footnote_plugin_reference_1138_1_3\" class=\"footnote_backlink\"><span class=\"footnote_index_arrow\">&#8593;<\/span>3<\/a><\/th> <td class=\"footnote_plugin_text\">Timothy S. ki\u1ec7n Trung T\u00e2m Khu V\u1ef1c Frank D. Lanterma, OAH V\u1ee5 ki\u1ec7n s\u1ed1 2012050727, trang 49.<\/td><\/tr>\r\n\r\n<tr class=\"footnotes_plugin_reference_row\"> <th scope=\"row\" class=\"footnote_plugin_index_combi pointer\"  onclick=\"footnote_moveToAnchor_1138_1('footnote_plugin_tooltip_1138_1_4');\"><a id=\"footnote_plugin_reference_1138_1_4\" class=\"footnote_backlink\"><span class=\"footnote_index_arrow\">&#8593;<\/span>4<\/a><\/th> <td class=\"footnote_plugin_text\">Ch\u01b0\u01a1ng tr\u00ecnh IHSS kh\u00f4ng th\u1ec3 t\u00ednh c\u00e1c d\u1ecbch v\u1ee5 c\u1ee7a trung t\u00e2m khu v\u1ef1c l\u00e0 ngu\u1ed3n l\u1ef1c thay th\u1ebf. Xem C\u00f4ng V\u0103n To\u00e0n H\u1ea1t S\u1ed1 98-53 c\u1ee7a DSS.<\/td><\/tr>\r\n\r\n <\/tbody> <\/table> <\/div><\/div><script type=\"text\/javascript\"> function footnote_expand_reference_container_1138_1() { jQuery('#footnote_references_container_1138_1').show(); jQuery('#footnote_reference_container_collapse_button_1138_1').text('\u2212'); } function footnote_collapse_reference_container_1138_1() { jQuery('#footnote_references_container_1138_1').hide(); jQuery('#footnote_reference_container_collapse_button_1138_1').text('+'); } function footnote_expand_collapse_reference_container_1138_1() { if (jQuery('#footnote_references_container_1138_1').is(':hidden')) { footnote_expand_reference_container_1138_1(); } else { footnote_collapse_reference_container_1138_1(); } } function footnote_moveToReference_1138_1(p_str_TargetID) { footnote_expand_reference_container_1138_1(); var l_obj_Target = jQuery('#' + p_str_TargetID); if (l_obj_Target.length) { jQuery( 'html, body' ).delay( 0 ); jQuery('html, body').animate({ scrollTop: l_obj_Target.offset().top - window.innerHeight * 0.2 }, 380); } } function footnote_moveToAnchor_1138_1(p_str_TargetID) { footnote_expand_reference_container_1138_1(); var l_obj_Target = jQuery('#' + p_str_TargetID); if (l_obj_Target.length) { jQuery( 'html, body' ).delay( 0 ); jQuery('html, body').animate({ scrollTop: l_obj_Target.offset().top - window.innerHeight * 0.2 }, 380); } }<\/script>","protected":false},"excerpt":{"rendered":"<p>D\u1ecbch V\u1ee5 H\u1ed7 Tr\u1ee3 T\u1ea1i Nh\u00e0 (In Home Supportive Services, IHSS) l\u00e0 m\u1ed9t d\u1ecbch v\u1ee5 chung.[1]M\u1ee5c 4648(a)(8). C\u00e1c nh\u00e0 cung c\u1ea5p IHSS v\u00e0 nh\u00e0 cung&hellip;<\/p>\n","protected":false},"author":1,"featured_media":0,"parent":219,"menu_order":31,"comment_status":"closed","ping_status":"closed","template":"","meta":{"footnotes":""},"class_list":["post-1138","page","type-page","status-publish","hentry"],"_links":{"self":[{"href":"https:\/\/rula.disabilityrightsca.org\/vi\/wp-json\/wp\/v2\/pages\/1138","targetHints":{"allow":["GET"]}}],"collection":[{"href":"https:\/\/rula.disabilityrightsca.org\/vi\/wp-json\/wp\/v2\/pages"}],"about":[{"href":"https:\/\/rula.disabilityrightsca.org\/vi\/wp-json\/wp\/v2\/types\/page"}],"author":[{"embeddable":true,"href":"https:\/\/rula.disabilityrightsca.org\/vi\/wp-json\/wp\/v2\/users\/1"}],"replies":[{"embeddable":true,"href":"https:\/\/rula.disabilityrightsca.org\/vi\/wp-json\/wp\/v2\/comments?post=1138"}],"version-history":[{"count":3,"href":"https:\/\/rula.disabilityrightsca.org\/vi\/wp-json\/wp\/v2\/pages\/1138\/revisions"}],"predecessor-version":[{"id":3754,"href":"https:\/\/rula.disabilityrightsca.org\/vi\/wp-json\/wp\/v2\/pages\/1138\/revisions\/3754"}],"up":[{"embeddable":true,"href":"https:\/\/rula.disabilityrightsca.org\/vi\/wp-json\/wp\/v2\/pages\/219"}],"wp:attachment":[{"href":"https:\/\/rula.disabilityrightsca.org\/vi\/wp-json\/wp\/v2\/media?parent=1138"}],"curies":[{"name":"wp","href":"https:\/\/api.w.org\/{rel}","templated":true}]}}