{"id":1136,"date":"2021-05-13T20:48:26","date_gmt":"2021-05-13T20:48:26","guid":{"rendered":"http:\/\/www.rula.disabilityrightsca.org\/vi\/?page_id=1136"},"modified":"2023-07-21T20:58:46","modified_gmt":"2023-07-21T20:58:46","slug":"must-day-care-providers-make-reasonable-modifications-to-provide-care-for-children-with-developmental-disabilities","status":"publish","type":"page","link":"https:\/\/rula.disabilityrightsca.org\/vi\/rula-book\/chapter-6-keeping-the-family-together-services-and-supports-for-children\/must-day-care-providers-make-reasonable-modifications-to-provide-care-for-children-with-developmental-disabilities\/","title":{"rendered":"(6.30) Nh\u00e0 cung c\u1ea5p d\u1ecbch v\u1ee5 ch\u0103m s\u00f3c t\u1ea1m th\u1eddi c\u00f3 th\u1ec3 \u0111\u01b0\u1ee3c \u0111\u00e0o t\u1ea1o \u0111\u1ec3 gi\u1ea3i quy\u1ebft nhu c\u1ea7u y t\u1ebf \u0111\u1eb7c bi\u1ec7t c\u1ee7a m\u1ed9t ng\u01b0\u1eddi khuy\u1ebft t\u1eadt trong gi\u1edd d\u1ecbch v\u1ee5 ch\u0103m s\u00f3c t\u1ea1m th\u1eddi kh\u00f4ng?"},"content":{"rendered":"\n<p>N\u1ebfu h\u1ecd \u0111\u01b0\u1ee3c \u0111\u00e0o t\u1ea1o b\u1edfi chuy\u00ean gia ch\u0103m s\u00f3c s\u1ee9c kh\u1ecfe, nh\u00e2n vi\u00ean ch\u0103m s\u00f3c t\u1ea1m th\u1eddi t\u1ea1i nh\u00e0 c\u00f3 th\u1ec3 th\u1ef1c hi\u1ec7n c\u00e1c d\u1ecbch v\u1ee5 y t\u1ebf ph\u00e1t sinh, bao g\u1ed3m:<\/p>\n\n\n\n<ul class=\"wp-block-list\"><li>C\u00e1c d\u1ecbch v\u1ee5 m\u1edf th\u00f4ng ru\u1ed9t k\u1ebft v\u00e0 h\u1ed3i tr\u00e0ng: thay t\u00fai v\u00e0 v\u1ec7 sinh v\u1ecb tr\u00ed l\u1ed7 m\u1edf<\/li><li>C\u00e1c d\u1ecbch v\u1ee5 \u0111\u1eb7t \u1ed1ng th\u00f4ng n\u01b0\u1edbc ti\u1ec3u: \u0111\u1ed5 v\u00e0 thay t\u00fai, c\u0169ng nh\u01b0 ch\u0103m s\u00f3c v\u1ecb tr\u00ed \u1ed1ng th\u00f4ng<\/li><li>C\u00e1c d\u1ecbch v\u1ee5 m\u1edf th\u00f4ng d\u1ea1 d\u00e0y: nu\u00f4i \u0103n, cho u\u1ed1ng n\u01b0\u1edbc, v\u1ec7 sinh l\u1ed7 m\u1edf v\u00e0 th\u00eam thu\u1ed1c u\u1ed1ng h\u00e0ng ng\u00e0y theo y l\u1ec7nh c\u1ee7a chuy\u00ean gia ch\u0103m s\u00f3c s\u1ee9c kh\u1ecfe<\/li><\/ul>\n\n\n\n<p>Nh\u1eefng nh\u00e0 cung c\u1ea5p d\u1ecbch v\u1ee5 ch\u0103m s\u00f3c t\u1ea1m th\u1eddi n\u00e0y c\u0169ng ph\u1ea3i \u0111\u01b0\u1ee3c \u0111\u00e0o t\u1ea1o s\u01a1 c\u1ee9u v\u00e0 CPR (k\u1ef9 n\u0103ng h\u1ed3i s\u1ee9c tim ph\u1ed5i), c\u0169ng nh\u01b0 h\u1ecd ph\u1ea3i li\u00ean t\u1ee5c \u0111\u01b0\u1ee3c ch\u1ec9 d\u1ea1y v\u1ec1 c\u00e1c k\u1ef9 n\u0103ng n\u00e0y. Nh\u00e0 cung c\u1ea5p d\u1ecbch v\u1ee5 ch\u0103m s\u00f3c t\u1ea1m th\u1eddi th\u1ef1c hi\u1ec7n c\u00e1c d\u1ecbch v\u1ee5 y t\u1ebf ph\u00e1t sinh c\u00f3 th\u1ec3 nh\u1eadn kho\u1ea3n thanh to\u00e1n nhi\u1ec1u h\u01a1n m\u1ed9t ch\u00fat.<\/p>\n\n\n\n<p>Ngo\u00e0i ra, trung t\u00e2m khu v\u1ef1c c\u00f3 th\u1ec3 b\u1ed3i ho\u00e0n cho c\u00e1c c\u01a1 quan d\u1ecbch v\u1ee5 ch\u0103m s\u00f3c t\u1ea1m th\u1eddi \u0111\u1ed1i v\u1edbi ho\u1ea1t \u0111\u1ed9ng \u0111\u00e0o t\u1ea1o b\u1ed5 sung c\u1ea7n thi\u1ebft cho nh\u1eefng nh\u00e0 cung c\u1ea5p n\u00e0y.<span class=\"footnote_referrer\"><a role=\"button\" tabindex=\"0\" onclick=\"footnote_moveToReference_1136_1('footnote_plugin_reference_1136_1_1');\" onkeypress=\"footnote_moveToReference_1136_1('footnote_plugin_reference_1136_1_1');\" ><sup id=\"footnote_plugin_tooltip_1136_1_1\" class=\"footnote_plugin_tooltip_text\">[1]<\/sup><\/a><span id=\"footnote_plugin_tooltip_text_1136_1_1\" class=\"footnote_tooltip\">M\u1ee5c 4686.<\/span><\/span><script type=\"text\/javascript\"> jQuery('#footnote_plugin_tooltip_1136_1_1').tooltip({ tip: '#footnote_plugin_tooltip_text_1136_1_1', tipClass: 'footnote_tooltip', effect: 'fade', predelay: 0, fadeInSpeed: 200, delay: 400, fadeOutSpeed: 200, position: 'top center', relative: true, offset: [-7, 0], });<\/script><\/p>\n<div class=\"speaker-mute footnotes_reference_container\"> <div class=\"footnote_container_prepare\"><p><span role=\"button\" tabindex=\"0\" class=\"footnote_reference_container_label pointer\" onclick=\"footnote_expand_collapse_reference_container_1136_1();\">&#x202F;<\/span><span role=\"button\" tabindex=\"0\" class=\"footnote_reference_container_collapse_button\" style=\"display: none;\" onclick=\"footnote_expand_collapse_reference_container_1136_1();\">[<a id=\"footnote_reference_container_collapse_button_1136_1\">+<\/a>]<\/span><\/p><\/div> <div id=\"footnote_references_container_1136_1\" style=\"\"><table class=\"footnotes_table footnote-reference-container\"><caption class=\"accessibility\">References<\/caption> <tbody> \r\n\r\n<tr class=\"footnotes_plugin_reference_row\"> <th scope=\"row\" class=\"footnote_plugin_index_combi pointer\"  onclick=\"footnote_moveToAnchor_1136_1('footnote_plugin_tooltip_1136_1_1');\"><a id=\"footnote_plugin_reference_1136_1_1\" class=\"footnote_backlink\"><span class=\"footnote_index_arrow\">&#8593;<\/span>1<\/a><\/th> <td class=\"footnote_plugin_text\">M\u1ee5c 4686.<\/td><\/tr>\r\n\r\n <\/tbody> <\/table> <\/div><\/div><script type=\"text\/javascript\"> function footnote_expand_reference_container_1136_1() { jQuery('#footnote_references_container_1136_1').show(); jQuery('#footnote_reference_container_collapse_button_1136_1').text('\u2212'); } function footnote_collapse_reference_container_1136_1() { jQuery('#footnote_references_container_1136_1').hide(); jQuery('#footnote_reference_container_collapse_button_1136_1').text('+'); } function footnote_expand_collapse_reference_container_1136_1() { if (jQuery('#footnote_references_container_1136_1').is(':hidden')) { footnote_expand_reference_container_1136_1(); } else { footnote_collapse_reference_container_1136_1(); } } function footnote_moveToReference_1136_1(p_str_TargetID) { footnote_expand_reference_container_1136_1(); var l_obj_Target = jQuery('#' + p_str_TargetID); if (l_obj_Target.length) { jQuery( 'html, body' ).delay( 0 ); jQuery('html, body').animate({ scrollTop: l_obj_Target.offset().top - window.innerHeight * 0.2 }, 380); } } function footnote_moveToAnchor_1136_1(p_str_TargetID) { footnote_expand_reference_container_1136_1(); var l_obj_Target = jQuery('#' + p_str_TargetID); if (l_obj_Target.length) { jQuery( 'html, body' ).delay( 0 ); jQuery('html, body').animate({ scrollTop: l_obj_Target.offset().top - window.innerHeight * 0.2 }, 380); } }<\/script>","protected":false},"excerpt":{"rendered":"<p>N\u1ebfu h\u1ecd \u0111\u01b0\u1ee3c \u0111\u00e0o t\u1ea1o b\u1edfi chuy\u00ean gia ch\u0103m s\u00f3c s\u1ee9c kh\u1ecfe, nh\u00e2n vi\u00ean ch\u0103m s\u00f3c t\u1ea1m th\u1eddi t\u1ea1i nh\u00e0 c\u00f3 th\u1ec3 th\u1ef1c hi\u1ec7n c\u00e1c&hellip;<\/p>\n","protected":false},"author":1,"featured_media":0,"parent":219,"menu_order":30,"comment_status":"closed","ping_status":"closed","template":"","meta":{"footnotes":""},"class_list":["post-1136","page","type-page","status-publish","hentry"],"_links":{"self":[{"href":"https:\/\/rula.disabilityrightsca.org\/vi\/wp-json\/wp\/v2\/pages\/1136","targetHints":{"allow":["GET"]}}],"collection":[{"href":"https:\/\/rula.disabilityrightsca.org\/vi\/wp-json\/wp\/v2\/pages"}],"about":[{"href":"https:\/\/rula.disabilityrightsca.org\/vi\/wp-json\/wp\/v2\/types\/page"}],"author":[{"embeddable":true,"href":"https:\/\/rula.disabilityrightsca.org\/vi\/wp-json\/wp\/v2\/users\/1"}],"replies":[{"embeddable":true,"href":"https:\/\/rula.disabilityrightsca.org\/vi\/wp-json\/wp\/v2\/comments?post=1136"}],"version-history":[{"count":3,"href":"https:\/\/rula.disabilityrightsca.org\/vi\/wp-json\/wp\/v2\/pages\/1136\/revisions"}],"predecessor-version":[{"id":3753,"href":"https:\/\/rula.disabilityrightsca.org\/vi\/wp-json\/wp\/v2\/pages\/1136\/revisions\/3753"}],"up":[{"embeddable":true,"href":"https:\/\/rula.disabilityrightsca.org\/vi\/wp-json\/wp\/v2\/pages\/219"}],"wp:attachment":[{"href":"https:\/\/rula.disabilityrightsca.org\/vi\/wp-json\/wp\/v2\/media?parent=1136"}],"curies":[{"name":"wp","href":"https:\/\/api.w.org\/{rel}","templated":true}]}}