{"id":1130,"date":"2021-05-13T20:41:44","date_gmt":"2021-05-13T20:41:44","guid":{"rendered":"http:\/\/www.rula.disabilityrightsca.org\/vi\/?page_id=1130"},"modified":"2023-07-21T20:57:28","modified_gmt":"2023-07-21T20:57:28","slug":"can-a-regional-center-or-another-agency-help-pay-for-the-costs-of-daycare-for-a-child-with-a-developmental-disability","status":"publish","type":"page","link":"https:\/\/rula.disabilityrightsca.org\/vi\/rula-book\/chapter-6-keeping-the-family-together-services-and-supports-for-children\/can-a-regional-center-or-another-agency-help-pay-for-the-costs-of-daycare-for-a-child-with-a-developmental-disability\/","title":{"rendered":"(6.29) L\u00e0m th\u1ebf n\u00e0o \u0111\u1ec3 m\u1ed9t th\u00e0nh vi\u00ean gia \u0111\u00ecnh c\u00f3 th\u1ec3 tr\u1edf th\u00e0nh B\u00ean Cung C\u1ea5p L\u00e0 Th\u00e0nh Vi\u00ean Gia \u0110\u00ecnh c\u1ee7a trung t\u00e2m khu v\u1ef1c cho c\u00e1c d\u1ecbch v\u1ee5 ch\u0103m s\u00f3c t\u1ea1m th\u1eddi?"},"content":{"rendered":"\n<ul class=\"wp-block-list\"><li>\u0110\u1ec3 tr\u1edf th\u00e0nh b\u00ean cung c\u1ea5p l\u00e0 th\u00e0nh vi\u00ean gia \u0111\u00ecnh, qu\u00fd v\u1ecb ph\u1ea3i:<\/li><li>L\u00e0 m\u1ed9t th\u00e0nh vi\u00ean gia \u0111\u00ecnh<\/li><li>Kh\u00f4ng t\u1ef1 l\u00e0m nh\u00e0 cung c\u1ea5p tr\u1ef1c ti\u1ebfp c\u00e1c d\u1ecbch v\u1ee5 ch\u0103m s\u00f3c t\u1ea1m th\u1eddi<\/li><li>\u0110\u1ea3m b\u1ea3o m\u1ecdi nh\u00e2n vi\u00ean ch\u0103m s\u00f3c t\u1ea1m th\u1eddi qu\u00fd v\u1ecb thu\u00ea \u0111\u1ec1u \u0111\u1ee7 18 tu\u1ed5i, tr\u1eeb khi h\u1ecd hi\u1ec7n \u0111ang cung c\u1ea5p d\u1ecbch v\u1ee5 ch\u0103m s\u00f3c t\u1ea1m th\u1eddi v\u00e0 trong v\u00f2ng 90 ng\u00e0y k\u1ec3 t\u1eeb khi b\u01b0\u1edbc sang tu\u1ed5i 18<\/li><li>\u0110\u1ea3m b\u1ea3o m\u1ecdi nh\u00e2n vi\u00ean ch\u0103m s\u00f3c t\u1ea1m th\u1eddi qu\u00fd v\u1ecb thu\u00ea c\u00f3 c\u00e1c k\u1ef9 n\u0103ng, \u0111\u00e0o t\u1ea1o ho\u1eb7c h\u1ecdc v\u1ea5n c\u1ea7n thi\u1ebft \u0111\u1ec3 cung c\u1ea5p d\u1ecbch v\u1ee5 ch\u0103m s\u00f3c t\u1ea1m th\u1eddi cho con qu\u00fd v\u1ecb, bi\u1ebft r\u00f5 nhu c\u1ea7u h\u00e0ng ng\u00e0y c\u1ee7a con qu\u00fd v\u1ecb v\u00e0 \u0111\u01b0\u1ee3c \u0111\u00e0o t\u1ea1o v\u1ec1 h\u1ed7 tr\u1ee3 \u0111\u1eb7c bi\u1ec7t c\u1ea7n thi\u1ebft<span class=\"footnote_referrer\"><a role=\"button\" tabindex=\"0\" onclick=\"footnote_moveToReference_1130_1('footnote_plugin_reference_1130_1_1');\" onkeypress=\"footnote_moveToReference_1130_1('footnote_plugin_reference_1130_1_1');\" ><sup id=\"footnote_plugin_tooltip_1130_1_1\" class=\"footnote_plugin_tooltip_text\">[1]<\/sup><\/a><span id=\"footnote_plugin_tooltip_text_1130_1_1\" class=\"footnote_tooltip\">Ti\u00eau \u0110\u1ec1 17 B\u1ed9 Lu\u1eadt C\u00e1c Quy \u0110\u1ecbnh California m\u1ee5c 54355(g)(4).<\/span><\/span><script type=\"text\/javascript\"> jQuery('#footnote_plugin_tooltip_1130_1_1').tooltip({ tip: '#footnote_plugin_tooltip_text_1130_1_1', tipClass: 'footnote_tooltip', effect: 'fade', predelay: 0, fadeInSpeed: 200, delay: 400, fadeOutSpeed: 200, position: 'top center', relative: true, offset: [-7, 0], });<\/script><\/li><li>Ho\u00e0n th\u00e0nh Th\u1ecfa Thu\u1eadn Nh\u00e0 Cung C\u1ea5p D\u1ecbch V\u1ee5 T\u1ea1i Gia v\u00e0 C\u1ed9ng \u0110\u1ed3ng<span class=\"footnote_referrer\"><a role=\"button\" tabindex=\"0\" onclick=\"footnote_moveToReference_1130_1('footnote_plugin_reference_1130_1_2');\" onkeypress=\"footnote_moveToReference_1130_1('footnote_plugin_reference_1130_1_2');\" ><sup id=\"footnote_plugin_tooltip_1130_1_2\" class=\"footnote_plugin_tooltip_text\">[2]<\/sup><\/a><span id=\"footnote_plugin_tooltip_text_1130_1_2\" class=\"footnote_tooltip\">Ti\u00eau \u0110\u1ec1 17 B\u1ed9 Lu\u1eadt C\u00e1c Quy \u0110\u1ecbnh California m\u1ee5c 54310(g).<\/span><\/span><script type=\"text\/javascript\"> jQuery('#footnote_plugin_tooltip_1130_1_2').tooltip({ tip: '#footnote_plugin_tooltip_text_1130_1_2', tipClass: 'footnote_tooltip', effect: 'fade', predelay: 0, fadeInSpeed: 200, delay: 400, fadeOutSpeed: 200, position: 'top center', relative: true, offset: [-7, 0], });<\/script><\/li><li>S\u1eed d\u1ee5ng M\u1eabu \u0110\u01a1n Thanh To\u00e1n D\u1ecbch V\u1ee5 Ch\u0103m S\u00f3c T\u1ea1m Th\u1eddi DS 1811 \u0111\u1ec3 g\u1eedi y\u00eau c\u1ea7u kho\u1ea3n b\u1ed3i ho\u00e0n.<span class=\"footnote_referrer\"><a role=\"button\" tabindex=\"0\" onclick=\"footnote_moveToReference_1130_1('footnote_plugin_reference_1130_1_3');\" onkeypress=\"footnote_moveToReference_1130_1('footnote_plugin_reference_1130_1_3');\" ><sup id=\"footnote_plugin_tooltip_1130_1_3\" class=\"footnote_plugin_tooltip_text\">[3]<\/sup><\/a><span id=\"footnote_plugin_tooltip_text_1130_1_3\" class=\"footnote_tooltip\">Ti\u00eau \u0110\u1ec1 17 B\u1ed9 Lu\u1eadt C\u00e1c Quy \u0110\u1ecbnh California m\u1ee5c 54355(b)(4).<\/span><\/span><script type=\"text\/javascript\"> jQuery('#footnote_plugin_tooltip_1130_1_3').tooltip({ tip: '#footnote_plugin_tooltip_text_1130_1_3', tipClass: 'footnote_tooltip', effect: 'fade', predelay: 0, fadeInSpeed: 200, delay: 400, fadeOutSpeed: 200, position: 'top center', relative: true, offset: [-7, 0], });<\/script> Qu\u00fd v\u1ecb (v\u1edbi t\u01b0 c\u00e1ch b\u00ean cung c\u1ea5p l\u00e0 th\u00e0nh vi\u00ean gia \u0111\u00ecnh) v\u00e0 nh\u00e2n vi\u00ean ch\u0103m s\u00f3c t\u1ea1m th\u1eddi ph\u1ea3i k\u00fd v\u00e0o m\u1eabu \u0111\u01a1n n\u00e0y<\/li><li>L\u01b0u gi\u1eef c\u00e1c h\u1ed3 s\u01a1, bao g\u1ed3m:<ul><li>ng\u00e0y v\u00e0 th\u1eddi gian c\u1ee7a d\u1ecbch v\u1ee5 ch\u0103m s\u00f3c t\u1ea1m th\u1eddi (th\u1eddi gian b\u1eaft \u0111\u1ea7u v\u00e0 k\u1ebft th\u00fac)<\/li><\/ul><ul><li>\u0111\u1ecba ch\u1ec9 cung c\u1ea5p d\u1ecbch v\u1ee5 v\u00e0<\/li><\/ul><ul><li>ng\u00e0y th\u00e1ng n\u0103m sinh, s\u1ed1 an sinh x\u00e3 h\u1ed9i,<span class=\"footnote_referrer\"><a role=\"button\" tabindex=\"0\" onclick=\"footnote_moveToReference_1130_1('footnote_plugin_reference_1130_1_4');\" onkeypress=\"footnote_moveToReference_1130_1('footnote_plugin_reference_1130_1_4');\" ><sup id=\"footnote_plugin_tooltip_1130_1_4\" class=\"footnote_plugin_tooltip_text\">[4]<\/sup><\/a><span id=\"footnote_plugin_tooltip_text_1130_1_4\" class=\"footnote_tooltip\">N\u1ebfu nh\u00e2n vi\u00ean ch\u0103m s\u00f3c kh\u00f4ng c\u00f3 s\u1ed1 an sinh x\u00e3 h\u1ed9i, b\u00ean cung c\u1ea5p c\u00f3 th\u1ec3 ch\u1ea5p nh\u1eadn b\u1ea3n sao c\u1ee7a b\u1ea5t k\u1ef3 t\u00e0i li\u1ec7u n\u00e0o \u0111\u01b0\u1ee3c ch\u00ednh quy\u1ec1n li\u00ean bang ch\u1ea5p nh\u1eadn&nbsp;&#x2026; <span class=\"footnote_tooltip_continue\"  onclick=\"footnote_moveToReference_1130_1('footnote_plugin_reference_1130_1_4');\">Continue reading<\/span><\/span><\/span><script type=\"text\/javascript\"> jQuery('#footnote_plugin_tooltip_1130_1_4').tooltip({ tip: '#footnote_plugin_tooltip_text_1130_1_4', tipClass: 'footnote_tooltip', effect: 'fade', predelay: 0, fadeInSpeed: 200, delay: 400, fadeOutSpeed: 200, position: 'top center', relative: true, offset: [-7, 0], });<\/script> \u0111\u1ecba ch\u1ec9 v\u00e0 s\u1ed1 \u0111i\u1ec7n tho\u1ea1i c\u1ee7a nh\u00e2n vi\u00ean ch\u0103m s\u00f3c t\u1ea1m th\u1eddi<span class=\"footnote_referrer\"><a role=\"button\" tabindex=\"0\" onclick=\"footnote_moveToReference_1130_1('footnote_plugin_reference_1130_1_5');\" onkeypress=\"footnote_moveToReference_1130_1('footnote_plugin_reference_1130_1_5');\" ><sup id=\"footnote_plugin_tooltip_1130_1_5\" class=\"footnote_plugin_tooltip_text\">[5]<\/sup><\/a><span id=\"footnote_plugin_tooltip_text_1130_1_5\" class=\"footnote_tooltip\">Ti\u00eau \u0110\u1ec1 17 B\u1ed9 Lu\u1eadt C\u00e1c Quy \u0110\u1ecbnh California m\u1ee5c 50604(d)(3)(D)&amp;(E).<\/span><\/span><script type=\"text\/javascript\"> jQuery('#footnote_plugin_tooltip_1130_1_5').tooltip({ tip: '#footnote_plugin_tooltip_text_1130_1_5', tipClass: 'footnote_tooltip', effect: 'fade', predelay: 0, fadeInSpeed: 200, delay: 400, fadeOutSpeed: 200, position: 'top center', relative: true, offset: [-7, 0], });<\/script> (v\u00e0 tr\u00ean c\u1ea3 M\u1eabu \u0111\u01a1n thanh to\u00e1n DS 1811).<\/li><\/ul><\/li><li>L\u01b0u gi\u1eef c\u00e1c h\u1ed3 s\u01a1 v\u1ec1 d\u1ecbch v\u1ee5 ch\u0103m s\u00f3c t\u1ea1m th\u1eddi trong n\u0103m n\u0103m.<span class=\"footnote_referrer\"><a role=\"button\" tabindex=\"0\" onclick=\"footnote_moveToReference_1130_1('footnote_plugin_reference_1130_1_6');\" onkeypress=\"footnote_moveToReference_1130_1('footnote_plugin_reference_1130_1_6');\" ><sup id=\"footnote_plugin_tooltip_1130_1_6\" class=\"footnote_plugin_tooltip_text\">[6]<\/sup><\/a><span id=\"footnote_plugin_tooltip_text_1130_1_6\" class=\"footnote_tooltip\">Ti\u00eau \u0110\u1ec1 17 B\u1ed9 Lu\u1eadt C\u00e1c Quy \u0110\u1ecbnh California m\u1ee5c 54355(b)(3).<\/span><\/span><script type=\"text\/javascript\"> jQuery('#footnote_plugin_tooltip_1130_1_6').tooltip({ tip: '#footnote_plugin_tooltip_text_1130_1_6', tipClass: 'footnote_tooltip', effect: 'fade', predelay: 0, fadeInSpeed: 200, delay: 400, fadeOutSpeed: 200, position: 'top center', relative: true, offset: [-7, 0], });<\/script> Trung t\u00e2m khu v\u1ef1c c\u00f3 th\u1ec3 ki\u1ec3m tra b\u00ean cung c\u1ea5p l\u00e0 th\u00e0nh vi\u00ean gia \u0111\u00ecnh. N\u1ebfu qu\u00fd v\u1ecb kh\u00f4ng c\u00f3 c\u00e1c h\u1ed3 s\u01a1 c\u1ea7n thi\u1ebft, qu\u00fd v\u1ecb c\u00f3 th\u1ec3 ph\u1ea3i thanh to\u00e1n l\u1ea1i cho trung t\u00e2m khu v\u1ef1c.<\/li><\/ul>\n<div class=\"speaker-mute footnotes_reference_container\"> <div class=\"footnote_container_prepare\"><p><span role=\"button\" tabindex=\"0\" class=\"footnote_reference_container_label pointer\" onclick=\"footnote_expand_collapse_reference_container_1130_1();\">&#x202F;<\/span><span role=\"button\" tabindex=\"0\" class=\"footnote_reference_container_collapse_button\" style=\"display: none;\" onclick=\"footnote_expand_collapse_reference_container_1130_1();\">[<a id=\"footnote_reference_container_collapse_button_1130_1\">+<\/a>]<\/span><\/p><\/div> <div id=\"footnote_references_container_1130_1\" style=\"\"><table class=\"footnotes_table footnote-reference-container\"><caption class=\"accessibility\">References<\/caption> <tbody> \r\n\r\n<tr class=\"footnotes_plugin_reference_row\"> <th scope=\"row\" class=\"footnote_plugin_index_combi pointer\"  onclick=\"footnote_moveToAnchor_1130_1('footnote_plugin_tooltip_1130_1_1');\"><a id=\"footnote_plugin_reference_1130_1_1\" class=\"footnote_backlink\"><span class=\"footnote_index_arrow\">&#8593;<\/span>1<\/a><\/th> <td class=\"footnote_plugin_text\">Ti\u00eau \u0110\u1ec1 17 B\u1ed9 Lu\u1eadt C\u00e1c Quy \u0110\u1ecbnh California m\u1ee5c 54355(g)(4).<\/td><\/tr>\r\n\r\n<tr class=\"footnotes_plugin_reference_row\"> <th scope=\"row\" class=\"footnote_plugin_index_combi pointer\"  onclick=\"footnote_moveToAnchor_1130_1('footnote_plugin_tooltip_1130_1_2');\"><a id=\"footnote_plugin_reference_1130_1_2\" class=\"footnote_backlink\"><span class=\"footnote_index_arrow\">&#8593;<\/span>2<\/a><\/th> <td class=\"footnote_plugin_text\">Ti\u00eau \u0110\u1ec1 17 B\u1ed9 Lu\u1eadt C\u00e1c Quy \u0110\u1ecbnh California m\u1ee5c 54310(g).<\/td><\/tr>\r\n\r\n<tr class=\"footnotes_plugin_reference_row\"> <th scope=\"row\" class=\"footnote_plugin_index_combi pointer\"  onclick=\"footnote_moveToAnchor_1130_1('footnote_plugin_tooltip_1130_1_3');\"><a id=\"footnote_plugin_reference_1130_1_3\" class=\"footnote_backlink\"><span class=\"footnote_index_arrow\">&#8593;<\/span>3<\/a><\/th> <td class=\"footnote_plugin_text\">Ti\u00eau \u0110\u1ec1 17 B\u1ed9 Lu\u1eadt C\u00e1c Quy \u0110\u1ecbnh California m\u1ee5c 54355(b)(4).<\/td><\/tr>\r\n\r\n<tr class=\"footnotes_plugin_reference_row\"> <th scope=\"row\" class=\"footnote_plugin_index_combi pointer\"  onclick=\"footnote_moveToAnchor_1130_1('footnote_plugin_tooltip_1130_1_4');\"><a id=\"footnote_plugin_reference_1130_1_4\" class=\"footnote_backlink\"><span class=\"footnote_index_arrow\">&#8593;<\/span>4<\/a><\/th> <td class=\"footnote_plugin_text\">N\u1ebfu nh\u00e2n vi\u00ean ch\u0103m s\u00f3c kh\u00f4ng c\u00f3 s\u1ed1 an sinh x\u00e3 h\u1ed9i, b\u00ean cung c\u1ea5p c\u00f3 th\u1ec3 ch\u1ea5p nh\u1eadn b\u1ea3n sao c\u1ee7a b\u1ea5t k\u1ef3 t\u00e0i li\u1ec7u n\u00e0o \u0111\u01b0\u1ee3c ch\u00ednh quy\u1ec1n li\u00ean bang ch\u1ea5p nh\u1eadn \u0111\u1ec3 ch\u1ee9ng minh danh t\u00ednh v\u00e0 kh\u1ea3 n\u0103ng h\u1ed9i \u0111\u1ee7 \u0111i\u1ec1u ki\u1ec7n l\u00e0m vi\u1ec7c. B\u00ean cung c\u1ea5p l\u00e0 th\u00e0nh vi\u00ean gia \u0111\u00ecnh ph\u1ea3i \u0111\u1ed1i chi\u1ebfu b\u1ea3n sao v\u1edbi b\u1ea3n ch\u00ednh. Nh\u00e2n vi\u00ean ch\u0103m s\u00f3c c\u0169ng ph\u1ea3i cam \u0111oan b\u1ea3n sao l\u00e0 \u0111\u00fang v\u00e0 ch\u00ednh x\u00e1c, cam k\u1ebft ch\u1ecbu h\u00ecnh ph\u1ea1t v\u1ec1 t\u1ed9i khai man.<\/td><\/tr>\r\n\r\n<tr class=\"footnotes_plugin_reference_row\"> <th scope=\"row\" class=\"footnote_plugin_index_combi pointer\"  onclick=\"footnote_moveToAnchor_1130_1('footnote_plugin_tooltip_1130_1_5');\"><a id=\"footnote_plugin_reference_1130_1_5\" class=\"footnote_backlink\"><span class=\"footnote_index_arrow\">&#8593;<\/span>5<\/a><\/th> <td class=\"footnote_plugin_text\">Ti\u00eau \u0110\u1ec1 17 B\u1ed9 Lu\u1eadt C\u00e1c Quy \u0110\u1ecbnh California m\u1ee5c 50604(d)(3)(D)&amp;(E).<\/td><\/tr>\r\n\r\n<tr class=\"footnotes_plugin_reference_row\"> <th scope=\"row\" class=\"footnote_plugin_index_combi pointer\"  onclick=\"footnote_moveToAnchor_1130_1('footnote_plugin_tooltip_1130_1_6');\"><a id=\"footnote_plugin_reference_1130_1_6\" class=\"footnote_backlink\"><span class=\"footnote_index_arrow\">&#8593;<\/span>6<\/a><\/th> <td class=\"footnote_plugin_text\">Ti\u00eau \u0110\u1ec1 17 B\u1ed9 Lu\u1eadt C\u00e1c Quy \u0110\u1ecbnh California m\u1ee5c 54355(b)(3).<\/td><\/tr>\r\n\r\n <\/tbody> <\/table> <\/div><\/div><script type=\"text\/javascript\"> function footnote_expand_reference_container_1130_1() { jQuery('#footnote_references_container_1130_1').show(); jQuery('#footnote_reference_container_collapse_button_1130_1').text('\u2212'); } function footnote_collapse_reference_container_1130_1() { jQuery('#footnote_references_container_1130_1').hide(); jQuery('#footnote_reference_container_collapse_button_1130_1').text('+'); } function footnote_expand_collapse_reference_container_1130_1() { if (jQuery('#footnote_references_container_1130_1').is(':hidden')) { footnote_expand_reference_container_1130_1(); } else { footnote_collapse_reference_container_1130_1(); } } function footnote_moveToReference_1130_1(p_str_TargetID) { footnote_expand_reference_container_1130_1(); var l_obj_Target = jQuery('#' + p_str_TargetID); if (l_obj_Target.length) { jQuery( 'html, body' ).delay( 0 ); jQuery('html, body').animate({ scrollTop: l_obj_Target.offset().top - window.innerHeight * 0.2 }, 380); } } function footnote_moveToAnchor_1130_1(p_str_TargetID) { footnote_expand_reference_container_1130_1(); var l_obj_Target = jQuery('#' + p_str_TargetID); if (l_obj_Target.length) { jQuery( 'html, body' ).delay( 0 ); jQuery('html, body').animate({ scrollTop: l_obj_Target.offset().top - window.innerHeight * 0.2 }, 380); } }<\/script>","protected":false},"excerpt":{"rendered":"<p>\u0110\u1ec3 tr\u1edf th\u00e0nh b\u00ean cung c\u1ea5p l\u00e0 th\u00e0nh vi\u00ean gia \u0111\u00ecnh, qu\u00fd v\u1ecb ph\u1ea3i: L\u00e0 m\u1ed9t th\u00e0nh vi\u00ean gia \u0111\u00ecnh Kh\u00f4ng t\u1ef1 l\u00e0m nh\u00e0 cung&hellip;<\/p>\n","protected":false},"author":1,"featured_media":0,"parent":219,"menu_order":29,"comment_status":"closed","ping_status":"closed","template":"","meta":{"footnotes":""},"class_list":["post-1130","page","type-page","status-publish","hentry"],"_links":{"self":[{"href":"https:\/\/rula.disabilityrightsca.org\/vi\/wp-json\/wp\/v2\/pages\/1130","targetHints":{"allow":["GET"]}}],"collection":[{"href":"https:\/\/rula.disabilityrightsca.org\/vi\/wp-json\/wp\/v2\/pages"}],"about":[{"href":"https:\/\/rula.disabilityrightsca.org\/vi\/wp-json\/wp\/v2\/types\/page"}],"author":[{"embeddable":true,"href":"https:\/\/rula.disabilityrightsca.org\/vi\/wp-json\/wp\/v2\/users\/1"}],"replies":[{"embeddable":true,"href":"https:\/\/rula.disabilityrightsca.org\/vi\/wp-json\/wp\/v2\/comments?post=1130"}],"version-history":[{"count":6,"href":"https:\/\/rula.disabilityrightsca.org\/vi\/wp-json\/wp\/v2\/pages\/1130\/revisions"}],"predecessor-version":[{"id":3752,"href":"https:\/\/rula.disabilityrightsca.org\/vi\/wp-json\/wp\/v2\/pages\/1130\/revisions\/3752"}],"up":[{"embeddable":true,"href":"https:\/\/rula.disabilityrightsca.org\/vi\/wp-json\/wp\/v2\/pages\/219"}],"wp:attachment":[{"href":"https:\/\/rula.disabilityrightsca.org\/vi\/wp-json\/wp\/v2\/media?parent=1130"}],"curies":[{"name":"wp","href":"https:\/\/api.w.org\/{rel}","templated":true}]}}