{"id":1128,"date":"2021-05-13T20:40:06","date_gmt":"2021-05-13T20:40:06","guid":{"rendered":"http:\/\/www.rula.disabilityrightsca.org\/vi\/?page_id=1128"},"modified":"2023-07-21T20:56:27","modified_gmt":"2023-07-21T20:56:27","slug":"are-respite-and-daycare-the-same-service","status":"publish","type":"page","link":"https:\/\/rula.disabilityrightsca.org\/vi\/rula-book\/chapter-6-keeping-the-family-together-services-and-supports-for-children\/are-respite-and-daycare-the-same-service\/","title":{"rendered":"(6.28) T\u00f4i ch\u1ecdn nh\u00e2n vi\u00ean ch\u0103m s\u00f3c t\u1ea1m th\u1eddi b\u1eb1ng c\u00e1ch n\u00e0o?"},"content":{"rendered":"\n<p>N\u1ebfu qu\u00fd v\u1ecb kh\u00f4ng c\u00f3 c\u00e2n nh\u1eafc v\u1ec1 m\u1ed9t ho\u1eb7c nhi\u1ec1u \u1ee9ng vi\u00ean cung c\u1ea5p d\u1ecbch v\u1ee5 ch\u0103m s\u00f3c t\u1ea1m th\u1eddi, trung t\u00e2m khu v\u1ef1c th\u01b0\u1eddng c\u00f3 danh s\u00e1ch c\u00e1c \u201cb\u00ean cung c\u1ea5p\u201d l\u00e0 c\u01a1 quan ch\u0103m s\u00f3c t\u1ea1m th\u1eddi \u0111\u01b0\u1ee3c ph\u00ea duy\u1ec7t. C\u00e1c c\u01a1 quan n\u00e0y tuy\u1ec3n d\u1ee5ng, \u0111\u00e0o t\u1ea1o v\u00e0 gi\u00e1m s\u00e1t nh\u00e2n vi\u00ean ch\u0103m s\u00f3c t\u1ea1m th\u1eddi \u0111\u1ec3 cung c\u1ea5p c\u00e1c d\u1ecbch v\u1ee5 n\u00e0y cho gia \u0111\u00ecnh. Qu\u00fd v\u1ecb ho\u1eb7c m\u1ed9t th\u00e0nh vi\u00ean kh\u00e1c c\u00f3 th\u1ec3 tr\u1edf th\u00e0nh \u201cb\u00ean cung c\u1ea5p\u201d c\u1ee7a trung t\u00e2m khu v\u1ef1c, t\u1eeb \u0111\u00f3 qu\u00fd v\u1ecb c\u00f3 th\u1ec3 thu\u00ea m\u1ed9t nh\u00e2n vi\u00ean ch\u0103m s\u00f3c t\u1ea1m th\u1eddi. \u0110\u1ec3 l\u00e0m \u0111i\u1ec1u n\u00e0y, qu\u00fd v\u1ecb ph\u1ea3i nh\u1eadn \u201cphi\u1ebfu mua h\u00e0ng\u201d t\u1eeb trung t\u00e2m khu v\u1ef1c. Sau \u0111\u00f3, qu\u00fd v\u1ecb c\u00f3 th\u1ec3 thu\u00ea ng\u01b0\u1eddi v\u00e0 g\u1eedi h\u00f3a \u0111\u01a1n cho trung t\u00e2m khu v\u1ef1c. N\u1ebfu qu\u00fd v\u1ecb thu\u00ea nh\u00e2n vi\u00ean ch\u0103m s\u00f3c t\u1ea1m th\u1eddi, qu\u00fd v\u1ecb ph\u1ea3i \u0111\u00e0o t\u1ea1o, gi\u00e1m s\u00e1t v\u00e0 thanh to\u00e1n cho h\u1ecd qua nh\u00e0 cung c\u1ea5p D\u1ecbch V\u1ee5 Qu\u1ea3n L\u00fd T\u00e0i Ch\u00ednh (Financial Management Service, FMS).<span class=\"footnote_referrer\"><a role=\"button\" tabindex=\"0\" onclick=\"footnote_moveToReference_1128_1('footnote_plugin_reference_1128_1_1');\" onkeypress=\"footnote_moveToReference_1128_1('footnote_plugin_reference_1128_1_1');\" ><sup id=\"footnote_plugin_tooltip_1128_1_1\" class=\"footnote_plugin_tooltip_text\">[1]<\/sup><\/a><span id=\"footnote_plugin_tooltip_text_1128_1_1\" class=\"footnote_tooltip\">C\u00e1c M\u1ee5c 4685.7, 4685.8 v\u00e0 4688.21.<\/span><\/span><script type=\"text\/javascript\"> jQuery('#footnote_plugin_tooltip_1128_1_1').tooltip({ tip: '#footnote_plugin_tooltip_text_1128_1_1', tipClass: 'footnote_tooltip', effect: 'fade', predelay: 0, fadeInSpeed: 200, delay: 400, fadeOutSpeed: 200, position: 'top center', relative: true, offset: [-7, 0], });<\/script> FMS v\u00e0 qu\u00fd v\u1ecb \u0111\u1ec1u l\u00e0 ch\u1ee7 lao \u0111\u1ed9ng c\u1ee7a nh\u00e2n vi\u00ean ch\u0103m s\u00f3c t\u1ea1m th\u1eddi m\u00e0 qu\u00fd v\u1ecb thu\u00ea. Trung t\u00e2m khu v\u1ef1c c\u00f3 th\u1ec3 cung c\u1ea5p cho qu\u00fd v\u1ecb th\u00f4ng tin v\u1ec1 c\u00e1c nh\u00e0 cung c\u1ea5p FMS trong khu v\u1ef1c c\u1ee7a qu\u00fd v\u1ecb.<\/p>\n\n\n\n<p>Th\u01b0\u1eddng th\u00ec b\u00ean cung c\u1ea5p c\u1ee7a trung t\u00e2m khu v\u1ef1c c\u00f3 th\u1ec3 thu\u00ea nh\u00e2n vi\u00ean ch\u0103m s\u00f3c t\u1ea1m th\u1eddi m\u00e0 qu\u00fd v\u1ecb ch\u1ecdn cho con qu\u00fd v\u1ecb. B\u1eb1ng c\u00e1ch n\u00e0y, con qu\u00fd v\u1ecb nh\u1eadn c\u00e1c d\u1ecbch v\u1ee5 ch\u0103m s\u00f3c t\u1ea1m th\u1eddi t\u1eeb ng\u01b0\u1eddi khi\u1ebfn qu\u00fd v\u1ecb c\u1ea3m th\u1ea5y tho\u1ea3i m\u00e1i v\u00e0 b\u00ean cung c\u1ea5p n\u00e0y x\u1eed l\u00fd t\u1ea5t c\u1ea3 chi ti\u1ebft g\u1ed3m thanh to\u00e1n cho nh\u00e2n vi\u00ean ch\u0103m s\u00f3c v\u00e0 g\u1eedi h\u00f3a \u0111\u01a1n cho trung t\u00e2m khu v\u1ef1c.<\/p>\n<div class=\"speaker-mute footnotes_reference_container\"> <div class=\"footnote_container_prepare\"><p><span role=\"button\" tabindex=\"0\" class=\"footnote_reference_container_label pointer\" onclick=\"footnote_expand_collapse_reference_container_1128_1();\">&#x202F;<\/span><span role=\"button\" tabindex=\"0\" class=\"footnote_reference_container_collapse_button\" style=\"display: none;\" onclick=\"footnote_expand_collapse_reference_container_1128_1();\">[<a id=\"footnote_reference_container_collapse_button_1128_1\">+<\/a>]<\/span><\/p><\/div> <div id=\"footnote_references_container_1128_1\" style=\"\"><table class=\"footnotes_table footnote-reference-container\"><caption class=\"accessibility\">References<\/caption> <tbody> \r\n\r\n<tr class=\"footnotes_plugin_reference_row\"> <th scope=\"row\" class=\"footnote_plugin_index_combi pointer\"  onclick=\"footnote_moveToAnchor_1128_1('footnote_plugin_tooltip_1128_1_1');\"><a id=\"footnote_plugin_reference_1128_1_1\" class=\"footnote_backlink\"><span class=\"footnote_index_arrow\">&#8593;<\/span>1<\/a><\/th> <td class=\"footnote_plugin_text\">C\u00e1c M\u1ee5c 4685.7, 4685.8 v\u00e0 4688.21.<\/td><\/tr>\r\n\r\n <\/tbody> <\/table> <\/div><\/div><script type=\"text\/javascript\"> function footnote_expand_reference_container_1128_1() { jQuery('#footnote_references_container_1128_1').show(); jQuery('#footnote_reference_container_collapse_button_1128_1').text('\u2212'); } function footnote_collapse_reference_container_1128_1() { jQuery('#footnote_references_container_1128_1').hide(); jQuery('#footnote_reference_container_collapse_button_1128_1').text('+'); } function footnote_expand_collapse_reference_container_1128_1() { if (jQuery('#footnote_references_container_1128_1').is(':hidden')) { footnote_expand_reference_container_1128_1(); } else { footnote_collapse_reference_container_1128_1(); } } function footnote_moveToReference_1128_1(p_str_TargetID) { footnote_expand_reference_container_1128_1(); var l_obj_Target = jQuery('#' + p_str_TargetID); if (l_obj_Target.length) { jQuery( 'html, body' ).delay( 0 ); jQuery('html, body').animate({ scrollTop: l_obj_Target.offset().top - window.innerHeight * 0.2 }, 380); } } function footnote_moveToAnchor_1128_1(p_str_TargetID) { footnote_expand_reference_container_1128_1(); var l_obj_Target = jQuery('#' + p_str_TargetID); if (l_obj_Target.length) { jQuery( 'html, body' ).delay( 0 ); jQuery('html, body').animate({ scrollTop: l_obj_Target.offset().top - window.innerHeight * 0.2 }, 380); } }<\/script>","protected":false},"excerpt":{"rendered":"<p>N\u1ebfu qu\u00fd v\u1ecb kh\u00f4ng c\u00f3 c\u00e2n nh\u1eafc v\u1ec1 m\u1ed9t ho\u1eb7c nhi\u1ec1u \u1ee9ng vi\u00ean cung c\u1ea5p d\u1ecbch v\u1ee5 ch\u0103m s\u00f3c t\u1ea1m th\u1eddi, trung t\u00e2m khu v\u1ef1c&hellip;<\/p>\n","protected":false},"author":1,"featured_media":0,"parent":219,"menu_order":28,"comment_status":"closed","ping_status":"closed","template":"","meta":{"footnotes":""},"class_list":["post-1128","page","type-page","status-publish","hentry"],"_links":{"self":[{"href":"https:\/\/rula.disabilityrightsca.org\/vi\/wp-json\/wp\/v2\/pages\/1128","targetHints":{"allow":["GET"]}}],"collection":[{"href":"https:\/\/rula.disabilityrightsca.org\/vi\/wp-json\/wp\/v2\/pages"}],"about":[{"href":"https:\/\/rula.disabilityrightsca.org\/vi\/wp-json\/wp\/v2\/types\/page"}],"author":[{"embeddable":true,"href":"https:\/\/rula.disabilityrightsca.org\/vi\/wp-json\/wp\/v2\/users\/1"}],"replies":[{"embeddable":true,"href":"https:\/\/rula.disabilityrightsca.org\/vi\/wp-json\/wp\/v2\/comments?post=1128"}],"version-history":[{"count":3,"href":"https:\/\/rula.disabilityrightsca.org\/vi\/wp-json\/wp\/v2\/pages\/1128\/revisions"}],"predecessor-version":[{"id":3751,"href":"https:\/\/rula.disabilityrightsca.org\/vi\/wp-json\/wp\/v2\/pages\/1128\/revisions\/3751"}],"up":[{"embeddable":true,"href":"https:\/\/rula.disabilityrightsca.org\/vi\/wp-json\/wp\/v2\/pages\/219"}],"wp:attachment":[{"href":"https:\/\/rula.disabilityrightsca.org\/vi\/wp-json\/wp\/v2\/media?parent=1128"}],"curies":[{"name":"wp","href":"https:\/\/api.w.org\/{rel}","templated":true}]}}