{"id":1126,"date":"2021-05-13T20:38:30","date_gmt":"2021-05-13T20:38:30","guid":{"rendered":"http:\/\/www.rula.disabilityrightsca.org\/vi\/?page_id=1126"},"modified":"2023-07-21T20:56:04","modified_gmt":"2023-07-21T20:56:04","slug":"can-regional-centers-ask-families-to-trade-respite-services-for-other-regional-center-services-that-also-give-families-a-break-from-the-responsibility-of-care","status":"publish","type":"page","link":"https:\/\/rula.disabilityrightsca.org\/vi\/rula-book\/chapter-6-keeping-the-family-together-services-and-supports-for-children\/can-regional-centers-ask-families-to-trade-respite-services-for-other-regional-center-services-that-also-give-families-a-break-from-the-responsibility-of-care\/","title":{"rendered":"(6.27) N\u1ebfu trung t\u00e2m khu v\u1ef1c v\u00e0 t\u00f4i kh\u00f4ng th\u1ec3 nh\u1ea5t tr\u00ed v\u1ec1 l\u01b0\u1ee3ng d\u1ecbch v\u1ee5 ch\u0103m s\u00f3c t\u1ea1m th\u1eddi m\u00e0 gia \u0111\u00ecnh t\u00f4i c\u1ea7n th\u00ec sao?"},"content":{"rendered":"\n<p>N\u1ebfu trung t\u00e2m khu v\u1ef1c kh\u00f4ng cung c\u1ea5p s\u1ed1 gi\u1edd qu\u00fd v\u1ecb c\u1ea7n, qu\u00fd v\u1ecb c\u00f3 th\u1ec3 kh\u00e1ng c\u00e1o quy\u1ebft \u0111\u1ecbnh c\u1ee7a trung t\u00e2m khu v\u1ef1c. S\u1eed d\u1ee5ng T\u00e0i Li\u1ec7u \u0110i\u1ec1u Tr\u1ea7n D\u1ecbch V\u1ee5 Ch\u0103m S\u00f3c T\u1ea1m Th\u1eddi (Respite Hearing Packet) \u0111\u1ec3 gi\u00fap qu\u00fd v\u1ecb chu\u1ea9n b\u1ecb. Qu\u00fd v\u1ecb ph\u1ea3i ch\u1ee9ng minh cho th\u1ea9m ph\u00e1n th\u1ea5y l\u00fd do qu\u00fd v\u1ecb c\u1ea7n th\u00eam d\u1ecbch v\u1ee5 ch\u0103m s\u00f3c t\u1ea1m th\u1eddi.<\/p>\n\n\n\n<p>Sau khi n\u1ed9p \u0111\u01a1n kh\u00e1ng c\u00e1o, qu\u00fd v\u1ecb h\u00e3y chu\u1ea9n b\u1ecb b\u1eb1ng ch\u1ee9ng ch\u1ee9ng minh qu\u00fd v\u1ecb c\u1ea7n th\u00eam d\u1ecbch v\u1ee5 ch\u0103m s\u00f3c t\u1ea1m th\u1eddi. Qu\u00fd v\u1ecb c\u1ea7n b\u1eb1ng ch\u1ee9ng v\u1ec1:<\/p>\n\n\n\n<ul class=\"wp-block-list\"><li>lo\u1ea1i ch\u0103m s\u00f3c m\u00e0 con qu\u00fd v\u1ecb c\u1ea7n,<\/li><li>t\u1ea7n su\u1ea5t m\u1ed9t ng\u01b0\u1eddi ph\u1ea3i \u1edf b\u00ean con qu\u00fd v\u1ecb v\u00e0<\/li><li>m\u00f4 t\u1ea3 v\u1ec1 m\u1ed9t tu\u1ea7n b\u00ecnh th\u01b0\u1eddng qu\u00fd v\u1ecb ch\u0103m s\u00f3c v\u00e0 gi\u00e1m s\u00e1t con m\u00ecnh.<\/li><\/ul>\n\n\n\n<p>Qu\u00fd v\u1ecb c\u00f9ng c\u00e1c th\u00e0nh vi\u00ean gia \u0111\u00ecnh kh\u00e1c ch\u0103m s\u00f3c cho con qu\u00fd v\u1ecb n\u00ean \u0111\u1ebfn phi\u00ean \u0111i\u1ec1u tr\u1ea7n v\u00e0 tr\u00ecnh b\u00e0y v\u1edbi th\u1ea9m ph\u00e1n v\u1ec1 nhu c\u1ea7u ch\u0103m s\u00f3c v\u00e0 gi\u00e1m s\u00e1t c\u1ee7a con qu\u00fd v\u1ecb. Tr\u00ecnh b\u00e0y v\u1ec1 m\u1ee9c \u0111\u1ed9 m\u00e0 con qu\u00fd v\u1ecb c\u1ea7n m\u1ed7i tu\u1ea7n \u0111\u1ed1i v\u1edbi lo\u1ea1i ch\u0103m nom \u0111\u00f3. Tr\u00ecnh b\u00e0y v\u1ec1 nh\u1eefng ngh\u0129a v\u1ee5 v\u00e0 ho\u1ea1t \u0111\u1ed9ng \u1edf tr\u01b0\u1eddng, n\u01a1i l\u00e0m vi\u1ec7c ho\u1eb7c nh\u1eefng ngh\u0129a v\u1ee5 v\u00e0 ho\u1ea1t \u0111\u1ed9ng c\u1ea7n thi\u1ebft kh\u00e1c m\u00e0 qu\u00fd v\u1ecb ph\u1ea3i d\u00e0nh th\u1eddi gian m\u1ed7i tu\u1ea7n. N\u1ebfu th\u1eddi gian c\u1ea7n thi\u1ebft \u0111\u1ec3 ch\u0103m s\u00f3c con qu\u00fd v\u1ecb, c\u1ed9ng v\u1edbi th\u1eddi gian qu\u00fd v\u1ecb c\u1ea7n cho c\u00e1c ngh\u0129a v\u1ee5 v\u00e0 ho\u1ea1t \u0111\u1ed9ng kh\u00e1c c\u1ee7a b\u1ea3n th\u00e2n, c\u00f2n r\u1ea5t \u00edt ho\u1eb7c kh\u00f4ng c\u00f2n th\u1eddi gian r\u1ea3nh r\u1ed7i c\u00e1 nh\u00e2n, qu\u00fd v\u1ecb kh\u00f3 m\u00e0 duy tr\u00ec l\u1ecbch tr\u00ecnh \u0111\u00f3. \u0110i\u1ec1u \u0111\u00f3 c\u00f3 th\u1ec3 \u0111e d\u1ecda \u0111\u1ebfn kh\u1ea3 n\u0103ng qu\u00fd v\u1ecb gi\u1eef cho tr\u1ebb \u1edf l\u1ea1i nh\u00e0. Trong t\u00ecnh hu\u1ed1ng n\u00e0y, qu\u00fd v\u1ecb c\u00f3 th\u1ec3 c\u1ea7n th\u00eam d\u1ecbch v\u1ee5 ch\u0103m s\u00f3c t\u1ea1m th\u1eddi \u0111\u1ec3 ho\u00e0n th\u00e0nh m\u1ee5c \u0111\u00edch quan tr\u1ecdng n\u00e0y c\u1ee7a \u0110\u1ea1o Lu\u1eadt Lanterman.<\/p>\n\n\n\n<p>N\u1ebfu m\u1ed9t ho\u1eb7c nhi\u1ec1u th\u00e0nh vi\u00ean gia \u0111\u00ecnh kh\u00f4ng th\u1ec3 tham d\u1ef1 phi\u00ean \u0111i\u1ec1u tr\u1ea7n, h\u1ecd ph\u1ea3i vi\u1ebft b\u1ea3n khai g\u1eedi \u0111\u1ebfn th\u1ea9m ph\u00e1n v\u00e0 kh\u1eb3ng \u0111\u1ecbnh r\u1eb1ng n\u1ed9i dung b\u1ea3n khai l\u00e0 \u0111\u00fang v\u00e0 ch\u00ednh x\u00e1c, cam k\u1ebft ch\u1ecbu h\u00ecnh ph\u1ea1t v\u1ec1 t\u1ed9i khai man v\u00e0 lu\u1eadt c\u1ee7a Ti\u1ec3u Bang California.<\/p>\n","protected":false},"excerpt":{"rendered":"<p>N\u1ebfu trung t\u00e2m khu v\u1ef1c kh\u00f4ng cung c\u1ea5p s\u1ed1 gi\u1edd qu\u00fd v\u1ecb c\u1ea7n, qu\u00fd v\u1ecb c\u00f3 th\u1ec3 kh\u00e1ng c\u00e1o quy\u1ebft \u0111\u1ecbnh c\u1ee7a trung t\u00e2m khu&hellip;<\/p>\n","protected":false},"author":1,"featured_media":0,"parent":219,"menu_order":27,"comment_status":"closed","ping_status":"closed","template":"","meta":{"footnotes":""},"class_list":["post-1126","page","type-page","status-publish","hentry"],"_links":{"self":[{"href":"https:\/\/rula.disabilityrightsca.org\/vi\/wp-json\/wp\/v2\/pages\/1126","targetHints":{"allow":["GET"]}}],"collection":[{"href":"https:\/\/rula.disabilityrightsca.org\/vi\/wp-json\/wp\/v2\/pages"}],"about":[{"href":"https:\/\/rula.disabilityrightsca.org\/vi\/wp-json\/wp\/v2\/types\/page"}],"author":[{"embeddable":true,"href":"https:\/\/rula.disabilityrightsca.org\/vi\/wp-json\/wp\/v2\/users\/1"}],"replies":[{"embeddable":true,"href":"https:\/\/rula.disabilityrightsca.org\/vi\/wp-json\/wp\/v2\/comments?post=1126"}],"version-history":[{"count":3,"href":"https:\/\/rula.disabilityrightsca.org\/vi\/wp-json\/wp\/v2\/pages\/1126\/revisions"}],"predecessor-version":[{"id":3750,"href":"https:\/\/rula.disabilityrightsca.org\/vi\/wp-json\/wp\/v2\/pages\/1126\/revisions\/3750"}],"up":[{"embeddable":true,"href":"https:\/\/rula.disabilityrightsca.org\/vi\/wp-json\/wp\/v2\/pages\/219"}],"wp:attachment":[{"href":"https:\/\/rula.disabilityrightsca.org\/vi\/wp-json\/wp\/v2\/media?parent=1126"}],"curies":[{"name":"wp","href":"https:\/\/api.w.org\/{rel}","templated":true}]}}